{"id":5086,"date":"2018-08-23T08:08:57","date_gmt":"2018-08-23T06:08:57","guid":{"rendered":"https:\/\/microaktiv.com\/datenschutz-bestimmungen\/"},"modified":"2023-04-19T16:01:23","modified_gmt":"2023-04-19T14:01:23","slug":"datenschutz-bestimmungen","status":"publish","type":"page","link":"https:\/\/microaktiv.com\/de\/datenschutz-bestimmungen\/","title":{"rendered":"Datenschutz-Bestimmungen"},"content":{"rendered":"<div class=\"fusion-fullwidth fullwidth-box fusion-builder-row-1 fusion-flex-container nonhundred-percent-fullwidth non-hundred-percent-height-scrolling\" style=\"--awb-border-radius-top-left:0px;--awb-border-radius-top-right:0px;--awb-border-radius-bottom-right:0px;--awb-border-radius-bottom-left:0px;--awb-flex-wrap:wrap;\" ><div class=\"fusion-builder-row fusion-row fusion-flex-align-items-flex-start fusion-flex-content-wrap\" style=\"max-width:1372.8px;margin-left: calc(-4% \/ 2 );margin-right: calc(-4% \/ 2 );\"><div class=\"fusion-layout-column fusion_builder_column fusion-builder-column-0 fusion_builder_column_1_1 1_1 fusion-flex-column\" style=\"--awb-bg-size:cover;--awb-width-large:100%;--awb-margin-top-large:0px;--awb-spacing-right-large:1.92%;--awb-margin-bottom-large:0px;--awb-spacing-left-large:1.92%;--awb-width-medium:100%;--awb-spacing-right-medium:1.92%;--awb-spacing-left-medium:1.92%;--awb-width-small:100%;--awb-spacing-right-small:1.92%;--awb-spacing-left-small:1.92%;\"><div class=\"fusion-column-wrapper fusion-flex-justify-content-flex-start fusion-content-layout-column\"><div class=\"fusion-text fusion-text-1\"><h2>Wer sind wir<\/h2>\n<p>Unsere Website-Adresse lautet: https:\/\/microaktiv.com<\/p>\n<h2>Datenschutzerkl\u00e4rung<\/h2>\n<p>Durch die Nutzung unserer Website stimmen Sie der Verwendung Ihrer Daten wie in dieser Datenschutzerkl\u00e4rung beschrieben zu. Diese Datenschutzerkl\u00e4rung kann ge\u00e4ndert werden. Wir empfehlen Ihnen daher, diese Erkl\u00e4rung regelm\u00e4\u00dfig zu lesen, damit Sie \u00fcber etwaige \u00c4nderungen informiert sind. Wir verarbeiten personenbezogene Daten immer und ausschlie\u00dflich in \u00dcbereinstimmung mit der niederl\u00e4ndischen Datenschutz-Grundverordnung und dem Gesetz vom 8. Dezember 1992 zum Schutz der Privatsph\u00e4re bei der Verarbeitung personenbezogener Daten.<\/p>\n<h3>Privatsph\u00e4re<\/h3>\n<p>QM Environmental International respektiert die Privatsph\u00e4re aller Website-Besucher. Die Daten, die Sie auf dieser Website hinterlassen, werden daher sorgf\u00e4ltig und vertraulich behandelt. Wir verwenden nur Daten, die ausdr\u00fccklich und freiwillig von Personen angegeben werden, die unsere Website besuchen und\/oder Informationen anfordern. Auch der Datenaustausch auf der Website wird mit einem SSL-Zertifikat verschl\u00fcsselt.<br \/>\nWenn Sie etwas in unserem Webshop bestellen, ben\u00f6tigen wir Ihre Daten, um sicherzustellen, dass wir Ihre Bestellung liefern k\u00f6nnen. Wir gehen jedoch stets sorgsam mit Ihren personenbezogenen Daten um. Wir k\u00fcmmern uns um sie und bewahren sie auf. Gerne teilen wir Ihnen hier mit, was wir mit Ihren personenbezogenen Daten machen und wozu wir sie ben\u00f6tigen. Wenn Sie nach dem Lesen unserer Datenschutzrichtlinie Fragen haben, wenden Sie sich bitte an unseren Kundenservice.<br \/>\nDiese Datenschutzerkl\u00e4rung kann sich von Zeit zu Zeit \u00e4ndern, wenn neue Entwicklungen dazu Anlass geben. Die aktuellste Datenschutzerkl\u00e4rung finden Sie unter www.microaktiv.com. Wir empfehlen Ihnen, diese Datenschutzrichtlinie regelm\u00e4\u00dfig zu konsultieren, damit Sie \u00fcber diese \u00c4nderungen informiert sind. Hier sehen Sie immer das letzte \u00c4nderungsdatum.<\/p>\n<p>Diese Datenschutzerkl\u00e4rung wurde zuletzt am 28. Februar 2023 ge\u00e4ndert.<\/p>\n<h3>Wer ist f\u00fcr die Verarbeitung meiner personenbezogenen Daten verantwortlich?<\/h3>\n<p>QM Environmental International B.V. (\u201eMicroAktiv.com\u201c) mit Sitz in Henricuskade 123A, 2497 NB, Den Haag, Niederlande, ist f\u00fcr die in dieser Datenschutzrichtlinie beschriebene Datenverarbeitung verantwortlich.<\/p>\n<h3>Wann gilt diese Datenschutzerkl\u00e4rung?<\/h3>\n<p>Diese Datenschutzrichtlinie gilt f\u00fcr alle personenbezogenen Daten, die unsere Website microaktiv.com von allen verarbeitet, die Kontakt mit microaktiv.com hatten, wie z. B. unsere Besucher, Kunden und Gesch\u00e4ftskontakte, auf allen microaktiv.com-bezogenen Domains.<\/p>\n<h3>Was sind personenbezogene Daten?<\/h3>\n<p>Personenbezogene Daten sind alle Daten, die zu Ihnen pers\u00f6nlich zur\u00fcckverfolgt werden k\u00f6nnen. Denken Sie nur an Ihren Namen, Telefonnummer, Adresse oder E-Mail-Adresse. Aber auch Daten wie Ihre IP-Adresse oder microaktiv.com-Kundennummer sind personenbezogene Daten. Und andere Daten, die f\u00fcr Sie einzigartig sind, wie z. B. Ihre microaktiv.com-Bestellhistorie oder Ihr Surfverhalten.<\/p>\n<h3>Von wem verarbeiten wir personenbezogene Daten und wie erhalten wir diese Daten?<\/h3>\n<p>Wir verarbeiten die personenbezogenen Daten aller Personen, die direkten Kontakt mit microaktiv.com haben (hatten), wie z. B. (Gesch\u00e4fts-) Kunden und Ansprechpartner von Partnern.<br \/>\nWir erhalten die Daten direkt von Ihnen, wenn Sie unsere Website besuchen, das Kontaktformular ausf\u00fcllen und absenden, sich f\u00fcr den Newsletter anmelden oder ein Konto im Webshop erstellen.<\/p>\n<h3>Welche Daten verarbeiten wir von Ihnen, wof\u00fcr verwenden wir sie und wie lange werden sie aufbewahrt?<\/h3>\n<h4>Daten zur Bearbeitung Ihrer Informationsanfrage \u00fcber unser Kontaktformular<\/h4>\n<p>Wenn Sie uns \u00fcber unser Kontaktformular eine Nachricht zukommen lassen, ben\u00f6tigen wir von Ihnen bestimmte Angaben wie Ihren Namen, Ihre E-Mail-Adresse und Ihre Telefonnummer, um mit Ihnen in Kontakt treten zu k\u00f6nnen. Diese Daten werden so lange aufbewahrt, wie dies erforderlich ist, um Ihnen vollst\u00e4ndige Informationen bereitzustellen. Diese Daten werden 6 Monate nach dem letzten Kontakt zwischen uns aus unseren Systemen entfernt.<\/p>\n<h4>Daten zur Bearbeitung Ihrer Anmeldung zum Erhalt des Newsletters<\/h4>\n<p>Wenn Sie sich f\u00fcr den Newsletter anmelden, tun Sie dies durch Angabe Ihrer E-Mail-Adresse. Diese Adresse wird in unserem System gespeichert, solange Sie unseren Newsletter abonniert haben. Sobald Sie sich vom Erhalt des Newsletters abmelden, wird Ihre E-Mail-Adresse gel\u00f6scht.<\/p>\n<h4>Daten zur Abwicklung Ihrer Bestellung<\/h4>\n<p>Wenn Sie etwas bestellen, ben\u00f6tigen wir bestimmte Informationen von Ihnen, um Ihre Bestellung ausliefern zu k\u00f6nnen und Sie \u00fcber Ihre Bestellung auf dem Laufenden zu halten. Diese Informationen werden auch f\u00fcr eventuelle R\u00fccksendungen oder Ersatzlieferungen ben\u00f6tigt.<br \/>\nDazu erheben wir Ihren Namen, E-Mail-Adresse, Lieferadresse(n) und Ihre Telefonnummer.<br \/>\nDie Daten sind erforderlich, um den Vertrag zu erf\u00fcllen, den Sie mit uns (oder einem unserer Vertriebspartner) geschlossen haben.<\/p>\n<h4>Daten zur Bearbeitung einer Bestellung von jemand anderem, wobei Ihre Adresse die Lieferadresse ist<\/h4>\n<p>Wenn jemand eine Bestellung direkt an Sie sendet, erhalten wir von dieser Person Ihren Namen und Ihre Adresse. microaktiv.com ben\u00f6tigt diese Daten, um die Bestellung ausliefern zu k\u00f6nnen.<\/p>\n<h4>Daten in Ihrem Konto<\/h4>\n<p>In Ihrem pers\u00f6nlichen Account speichern wir folgende Daten: Ihren Vor- und Nachnamen, (Liefer-\/Ort-\/Rechnungs-)Adresse(n), Telefonnummer, E-Mail-Adresse, Kundennummer, Bestellungen, Downloads und Rechnungen.<br \/>\nEs ist unser Kundenversprechen, das Leben unserer Kunden einfacher und unterhaltsamer zu machen. Deshalb behalten wir die Daten in Ihrem Konto, solange Sie ein aktiver Kunde bei uns sind. Wenn Sie sich 7 Jahre nicht bei uns eingeloggt haben, l\u00f6schen wir alle Ihre Daten. Dar\u00fcber hinaus k\u00f6nnen Sie jederzeit verlangen, dass Ihre Daten in Ihrem Konto entfernt werden.<\/p>\n<h4>Informationen zu Ihrem Kontakt mit dem Kundendienst<\/h4>\n<p>Sie k\u00f6nnen den Kundendienst w\u00e4hrend der B\u00fcrozeiten kontaktieren. Sie k\u00f6nnen uns anrufen oder eine E-Mail senden.<br \/>\nWir verwenden die in Ihrem Konto gespeicherten Daten, um Sie als Antwort auf Ihre Frage oder Beschwerde an uns zu kontaktieren. Wir k\u00f6nnen Ihnen beim n\u00e4chsten Mal schneller helfen, indem wir Ihre Daten speichern. Wir bewahren die Notizen zum Kundenkontakt daher bei uns und unseren Vertriebspartnern auf, solange Sie bei uns aktiver Kunde sind.<\/p>\n<h3>Daten f\u00fcr ein optimales Einkaufserlebnis<\/h3>\n<p>Zun\u00e4chst stellen wir sicher, dass unsere Website ordnungsgem\u00e4\u00df funktioniert, damit Sie optimal einkaufen k\u00f6nnen.<\/p>\n<h4>Sozialen Medien<\/h4>\n<p>Wenn Sie soziale Medien wie Facebook, Twitter oder Pinterest verwenden, k\u00f6nnen Sie die Schaltfl\u00e4chen \u201eGef\u00e4llt mir\u201c und \u201eTeilen\u201c im Webshop auf microaktiv.com verwenden, um Artikel, die Sie lustig, n\u00fctzlich oder n\u00fctzlich finden, mit Ihren Freunden auf Ihrem Social-Media-Konto zu teilen. Microaktiv.com erh\u00e4lt keinen Zugriff auf Ihr Social-Media-Konto. Wir empfehlen Ihnen, die Datenschutzrichtlinie der Social-Media-Parteien, bei denen Sie ein Konto haben, sorgf\u00e4ltig zu lesen, damit Sie wissen, wie Ihre Daten verwendet werden und wie Sie Ihre Einstellungen anpassen k\u00f6nnen. Sie k\u00f6nnen den Link der Produktseite auch \u00fcber Ihr eigenes E-Mail-Programm versenden.<\/p>\n<h4>Vertriebs- und Logistikpartner<\/h4>\n<p>F\u00fcr die Lieferung Ihrer Bestellung(en) arbeiten wir mit verschiedenen Logistikpartnern wie PostNL und GLS zusammen. Unsere Logistikpartner erhalten Ihre Kontaktdaten sowie Liefer- und Rechnungsadressen. Sie ben\u00f6tigen diese Informationen, um Ihr Paket an die von Ihnen gew\u00e4hlte Adresse zuzustellen, Sie per E-Mail, SMS oder \u00fcber eine App \u00fcber die Lieferzeit zu informieren und Ihnen die M\u00f6glichkeit zu geben, zus\u00e4tzliche Services von diesen Logistikpartnern zu nutzen ( wie eine abweichende Lieferadresse). Der Logistikpartner ist als eigenverantwortliche Partei in die Durchf\u00fchrung der Vereinbarung mit Ihnen eingebunden. Weitere Informationen zur Verwendung Ihrer Daten durch den jeweiligen Logistikdienstleister finden Sie in der Datenschutzerkl\u00e4rung auf der Website des Zustelldienstes.<\/p>\n<h4>Regierung<\/h4>\n<p>Manchmal m\u00fcssen wir personenbezogene Daten an die Regierung weitergeben. Dies kann zun\u00e4chst der Fall sein, wenn bestimmte staatliche Stellen diese Informationen zur Erf\u00fcllung ihrer Aufgaben ben\u00f6tigen, wie beispielsweise die Finanz- und Zollverwaltung. Auch bei Betrug oder Missbrauch kann die Polizei oder Justiz bestimmte Daten ben\u00f6tigen. Schlie\u00dflich k\u00f6nnen bestimmte Aufsichtsbeh\u00f6rden im Rahmen einer Untersuchung Zugang zu personenbezogenen Daten erhalten.<\/p>\n<h3>Wo speichern wir Ihre Daten?<\/h3>\n<p>Wir speichern Ihre Daten innerhalb des Europ\u00e4ischen Wirtschaftsraums (\u201eEWR\u201c). Bestimmte von uns erfasste Daten k\u00f6nnen jedoch an einen Ort au\u00dferhalb des EWR \u00fcbertragen oder dort gespeichert werden, beispielsweise weil einer unserer Drittanbieter dort seinen Sitz hat. Wenn dies der Fall ist, stellen wir sicher, dass dies auf sichere und rechtm\u00e4\u00dfige Weise geschieht. In solchen F\u00e4llen ergreift Microaktiv.com geeignete Ma\u00dfnahmen, um sicherzustellen, dass Ihre Daten bestm\u00f6glich gesch\u00fctzt sind, wie z. B. die Vereinbarung von Standarddatenschutzklauseln der Europ\u00e4ischen Kommission mit den Empf\u00e4ngern. Bei Fragen hierzu k\u00f6nnen Sie sich an unseren Datenschutzbeauftragten wenden. Sie k\u00f6nnen dies tun, indem Sie eine E-Mail an info@microaktiv.com senden.<\/p>\n<h3>Welche Rechte k\u00f6nnen Sie in Bezug auf Ihre Daten aus\u00fcben?<\/h3>\n<h4>Recht auf Information<\/h4>\n<p>Sie haben das Recht auf eine verst\u00e4ndliche und transparente Erkl\u00e4rung, wie wir mit Ihren personenbezogenen Daten umgehen und welche Rechte Sie diesbez\u00fcglich aus\u00fcben k\u00f6nnen. In dieser Datenschutzerkl\u00e4rung haben wir daher ausf\u00fchrlich erl\u00e4utert, welche Daten wir von Ihnen erheben und wie wir mit Ihren Daten umgehen.<\/p>\n<h4>Zugangsrecht<\/h4>\n<p>Sie haben das Recht, jederzeit Zugang zu den Informationen zu verlangen, die wir \u00fcber Sie haben. Diese k\u00f6nnen Sie per E-Mail an info@microaktiv.com anfordern. Wir bearbeiten Anfragen sp\u00e4testens innerhalb von 30 Tagen.<\/p>\n<h4>Recht auf Berichtigung<\/h4>\n<p>Sie haben das Recht, Ihre personenbezogenen Daten berichtigen zu lassen, wenn sie unrichtig oder veraltet sind, und\/oder sie zu erg\u00e4nzen, wenn sie unvollst\u00e4ndig sind. Sie k\u00f6nnen dies rund um die Uhr in Ihrem Konto tun.<\/p>\n<h4>Recht auf Beschwerde<\/h4>\n<p>Sie haben das Recht, eine Beschwerde dar\u00fcber einzureichen, wie wir mit Ihren Daten umgehen. Wenn Sie eine Beschwerde haben, ziehen wir es vor, diese mit Ihnen selbst zu l\u00f6sen. Bitte wenden Sie sich hierf\u00fcr an unseren Kundenservice. Sie haben aber auch das Recht, eine Beschwerde bei unserem Datenschutzbeauftragten einzureichen. Sie k\u00f6nnen dies tun, indem Sie eine E-Mail an info@microaktiv.com senden. Schlie\u00dflich haben Sie das Recht, Ihre Beschwerde bei der niederl\u00e4ndischen Datenschutzbeh\u00f6rde einzureichen.<\/p>\n<h3>Fragen?<\/h3>\n<p>Wenn Sie Fragen dazu haben, wie QM Environmental International mit personenbezogenen Daten umgeht, wenden Sie sich bitte an unseren Kundenservice. Wir helfen gerne.<\/p>\n<h3>Cookie-Richtlinie<\/h3>\n<h4>Was ist ein Cookie?<\/h4>\n<p>Ein Cookie ist eine einfache kleine Textdatei, die w\u00e4hrend Ihres Besuchs auf einer Website auf Ihrem Computer, Tablet oder Smartphone abgelegt wird. Die darin gespeicherten Informationen k\u00f6nnen bei einem sp\u00e4teren Besuch von der jeweiligen Website wiedererkannt werden.<br \/>\nQM Environmental International verwendet auf microaktiv.com keine Cookies.<\/p>\n<\/div><\/div><\/div><\/div><\/div>\n","protected":false},"excerpt":{"rendered":"","protected":false},"author":1,"featured_media":0,"parent":0,"menu_order":0,"comment_status":"closed","ping_status":"open","template":"","meta":{"_acf_changed":false,"footnotes":""},"class_list":["post-5086","page","type-page","status-publish","hentry"],"acf":[],"yoast_head":"<!-- This site is optimized with the Yoast SEO Premium plugin v27.0 (Yoast SEO v27.3) - https:\/\/yoast.com\/product\/yoast-seo-premium-wordpress\/ -->\n<title>Datenschutz-Bestimmungen - MicroAktiv<\/title>\n<meta name=\"robots\" content=\"index, follow, max-snippet:-1, max-image-preview:large, max-video-preview:-1\" \/>\n<link rel=\"canonical\" href=\"https:\/\/microaktiv.com\/de\/datenschutz-bestimmungen\/\" \/>\n<meta property=\"og:locale\" content=\"de_DE\" \/>\n<meta property=\"og:type\" content=\"article\" \/>\n<meta property=\"og:title\" content=\"Datenschutz-Bestimmungen\" \/>\n<meta property=\"og:url\" content=\"https:\/\/microaktiv.com\/de\/datenschutz-bestimmungen\/\" \/>\n<meta property=\"og:site_name\" content=\"MicroAktiv\" \/>\n<meta property=\"article:publisher\" content=\"https:\/\/www.facebook.com\/profile.php?id=100089514366245\" \/>\n<meta property=\"article:modified_time\" content=\"2023-04-19T14:01:23+00:00\" \/>\n<meta name=\"twitter:card\" content=\"summary_large_image\" \/>\n<meta name=\"twitter:site\" content=\"@MicroAktiv\" \/>\n<meta name=\"twitter:label1\" content=\"Gesch\u00e4tzte Lesezeit\" \/>\n\t<meta name=\"twitter:data1\" content=\"9\u00a0Minuten\" \/>\n<script type=\"application\/ld+json\" class=\"yoast-schema-graph\">{\"@context\":\"https:\\\/\\\/schema.org\",\"@graph\":[{\"@type\":\"WebPage\",\"@id\":\"https:\\\/\\\/microaktiv.com\\\/de\\\/datenschutz-bestimmungen\\\/\",\"url\":\"https:\\\/\\\/microaktiv.com\\\/de\\\/datenschutz-bestimmungen\\\/\",\"name\":\"Datenschutz-Bestimmungen - MicroAktiv\",\"isPartOf\":{\"@id\":\"https:\\\/\\\/microaktiv.com\\\/de\\\/#website\"},\"datePublished\":\"2018-08-23T06:08:57+00:00\",\"dateModified\":\"2023-04-19T14:01:23+00:00\",\"breadcrumb\":{\"@id\":\"https:\\\/\\\/microaktiv.com\\\/de\\\/datenschutz-bestimmungen\\\/#breadcrumb\"},\"inLanguage\":\"de\",\"potentialAction\":[{\"@type\":\"ReadAction\",\"target\":[\"https:\\\/\\\/microaktiv.com\\\/de\\\/datenschutz-bestimmungen\\\/\"]}]},{\"@type\":\"BreadcrumbList\",\"@id\":\"https:\\\/\\\/microaktiv.com\\\/de\\\/datenschutz-bestimmungen\\\/#breadcrumb\",\"itemListElement\":[{\"@type\":\"ListItem\",\"position\":1,\"name\":\"Home\",\"item\":\"https:\\\/\\\/microaktiv.com\\\/de\\\/\"},{\"@type\":\"ListItem\",\"position\":2,\"name\":\"Datenschutz-Bestimmungen\"}]},{\"@type\":\"WebSite\",\"@id\":\"https:\\\/\\\/microaktiv.com\\\/de\\\/#website\",\"url\":\"https:\\\/\\\/microaktiv.com\\\/de\\\/\",\"name\":\"MicroAktiv\",\"description\":\"Grow the bio way\",\"publisher\":{\"@id\":\"https:\\\/\\\/microaktiv.com\\\/de\\\/#organization\"},\"potentialAction\":[{\"@type\":\"SearchAction\",\"target\":{\"@type\":\"EntryPoint\",\"urlTemplate\":\"https:\\\/\\\/microaktiv.com\\\/de\\\/?s={search_term_string}\"},\"query-input\":{\"@type\":\"PropertyValueSpecification\",\"valueRequired\":true,\"valueName\":\"search_term_string\"}}],\"inLanguage\":\"de\"},{\"@type\":\"Organization\",\"@id\":\"https:\\\/\\\/microaktiv.com\\\/de\\\/#organization\",\"name\":\"QM Environmental International BV\",\"url\":\"https:\\\/\\\/microaktiv.com\\\/de\\\/\",\"logo\":{\"@type\":\"ImageObject\",\"inLanguage\":\"de\",\"@id\":\"https:\\\/\\\/microaktiv.com\\\/de\\\/#\\\/schema\\\/logo\\\/image\\\/\",\"url\":\"https:\\\/\\\/i0.wp.com\\\/microaktiv.com\\\/wp-content\\\/uploads\\\/2022\\\/12\\\/favicon_microactiv.png?fit=1920%2C1877&ssl=1\",\"contentUrl\":\"https:\\\/\\\/i0.wp.com\\\/microaktiv.com\\\/wp-content\\\/uploads\\\/2022\\\/12\\\/favicon_microactiv.png?fit=1920%2C1877&ssl=1\",\"width\":1920,\"height\":1877,\"caption\":\"QM Environmental International BV\"},\"image\":{\"@id\":\"https:\\\/\\\/microaktiv.com\\\/de\\\/#\\\/schema\\\/logo\\\/image\\\/\"},\"sameAs\":[\"https:\\\/\\\/www.facebook.com\\\/profile.php?id=100089514366245\",\"https:\\\/\\\/x.com\\\/MicroAktiv\",\"https:\\\/\\\/www.linkedin.com\\\/showcase\\\/microaktiv\\\/\"]}]}<\/script>\n<!-- \/ Yoast SEO Premium plugin. -->","yoast_head_json":{"title":"Datenschutz-Bestimmungen - MicroAktiv","robots":{"index":"index","follow":"follow","max-snippet":"max-snippet:-1","max-image-preview":"max-image-preview:large","max-video-preview":"max-video-preview:-1"},"canonical":"https:\/\/microaktiv.com\/de\/datenschutz-bestimmungen\/","og_locale":"de_DE","og_type":"article","og_title":"Datenschutz-Bestimmungen","og_url":"https:\/\/microaktiv.com\/de\/datenschutz-bestimmungen\/","og_site_name":"MicroAktiv","article_publisher":"https:\/\/www.facebook.com\/profile.php?id=100089514366245","article_modified_time":"2023-04-19T14:01:23+00:00","twitter_card":"summary_large_image","twitter_site":"@MicroAktiv","twitter_misc":{"Gesch\u00e4tzte Lesezeit":"9\u00a0Minuten"},"schema":{"@context":"https:\/\/schema.org","@graph":[{"@type":"WebPage","@id":"https:\/\/microaktiv.com\/de\/datenschutz-bestimmungen\/","url":"https:\/\/microaktiv.com\/de\/datenschutz-bestimmungen\/","name":"Datenschutz-Bestimmungen - MicroAktiv","isPartOf":{"@id":"https:\/\/microaktiv.com\/de\/#website"},"datePublished":"2018-08-23T06:08:57+00:00","dateModified":"2023-04-19T14:01:23+00:00","breadcrumb":{"@id":"https:\/\/microaktiv.com\/de\/datenschutz-bestimmungen\/#breadcrumb"},"inLanguage":"de","potentialAction":[{"@type":"ReadAction","target":["https:\/\/microaktiv.com\/de\/datenschutz-bestimmungen\/"]}]},{"@type":"BreadcrumbList","@id":"https:\/\/microaktiv.com\/de\/datenschutz-bestimmungen\/#breadcrumb","itemListElement":[{"@type":"ListItem","position":1,"name":"Home","item":"https:\/\/microaktiv.com\/de\/"},{"@type":"ListItem","position":2,"name":"Datenschutz-Bestimmungen"}]},{"@type":"WebSite","@id":"https:\/\/microaktiv.com\/de\/#website","url":"https:\/\/microaktiv.com\/de\/","name":"MicroAktiv","description":"Grow the bio way","publisher":{"@id":"https:\/\/microaktiv.com\/de\/#organization"},"potentialAction":[{"@type":"SearchAction","target":{"@type":"EntryPoint","urlTemplate":"https:\/\/microaktiv.com\/de\/?s={search_term_string}"},"query-input":{"@type":"PropertyValueSpecification","valueRequired":true,"valueName":"search_term_string"}}],"inLanguage":"de"},{"@type":"Organization","@id":"https:\/\/microaktiv.com\/de\/#organization","name":"QM Environmental International BV","url":"https:\/\/microaktiv.com\/de\/","logo":{"@type":"ImageObject","inLanguage":"de","@id":"https:\/\/microaktiv.com\/de\/#\/schema\/logo\/image\/","url":"https:\/\/i0.wp.com\/microaktiv.com\/wp-content\/uploads\/2022\/12\/favicon_microactiv.png?fit=1920%2C1877&ssl=1","contentUrl":"https:\/\/i0.wp.com\/microaktiv.com\/wp-content\/uploads\/2022\/12\/favicon_microactiv.png?fit=1920%2C1877&ssl=1","width":1920,"height":1877,"caption":"QM Environmental International BV"},"image":{"@id":"https:\/\/microaktiv.com\/de\/#\/schema\/logo\/image\/"},"sameAs":["https:\/\/www.facebook.com\/profile.php?id=100089514366245","https:\/\/x.com\/MicroAktiv","https:\/\/www.linkedin.com\/showcase\/microaktiv\/"]}]}},"_links":{"self":[{"href":"https:\/\/microaktiv.com\/de\/wp-json\/wp\/v2\/pages\/5086","targetHints":{"allow":["GET"]}}],"collection":[{"href":"https:\/\/microaktiv.com\/de\/wp-json\/wp\/v2\/pages"}],"about":[{"href":"https:\/\/microaktiv.com\/de\/wp-json\/wp\/v2\/types\/page"}],"author":[{"embeddable":true,"href":"https:\/\/microaktiv.com\/de\/wp-json\/wp\/v2\/users\/1"}],"replies":[{"embeddable":true,"href":"https:\/\/microaktiv.com\/de\/wp-json\/wp\/v2\/comments?post=5086"}],"version-history":[{"count":2,"href":"https:\/\/microaktiv.com\/de\/wp-json\/wp\/v2\/pages\/5086\/revisions"}],"predecessor-version":[{"id":5088,"href":"https:\/\/microaktiv.com\/de\/wp-json\/wp\/v2\/pages\/5086\/revisions\/5088"}],"wp:attachment":[{"href":"https:\/\/microaktiv.com\/de\/wp-json\/wp\/v2\/media?parent=5086"}],"curies":[{"name":"wp","href":"https:\/\/api.w.org\/{rel}","templated":true}]}}