{"id":5477,"date":"2023-01-11T11:48:06","date_gmt":"2023-01-11T09:48:06","guid":{"rendered":"https:\/\/microaktiv.com\/product\/microaktiv-alf\/"},"modified":"2023-05-02T12:48:06","modified_gmt":"2023-05-02T10:48:06","slug":"microaktiv-alf","status":"publish","type":"product","link":"https:\/\/microaktiv.com\/es\/producto\/microaktiv-alf\/","title":{"rendered":"MicroAktiv\u00ae-ALF"},"content":{"rendered":"<p><div class=\"fusion-fullwidth fullwidth-box fusion-builder-row-1 fusion-flex-container has-pattern-background has-mask-background nonhundred-percent-fullwidth non-hundred-percent-height-scrolling\" style=\"--awb-border-radius-top-left:0px;--awb-border-radius-top-right:0px;--awb-border-radius-bottom-right:0px;--awb-border-radius-bottom-left:0px;--awb-flex-wrap:wrap;\" ><div class=\"fusion-builder-row fusion-row fusion-flex-align-items-flex-start fusion-flex-content-wrap\" style=\"max-width:1372.8px;margin-left: calc(-4% \/ 2 );margin-right: calc(-4% \/ 2 );\"><div class=\"fusion-layout-column fusion_builder_column fusion-builder-column-0 fusion_builder_column_1_1 1_1 fusion-flex-column\" style=\"--awb-bg-size:cover;--awb-width-large:100%;--awb-margin-top-large:0px;--awb-spacing-right-large:1.92%;--awb-margin-bottom-large:0px;--awb-spacing-left-large:1.92%;--awb-width-medium:100%;--awb-order-medium:0;--awb-spacing-right-medium:1.92%;--awb-spacing-left-medium:1.92%;--awb-width-small:100%;--awb-order-small:0;--awb-spacing-right-small:1.92%;--awb-spacing-left-small:1.92%;\"><div class=\"fusion-column-wrapper fusion-column-has-shadow fusion-flex-justify-content-flex-start fusion-content-layout-column\"><div class=\"fusion-text fusion-text-1\"><p>MicroAktiv<sup>\u00ae<\/sup>-AL3 es una mezcla de microorganismos seleccionados y adaptados para reducir y prevenir el crecimiento de algas en los estanques de agua. Se puede utilizar en dep\u00f3sitos de agua de complejos de invernaderos, pero tambi\u00e9n en estanques de jard\u00edn, lagos, peceras y otras \u00e1reas en las cuales el agua fluye lentamente.<\/p>\n<h5 class=\"title-heading-left fusion-responsive-typography-calculated\">Composici\u00f3n<\/h5>\n<p>Microorganismos y floculantes naturales, seleccionados y adaptados en una concentraci\u00f3n de &gt;3 x 10<sup>9<\/sup> ufc\/gramo.<\/p>\n<p><b>Vida \u00fatil:<\/b> 2 a\u00f1os<\/p>\n<h5 class=\"title-heading-left fusion-responsive-typography-calculated\">Dosis<\/h5>\n<p>En general, MicroAktiv<sup>\u00ae<\/sup>-AL3 se dosifica directamente en el estanque de agua. Es recomendable utilizar una dosis de mantenimiento preventivo para suprimir el crecimiento de algas. El MicroAktiv<sup>\u00ae<\/sup>-AL3 se dosifica 3 veces durante un per\u00edodo de 28 d\u00edas.<\/p>\n<p>Programa de dosificaci\u00f3n de MicroAktiv<sup>\u00ae<\/sup>-ALF para estanques y estanques de piscicultura:<\/p>\n<p><strong>1<sup>\u00aa<\/sup> aplicaci\u00f3n:<\/strong> 2 kg\/1000 m<sup>3<\/sup> de volumen de agua en la balsa<\/p>\n<p><strong>2<sup>\u00aa<\/sup> aplicaci\u00f3n (2 semanas despu\u00e9s de la 1<sup>\u00aa<\/sup> aplicaci\u00f3n):<\/strong> 1 kg\/1000 m<sup>3<\/sup> de volumen de agua en la cubeta<\/p>\n<p><strong>3<sup>\u00aa<\/sup> aplicaci\u00f3n (4 semanas despu\u00e9s de la 1<sup>\u00aa<\/sup> aplicaci\u00f3n):<\/strong> 0,5 kg\/1000 m<sup>3<\/sup> de volumen de agua en la cubeta<\/p>\n<p><strong>Dosis de mantenimiento (si es necesario, cada 2 semanas):<\/strong> 0,5 kg\/1000 m<sup>3<\/sup> de volumen de agua en la cubeta<\/p>\n<h5 class=\"title-heading-left fusion-responsive-typography-calculated\">embalaje<\/h5>\n<p>MicroAktiv<sup>\u00ae<\/sup>-ALF se suministra en cubos de pl\u00e1stico de 11,3 Kg.<\/p>\n<\/div><\/div><\/div><\/div><\/div><div class=\"fusion-fullwidth fullwidth-box fusion-builder-row-2 fusion-flex-container has-pattern-background has-mask-background nonhundred-percent-fullwidth non-hundred-percent-height-scrolling\" style=\"--awb-border-radius-top-left:0px;--awb-border-radius-top-right:0px;--awb-border-radius-bottom-right:0px;--awb-border-radius-bottom-left:0px;--awb-flex-wrap:wrap;\" ><div class=\"fusion-builder-row fusion-row fusion-flex-align-items-flex-start fusion-flex-content-wrap\" style=\"max-width:1372.8px;margin-left: calc(-4% \/ 2 );margin-right: calc(-4% \/ 2 );\"><div class=\"fusion-layout-column fusion_builder_column fusion-builder-column-1 fusion_builder_column_1_2 1_2 fusion-flex-column\" style=\"--awb-padding-top:5px;--awb-padding-right:5px;--awb-padding-bottom:5px;--awb-padding-left:5px;--awb-overflow:hidden;--awb-bg-color:rgba(174,128,76,0.25);--awb-bg-color-hover:rgba(174,128,76,0.25);--awb-bg-size:cover;--awb-border-radius:15px 15px 15px 15px;--awb-width-large:50%;--awb-margin-top-large:0px;--awb-spacing-right-large:3.84%;--awb-margin-bottom-large:5px;--awb-spacing-left-large:3.84%;--awb-width-medium:100%;--awb-order-medium:0;--awb-spacing-right-medium:1.92%;--awb-spacing-left-medium:1.92%;--awb-width-small:100%;--awb-order-small:0;--awb-spacing-right-small:1.92%;--awb-spacing-left-small:1.92%;\"><div class=\"fusion-column-wrapper fusion-column-has-shadow fusion-flex-justify-content-flex-start fusion-content-layout-column\"><div class=\"fusion-text fusion-text-2\"><h5 style=\"text-align: center;\">Descarga la hoja de informaci\u00f3n del producto<\/h5>\n<\/div><div style=\"text-align:center;\"><a class=\"fusion-button button-flat fusion-button-default-size button-default fusion-button-default button-1 fusion-button-default-span fusion-button-default-type\" target=\"_blank\" rel=\"noopener noreferrer\" href=\"https:\/\/microaktiv.com\/wp-content\/uploads\/2023\/01\/MicroAktiv-ALF_eng.pdf\"><span class=\"fusion-button-text awb-button__text awb-button__text--default\">Descargar<\/span><\/a><\/div><\/div><\/div><div class=\"fusion-layout-column fusion_builder_column fusion-builder-column-2 fusion_builder_column_1_2 1_2 fusion-flex-column\" style=\"--awb-padding-top:5px;--awb-padding-right:5px;--awb-padding-bottom:5px;--awb-padding-left:5px;--awb-overflow:hidden;--awb-bg-color:rgba(174,128,76,0.25);--awb-bg-color-hover:rgba(174,128,76,0.25);--awb-bg-size:cover;--awb-border-radius:15px 15px 15px 15px;--awb-width-large:50%;--awb-margin-top-large:0px;--awb-spacing-right-large:3.84%;--awb-margin-bottom-large:5px;--awb-spacing-left-large:3.84%;--awb-width-medium:100%;--awb-order-medium:0;--awb-spacing-right-medium:1.92%;--awb-spacing-left-medium:1.92%;--awb-width-small:100%;--awb-order-small:0;--awb-spacing-right-small:1.92%;--awb-spacing-left-small:1.92%;\"><div class=\"fusion-column-wrapper fusion-column-has-shadow fusion-flex-justify-content-flex-start fusion-content-layout-column\"><div class=\"fusion-text fusion-text-3\"><h5 style=\"text-align: center;\">Descarga la ficha de seguridad del producto<\/h5>\n<\/div><div style=\"text-align:center;\"><a class=\"fusion-button button-flat fusion-button-default-size button-default fusion-button-default button-2 fusion-button-default-span fusion-button-default-type\" target=\"_blank\" rel=\"noopener noreferrer\" href=\"https:\/\/microaktiv.com\/wp-content\/uploads\/2023\/01\/MSDS-MicroAktiv-ALF_eng.pdf\"><span class=\"fusion-button-text awb-button__text awb-button__text--default\">Descargar<\/span><\/a><\/div><\/div><\/div><\/div><\/div><\/p>\n","protected":false},"excerpt":{"rendered":"<p>Mejora de la calidad del agua en estanques de piscicultura y pesca deportiva<\/p>\n","protected":false},"featured_media":7013,"template":"","meta":{"_acf_changed":false},"product_brand":[],"product_cat":[187],"product_tag":[],"class_list":{"0":"post-5477","1":"product","2":"type-product","3":"status-publish","4":"has-post-thumbnail","6":"product_cat-acuicultura","8":"first","9":"instock","10":"taxable","11":"shipping-taxable","12":"purchasable","13":"product-type-simple"},"acf":[],"yoast_head":"<!-- This site is optimized with the Yoast SEO Premium plugin v27.0 (Yoast SEO v27.3) - https:\/\/yoast.com\/product\/yoast-seo-premium-wordpress\/ -->\n<title>MicroAktiv\u00ae-ALF - Grow The BioWay<\/title>\n<meta name=\"description\" content=\"MicroAktiv\u00ae-AL3 es una mezcla de microorganismos seleccionados y adaptados para reducir y prevenir el crecimiento de algas en los estanques de agua.\" \/>\n<meta name=\"robots\" content=\"index, follow, max-snippet:-1, max-image-preview:large, max-video-preview:-1\" \/>\n<link rel=\"canonical\" href=\"https:\/\/microaktiv.com\/es\/producto\/microaktiv-alf\/\" \/>\n<meta property=\"og:locale\" content=\"es_ES\" \/>\n<meta property=\"og:type\" content=\"article\" \/>\n<meta property=\"og:title\" content=\"MicroAktiv\u00ae-ALF\" \/>\n<meta property=\"og:description\" content=\"MicroAktiv\u00ae-AL3 es una mezcla de microorganismos seleccionados y adaptados para reducir y prevenir el crecimiento de algas en los estanques de agua.\" \/>\n<meta property=\"og:url\" content=\"https:\/\/microaktiv.com\/es\/producto\/microaktiv-alf\/\" \/>\n<meta property=\"og:site_name\" content=\"MicroAktiv\" \/>\n<meta property=\"article:publisher\" content=\"https:\/\/www.facebook.com\/profile.php?id=100089514366245\" \/>\n<meta property=\"article:modified_time\" content=\"2023-05-02T10:48:06+00:00\" \/>\n<meta property=\"og:image\" content=\"https:\/\/microaktiv.com\/wp-content\/uploads\/2023\/11\/MicroAktiv-ALF_eng_web.jpg\" \/>\n\t<meta property=\"og:image:width\" content=\"400\" \/>\n\t<meta property=\"og:image:height\" content=\"400\" \/>\n\t<meta property=\"og:image:type\" content=\"image\/jpeg\" \/>\n<meta name=\"twitter:card\" content=\"summary_large_image\" \/>\n<meta name=\"twitter:site\" content=\"@MicroAktiv\" \/>\n<meta name=\"twitter:label1\" content=\"Tiempo de lectura\" \/>\n\t<meta name=\"twitter:data1\" content=\"6 minutos\" \/>\n<script type=\"application\/ld+json\" class=\"yoast-schema-graph\">{\"@context\":\"https:\\\/\\\/schema.org\",\"@graph\":[{\"@type\":\"WebPage\",\"@id\":\"https:\\\/\\\/microaktiv.com\\\/es\\\/producto\\\/microaktiv-alf\\\/\",\"url\":\"https:\\\/\\\/microaktiv.com\\\/es\\\/producto\\\/microaktiv-alf\\\/\",\"name\":\"MicroAktiv\u00ae-ALF - Grow The BioWay\",\"isPartOf\":{\"@id\":\"https:\\\/\\\/microaktiv.com\\\/es\\\/#website\"},\"primaryImageOfPage\":{\"@id\":\"https:\\\/\\\/microaktiv.com\\\/es\\\/producto\\\/microaktiv-alf\\\/#primaryimage\"},\"image\":{\"@id\":\"https:\\\/\\\/microaktiv.com\\\/es\\\/producto\\\/microaktiv-alf\\\/#primaryimage\"},\"thumbnailUrl\":\"https:\\\/\\\/microaktiv.com\\\/wp-content\\\/uploads\\\/2023\\\/11\\\/MicroAktiv-ALF_eng_web.jpg\",\"datePublished\":\"2023-01-11T09:48:06+00:00\",\"dateModified\":\"2023-05-02T10:48:06+00:00\",\"description\":\"MicroAktiv\u00ae-AL3 es una mezcla de microorganismos seleccionados y adaptados para reducir y prevenir el crecimiento de algas en los estanques de agua.\",\"breadcrumb\":{\"@id\":\"https:\\\/\\\/microaktiv.com\\\/es\\\/producto\\\/microaktiv-alf\\\/#breadcrumb\"},\"inLanguage\":\"es\",\"potentialAction\":[{\"@type\":\"ReadAction\",\"target\":[\"https:\\\/\\\/microaktiv.com\\\/es\\\/producto\\\/microaktiv-alf\\\/\"]}]},{\"@type\":\"ImageObject\",\"inLanguage\":\"es\",\"@id\":\"https:\\\/\\\/microaktiv.com\\\/es\\\/producto\\\/microaktiv-alf\\\/#primaryimage\",\"url\":\"https:\\\/\\\/microaktiv.com\\\/wp-content\\\/uploads\\\/2023\\\/11\\\/MicroAktiv-ALF_eng_web.jpg\",\"contentUrl\":\"https:\\\/\\\/microaktiv.com\\\/wp-content\\\/uploads\\\/2023\\\/11\\\/MicroAktiv-ALF_eng_web.jpg\",\"width\":400,\"height\":400},{\"@type\":\"BreadcrumbList\",\"@id\":\"https:\\\/\\\/microaktiv.com\\\/es\\\/producto\\\/microaktiv-alf\\\/#breadcrumb\",\"itemListElement\":[{\"@type\":\"ListItem\",\"position\":1,\"name\":\"Home\",\"item\":\"https:\\\/\\\/microaktiv.com\\\/es\\\/\"},{\"@type\":\"ListItem\",\"position\":2,\"name\":\"Tienda en l\u00ednea\",\"item\":\"https:\\\/\\\/microaktiv.com\\\/es\\\/tienda-en-linea\\\/\"},{\"@type\":\"ListItem\",\"position\":3,\"name\":\"MicroAktiv\u00ae-ALF\"}]},{\"@type\":\"WebSite\",\"@id\":\"https:\\\/\\\/microaktiv.com\\\/es\\\/#website\",\"url\":\"https:\\\/\\\/microaktiv.com\\\/es\\\/\",\"name\":\"MicroAktiv\",\"description\":\"Grow the bio way\",\"publisher\":{\"@id\":\"https:\\\/\\\/microaktiv.com\\\/es\\\/#organization\"},\"potentialAction\":[{\"@type\":\"SearchAction\",\"target\":{\"@type\":\"EntryPoint\",\"urlTemplate\":\"https:\\\/\\\/microaktiv.com\\\/es\\\/?s={search_term_string}\"},\"query-input\":{\"@type\":\"PropertyValueSpecification\",\"valueRequired\":true,\"valueName\":\"search_term_string\"}}],\"inLanguage\":\"es\"},{\"@type\":\"Organization\",\"@id\":\"https:\\\/\\\/microaktiv.com\\\/es\\\/#organization\",\"name\":\"QM Environmental International BV\",\"url\":\"https:\\\/\\\/microaktiv.com\\\/es\\\/\",\"logo\":{\"@type\":\"ImageObject\",\"inLanguage\":\"es\",\"@id\":\"https:\\\/\\\/microaktiv.com\\\/es\\\/#\\\/schema\\\/logo\\\/image\\\/\",\"url\":\"https:\\\/\\\/i0.wp.com\\\/microaktiv.com\\\/wp-content\\\/uploads\\\/2022\\\/12\\\/favicon_microactiv.png?fit=1920%2C1877&ssl=1\",\"contentUrl\":\"https:\\\/\\\/i0.wp.com\\\/microaktiv.com\\\/wp-content\\\/uploads\\\/2022\\\/12\\\/favicon_microactiv.png?fit=1920%2C1877&ssl=1\",\"width\":1920,\"height\":1877,\"caption\":\"QM Environmental International BV\"},\"image\":{\"@id\":\"https:\\\/\\\/microaktiv.com\\\/es\\\/#\\\/schema\\\/logo\\\/image\\\/\"},\"sameAs\":[\"https:\\\/\\\/www.facebook.com\\\/profile.php?id=100089514366245\",\"https:\\\/\\\/x.com\\\/MicroAktiv\",\"https:\\\/\\\/www.linkedin.com\\\/showcase\\\/microaktiv\\\/\"]}]}<\/script>\n<!-- \/ Yoast SEO Premium plugin. -->","yoast_head_json":{"title":"MicroAktiv\u00ae-ALF - Grow The BioWay","description":"MicroAktiv\u00ae-AL3 es una mezcla de microorganismos seleccionados y adaptados para reducir y prevenir el crecimiento de algas en los estanques de agua.","robots":{"index":"index","follow":"follow","max-snippet":"max-snippet:-1","max-image-preview":"max-image-preview:large","max-video-preview":"max-video-preview:-1"},"canonical":"https:\/\/microaktiv.com\/es\/producto\/microaktiv-alf\/","og_locale":"es_ES","og_type":"article","og_title":"MicroAktiv\u00ae-ALF","og_description":"MicroAktiv\u00ae-AL3 es una mezcla de microorganismos seleccionados y adaptados para reducir y prevenir el crecimiento de algas en los estanques de agua.","og_url":"https:\/\/microaktiv.com\/es\/producto\/microaktiv-alf\/","og_site_name":"MicroAktiv","article_publisher":"https:\/\/www.facebook.com\/profile.php?id=100089514366245","article_modified_time":"2023-05-02T10:48:06+00:00","og_image":[{"width":400,"height":400,"url":"https:\/\/microaktiv.com\/wp-content\/uploads\/2023\/11\/MicroAktiv-ALF_eng_web.jpg","type":"image\/jpeg"}],"twitter_card":"summary_large_image","twitter_site":"@MicroAktiv","twitter_misc":{"Tiempo de lectura":"6 minutos"},"schema":{"@context":"https:\/\/schema.org","@graph":[{"@type":"WebPage","@id":"https:\/\/microaktiv.com\/es\/producto\/microaktiv-alf\/","url":"https:\/\/microaktiv.com\/es\/producto\/microaktiv-alf\/","name":"MicroAktiv\u00ae-ALF - Grow The BioWay","isPartOf":{"@id":"https:\/\/microaktiv.com\/es\/#website"},"primaryImageOfPage":{"@id":"https:\/\/microaktiv.com\/es\/producto\/microaktiv-alf\/#primaryimage"},"image":{"@id":"https:\/\/microaktiv.com\/es\/producto\/microaktiv-alf\/#primaryimage"},"thumbnailUrl":"https:\/\/microaktiv.com\/wp-content\/uploads\/2023\/11\/MicroAktiv-ALF_eng_web.jpg","datePublished":"2023-01-11T09:48:06+00:00","dateModified":"2023-05-02T10:48:06+00:00","description":"MicroAktiv\u00ae-AL3 es una mezcla de microorganismos seleccionados y adaptados para reducir y prevenir el crecimiento de algas en los estanques de agua.","breadcrumb":{"@id":"https:\/\/microaktiv.com\/es\/producto\/microaktiv-alf\/#breadcrumb"},"inLanguage":"es","potentialAction":[{"@type":"ReadAction","target":["https:\/\/microaktiv.com\/es\/producto\/microaktiv-alf\/"]}]},{"@type":"ImageObject","inLanguage":"es","@id":"https:\/\/microaktiv.com\/es\/producto\/microaktiv-alf\/#primaryimage","url":"https:\/\/microaktiv.com\/wp-content\/uploads\/2023\/11\/MicroAktiv-ALF_eng_web.jpg","contentUrl":"https:\/\/microaktiv.com\/wp-content\/uploads\/2023\/11\/MicroAktiv-ALF_eng_web.jpg","width":400,"height":400},{"@type":"BreadcrumbList","@id":"https:\/\/microaktiv.com\/es\/producto\/microaktiv-alf\/#breadcrumb","itemListElement":[{"@type":"ListItem","position":1,"name":"Home","item":"https:\/\/microaktiv.com\/es\/"},{"@type":"ListItem","position":2,"name":"Tienda en l\u00ednea","item":"https:\/\/microaktiv.com\/es\/tienda-en-linea\/"},{"@type":"ListItem","position":3,"name":"MicroAktiv\u00ae-ALF"}]},{"@type":"WebSite","@id":"https:\/\/microaktiv.com\/es\/#website","url":"https:\/\/microaktiv.com\/es\/","name":"MicroAktiv","description":"Grow the bio way","publisher":{"@id":"https:\/\/microaktiv.com\/es\/#organization"},"potentialAction":[{"@type":"SearchAction","target":{"@type":"EntryPoint","urlTemplate":"https:\/\/microaktiv.com\/es\/?s={search_term_string}"},"query-input":{"@type":"PropertyValueSpecification","valueRequired":true,"valueName":"search_term_string"}}],"inLanguage":"es"},{"@type":"Organization","@id":"https:\/\/microaktiv.com\/es\/#organization","name":"QM Environmental International BV","url":"https:\/\/microaktiv.com\/es\/","logo":{"@type":"ImageObject","inLanguage":"es","@id":"https:\/\/microaktiv.com\/es\/#\/schema\/logo\/image\/","url":"https:\/\/i0.wp.com\/microaktiv.com\/wp-content\/uploads\/2022\/12\/favicon_microactiv.png?fit=1920%2C1877&ssl=1","contentUrl":"https:\/\/i0.wp.com\/microaktiv.com\/wp-content\/uploads\/2022\/12\/favicon_microactiv.png?fit=1920%2C1877&ssl=1","width":1920,"height":1877,"caption":"QM Environmental International BV"},"image":{"@id":"https:\/\/microaktiv.com\/es\/#\/schema\/logo\/image\/"},"sameAs":["https:\/\/www.facebook.com\/profile.php?id=100089514366245","https:\/\/x.com\/MicroAktiv","https:\/\/www.linkedin.com\/showcase\/microaktiv\/"]}]}},"_links":{"self":[{"href":"https:\/\/microaktiv.com\/es\/wp-json\/wp\/v2\/product\/5477","targetHints":{"allow":["GET"]}}],"collection":[{"href":"https:\/\/microaktiv.com\/es\/wp-json\/wp\/v2\/product"}],"about":[{"href":"https:\/\/microaktiv.com\/es\/wp-json\/wp\/v2\/types\/product"}],"wp:featuredmedia":[{"embeddable":true,"href":"https:\/\/microaktiv.com\/es\/wp-json\/wp\/v2\/media\/7013"}],"wp:attachment":[{"href":"https:\/\/microaktiv.com\/es\/wp-json\/wp\/v2\/media?parent=5477"}],"wp:term":[{"taxonomy":"product_brand","embeddable":true,"href":"https:\/\/microaktiv.com\/es\/wp-json\/wp\/v2\/product_brand?post=5477"},{"taxonomy":"product_cat","embeddable":true,"href":"https:\/\/microaktiv.com\/es\/wp-json\/wp\/v2\/product_cat?post=5477"},{"taxonomy":"product_tag","embeddable":true,"href":"https:\/\/microaktiv.com\/es\/wp-json\/wp\/v2\/product_tag?post=5477"}],"curies":[{"name":"wp","href":"https:\/\/api.w.org\/{rel}","templated":true}]}}