{"id":5512,"date":"2022-12-06T17:42:47","date_gmt":"2022-12-06T15:42:47","guid":{"rendered":"https:\/\/microaktiv.com\/product\/microaktiv-dl\/"},"modified":"2023-05-02T13:12:29","modified_gmt":"2023-05-02T11:12:29","slug":"microaktiv-dl","status":"publish","type":"product","link":"https:\/\/microaktiv.com\/es\/producto\/microaktiv-dl\/","title":{"rendered":"MicroAktiv\u00ae-DL"},"content":{"rendered":"<p><div class=\"fusion-fullwidth fullwidth-box fusion-builder-row-1 fusion-flex-container has-pattern-background has-mask-background nonhundred-percent-fullwidth non-hundred-percent-height-scrolling\" style=\"--awb-border-radius-top-left:0px;--awb-border-radius-top-right:0px;--awb-border-radius-bottom-right:0px;--awb-border-radius-bottom-left:0px;--awb-flex-wrap:wrap;\" ><div class=\"fusion-builder-row fusion-row fusion-flex-align-items-flex-start fusion-flex-content-wrap\" style=\"max-width:1372.8px;margin-left: calc(-4% \/ 2 );margin-right: calc(-4% \/ 2 );\"><div class=\"fusion-layout-column fusion_builder_column fusion-builder-column-0 fusion_builder_column_1_1 1_1 fusion-flex-column\" style=\"--awb-bg-size:cover;--awb-width-large:100%;--awb-margin-top-large:0px;--awb-spacing-right-large:1.92%;--awb-margin-bottom-large:0px;--awb-spacing-left-large:1.92%;--awb-width-medium:100%;--awb-order-medium:0;--awb-spacing-right-medium:1.92%;--awb-spacing-left-medium:1.92%;--awb-width-small:100%;--awb-order-small:0;--awb-spacing-right-small:1.92%;--awb-spacing-left-small:1.92%;\"><div class=\"fusion-column-wrapper fusion-column-has-shadow fusion-flex-justify-content-flex-start fusion-content-layout-column\"><div class=\"fusion-text fusion-text-1\"><p>\u00bfProblemas con capas de esti\u00e9rcol duro?<\/p>\n<p>MicroAktiv<sup>\u00ae<\/sup>-DL es una mezcla sin\u00e9rgica de microorganismos seleccionados y adaptados para desodorizar y licuar el esti\u00e9rcol animal. Las bacterias y enzimas del MicroAktiv<sup>\u00ae<\/sup>-DL descomponen las costras del esti\u00e9rcol para que estas se conviertan en l\u00edquido nuevamente y pueda ser bombeado fuera de la bodega de esti\u00e9rcol. Con un uso preventivo se evita la formaci\u00f3n de costras.<\/p>\n<h5>Composici\u00f3n<\/h5>\n<p>El MicroAktiv<sup>\u00ae<\/sup>-DL est\u00e1 conformado por microorganismos seleccionados y adaptados en una concentraci\u00f3n de &gt; 3 x 10<sup>9<\/sup> ufc\/gramo,<br \/>\nsurfactantes, topes y enzimas.<\/p>\n<p><strong>Validez:<\/strong> 2 a\u00f1os<\/p>\n<h5>Dosis<\/h5>\n<p>En general, MicroAktiv<sup>\u00ae<\/sup>-DL se mezcla con agua y se roc\u00eda sobre la pila de esti\u00e9rcol o directamente en la bodega de esti\u00e9rcol mientras se mezcla. Las pautas de dosificaci\u00f3n que se aplican son las siguientes:<\/p>\n<h6>Esti\u00e9rcol \/ Bodega de purines \/ Pozos<\/h6>\n<ul>\n<li>Mezcle el producto con igual peso de agua tibia (1 kg de producto por 1 litro de agua)<\/li>\n<li>Despu\u00e9s de vaciar la bodega\/pozo, comience con un volumen de bodega\/pozo de 2 kg\/30 m<sup>3<\/sup><\/li>\n<li>Dosis de mantenimiento de 0,25 kg\/30 m<sup>3<\/sup> de esti\u00e9rcol.<\/li>\n<\/ul>\n<h6>Para deshacer las costras<\/h6>\n<ul>\n<li>A\u00f1ada 2 Kg\/30 m<sup>3<\/sup> de volumen de bodega\/pozo 2 semanas antes del bombeo;<\/li>\n<li>Mezcle el contenido de la bodega\/pozo;<\/li>\n<li>Repita lo anterior 1 semana antes de bombear;<\/li>\n<li>Mantener h\u00famedo<\/li>\n<\/ul>\n<h5>Embalaje:<\/h5>\n<p>balde de 11,3 kg<\/p>\n<\/div><\/div><\/div><\/div><\/div><div class=\"fusion-fullwidth fullwidth-box fusion-builder-row-2 fusion-flex-container has-pattern-background has-mask-background nonhundred-percent-fullwidth non-hundred-percent-height-scrolling\" style=\"--awb-border-radius-top-left:0px;--awb-border-radius-top-right:0px;--awb-border-radius-bottom-right:0px;--awb-border-radius-bottom-left:0px;--awb-flex-wrap:wrap;\" ><div class=\"fusion-builder-row fusion-row fusion-flex-align-items-flex-start fusion-flex-content-wrap\" style=\"max-width:1372.8px;margin-left: calc(-4% \/ 2 );margin-right: calc(-4% \/ 2 );\"><div class=\"fusion-layout-column fusion_builder_column fusion-builder-column-1 fusion_builder_column_1_2 1_2 fusion-flex-column\" style=\"--awb-padding-top:5px;--awb-padding-right:5px;--awb-padding-bottom:5px;--awb-padding-left:5px;--awb-overflow:hidden;--awb-bg-color:rgba(174,128,76,0.25);--awb-bg-color-hover:rgba(174,128,76,0.25);--awb-bg-size:cover;--awb-border-radius:15px 15px 15px 15px;--awb-width-large:50%;--awb-margin-top-large:0px;--awb-spacing-right-large:3.84%;--awb-margin-bottom-large:5px;--awb-spacing-left-large:3.84%;--awb-width-medium:100%;--awb-order-medium:0;--awb-spacing-right-medium:1.92%;--awb-spacing-left-medium:1.92%;--awb-width-small:100%;--awb-order-small:0;--awb-spacing-right-small:1.92%;--awb-spacing-left-small:1.92%;\"><div class=\"fusion-column-wrapper fusion-column-has-shadow fusion-flex-justify-content-flex-start fusion-content-layout-column\"><div class=\"fusion-text fusion-text-2\"><h5 style=\"text-align: center;\">Descarga la hoja de informaci\u00f3n del producto<\/h5>\n<\/div><div style=\"text-align:center;\"><a class=\"fusion-button button-flat fusion-button-default-size button-default fusion-button-default button-1 fusion-button-default-span fusion-button-default-type\" target=\"_blank\" rel=\"noopener noreferrer\" href=\"https:\/\/microaktiv.com\/wp-content\/uploads\/2023\/01\/MicroAktiv-DL_eng.pdf\"><span class=\"fusion-button-text awb-button__text awb-button__text--default\">Descargar<\/span><\/a><\/div><\/div><\/div><div class=\"fusion-layout-column fusion_builder_column fusion-builder-column-2 fusion_builder_column_1_2 1_2 fusion-flex-column\" style=\"--awb-padding-top:5px;--awb-padding-right:5px;--awb-padding-bottom:5px;--awb-padding-left:5px;--awb-overflow:hidden;--awb-bg-color:rgba(174,128,76,0.25);--awb-bg-color-hover:rgba(174,128,76,0.25);--awb-bg-size:cover;--awb-border-radius:15px 15px 15px 15px;--awb-width-large:50%;--awb-margin-top-large:0px;--awb-spacing-right-large:3.84%;--awb-margin-bottom-large:5px;--awb-spacing-left-large:3.84%;--awb-width-medium:100%;--awb-order-medium:0;--awb-spacing-right-medium:1.92%;--awb-spacing-left-medium:1.92%;--awb-width-small:100%;--awb-order-small:0;--awb-spacing-right-small:1.92%;--awb-spacing-left-small:1.92%;\"><div class=\"fusion-column-wrapper fusion-column-has-shadow fusion-flex-justify-content-flex-start fusion-content-layout-column\"><div class=\"fusion-text fusion-text-3\"><h5 style=\"text-align: center;\">Descarga la ficha de seguridad del producto<\/h5>\n<\/div><div style=\"text-align:center;\"><a class=\"fusion-button button-flat fusion-button-default-size button-default fusion-button-default button-2 fusion-button-default-span fusion-button-default-type\" target=\"_blank\" rel=\"noopener noreferrer\" href=\"https:\/\/microaktiv.com\/wp-content\/uploads\/2023\/01\/MSDS-MicroAktiv-DL_eng.pdf\"><span class=\"fusion-button-text awb-button__text awb-button__text--default\">Descargar<\/span><\/a><\/div><\/div><\/div><\/div><\/div><\/p>\n","protected":false},"excerpt":{"rendered":"<p>\u00bfProblemas con capas de esti\u00e9rcol duro?<\/p>\n<p>MicroAktiv-DL proporciona la soluci\u00f3n.<\/p>\n","protected":false},"featured_media":7049,"template":"","meta":{"_acf_changed":false},"product_brand":[],"product_cat":[188],"product_tag":[],"class_list":{"0":"post-5512","1":"product","2":"type-product","3":"status-publish","4":"has-post-thumbnail","6":"product_cat-ganaderia","8":"first","9":"instock","10":"taxable","11":"shipping-taxable","12":"purchasable","13":"product-type-simple"},"acf":[],"yoast_head":"<!-- This site is optimized with the Yoast SEO Premium plugin v27.0 (Yoast SEO v27.3) - https:\/\/yoast.com\/product\/yoast-seo-premium-wordpress\/ -->\n<title>MicroAktiv\u00ae-DL - Grow The BioWay<\/title>\n<meta name=\"description\" content=\"\u00bfProblemas con capas de esti\u00e9rcol duro? MicroAktiv\u00ae-DL es una mezcla de microorganismos para desodorizar y licuar el esti\u00e9rcol animal.\" \/>\n<meta name=\"robots\" content=\"index, follow, max-snippet:-1, max-image-preview:large, max-video-preview:-1\" \/>\n<link rel=\"canonical\" href=\"https:\/\/microaktiv.com\/es\/producto\/microaktiv-dl\/\" \/>\n<meta property=\"og:locale\" content=\"es_ES\" \/>\n<meta property=\"og:type\" content=\"article\" \/>\n<meta property=\"og:title\" content=\"MicroAktiv\u00ae-DL\" \/>\n<meta property=\"og:description\" content=\"\u00bfProblemas con capas de esti\u00e9rcol duro? MicroAktiv\u00ae-DL es una mezcla de microorganismos para desodorizar y licuar el esti\u00e9rcol animal.\" \/>\n<meta property=\"og:url\" content=\"https:\/\/microaktiv.com\/es\/producto\/microaktiv-dl\/\" \/>\n<meta property=\"og:site_name\" content=\"MicroAktiv\" \/>\n<meta property=\"article:publisher\" content=\"https:\/\/www.facebook.com\/profile.php?id=100089514366245\" \/>\n<meta property=\"article:modified_time\" content=\"2023-05-02T11:12:29+00:00\" \/>\n<meta property=\"og:image\" content=\"https:\/\/microaktiv.com\/wp-content\/uploads\/2023\/11\/MicroAktiv-DL_pail_eng_web.jpg\" \/>\n\t<meta property=\"og:image:width\" content=\"400\" \/>\n\t<meta property=\"og:image:height\" content=\"400\" \/>\n\t<meta property=\"og:image:type\" content=\"image\/jpeg\" \/>\n<meta name=\"twitter:card\" content=\"summary_large_image\" \/>\n<meta name=\"twitter:site\" content=\"@MicroAktiv\" \/>\n<meta name=\"twitter:label1\" content=\"Tiempo de lectura\" \/>\n\t<meta name=\"twitter:data1\" content=\"6 minutos\" \/>\n<script type=\"application\/ld+json\" class=\"yoast-schema-graph\">{\"@context\":\"https:\\\/\\\/schema.org\",\"@graph\":[{\"@type\":\"WebPage\",\"@id\":\"https:\\\/\\\/microaktiv.com\\\/es\\\/producto\\\/microaktiv-dl\\\/\",\"url\":\"https:\\\/\\\/microaktiv.com\\\/es\\\/producto\\\/microaktiv-dl\\\/\",\"name\":\"MicroAktiv\u00ae-DL - Grow The BioWay\",\"isPartOf\":{\"@id\":\"https:\\\/\\\/microaktiv.com\\\/es\\\/#website\"},\"primaryImageOfPage\":{\"@id\":\"https:\\\/\\\/microaktiv.com\\\/es\\\/producto\\\/microaktiv-dl\\\/#primaryimage\"},\"image\":{\"@id\":\"https:\\\/\\\/microaktiv.com\\\/es\\\/producto\\\/microaktiv-dl\\\/#primaryimage\"},\"thumbnailUrl\":\"https:\\\/\\\/microaktiv.com\\\/wp-content\\\/uploads\\\/2023\\\/11\\\/MicroAktiv-DL_pail_eng_web.jpg\",\"datePublished\":\"2022-12-06T15:42:47+00:00\",\"dateModified\":\"2023-05-02T11:12:29+00:00\",\"description\":\"\u00bfProblemas con capas de esti\u00e9rcol duro? MicroAktiv\u00ae-DL es una mezcla de microorganismos para desodorizar y licuar el esti\u00e9rcol animal.\",\"breadcrumb\":{\"@id\":\"https:\\\/\\\/microaktiv.com\\\/es\\\/producto\\\/microaktiv-dl\\\/#breadcrumb\"},\"inLanguage\":\"es\",\"potentialAction\":[{\"@type\":\"ReadAction\",\"target\":[\"https:\\\/\\\/microaktiv.com\\\/es\\\/producto\\\/microaktiv-dl\\\/\"]}]},{\"@type\":\"ImageObject\",\"inLanguage\":\"es\",\"@id\":\"https:\\\/\\\/microaktiv.com\\\/es\\\/producto\\\/microaktiv-dl\\\/#primaryimage\",\"url\":\"https:\\\/\\\/microaktiv.com\\\/wp-content\\\/uploads\\\/2023\\\/11\\\/MicroAktiv-DL_pail_eng_web.jpg\",\"contentUrl\":\"https:\\\/\\\/microaktiv.com\\\/wp-content\\\/uploads\\\/2023\\\/11\\\/MicroAktiv-DL_pail_eng_web.jpg\",\"width\":400,\"height\":400},{\"@type\":\"BreadcrumbList\",\"@id\":\"https:\\\/\\\/microaktiv.com\\\/es\\\/producto\\\/microaktiv-dl\\\/#breadcrumb\",\"itemListElement\":[{\"@type\":\"ListItem\",\"position\":1,\"name\":\"Home\",\"item\":\"https:\\\/\\\/microaktiv.com\\\/es\\\/\"},{\"@type\":\"ListItem\",\"position\":2,\"name\":\"Tienda en l\u00ednea\",\"item\":\"https:\\\/\\\/microaktiv.com\\\/es\\\/tienda-en-linea\\\/\"},{\"@type\":\"ListItem\",\"position\":3,\"name\":\"MicroAktiv\u00ae-DL\"}]},{\"@type\":\"WebSite\",\"@id\":\"https:\\\/\\\/microaktiv.com\\\/es\\\/#website\",\"url\":\"https:\\\/\\\/microaktiv.com\\\/es\\\/\",\"name\":\"MicroAktiv\",\"description\":\"Grow the bio way\",\"publisher\":{\"@id\":\"https:\\\/\\\/microaktiv.com\\\/es\\\/#organization\"},\"potentialAction\":[{\"@type\":\"SearchAction\",\"target\":{\"@type\":\"EntryPoint\",\"urlTemplate\":\"https:\\\/\\\/microaktiv.com\\\/es\\\/?s={search_term_string}\"},\"query-input\":{\"@type\":\"PropertyValueSpecification\",\"valueRequired\":true,\"valueName\":\"search_term_string\"}}],\"inLanguage\":\"es\"},{\"@type\":\"Organization\",\"@id\":\"https:\\\/\\\/microaktiv.com\\\/es\\\/#organization\",\"name\":\"QM Environmental International BV\",\"url\":\"https:\\\/\\\/microaktiv.com\\\/es\\\/\",\"logo\":{\"@type\":\"ImageObject\",\"inLanguage\":\"es\",\"@id\":\"https:\\\/\\\/microaktiv.com\\\/es\\\/#\\\/schema\\\/logo\\\/image\\\/\",\"url\":\"https:\\\/\\\/i0.wp.com\\\/microaktiv.com\\\/wp-content\\\/uploads\\\/2022\\\/12\\\/favicon_microactiv.png?fit=1920%2C1877&ssl=1\",\"contentUrl\":\"https:\\\/\\\/i0.wp.com\\\/microaktiv.com\\\/wp-content\\\/uploads\\\/2022\\\/12\\\/favicon_microactiv.png?fit=1920%2C1877&ssl=1\",\"width\":1920,\"height\":1877,\"caption\":\"QM Environmental International BV\"},\"image\":{\"@id\":\"https:\\\/\\\/microaktiv.com\\\/es\\\/#\\\/schema\\\/logo\\\/image\\\/\"},\"sameAs\":[\"https:\\\/\\\/www.facebook.com\\\/profile.php?id=100089514366245\",\"https:\\\/\\\/x.com\\\/MicroAktiv\",\"https:\\\/\\\/www.linkedin.com\\\/showcase\\\/microaktiv\\\/\"]}]}<\/script>\n<!-- \/ Yoast SEO Premium plugin. -->","yoast_head_json":{"title":"MicroAktiv\u00ae-DL - Grow The BioWay","description":"\u00bfProblemas con capas de esti\u00e9rcol duro? MicroAktiv\u00ae-DL es una mezcla de microorganismos para desodorizar y licuar el esti\u00e9rcol animal.","robots":{"index":"index","follow":"follow","max-snippet":"max-snippet:-1","max-image-preview":"max-image-preview:large","max-video-preview":"max-video-preview:-1"},"canonical":"https:\/\/microaktiv.com\/es\/producto\/microaktiv-dl\/","og_locale":"es_ES","og_type":"article","og_title":"MicroAktiv\u00ae-DL","og_description":"\u00bfProblemas con capas de esti\u00e9rcol duro? MicroAktiv\u00ae-DL es una mezcla de microorganismos para desodorizar y licuar el esti\u00e9rcol animal.","og_url":"https:\/\/microaktiv.com\/es\/producto\/microaktiv-dl\/","og_site_name":"MicroAktiv","article_publisher":"https:\/\/www.facebook.com\/profile.php?id=100089514366245","article_modified_time":"2023-05-02T11:12:29+00:00","og_image":[{"width":400,"height":400,"url":"https:\/\/microaktiv.com\/wp-content\/uploads\/2023\/11\/MicroAktiv-DL_pail_eng_web.jpg","type":"image\/jpeg"}],"twitter_card":"summary_large_image","twitter_site":"@MicroAktiv","twitter_misc":{"Tiempo de lectura":"6 minutos"},"schema":{"@context":"https:\/\/schema.org","@graph":[{"@type":"WebPage","@id":"https:\/\/microaktiv.com\/es\/producto\/microaktiv-dl\/","url":"https:\/\/microaktiv.com\/es\/producto\/microaktiv-dl\/","name":"MicroAktiv\u00ae-DL - Grow The BioWay","isPartOf":{"@id":"https:\/\/microaktiv.com\/es\/#website"},"primaryImageOfPage":{"@id":"https:\/\/microaktiv.com\/es\/producto\/microaktiv-dl\/#primaryimage"},"image":{"@id":"https:\/\/microaktiv.com\/es\/producto\/microaktiv-dl\/#primaryimage"},"thumbnailUrl":"https:\/\/microaktiv.com\/wp-content\/uploads\/2023\/11\/MicroAktiv-DL_pail_eng_web.jpg","datePublished":"2022-12-06T15:42:47+00:00","dateModified":"2023-05-02T11:12:29+00:00","description":"\u00bfProblemas con capas de esti\u00e9rcol duro? MicroAktiv\u00ae-DL es una mezcla de microorganismos para desodorizar y licuar el esti\u00e9rcol animal.","breadcrumb":{"@id":"https:\/\/microaktiv.com\/es\/producto\/microaktiv-dl\/#breadcrumb"},"inLanguage":"es","potentialAction":[{"@type":"ReadAction","target":["https:\/\/microaktiv.com\/es\/producto\/microaktiv-dl\/"]}]},{"@type":"ImageObject","inLanguage":"es","@id":"https:\/\/microaktiv.com\/es\/producto\/microaktiv-dl\/#primaryimage","url":"https:\/\/microaktiv.com\/wp-content\/uploads\/2023\/11\/MicroAktiv-DL_pail_eng_web.jpg","contentUrl":"https:\/\/microaktiv.com\/wp-content\/uploads\/2023\/11\/MicroAktiv-DL_pail_eng_web.jpg","width":400,"height":400},{"@type":"BreadcrumbList","@id":"https:\/\/microaktiv.com\/es\/producto\/microaktiv-dl\/#breadcrumb","itemListElement":[{"@type":"ListItem","position":1,"name":"Home","item":"https:\/\/microaktiv.com\/es\/"},{"@type":"ListItem","position":2,"name":"Tienda en l\u00ednea","item":"https:\/\/microaktiv.com\/es\/tienda-en-linea\/"},{"@type":"ListItem","position":3,"name":"MicroAktiv\u00ae-DL"}]},{"@type":"WebSite","@id":"https:\/\/microaktiv.com\/es\/#website","url":"https:\/\/microaktiv.com\/es\/","name":"MicroAktiv","description":"Grow the bio way","publisher":{"@id":"https:\/\/microaktiv.com\/es\/#organization"},"potentialAction":[{"@type":"SearchAction","target":{"@type":"EntryPoint","urlTemplate":"https:\/\/microaktiv.com\/es\/?s={search_term_string}"},"query-input":{"@type":"PropertyValueSpecification","valueRequired":true,"valueName":"search_term_string"}}],"inLanguage":"es"},{"@type":"Organization","@id":"https:\/\/microaktiv.com\/es\/#organization","name":"QM Environmental International BV","url":"https:\/\/microaktiv.com\/es\/","logo":{"@type":"ImageObject","inLanguage":"es","@id":"https:\/\/microaktiv.com\/es\/#\/schema\/logo\/image\/","url":"https:\/\/i0.wp.com\/microaktiv.com\/wp-content\/uploads\/2022\/12\/favicon_microactiv.png?fit=1920%2C1877&ssl=1","contentUrl":"https:\/\/i0.wp.com\/microaktiv.com\/wp-content\/uploads\/2022\/12\/favicon_microactiv.png?fit=1920%2C1877&ssl=1","width":1920,"height":1877,"caption":"QM Environmental International BV"},"image":{"@id":"https:\/\/microaktiv.com\/es\/#\/schema\/logo\/image\/"},"sameAs":["https:\/\/www.facebook.com\/profile.php?id=100089514366245","https:\/\/x.com\/MicroAktiv","https:\/\/www.linkedin.com\/showcase\/microaktiv\/"]}]}},"_links":{"self":[{"href":"https:\/\/microaktiv.com\/es\/wp-json\/wp\/v2\/product\/5512","targetHints":{"allow":["GET"]}}],"collection":[{"href":"https:\/\/microaktiv.com\/es\/wp-json\/wp\/v2\/product"}],"about":[{"href":"https:\/\/microaktiv.com\/es\/wp-json\/wp\/v2\/types\/product"}],"wp:featuredmedia":[{"embeddable":true,"href":"https:\/\/microaktiv.com\/es\/wp-json\/wp\/v2\/media\/7049"}],"wp:attachment":[{"href":"https:\/\/microaktiv.com\/es\/wp-json\/wp\/v2\/media?parent=5512"}],"wp:term":[{"taxonomy":"product_brand","embeddable":true,"href":"https:\/\/microaktiv.com\/es\/wp-json\/wp\/v2\/product_brand?post=5512"},{"taxonomy":"product_cat","embeddable":true,"href":"https:\/\/microaktiv.com\/es\/wp-json\/wp\/v2\/product_cat?post=5512"},{"taxonomy":"product_tag","embeddable":true,"href":"https:\/\/microaktiv.com\/es\/wp-json\/wp\/v2\/product_tag?post=5512"}],"curies":[{"name":"wp","href":"https:\/\/api.w.org\/{rel}","templated":true}]}}