{"id":4191,"date":"2022-12-06T17:42:47","date_gmt":"2022-12-06T15:42:47","guid":{"rendered":"https:\/\/microaktiv.com\/product\/microaktiv-dl\/"},"modified":"2023-03-08T16:56:23","modified_gmt":"2023-03-08T14:56:23","slug":"microaktiv-dl","status":"publish","type":"product","link":"https:\/\/microaktiv.com\/fr\/produit\/microaktiv-dl\/","title":{"rendered":"MicroAktiv\u00ae-DL"},"content":{"rendered":"<p><div class=\"fusion-fullwidth fullwidth-box fusion-builder-row-1 fusion-flex-container has-pattern-background has-mask-background nonhundred-percent-fullwidth non-hundred-percent-height-scrolling\" style=\"--awb-border-radius-top-left:0px;--awb-border-radius-top-right:0px;--awb-border-radius-bottom-right:0px;--awb-border-radius-bottom-left:0px;--awb-flex-wrap:wrap;\" ><div class=\"fusion-builder-row fusion-row fusion-flex-align-items-flex-start fusion-flex-content-wrap\" style=\"max-width:1372.8px;margin-left: calc(-4% \/ 2 );margin-right: calc(-4% \/ 2 );\"><div class=\"fusion-layout-column fusion_builder_column fusion-builder-column-0 fusion_builder_column_1_1 1_1 fusion-flex-column\" style=\"--awb-bg-size:cover;--awb-width-large:100%;--awb-margin-top-large:0px;--awb-spacing-right-large:1.92%;--awb-margin-bottom-large:0px;--awb-spacing-left-large:1.92%;--awb-width-medium:100%;--awb-order-medium:0;--awb-spacing-right-medium:1.92%;--awb-spacing-left-medium:1.92%;--awb-width-small:100%;--awb-order-small:0;--awb-spacing-right-small:1.92%;--awb-spacing-left-small:1.92%;\"><div class=\"fusion-column-wrapper fusion-column-has-shadow fusion-flex-justify-content-flex-start fusion-content-layout-column\"><div class=\"fusion-text fusion-text-1\"><p>Avez-vous des difficult\u00e9s avec les couches de fumier solide ?<\/p>\n<p>MicroAktiv<sup>\u00ae<\/sup>-DL est un m\u00e9lange synergique de micro-organismes s\u00e9lectionn\u00e9s et adapt\u00e9s pour d\u00e9sodoriser et liqu\u00e9fier le fumier animal. Les bact\u00e9ries et les enzymes de MicroAktiv<sup>\u00ae<\/sup>-DL d\u00e9composent les cro\u00fbtes de fumier, de sorte que le fumier redevient liquide et peut \u00eatre pomp\u00e9 hors de la fosse \u00e0 fumier. Utilis\u00e9 de mani\u00e8re pr\u00e9ventive, il emp\u00eache la formation de cro\u00fbtes.<\/p>\n<h5>Composition<\/h5>\n<p>MicroAktiv<sup>\u00ae<\/sup>-DL consiste en des micro-organismes adapt\u00e9s s\u00e9lectionn\u00e9s \u00e0 une concentration de &gt; 3 x 10<sup>9<\/sup> cfu\/gramme,<br \/>\nd\u2019agents de surface, de tampons et d\u2019enzymes.<\/p>\n<p><strong>Dur\u00e9e de conservation:<\/strong> 2 ans<\/p>\n<h5>Dosage<\/h5>\n<p>En g\u00e9n\u00e9ral, MicroAktiv<sup>\u00ae<\/sup>-DL est m\u00e9lang\u00e9 \u00e0 de l&rsquo;eau et pulv\u00e9ris\u00e9 sur le tas de fumier ou directement dans la fosse \u00e0 fumier pendant le m\u00e9lange du fumier. Les directives de dosage suivantes s&rsquo;appliquent :<\/p>\n<h6>Fumier \/ fosses \u00e0 purin\/ Puits<\/h6>\n<ul>\n<li>M\u00e9langez le produit \u00e0 poids \u00e9gal avec de l&rsquo;eau chaude (1 kg de produit pour 1 litre d&rsquo;eau).<\/li>\n<li>Apr\u00e8s le pompage de la cave\/fosse, commencez avec 2 kg\/30 m<sup>3<\/sup> de volume de la cave\/fosse.<\/li>\n<li>Maintenir un dosage de 0,25 kg\/30 m<sup>3<\/sup> de fumier.<\/li>\n<\/ul>\n<h6>Pour briser les cro\u00fbtes<\/h6>\n<ul>\n<li>Ajouter 2 Kg\/30 m<sup>3<\/sup> de volume de cave\/puits 2 semaines avant le pompage ;<\/li>\n<li>M\u00e9langez le contenu de la cave\/du puits ;<\/li>\n<li>R\u00e9p\u00e9tez ce qui pr\u00e9c\u00e8de 1 semaine avant le pompage.<\/li>\n<li>Maintenez humide<\/li>\n<\/ul>\n<h5>Emballage:<\/h5>\n<p>seaux de 11,3 kg<\/p>\n<\/div><\/div><\/div><\/div><\/div><div class=\"fusion-fullwidth fullwidth-box fusion-builder-row-2 fusion-flex-container has-pattern-background has-mask-background nonhundred-percent-fullwidth non-hundred-percent-height-scrolling\" style=\"--awb-border-radius-top-left:0px;--awb-border-radius-top-right:0px;--awb-border-radius-bottom-right:0px;--awb-border-radius-bottom-left:0px;--awb-flex-wrap:wrap;\" ><div class=\"fusion-builder-row fusion-row fusion-flex-align-items-flex-start fusion-flex-content-wrap\" style=\"max-width:1372.8px;margin-left: calc(-4% \/ 2 );margin-right: calc(-4% \/ 2 );\"><div class=\"fusion-layout-column fusion_builder_column fusion-builder-column-1 fusion_builder_column_1_2 1_2 fusion-flex-column\" style=\"--awb-padding-top:5px;--awb-padding-right:5px;--awb-padding-bottom:5px;--awb-padding-left:5px;--awb-overflow:hidden;--awb-bg-color:rgba(174,128,76,0.25);--awb-bg-color-hover:rgba(174,128,76,0.25);--awb-bg-size:cover;--awb-border-radius:15px 15px 15px 15px;--awb-width-large:50%;--awb-margin-top-large:0px;--awb-spacing-right-large:3.84%;--awb-margin-bottom-large:5px;--awb-spacing-left-large:3.84%;--awb-width-medium:100%;--awb-order-medium:0;--awb-spacing-right-medium:1.92%;--awb-spacing-left-medium:1.92%;--awb-width-small:100%;--awb-order-small:0;--awb-spacing-right-small:1.92%;--awb-spacing-left-small:1.92%;\"><div class=\"fusion-column-wrapper fusion-column-has-shadow fusion-flex-justify-content-flex-start fusion-content-layout-column\"><div class=\"fusion-text fusion-text-2\"><h5 style=\"text-align: center;\">T\u00e9l\u00e9charger le fiche technique<\/h5>\n<\/div><div style=\"text-align:center;\"><a class=\"fusion-button button-flat fusion-button-default-size button-default fusion-button-default button-1 fusion-button-default-span fusion-button-default-type\" target=\"_blank\" rel=\"noopener noreferrer\" href=\"https:\/\/microaktiv.com\/wp-content\/uploads\/2023\/01\/MicroAktiv-DL_eng.pdf\"><span class=\"fusion-button-text awb-button__text awb-button__text--default\">T\u00e9l\u00e9charger<\/span><\/a><\/div><\/div><\/div><div class=\"fusion-layout-column fusion_builder_column fusion-builder-column-2 fusion_builder_column_1_2 1_2 fusion-flex-column\" style=\"--awb-padding-top:5px;--awb-padding-right:5px;--awb-padding-bottom:5px;--awb-padding-left:5px;--awb-overflow:hidden;--awb-bg-color:rgba(174,128,76,0.25);--awb-bg-color-hover:rgba(174,128,76,0.25);--awb-bg-size:cover;--awb-border-radius:15px 15px 15px 15px;--awb-width-large:50%;--awb-margin-top-large:0px;--awb-spacing-right-large:3.84%;--awb-margin-bottom-large:5px;--awb-spacing-left-large:3.84%;--awb-width-medium:100%;--awb-order-medium:0;--awb-spacing-right-medium:1.92%;--awb-spacing-left-medium:1.92%;--awb-width-small:100%;--awb-order-small:0;--awb-spacing-right-small:1.92%;--awb-spacing-left-small:1.92%;\"><div class=\"fusion-column-wrapper fusion-column-has-shadow fusion-flex-justify-content-flex-start fusion-content-layout-column\"><div class=\"fusion-text fusion-text-3\"><h5 style=\"text-align: center;\">T\u00e9l\u00e9charger la fiche de s\u00e9curit\u00e9 du produit<\/h5>\n<\/div><div style=\"text-align:center;\"><a class=\"fusion-button button-flat fusion-button-default-size button-default fusion-button-default button-2 fusion-button-default-span fusion-button-default-type\" target=\"_blank\" rel=\"noopener noreferrer\" href=\"https:\/\/microaktiv.com\/wp-content\/uploads\/2023\/01\/MSDS-MicroAktiv-DL_eng.pdf\"><span class=\"fusion-button-text awb-button__text awb-button__text--default\">T\u00e9l\u00e9charger<\/span><\/a><\/div><\/div><\/div><\/div><\/div><\/p>\n","protected":false},"excerpt":{"rendered":"<p>Avez-vous des difficult\u00e9s avec les couches de fumier solide ?<\/p>\n<p>MicroAktiv-DL fournit la solution.<\/p>\n","protected":false},"featured_media":7042,"template":"","meta":{"_acf_changed":false},"product_brand":[],"product_cat":[158],"product_tag":[],"class_list":{"0":"post-4191","1":"product","2":"type-product","3":"status-publish","4":"has-post-thumbnail","6":"product_cat-elevage","8":"first","9":"instock","10":"taxable","11":"shipping-taxable","12":"purchasable","13":"product-type-simple"},"acf":[],"yoast_head":"<!-- This site is optimized with the Yoast SEO Premium plugin v27.0 (Yoast SEO v27.3) - https:\/\/yoast.com\/product\/yoast-seo-premium-wordpress\/ -->\n<title>MicroAktiv\u00ae-DL - MicroAktiv<\/title>\n<meta name=\"robots\" content=\"index, follow, max-snippet:-1, max-image-preview:large, max-video-preview:-1\" \/>\n<link rel=\"canonical\" href=\"https:\/\/microaktiv.com\/fr\/produit\/microaktiv-dl\/\" \/>\n<meta property=\"og:locale\" content=\"fr_FR\" \/>\n<meta property=\"og:type\" content=\"article\" \/>\n<meta property=\"og:title\" content=\"MicroAktiv\u00ae-DL\" \/>\n<meta property=\"og:description\" content=\"Avez-vous des difficult\u00e9s avec les couches de fumier solide ?  MicroAktiv-DL fournit la solution.\" \/>\n<meta property=\"og:url\" content=\"https:\/\/microaktiv.com\/fr\/produit\/microaktiv-dl\/\" \/>\n<meta property=\"og:site_name\" content=\"MicroAktiv\" \/>\n<meta property=\"article:publisher\" content=\"https:\/\/www.facebook.com\/profile.php?id=100089514366245\" \/>\n<meta property=\"article:modified_time\" content=\"2023-03-08T14:56:23+00:00\" \/>\n<meta property=\"og:image\" content=\"https:\/\/microaktiv.com\/wp-content\/uploads\/2023\/11\/MicroAktiv-DL_pail_eng_web.jpg\" \/>\n\t<meta property=\"og:image:width\" content=\"400\" \/>\n\t<meta property=\"og:image:height\" content=\"400\" \/>\n\t<meta property=\"og:image:type\" content=\"image\/jpeg\" \/>\n<meta name=\"twitter:card\" content=\"summary_large_image\" \/>\n<meta name=\"twitter:site\" content=\"@MicroAktiv\" \/>\n<meta name=\"twitter:label1\" content=\"Dur\u00e9e de lecture estim\u00e9e\" \/>\n\t<meta name=\"twitter:data1\" content=\"14 minutes\" \/>\n<script type=\"application\/ld+json\" class=\"yoast-schema-graph\">{\"@context\":\"https:\\\/\\\/schema.org\",\"@graph\":[{\"@type\":\"WebPage\",\"@id\":\"https:\\\/\\\/microaktiv.com\\\/fr\\\/produit\\\/microaktiv-dl\\\/\",\"url\":\"https:\\\/\\\/microaktiv.com\\\/fr\\\/produit\\\/microaktiv-dl\\\/\",\"name\":\"MicroAktiv\u00ae-DL - MicroAktiv\",\"isPartOf\":{\"@id\":\"https:\\\/\\\/microaktiv.com\\\/fr\\\/#website\"},\"primaryImageOfPage\":{\"@id\":\"https:\\\/\\\/microaktiv.com\\\/fr\\\/produit\\\/microaktiv-dl\\\/#primaryimage\"},\"image\":{\"@id\":\"https:\\\/\\\/microaktiv.com\\\/fr\\\/produit\\\/microaktiv-dl\\\/#primaryimage\"},\"thumbnailUrl\":\"https:\\\/\\\/microaktiv.com\\\/wp-content\\\/uploads\\\/2023\\\/11\\\/MicroAktiv-DL_pail_eng_web.jpg\",\"datePublished\":\"2022-12-06T15:42:47+00:00\",\"dateModified\":\"2023-03-08T14:56:23+00:00\",\"breadcrumb\":{\"@id\":\"https:\\\/\\\/microaktiv.com\\\/fr\\\/produit\\\/microaktiv-dl\\\/#breadcrumb\"},\"inLanguage\":\"fr-FR\",\"potentialAction\":[{\"@type\":\"ReadAction\",\"target\":[\"https:\\\/\\\/microaktiv.com\\\/fr\\\/produit\\\/microaktiv-dl\\\/\"]}]},{\"@type\":\"ImageObject\",\"inLanguage\":\"fr-FR\",\"@id\":\"https:\\\/\\\/microaktiv.com\\\/fr\\\/produit\\\/microaktiv-dl\\\/#primaryimage\",\"url\":\"https:\\\/\\\/microaktiv.com\\\/wp-content\\\/uploads\\\/2023\\\/11\\\/MicroAktiv-DL_pail_eng_web.jpg\",\"contentUrl\":\"https:\\\/\\\/microaktiv.com\\\/wp-content\\\/uploads\\\/2023\\\/11\\\/MicroAktiv-DL_pail_eng_web.jpg\",\"width\":400,\"height\":400},{\"@type\":\"BreadcrumbList\",\"@id\":\"https:\\\/\\\/microaktiv.com\\\/fr\\\/produit\\\/microaktiv-dl\\\/#breadcrumb\",\"itemListElement\":[{\"@type\":\"ListItem\",\"position\":1,\"name\":\"Home\",\"item\":\"https:\\\/\\\/microaktiv.com\\\/fr\\\/\"},{\"@type\":\"ListItem\",\"position\":2,\"name\":\"Boutique en ligne\",\"item\":\"https:\\\/\\\/microaktiv.com\\\/fr\\\/boutique-en-ligne\\\/\"},{\"@type\":\"ListItem\",\"position\":3,\"name\":\"MicroAktiv\u00ae-DL\"}]},{\"@type\":\"WebSite\",\"@id\":\"https:\\\/\\\/microaktiv.com\\\/fr\\\/#website\",\"url\":\"https:\\\/\\\/microaktiv.com\\\/fr\\\/\",\"name\":\"MicroAktiv\",\"description\":\"Grow the bio way\",\"publisher\":{\"@id\":\"https:\\\/\\\/microaktiv.com\\\/fr\\\/#organization\"},\"potentialAction\":[{\"@type\":\"SearchAction\",\"target\":{\"@type\":\"EntryPoint\",\"urlTemplate\":\"https:\\\/\\\/microaktiv.com\\\/fr\\\/?s={search_term_string}\"},\"query-input\":{\"@type\":\"PropertyValueSpecification\",\"valueRequired\":true,\"valueName\":\"search_term_string\"}}],\"inLanguage\":\"fr-FR\"},{\"@type\":\"Organization\",\"@id\":\"https:\\\/\\\/microaktiv.com\\\/fr\\\/#organization\",\"name\":\"QM Environmental International BV\",\"url\":\"https:\\\/\\\/microaktiv.com\\\/fr\\\/\",\"logo\":{\"@type\":\"ImageObject\",\"inLanguage\":\"fr-FR\",\"@id\":\"https:\\\/\\\/microaktiv.com\\\/fr\\\/#\\\/schema\\\/logo\\\/image\\\/\",\"url\":\"https:\\\/\\\/i0.wp.com\\\/microaktiv.com\\\/wp-content\\\/uploads\\\/2022\\\/12\\\/favicon_microactiv.png?fit=1920%2C1877&ssl=1\",\"contentUrl\":\"https:\\\/\\\/i0.wp.com\\\/microaktiv.com\\\/wp-content\\\/uploads\\\/2022\\\/12\\\/favicon_microactiv.png?fit=1920%2C1877&ssl=1\",\"width\":1920,\"height\":1877,\"caption\":\"QM Environmental International BV\"},\"image\":{\"@id\":\"https:\\\/\\\/microaktiv.com\\\/fr\\\/#\\\/schema\\\/logo\\\/image\\\/\"},\"sameAs\":[\"https:\\\/\\\/www.facebook.com\\\/profile.php?id=100089514366245\",\"https:\\\/\\\/x.com\\\/MicroAktiv\",\"https:\\\/\\\/www.linkedin.com\\\/showcase\\\/microaktiv\\\/\"]}]}<\/script>\n<!-- \/ Yoast SEO Premium plugin. -->","yoast_head_json":{"title":"MicroAktiv\u00ae-DL - MicroAktiv","robots":{"index":"index","follow":"follow","max-snippet":"max-snippet:-1","max-image-preview":"max-image-preview:large","max-video-preview":"max-video-preview:-1"},"canonical":"https:\/\/microaktiv.com\/fr\/produit\/microaktiv-dl\/","og_locale":"fr_FR","og_type":"article","og_title":"MicroAktiv\u00ae-DL","og_description":"Avez-vous des difficult\u00e9s avec les couches de fumier solide ?  MicroAktiv-DL fournit la solution.","og_url":"https:\/\/microaktiv.com\/fr\/produit\/microaktiv-dl\/","og_site_name":"MicroAktiv","article_publisher":"https:\/\/www.facebook.com\/profile.php?id=100089514366245","article_modified_time":"2023-03-08T14:56:23+00:00","og_image":[{"width":400,"height":400,"url":"https:\/\/microaktiv.com\/wp-content\/uploads\/2023\/11\/MicroAktiv-DL_pail_eng_web.jpg","type":"image\/jpeg"}],"twitter_card":"summary_large_image","twitter_site":"@MicroAktiv","twitter_misc":{"Dur\u00e9e de lecture estim\u00e9e":"14 minutes"},"schema":{"@context":"https:\/\/schema.org","@graph":[{"@type":"WebPage","@id":"https:\/\/microaktiv.com\/fr\/produit\/microaktiv-dl\/","url":"https:\/\/microaktiv.com\/fr\/produit\/microaktiv-dl\/","name":"MicroAktiv\u00ae-DL - MicroAktiv","isPartOf":{"@id":"https:\/\/microaktiv.com\/fr\/#website"},"primaryImageOfPage":{"@id":"https:\/\/microaktiv.com\/fr\/produit\/microaktiv-dl\/#primaryimage"},"image":{"@id":"https:\/\/microaktiv.com\/fr\/produit\/microaktiv-dl\/#primaryimage"},"thumbnailUrl":"https:\/\/microaktiv.com\/wp-content\/uploads\/2023\/11\/MicroAktiv-DL_pail_eng_web.jpg","datePublished":"2022-12-06T15:42:47+00:00","dateModified":"2023-03-08T14:56:23+00:00","breadcrumb":{"@id":"https:\/\/microaktiv.com\/fr\/produit\/microaktiv-dl\/#breadcrumb"},"inLanguage":"fr-FR","potentialAction":[{"@type":"ReadAction","target":["https:\/\/microaktiv.com\/fr\/produit\/microaktiv-dl\/"]}]},{"@type":"ImageObject","inLanguage":"fr-FR","@id":"https:\/\/microaktiv.com\/fr\/produit\/microaktiv-dl\/#primaryimage","url":"https:\/\/microaktiv.com\/wp-content\/uploads\/2023\/11\/MicroAktiv-DL_pail_eng_web.jpg","contentUrl":"https:\/\/microaktiv.com\/wp-content\/uploads\/2023\/11\/MicroAktiv-DL_pail_eng_web.jpg","width":400,"height":400},{"@type":"BreadcrumbList","@id":"https:\/\/microaktiv.com\/fr\/produit\/microaktiv-dl\/#breadcrumb","itemListElement":[{"@type":"ListItem","position":1,"name":"Home","item":"https:\/\/microaktiv.com\/fr\/"},{"@type":"ListItem","position":2,"name":"Boutique en ligne","item":"https:\/\/microaktiv.com\/fr\/boutique-en-ligne\/"},{"@type":"ListItem","position":3,"name":"MicroAktiv\u00ae-DL"}]},{"@type":"WebSite","@id":"https:\/\/microaktiv.com\/fr\/#website","url":"https:\/\/microaktiv.com\/fr\/","name":"MicroAktiv","description":"Grow the bio way","publisher":{"@id":"https:\/\/microaktiv.com\/fr\/#organization"},"potentialAction":[{"@type":"SearchAction","target":{"@type":"EntryPoint","urlTemplate":"https:\/\/microaktiv.com\/fr\/?s={search_term_string}"},"query-input":{"@type":"PropertyValueSpecification","valueRequired":true,"valueName":"search_term_string"}}],"inLanguage":"fr-FR"},{"@type":"Organization","@id":"https:\/\/microaktiv.com\/fr\/#organization","name":"QM Environmental International BV","url":"https:\/\/microaktiv.com\/fr\/","logo":{"@type":"ImageObject","inLanguage":"fr-FR","@id":"https:\/\/microaktiv.com\/fr\/#\/schema\/logo\/image\/","url":"https:\/\/i0.wp.com\/microaktiv.com\/wp-content\/uploads\/2022\/12\/favicon_microactiv.png?fit=1920%2C1877&ssl=1","contentUrl":"https:\/\/i0.wp.com\/microaktiv.com\/wp-content\/uploads\/2022\/12\/favicon_microactiv.png?fit=1920%2C1877&ssl=1","width":1920,"height":1877,"caption":"QM Environmental International BV"},"image":{"@id":"https:\/\/microaktiv.com\/fr\/#\/schema\/logo\/image\/"},"sameAs":["https:\/\/www.facebook.com\/profile.php?id=100089514366245","https:\/\/x.com\/MicroAktiv","https:\/\/www.linkedin.com\/showcase\/microaktiv\/"]}]}},"_links":{"self":[{"href":"https:\/\/microaktiv.com\/fr\/wp-json\/wp\/v2\/product\/4191","targetHints":{"allow":["GET"]}}],"collection":[{"href":"https:\/\/microaktiv.com\/fr\/wp-json\/wp\/v2\/product"}],"about":[{"href":"https:\/\/microaktiv.com\/fr\/wp-json\/wp\/v2\/types\/product"}],"wp:featuredmedia":[{"embeddable":true,"href":"https:\/\/microaktiv.com\/fr\/wp-json\/wp\/v2\/media\/7042"}],"wp:attachment":[{"href":"https:\/\/microaktiv.com\/fr\/wp-json\/wp\/v2\/media?parent=4191"}],"wp:term":[{"taxonomy":"product_brand","embeddable":true,"href":"https:\/\/microaktiv.com\/fr\/wp-json\/wp\/v2\/product_brand?post=4191"},{"taxonomy":"product_cat","embeddable":true,"href":"https:\/\/microaktiv.com\/fr\/wp-json\/wp\/v2\/product_cat?post=4191"},{"taxonomy":"product_tag","embeddable":true,"href":"https:\/\/microaktiv.com\/fr\/wp-json\/wp\/v2\/product_tag?post=4191"}],"curies":[{"name":"wp","href":"https:\/\/api.w.org\/{rel}","templated":true}]}}