{"id":4860,"date":"2022-07-13T12:21:02","date_gmt":"2022-07-13T10:21:02","guid":{"rendered":"https:\/\/microaktiv.com\/product\/microaktiv-bs\/"},"modified":"2023-11-24T15:59:15","modified_gmt":"2023-11-24T13:59:15","slug":"microaktiv-bs","status":"publish","type":"product","link":"https:\/\/microaktiv.com\/hu\/termek\/microaktiv-bs\/","title":{"rendered":"MicroAktiv\u00ae-BS"},"content":{"rendered":"<p><div class=\"fusion-fullwidth fullwidth-box fusion-builder-row-1 fusion-flex-container has-pattern-background has-mask-background nonhundred-percent-fullwidth non-hundred-percent-height-scrolling\" style=\"--awb-border-radius-top-left:0px;--awb-border-radius-top-right:0px;--awb-border-radius-bottom-right:0px;--awb-border-radius-bottom-left:0px;--awb-flex-wrap:wrap;\" ><div class=\"fusion-builder-row fusion-row fusion-flex-align-items-flex-start fusion-flex-content-wrap\" style=\"max-width:1372.8px;margin-left: calc(-4% \/ 2 );margin-right: calc(-4% \/ 2 );\"><div class=\"fusion-layout-column fusion_builder_column fusion-builder-column-0 fusion_builder_column_1_1 1_1 fusion-flex-column\" style=\"--awb-bg-size:cover;--awb-width-large:100%;--awb-margin-top-large:0px;--awb-spacing-right-large:1.92%;--awb-margin-bottom-large:0px;--awb-spacing-left-large:1.92%;--awb-width-medium:100%;--awb-order-medium:0;--awb-spacing-right-medium:1.92%;--awb-spacing-left-medium:1.92%;--awb-width-small:100%;--awb-order-small:0;--awb-spacing-right-small:1.92%;--awb-spacing-left-small:1.92%;\"><div class=\"fusion-column-wrapper fusion-column-has-shadow fusion-flex-justify-content-flex-start fusion-content-layout-column\"><div class=\"fusion-text fusion-text-1\"><p>A MicroAktiv<sup>\u00ae<\/sup>-BS egy n\u00f6v\u00e9nyeken \u00e9s h\u00edn\u00e1rkivonatokon alapul\u00f3 foly\u00e9kony term\u00e9k, amely szarvasmarha-, sert\u00e9s- \u00e9s baromfitart\u00f3kban haszn\u00e1lhat\u00f3 a szag \u00e9s az amm\u00f3nia cs\u00f6kkent\u00e9s\u00e9re. A MicroAktiv<sup>\u00ae<\/sup>-BS term\u00e9szetes \u00f6sszetev\u0151i serkentik a term\u00e9szetben el\u0151fordul\u00f3 bakt\u00e9riumokat a szag \u00e9s az amm\u00f3nia biol\u00f3giai lebont\u00e1s\u00e1ra. Az ist\u00e1ll\u00f3ban az a hat\u00e1s, hogy kevesebb szagot bocs\u00e1t ki a padl\u00f3 \u00e9s a tr\u00e1gyag\u00f6d\u00f6r. Ez\u00e1ltal az ist\u00e1ll\u00f3kban az \u00e1llatok \u00e9s az ott dolgoz\u00f3 emberek sz\u00e1m\u00e1ra is kellemesebb\u00e9 v\u00e1lik a k\u00f6rnyezet. A MicroAktiv<sup>\u00ae<\/sup>-BS haszn\u00e1lata eg\u00e9szs\u00e9gesebb k\u00f6rnyezetet eredm\u00e9nyez, ami kevesebb stresszt, kevesebb betegs\u00e9get, kevesebb elhull\u00e1st \u00e9s jobb takarm\u00e1nyhasznos\u00edt\u00e1st eredm\u00e9nyez. Ez v\u00e9gs\u0151 soron magasabb hozamot eredm\u00e9nyez.<\/p>\n<h5>\u00d6sszet\u00e9tel<\/h5>\n<p>A MicroAktiv<sup>\u00ae<\/sup>-BS teljes eg\u00e9sz\u00e9ben term\u00e9szetes anyagokb\u00f3l \u00e1ll, \u00e9s \u00e1rtalmatlan az emberekre, \u00e1llatokra \u00e9s a k\u00f6rnyezetre.<br \/>\nA MicroAktiv<sup>\u00ae<\/sup>-BS korl\u00e1tlan mennyis\u00e9gben v\u00edzzel h\u00edg\u00edthat\u00f3 \u00e9s kijuttathat\u00f3 p\u00e9ld\u00e1ul nyom\u00f3spray-vel.<\/p>\n<p><b>Szavatoss\u00e1gi id\u0151:<\/b> 1 \u00e9v<\/p>\n<h5>Adagol\u00e1s<\/h5>\n<p><strong>Brojlercsirk\u00e9knek:<\/strong> 1x, 1 l 1000 m<sup>2<\/sup>-enk\u00e9nt<span style=\"font-size: 16px;\">, 3-4 nappal a fi\u00f3k\u00e1k \u00f3lba ker\u00fcl\u00e9se ut\u00e1n.<\/span><\/p>\n<p><strong>Szarvasmarha \u00e9s sert\u00e9s eset\u00e9ben:<\/strong> 1 l 1000 m<sup>2<\/sup> ist\u00e1ll\u00f3 alapter\u00fcletenk\u00e9nt hetente.<\/p>\n<h5>Csomagol\u00e1s<\/h5>\n<p>20 literes jerry kann\u00e1k<\/p>\n<\/div><div class=\"fusion-video fusion-selfhosted-video\" style=\"align-self:center;max-width:100%;\"><div class=\"video-wrapper\" style=\"border-radius:15px 15px 15px 15px;\"><video playsinline=\"true\" width=\"100%\" style=\"object-fit: cover;\" autoplay=\"true\" muted=\"true\" loop=\"true\" poster=\"https:\/\/microaktiv.com\/wp-content\/uploads\/2022\/07\/QM-BioStable-spraying.png\" preload=\"auto\" controls=\"1\"><source src=\"https:\/\/microaktiv.com\/wp-content\/uploads\/2022\/07\/QM-BioStable-appli_4.mp4\" type=\"video\/mp4\">Sorry, your browser doesn&#039;t support embedded videos.<\/video><\/div><\/div><\/div><\/div><\/div><\/div><div class=\"fusion-fullwidth fullwidth-box fusion-builder-row-2 fusion-flex-container has-pattern-background has-mask-background nonhundred-percent-fullwidth non-hundred-percent-height-scrolling\" style=\"--awb-border-radius-top-left:0px;--awb-border-radius-top-right:0px;--awb-border-radius-bottom-right:0px;--awb-border-radius-bottom-left:0px;--awb-flex-wrap:wrap;\" ><div class=\"fusion-builder-row fusion-row fusion-flex-align-items-flex-start fusion-flex-content-wrap\" style=\"max-width:1372.8px;margin-left: calc(-4% \/ 2 );margin-right: calc(-4% \/ 2 );\"><div class=\"fusion-layout-column fusion_builder_column fusion-builder-column-1 fusion_builder_column_1_2 1_2 fusion-flex-column\" style=\"--awb-padding-top:5px;--awb-padding-right:5px;--awb-padding-bottom:5px;--awb-padding-left:5px;--awb-overflow:hidden;--awb-bg-color:rgba(174,128,76,0.25);--awb-bg-color-hover:rgba(174,128,76,0.25);--awb-bg-size:cover;--awb-border-radius:15px 15px 15px 15px;--awb-width-large:50%;--awb-margin-top-large:0px;--awb-spacing-right-large:3.84%;--awb-margin-bottom-large:5px;--awb-spacing-left-large:3.84%;--awb-width-medium:100%;--awb-order-medium:0;--awb-spacing-right-medium:1.92%;--awb-spacing-left-medium:1.92%;--awb-width-small:100%;--awb-order-small:0;--awb-spacing-right-small:1.92%;--awb-spacing-left-small:1.92%;\"><div class=\"fusion-column-wrapper fusion-column-has-shadow fusion-flex-justify-content-flex-start fusion-content-layout-column\"><div class=\"fusion-text fusion-text-2\"><h5 style=\"text-align: center;\">T\u00f6ltse le a term\u00e9k adatlapot<\/h5>\n<\/div><div style=\"text-align:center;\"><a class=\"fusion-button button-flat fusion-button-default-size button-default fusion-button-default button-1 fusion-button-default-span fusion-button-default-type\" target=\"_blank\" rel=\"noopener noreferrer\" href=\"https:\/\/microaktiv.com\/wp-content\/uploads\/2023\/01\/MicroAktiv-BS_eng.pdf\"><span class=\"fusion-button-text awb-button__text awb-button__text--default\">Let\u00f6lt\u00e9s<\/span><\/a><\/div><\/div><\/div><div class=\"fusion-layout-column fusion_builder_column fusion-builder-column-2 fusion_builder_column_1_2 1_2 fusion-flex-column\" style=\"--awb-padding-top:5px;--awb-padding-right:5px;--awb-padding-bottom:5px;--awb-padding-left:5px;--awb-overflow:hidden;--awb-bg-color:rgba(174,128,76,0.25);--awb-bg-color-hover:rgba(174,128,76,0.25);--awb-bg-size:cover;--awb-border-radius:15px 15px 15px 15px;--awb-width-large:50%;--awb-margin-top-large:0px;--awb-spacing-right-large:3.84%;--awb-margin-bottom-large:5px;--awb-spacing-left-large:3.84%;--awb-width-medium:100%;--awb-order-medium:0;--awb-spacing-right-medium:1.92%;--awb-spacing-left-medium:1.92%;--awb-width-small:100%;--awb-order-small:0;--awb-spacing-right-small:1.92%;--awb-spacing-left-small:1.92%;\"><div class=\"fusion-column-wrapper fusion-column-has-shadow fusion-flex-justify-content-flex-start fusion-content-layout-column\"><div class=\"fusion-text fusion-text-3\"><h5 style=\"text-align: center;\">T\u00f6ltse le a term\u00e9k biztons\u00e1gi lapot<\/h5>\n<\/div><div style=\"text-align:center;\"><a class=\"fusion-button button-flat fusion-button-default-size button-default fusion-button-default button-2 fusion-button-default-span fusion-button-default-type\" target=\"_blank\" rel=\"noopener noreferrer\" href=\"https:\/\/microaktiv.com\/wp-content\/uploads\/2023\/01\/MSDS-MicroAktiv-BS_eng.pdf\"><span class=\"fusion-button-text awb-button__text awb-button__text--default\">Let\u00f6lt\u00e9s<\/span><\/a><\/div><\/div><\/div><\/div><\/div><\/p>\n","protected":false},"excerpt":{"rendered":"<p>Term\u00e9szetes term\u00e9k az amm\u00f3nia \u00e9s a szagok cs\u00f6kkent\u00e9s\u00e9re ist\u00e1ll\u00f3kban.<\/p>\n","protected":false},"featured_media":7092,"template":"","meta":{"_acf_changed":false},"product_brand":[],"product_cat":[167],"product_tag":[],"class_list":{"0":"post-4860","1":"product","2":"type-product","3":"status-publish","4":"has-post-thumbnail","6":"product_cat-allattenyesztes","8":"first","9":"instock","10":"taxable","11":"shipping-taxable","12":"purchasable","13":"product-type-simple"},"acf":[],"yoast_head":"<!-- This site is optimized with the Yoast SEO Premium plugin v27.0 (Yoast SEO v27.3) - https:\/\/yoast.com\/product\/yoast-seo-premium-wordpress\/ -->\n<title>MicroAktiv\u00ae-BS - MicroAktiv<\/title>\n<meta name=\"robots\" content=\"index, follow, max-snippet:-1, max-image-preview:large, max-video-preview:-1\" \/>\n<link rel=\"canonical\" href=\"https:\/\/microaktiv.com\/hu\/termek\/microaktiv-bs\/\" \/>\n<meta property=\"og:locale\" content=\"hu_HU\" \/>\n<meta property=\"og:type\" content=\"article\" \/>\n<meta property=\"og:title\" content=\"MicroAktiv\u00ae-BS\" \/>\n<meta property=\"og:description\" content=\"Term\u00e9szetes term\u00e9k az amm\u00f3nia \u00e9s a szagok cs\u00f6kkent\u00e9s\u00e9re ist\u00e1ll\u00f3kban.\" \/>\n<meta property=\"og:url\" content=\"https:\/\/microaktiv.com\/hu\/termek\/microaktiv-bs\/\" \/>\n<meta property=\"og:site_name\" content=\"MicroAktiv\" \/>\n<meta property=\"article:publisher\" content=\"https:\/\/www.facebook.com\/profile.php?id=100089514366245\" \/>\n<meta property=\"article:modified_time\" content=\"2023-11-24T13:59:15+00:00\" \/>\n<meta property=\"og:image\" content=\"https:\/\/microaktiv.com\/wp-content\/uploads\/2023\/11\/MicroAktiv-BS-Jerrycan-wit-5-L_eng_web.jpg\" \/>\n\t<meta property=\"og:image:width\" content=\"400\" \/>\n\t<meta property=\"og:image:height\" content=\"400\" \/>\n\t<meta property=\"og:image:type\" content=\"image\/jpeg\" \/>\n<meta name=\"twitter:card\" content=\"summary_large_image\" \/>\n<meta name=\"twitter:site\" content=\"@MicroAktiv\" \/>\n<meta name=\"twitter:label1\" content=\"Becs\u00fclt olvas\u00e1si id\u0151\" \/>\n\t<meta name=\"twitter:data1\" content=\"6 perc\" \/>\n<script type=\"application\/ld+json\" class=\"yoast-schema-graph\">{\"@context\":\"https:\\\/\\\/schema.org\",\"@graph\":[{\"@type\":\"WebPage\",\"@id\":\"https:\\\/\\\/microaktiv.com\\\/hu\\\/termek\\\/microaktiv-bs\\\/\",\"url\":\"https:\\\/\\\/microaktiv.com\\\/hu\\\/termek\\\/microaktiv-bs\\\/\",\"name\":\"MicroAktiv\u00ae-BS - MicroAktiv\",\"isPartOf\":{\"@id\":\"https:\\\/\\\/microaktiv.com\\\/hu\\\/#website\"},\"primaryImageOfPage\":{\"@id\":\"https:\\\/\\\/microaktiv.com\\\/hu\\\/termek\\\/microaktiv-bs\\\/#primaryimage\"},\"image\":{\"@id\":\"https:\\\/\\\/microaktiv.com\\\/hu\\\/termek\\\/microaktiv-bs\\\/#primaryimage\"},\"thumbnailUrl\":\"https:\\\/\\\/microaktiv.com\\\/wp-content\\\/uploads\\\/2023\\\/11\\\/MicroAktiv-BS-Jerrycan-wit-5-L_eng_web.jpg\",\"datePublished\":\"2022-07-13T10:21:02+00:00\",\"dateModified\":\"2023-11-24T13:59:15+00:00\",\"breadcrumb\":{\"@id\":\"https:\\\/\\\/microaktiv.com\\\/hu\\\/termek\\\/microaktiv-bs\\\/#breadcrumb\"},\"inLanguage\":\"hu\",\"potentialAction\":[{\"@type\":\"ReadAction\",\"target\":[\"https:\\\/\\\/microaktiv.com\\\/hu\\\/termek\\\/microaktiv-bs\\\/\"]}]},{\"@type\":\"ImageObject\",\"inLanguage\":\"hu\",\"@id\":\"https:\\\/\\\/microaktiv.com\\\/hu\\\/termek\\\/microaktiv-bs\\\/#primaryimage\",\"url\":\"https:\\\/\\\/microaktiv.com\\\/wp-content\\\/uploads\\\/2023\\\/11\\\/MicroAktiv-BS-Jerrycan-wit-5-L_eng_web.jpg\",\"contentUrl\":\"https:\\\/\\\/microaktiv.com\\\/wp-content\\\/uploads\\\/2023\\\/11\\\/MicroAktiv-BS-Jerrycan-wit-5-L_eng_web.jpg\",\"width\":400,\"height\":400},{\"@type\":\"BreadcrumbList\",\"@id\":\"https:\\\/\\\/microaktiv.com\\\/hu\\\/termek\\\/microaktiv-bs\\\/#breadcrumb\",\"itemListElement\":[{\"@type\":\"ListItem\",\"position\":1,\"name\":\"Home\",\"item\":\"https:\\\/\\\/microaktiv.com\\\/hu\\\/\"},{\"@type\":\"ListItem\",\"position\":2,\"name\":\"Webshop\",\"item\":\"https:\\\/\\\/microaktiv.com\\\/hu\\\/webshop\\\/\"},{\"@type\":\"ListItem\",\"position\":3,\"name\":\"MicroAktiv\u00ae-BS\"}]},{\"@type\":\"WebSite\",\"@id\":\"https:\\\/\\\/microaktiv.com\\\/hu\\\/#website\",\"url\":\"https:\\\/\\\/microaktiv.com\\\/hu\\\/\",\"name\":\"MicroAktiv\",\"description\":\"Grow the bio way\",\"publisher\":{\"@id\":\"https:\\\/\\\/microaktiv.com\\\/hu\\\/#organization\"},\"potentialAction\":[{\"@type\":\"SearchAction\",\"target\":{\"@type\":\"EntryPoint\",\"urlTemplate\":\"https:\\\/\\\/microaktiv.com\\\/hu\\\/?s={search_term_string}\"},\"query-input\":{\"@type\":\"PropertyValueSpecification\",\"valueRequired\":true,\"valueName\":\"search_term_string\"}}],\"inLanguage\":\"hu\"},{\"@type\":\"Organization\",\"@id\":\"https:\\\/\\\/microaktiv.com\\\/hu\\\/#organization\",\"name\":\"QM Environmental International BV\",\"url\":\"https:\\\/\\\/microaktiv.com\\\/hu\\\/\",\"logo\":{\"@type\":\"ImageObject\",\"inLanguage\":\"hu\",\"@id\":\"https:\\\/\\\/microaktiv.com\\\/hu\\\/#\\\/schema\\\/logo\\\/image\\\/\",\"url\":\"https:\\\/\\\/i0.wp.com\\\/microaktiv.com\\\/wp-content\\\/uploads\\\/2022\\\/12\\\/favicon_microactiv.png?fit=1920%2C1877&ssl=1\",\"contentUrl\":\"https:\\\/\\\/i0.wp.com\\\/microaktiv.com\\\/wp-content\\\/uploads\\\/2022\\\/12\\\/favicon_microactiv.png?fit=1920%2C1877&ssl=1\",\"width\":1920,\"height\":1877,\"caption\":\"QM Environmental International BV\"},\"image\":{\"@id\":\"https:\\\/\\\/microaktiv.com\\\/hu\\\/#\\\/schema\\\/logo\\\/image\\\/\"},\"sameAs\":[\"https:\\\/\\\/www.facebook.com\\\/profile.php?id=100089514366245\",\"https:\\\/\\\/x.com\\\/MicroAktiv\",\"https:\\\/\\\/www.linkedin.com\\\/showcase\\\/microaktiv\\\/\"]}]}<\/script>\n<!-- \/ Yoast SEO Premium plugin. -->","yoast_head_json":{"title":"MicroAktiv\u00ae-BS - MicroAktiv","robots":{"index":"index","follow":"follow","max-snippet":"max-snippet:-1","max-image-preview":"max-image-preview:large","max-video-preview":"max-video-preview:-1"},"canonical":"https:\/\/microaktiv.com\/hu\/termek\/microaktiv-bs\/","og_locale":"hu_HU","og_type":"article","og_title":"MicroAktiv\u00ae-BS","og_description":"Term\u00e9szetes term\u00e9k az amm\u00f3nia \u00e9s a szagok cs\u00f6kkent\u00e9s\u00e9re ist\u00e1ll\u00f3kban.","og_url":"https:\/\/microaktiv.com\/hu\/termek\/microaktiv-bs\/","og_site_name":"MicroAktiv","article_publisher":"https:\/\/www.facebook.com\/profile.php?id=100089514366245","article_modified_time":"2023-11-24T13:59:15+00:00","og_image":[{"width":400,"height":400,"url":"https:\/\/microaktiv.com\/wp-content\/uploads\/2023\/11\/MicroAktiv-BS-Jerrycan-wit-5-L_eng_web.jpg","type":"image\/jpeg"}],"twitter_card":"summary_large_image","twitter_site":"@MicroAktiv","twitter_misc":{"Becs\u00fclt olvas\u00e1si id\u0151":"6 perc"},"schema":{"@context":"https:\/\/schema.org","@graph":[{"@type":"WebPage","@id":"https:\/\/microaktiv.com\/hu\/termek\/microaktiv-bs\/","url":"https:\/\/microaktiv.com\/hu\/termek\/microaktiv-bs\/","name":"MicroAktiv\u00ae-BS - MicroAktiv","isPartOf":{"@id":"https:\/\/microaktiv.com\/hu\/#website"},"primaryImageOfPage":{"@id":"https:\/\/microaktiv.com\/hu\/termek\/microaktiv-bs\/#primaryimage"},"image":{"@id":"https:\/\/microaktiv.com\/hu\/termek\/microaktiv-bs\/#primaryimage"},"thumbnailUrl":"https:\/\/microaktiv.com\/wp-content\/uploads\/2023\/11\/MicroAktiv-BS-Jerrycan-wit-5-L_eng_web.jpg","datePublished":"2022-07-13T10:21:02+00:00","dateModified":"2023-11-24T13:59:15+00:00","breadcrumb":{"@id":"https:\/\/microaktiv.com\/hu\/termek\/microaktiv-bs\/#breadcrumb"},"inLanguage":"hu","potentialAction":[{"@type":"ReadAction","target":["https:\/\/microaktiv.com\/hu\/termek\/microaktiv-bs\/"]}]},{"@type":"ImageObject","inLanguage":"hu","@id":"https:\/\/microaktiv.com\/hu\/termek\/microaktiv-bs\/#primaryimage","url":"https:\/\/microaktiv.com\/wp-content\/uploads\/2023\/11\/MicroAktiv-BS-Jerrycan-wit-5-L_eng_web.jpg","contentUrl":"https:\/\/microaktiv.com\/wp-content\/uploads\/2023\/11\/MicroAktiv-BS-Jerrycan-wit-5-L_eng_web.jpg","width":400,"height":400},{"@type":"BreadcrumbList","@id":"https:\/\/microaktiv.com\/hu\/termek\/microaktiv-bs\/#breadcrumb","itemListElement":[{"@type":"ListItem","position":1,"name":"Home","item":"https:\/\/microaktiv.com\/hu\/"},{"@type":"ListItem","position":2,"name":"Webshop","item":"https:\/\/microaktiv.com\/hu\/webshop\/"},{"@type":"ListItem","position":3,"name":"MicroAktiv\u00ae-BS"}]},{"@type":"WebSite","@id":"https:\/\/microaktiv.com\/hu\/#website","url":"https:\/\/microaktiv.com\/hu\/","name":"MicroAktiv","description":"Grow the bio way","publisher":{"@id":"https:\/\/microaktiv.com\/hu\/#organization"},"potentialAction":[{"@type":"SearchAction","target":{"@type":"EntryPoint","urlTemplate":"https:\/\/microaktiv.com\/hu\/?s={search_term_string}"},"query-input":{"@type":"PropertyValueSpecification","valueRequired":true,"valueName":"search_term_string"}}],"inLanguage":"hu"},{"@type":"Organization","@id":"https:\/\/microaktiv.com\/hu\/#organization","name":"QM Environmental International BV","url":"https:\/\/microaktiv.com\/hu\/","logo":{"@type":"ImageObject","inLanguage":"hu","@id":"https:\/\/microaktiv.com\/hu\/#\/schema\/logo\/image\/","url":"https:\/\/i0.wp.com\/microaktiv.com\/wp-content\/uploads\/2022\/12\/favicon_microactiv.png?fit=1920%2C1877&ssl=1","contentUrl":"https:\/\/i0.wp.com\/microaktiv.com\/wp-content\/uploads\/2022\/12\/favicon_microactiv.png?fit=1920%2C1877&ssl=1","width":1920,"height":1877,"caption":"QM Environmental International BV"},"image":{"@id":"https:\/\/microaktiv.com\/hu\/#\/schema\/logo\/image\/"},"sameAs":["https:\/\/www.facebook.com\/profile.php?id=100089514366245","https:\/\/x.com\/MicroAktiv","https:\/\/www.linkedin.com\/showcase\/microaktiv\/"]}]}},"_links":{"self":[{"href":"https:\/\/microaktiv.com\/hu\/wp-json\/wp\/v2\/product\/4860","targetHints":{"allow":["GET"]}}],"collection":[{"href":"https:\/\/microaktiv.com\/hu\/wp-json\/wp\/v2\/product"}],"about":[{"href":"https:\/\/microaktiv.com\/hu\/wp-json\/wp\/v2\/types\/product"}],"wp:featuredmedia":[{"embeddable":true,"href":"https:\/\/microaktiv.com\/hu\/wp-json\/wp\/v2\/media\/7092"}],"wp:attachment":[{"href":"https:\/\/microaktiv.com\/hu\/wp-json\/wp\/v2\/media?parent=4860"}],"wp:term":[{"taxonomy":"product_brand","embeddable":true,"href":"https:\/\/microaktiv.com\/hu\/wp-json\/wp\/v2\/product_brand?post=4860"},{"taxonomy":"product_cat","embeddable":true,"href":"https:\/\/microaktiv.com\/hu\/wp-json\/wp\/v2\/product_cat?post=4860"},{"taxonomy":"product_tag","embeddable":true,"href":"https:\/\/microaktiv.com\/hu\/wp-json\/wp\/v2\/product_tag?post=4860"}],"curies":[{"name":"wp","href":"https:\/\/api.w.org\/{rel}","templated":true}]}}