{"id":4886,"date":"2023-02-20T14:15:26","date_gmt":"2023-02-20T12:15:26","guid":{"rendered":"https:\/\/microaktiv.com\/product\/microaktiv-mv\/"},"modified":"2023-03-29T15:32:23","modified_gmt":"2023-03-29T13:32:23","slug":"microaktiv-mv","status":"publish","type":"product","link":"https:\/\/microaktiv.com\/hu\/termek\/microaktiv-mv\/","title":{"rendered":"MicroAktiv\u00ae-MV"},"content":{"rendered":"<p><div class=\"fusion-fullwidth fullwidth-box fusion-builder-row-1 fusion-flex-container has-pattern-background has-mask-background nonhundred-percent-fullwidth non-hundred-percent-height-scrolling\" style=\"--awb-border-radius-top-left:0px;--awb-border-radius-top-right:0px;--awb-border-radius-bottom-right:0px;--awb-border-radius-bottom-left:0px;--awb-flex-wrap:wrap;\" ><div class=\"fusion-builder-row fusion-row fusion-flex-align-items-flex-start fusion-flex-content-wrap\" style=\"max-width:1372.8px;margin-left: calc(-4% \/ 2 );margin-right: calc(-4% \/ 2 );\"><div class=\"fusion-layout-column fusion_builder_column fusion-builder-column-0 fusion_builder_column_1_1 1_1 fusion-flex-column\" style=\"--awb-bg-size:cover;--awb-width-large:100%;--awb-margin-top-large:0px;--awb-spacing-right-large:1.92%;--awb-margin-bottom-large:0px;--awb-spacing-left-large:1.92%;--awb-width-medium:100%;--awb-order-medium:0;--awb-spacing-right-medium:1.92%;--awb-spacing-left-medium:1.92%;--awb-width-small:100%;--awb-order-small:0;--awb-spacing-right-small:1.92%;--awb-spacing-left-small:1.92%;\"><div class=\"fusion-column-wrapper fusion-column-has-shadow fusion-flex-justify-content-flex-start fusion-content-layout-column\"><div class=\"fusion-text fusion-text-1\"><p>A MicroAktiv<sup>\u00ae<\/sup>-MV egy biostimul\u00e1ns olyan n\u00f6v\u00e9nyek sz\u00e1m\u00e1ra, amelyek sok energi\u00e1t ig\u00e9nyelnek, p\u00e9ld\u00e1ul vir\u00e1g- \u00e9s gy\u00fcm\u00f6lcsk\u00e9pz\u00e9skor. Ez a biostimul\u00e1ns er\u0151sebb \u00e9s nagyobb hozam\u00fa n\u00f6v\u00e9nyeket eredm\u00e9nyez.<\/p>\n<p>A MicroAktiv<sup>\u00ae<\/sup>-MV egy egyed\u00fcl\u00e1ll\u00f3 term\u00e9k, amely laborat\u00f3riumi \u00e9leszt\u0151n alapul, \u00edgy 100%-os tisztas\u00e1g\u00fa. Ez az ellen\u0151rz\u00f6tt el\u0151\u00e1ll\u00edt\u00e1s magas aminosav-, vitamin- \u00e9s \u00e1sv\u00e1nyianyag-tartalmat eredm\u00e9nyez.<\/p>\n<p><strong>Tiszta \u00e9s egyed\u00fcl\u00e1ll\u00f3<\/strong><\/p>\n<ul>\n<li>Serkenti a talaj \u00e9s a levelek \u00e9let\u00e9t<\/li>\n<li>N\u00f6veli a term\u00e9s ellen\u00e1ll\u00f3 k\u00e9pess\u00e9g\u00e9t<\/li>\n<li>Speci\u00e1lis \u00e9leszt\u0151frakci\u00f3k alapj\u00e1n<\/li>\n<li>Nagyfok\u00fa tisztas\u00e1g \u00e9s hat\u00e9konys\u00e1g<\/li>\n<li>Magas feh\u00e9rje-, vitamin- \u00e9s \u00e1sv\u00e1nyianyag-tartalom<\/li>\n<li>T\u00e1mogatja a n\u00f6v\u00e9nyt, amikor sok energi\u00e1ra van sz\u00fcks\u00e9ge<\/li>\n<\/ul>\n<h5>\u00d6sszet\u00e9tel<\/h5>\n<p>S\u00f6t\u00e9t n\u00f6v\u00e9nyi eredet\u0171 folyad\u00e9k vitaminokkal, szabad aminosavakkal \u00e9s \u00e1sv\u00e1nyi anyagokkal.<\/p>\n<p><strong>Vitaminok:<\/strong> (mg\/100 g vagy sz\u00e1razanyag): B1 (2,2), B2 (6,9), B3 (37), B5 (12,9), B6 \u200b\u200b(2,6), B9 (1,3)<\/p>\n<p><strong>Szabad aminosavak:<\/strong> 33%<\/p>\n<p>ALA (1,8), ARG (1,7), ASP (3,9), CYS (0,4), GLU (4,1), GLY (1,1), HIS (2,1), ISO (1,9), LEU (3,4,), LYS (1,9), MET (0,7), PHE (2,1), PRO (0,8), SER (2,0), THR (1,5), TRP (0,5), TYR (0,9), VAL (2,3).<\/p>\n<p><strong>\u00c1sv\u00e1nyi elemek:<\/strong><\/p>\n<p>(%): N (5,5), P (2,4), K (1,5).<\/p>\n<p>(mg\/100 gr vagy sz\u00e1razanyag): Ca (152), Mg (132), Fe (4), Zn (12), Mn (2).<\/p>\n<p>A koncentr\u00e1ci\u00f3k \u00e1tlag\u00e9rt\u00e9kek.<\/p>\n<p><strong>Szavatoss\u00e1gi id\u0151:<\/strong> 2 \u00e9v (szobah\u0151m\u00e9rs\u00e9kleten)<\/p>\n<\/div>\n<h5>Adagol\u00e1s<\/h5>\n<div class=\"table-2\">\n<table width=\"100%\">\n<thead>\n<tr>\n<th style=\"text-align: center;\" align=\"left\">Term\u00e9s vagy n\u00f6v\u00e9ny<\/th>\n<th style=\"text-align: center;\" align=\"left\">D\u00f3zis<\/th>\n<th style=\"text-align: center;\" align=\"left\">Alkalmaz\u00e1si id\u0151<\/th>\n<\/tr>\n<\/thead>\n<tbody>\n<tr>\n<td style=\"text-align: center;\" align=\"left\">Borsz\u0151l\u0151<\/p>\n<p>Csemegesz\u0151l\u0151<\/td>\n<td style=\"text-align: center;\" align=\"left\">2 l\/ha<\/p>\n<p>2 l\/ha<\/td>\n<td style=\"text-align: center;\" align=\"left\">A vir\u00e1gr\u00fcgyek elk\u00fcl\u00f6n\u00fclnek A vir\u00e1gz\u00e1s kezel\u00e9s\u00e9ben<\/p>\n<p>A vir\u00e1gsapk\u00e1k teljes vir\u00e1gz\u00e1s\u00e1t\u00f3l \u0151szig<\/td>\n<\/tr>\n<tr>\n<td style=\"text-align: center;\" align=\"left\">Csonth\u00e9jas gy\u00fcm\u00f6lcsf\u00e1k<\/td>\n<td style=\"text-align: center;\" align=\"left\">2 l\/ha<\/p>\n<p>2 l\/ha<\/td>\n<td style=\"text-align: center;\" align=\"left\">E szakasz (korai r\u00f3zsasz\u00edn bimb\u00f3)<\/p>\n<p>G-H szakasz (Vedl\u00e9s \u2013 a vir\u00e1gz\u00e1s v\u00e9ge)<\/td>\n<\/tr>\n<tr>\n<td style=\"text-align: center;\" align=\"left\">leveles gy\u00fcm\u00f6lcsf\u00e1k<\/td>\n<td style=\"text-align: center;\" align=\"left\">2 l\/ha<\/p>\n<p>2 l\/ha<\/td>\n<td style=\"text-align: center;\" align=\"left\">G szakasz (Blossom Moult)<\/p>\n<p>H\u2013I szakasz (korai term\u00e9s)<\/td>\n<\/tr>\n<tr>\n<td style=\"text-align: center;\" align=\"left\">Kicsi\/puha gy\u00fcm\u00f6lcs<\/td>\n<td style=\"text-align: center;\" align=\"left\">4 l\/ha<\/p>\n<p>2 l\/ha<\/p>\n<p>2 l\/ha<\/p>\n<p>2 l\/ha<\/td>\n<td style=\"text-align: center;\" align=\"left\">A n\u00f6veked\u00e9s kezdete<\/p>\n<p>A vir\u00e1gz\u00e1s kezdete<\/p>\n<p>Vir\u00e1gz\u00e1s k\u00f6zepe<\/p>\n<p>Vir\u00e1gz\u00e1s v\u00e9ge<\/td>\n<\/tr>\n<tr>\n<td style=\"text-align: center;\" align=\"left\">Leveles z\u00f6lds\u00e9gek<\/td>\n<td style=\"text-align: center;\" align=\"left\">2 l\/ha<\/td>\n<td align=\"left\">\n<p style=\"text-align: center;\">\u00c1t\u00fcltetni vagy \u00fcltetni (2-3 levelet kibontani)<\/p>\n<\/td>\n<\/tr>\n<tr>\n<td style=\"text-align: center;\" align=\"left\">Gy\u00fcm\u00f6lcs\u00f6s z\u00f6lds\u00e9gek: A gy\u00fcm\u00f6lcsk\u00e9szlet min\u0151s\u00e9ge<\/td>\n<td style=\"text-align: center;\" align=\"left\">2 l\/ha<\/p>\n<p>2 l\/ha<\/td>\n<td style=\"text-align: center;\" align=\"left\">A vir\u00e1gz\u00e1s kezdete<\/td>\n<\/tr>\n<tr>\n<td style=\"text-align: center;\" align=\"left\">Z\u00f6lds\u00e9ggy\u00fcm\u00f6lcs: ind\u00edt\u00e1s<\/td>\n<td style=\"text-align: center;\" align=\"left\">2 l\/ha<\/p>\n<p>2 l\/ha<\/td>\n<td style=\"text-align: center;\" align=\"left\">\u00c1t\u00fcltet\u00e9s vagy n\u00f6v\u00e9ny<\/p>\n<p>15 nappal az els\u0151 alkalmaz\u00e1s ut\u00e1n<\/p>\n<p>(\u00e9ghajlati viszonyokt\u00f3l f\u00fcgg\u0151en)<\/td>\n<\/tr>\n<\/tbody>\n<\/table>\n<\/div>\n<div class=\"fusion-text fusion-text-2\"><h5>Csomagol\u00e1s<\/h5>\n<p>5 literes jerry kann\u00e1k<\/p>\n<\/div><\/div><\/div><\/div><\/div><div class=\"fusion-fullwidth fullwidth-box fusion-builder-row-2 fusion-flex-container has-pattern-background has-mask-background nonhundred-percent-fullwidth non-hundred-percent-height-scrolling\" style=\"--awb-border-radius-top-left:0px;--awb-border-radius-top-right:0px;--awb-border-radius-bottom-right:0px;--awb-border-radius-bottom-left:0px;--awb-flex-wrap:wrap;\" ><div class=\"fusion-builder-row fusion-row fusion-flex-align-items-flex-start fusion-flex-content-wrap\" style=\"max-width:1372.8px;margin-left: calc(-4% \/ 2 );margin-right: calc(-4% \/ 2 );\"><div class=\"fusion-layout-column fusion_builder_column fusion-builder-column-1 fusion_builder_column_1_2 1_2 fusion-flex-column\" style=\"--awb-padding-top:5px;--awb-padding-right:5px;--awb-padding-bottom:5px;--awb-padding-left:5px;--awb-overflow:hidden;--awb-bg-color:rgba(174,128,76,0.25);--awb-bg-color-hover:rgba(174,128,76,0.25);--awb-bg-size:cover;--awb-border-radius:15px 15px 15px 15px;--awb-width-large:50%;--awb-margin-top-large:0px;--awb-spacing-right-large:3.84%;--awb-margin-bottom-large:5px;--awb-spacing-left-large:3.84%;--awb-width-medium:100%;--awb-order-medium:0;--awb-spacing-right-medium:1.92%;--awb-spacing-left-medium:1.92%;--awb-width-small:100%;--awb-order-small:0;--awb-spacing-right-small:1.92%;--awb-spacing-left-small:1.92%;\"><div class=\"fusion-column-wrapper fusion-column-has-shadow fusion-flex-justify-content-flex-start fusion-content-layout-column\"><div class=\"fusion-text fusion-text-3\"><h5 style=\"text-align: center;\">T\u00f6ltse le a term\u00e9k adatlapot<\/h5>\n<\/div><div style=\"text-align:center;\"><a class=\"fusion-button button-flat fusion-button-default-size button-default fusion-button-default button-1 fusion-button-default-span fusion-button-default-type\" target=\"_blank\" rel=\"noopener noreferrer\" href=\"https:\/\/microaktiv.com\/wp-content\/uploads\/2023\/01\/MicroAktiv-MV_eng-1.pdf\"><span class=\"fusion-button-text awb-button__text awb-button__text--default\">Let\u00f6lt\u00e9s<\/span><\/a><\/div><\/div><\/div><div class=\"fusion-layout-column fusion_builder_column fusion-builder-column-2 fusion_builder_column_1_2 1_2 fusion-flex-column\" style=\"--awb-padding-top:5px;--awb-padding-right:5px;--awb-padding-bottom:5px;--awb-padding-left:5px;--awb-overflow:hidden;--awb-bg-color:rgba(174,128,76,0.25);--awb-bg-color-hover:rgba(174,128,76,0.25);--awb-bg-size:cover;--awb-border-radius:15px 15px 15px 15px;--awb-width-large:50%;--awb-margin-top-large:0px;--awb-spacing-right-large:3.84%;--awb-margin-bottom-large:5px;--awb-spacing-left-large:3.84%;--awb-width-medium:100%;--awb-order-medium:0;--awb-spacing-right-medium:1.92%;--awb-spacing-left-medium:1.92%;--awb-width-small:100%;--awb-order-small:0;--awb-spacing-right-small:1.92%;--awb-spacing-left-small:1.92%;\"><div class=\"fusion-column-wrapper fusion-column-has-shadow fusion-flex-justify-content-flex-start fusion-content-layout-column\"><div class=\"fusion-text fusion-text-4\"><h5 style=\"text-align: center;\">T\u00f6ltse le a term\u00e9k biztons\u00e1gi lapot<\/h5>\n<\/div><div style=\"text-align:center;\"><a class=\"fusion-button button-flat fusion-button-default-size button-default fusion-button-default button-2 fusion-button-default-span fusion-button-default-type\" target=\"_blank\" rel=\"noopener noreferrer\" href=\"https:\/\/microaktiv.com\/wp-content\/uploads\/2023\/01\/MSDS-MicroAktiv-MV_ENG.pdf\"><span class=\"fusion-button-text awb-button__text awb-button__text--default\">Let\u00f6lt\u00e9s<\/span><\/a><\/div><\/div><\/div><\/div><\/div><\/p>\n","protected":false},"excerpt":{"rendered":"<p>Foly\u00e9kony biostimul\u00e1ns olyan n\u00f6v\u00e9nyek sz\u00e1m\u00e1ra, amelyek sok energi\u00e1t ig\u00e9nyelnek.<\/p>\n","protected":false},"featured_media":7116,"template":"","meta":{"_acf_changed":false},"product_brand":[],"product_cat":[168],"product_tag":[],"class_list":{"0":"post-4886","1":"product","2":"type-product","3":"status-publish","4":"has-post-thumbnail","6":"product_cat-mezogazdasag","8":"first","9":"instock","10":"taxable","11":"shipping-taxable","12":"purchasable","13":"product-type-simple"},"acf":[],"yoast_head":"<!-- This site is optimized with the Yoast SEO Premium plugin v27.0 (Yoast SEO v27.3) - https:\/\/yoast.com\/product\/yoast-seo-premium-wordpress\/ -->\n<title>MicroAktiv\u00ae-MV - Grow The BioWay<\/title>\n<meta name=\"description\" content=\"A MicroAktiv\u00ae-MV egy biostimul\u00e1ns olyan n\u00f6v\u00e9nyek sz\u00e1m\u00e1ra, amelyek sok energi\u00e1t ig\u00e9nyelnek, p\u00e9ld\u00e1ul vir\u00e1g- \u00e9s gy\u00fcm\u00f6lcsk\u00e9pz\u00e9skor.\" \/>\n<meta name=\"robots\" content=\"index, follow, max-snippet:-1, max-image-preview:large, max-video-preview:-1\" \/>\n<link rel=\"canonical\" href=\"https:\/\/microaktiv.com\/hu\/termek\/microaktiv-mv\/\" \/>\n<meta property=\"og:locale\" content=\"hu_HU\" \/>\n<meta property=\"og:type\" content=\"article\" \/>\n<meta property=\"og:title\" content=\"MicroAktiv\u00ae-MV\" \/>\n<meta property=\"og:description\" content=\"A MicroAktiv\u00ae-MV egy biostimul\u00e1ns olyan n\u00f6v\u00e9nyek sz\u00e1m\u00e1ra, amelyek sok energi\u00e1t ig\u00e9nyelnek, p\u00e9ld\u00e1ul vir\u00e1g- \u00e9s gy\u00fcm\u00f6lcsk\u00e9pz\u00e9skor.\" \/>\n<meta property=\"og:url\" content=\"https:\/\/microaktiv.com\/hu\/termek\/microaktiv-mv\/\" \/>\n<meta property=\"og:site_name\" content=\"MicroAktiv\" \/>\n<meta property=\"article:publisher\" content=\"https:\/\/www.facebook.com\/profile.php?id=100089514366245\" \/>\n<meta property=\"article:modified_time\" content=\"2023-03-29T13:32:23+00:00\" \/>\n<meta property=\"og:image\" content=\"https:\/\/microaktiv.com\/wp-content\/uploads\/2023\/11\/MicroAktiv-MV-Jerrycan-wit-5-L_eng_web.jpg\" \/>\n\t<meta property=\"og:image:width\" content=\"400\" \/>\n\t<meta property=\"og:image:height\" content=\"400\" \/>\n\t<meta property=\"og:image:type\" content=\"image\/jpeg\" \/>\n<meta name=\"twitter:card\" content=\"summary_large_image\" \/>\n<meta name=\"twitter:site\" content=\"@MicroAktiv\" \/>\n<meta name=\"twitter:label1\" content=\"Becs\u00fclt olvas\u00e1si id\u0151\" \/>\n\t<meta name=\"twitter:data1\" content=\"7 perc\" \/>\n<script type=\"application\/ld+json\" class=\"yoast-schema-graph\">{\"@context\":\"https:\\\/\\\/schema.org\",\"@graph\":[{\"@type\":\"WebPage\",\"@id\":\"https:\\\/\\\/microaktiv.com\\\/hu\\\/termek\\\/microaktiv-mv\\\/\",\"url\":\"https:\\\/\\\/microaktiv.com\\\/hu\\\/termek\\\/microaktiv-mv\\\/\",\"name\":\"MicroAktiv\u00ae-MV - Grow The BioWay\",\"isPartOf\":{\"@id\":\"https:\\\/\\\/microaktiv.com\\\/hu\\\/#website\"},\"primaryImageOfPage\":{\"@id\":\"https:\\\/\\\/microaktiv.com\\\/hu\\\/termek\\\/microaktiv-mv\\\/#primaryimage\"},\"image\":{\"@id\":\"https:\\\/\\\/microaktiv.com\\\/hu\\\/termek\\\/microaktiv-mv\\\/#primaryimage\"},\"thumbnailUrl\":\"https:\\\/\\\/microaktiv.com\\\/wp-content\\\/uploads\\\/2023\\\/11\\\/MicroAktiv-MV-Jerrycan-wit-5-L_eng_web.jpg\",\"datePublished\":\"2023-02-20T12:15:26+00:00\",\"dateModified\":\"2023-03-29T13:32:23+00:00\",\"description\":\"A MicroAktiv\u00ae-MV egy biostimul\u00e1ns olyan n\u00f6v\u00e9nyek sz\u00e1m\u00e1ra, amelyek sok energi\u00e1t ig\u00e9nyelnek, p\u00e9ld\u00e1ul vir\u00e1g- \u00e9s gy\u00fcm\u00f6lcsk\u00e9pz\u00e9skor.\",\"breadcrumb\":{\"@id\":\"https:\\\/\\\/microaktiv.com\\\/hu\\\/termek\\\/microaktiv-mv\\\/#breadcrumb\"},\"inLanguage\":\"hu\",\"potentialAction\":[{\"@type\":\"ReadAction\",\"target\":[\"https:\\\/\\\/microaktiv.com\\\/hu\\\/termek\\\/microaktiv-mv\\\/\"]}]},{\"@type\":\"ImageObject\",\"inLanguage\":\"hu\",\"@id\":\"https:\\\/\\\/microaktiv.com\\\/hu\\\/termek\\\/microaktiv-mv\\\/#primaryimage\",\"url\":\"https:\\\/\\\/microaktiv.com\\\/wp-content\\\/uploads\\\/2023\\\/11\\\/MicroAktiv-MV-Jerrycan-wit-5-L_eng_web.jpg\",\"contentUrl\":\"https:\\\/\\\/microaktiv.com\\\/wp-content\\\/uploads\\\/2023\\\/11\\\/MicroAktiv-MV-Jerrycan-wit-5-L_eng_web.jpg\",\"width\":400,\"height\":400},{\"@type\":\"BreadcrumbList\",\"@id\":\"https:\\\/\\\/microaktiv.com\\\/hu\\\/termek\\\/microaktiv-mv\\\/#breadcrumb\",\"itemListElement\":[{\"@type\":\"ListItem\",\"position\":1,\"name\":\"Home\",\"item\":\"https:\\\/\\\/microaktiv.com\\\/hu\\\/\"},{\"@type\":\"ListItem\",\"position\":2,\"name\":\"Webshop\",\"item\":\"https:\\\/\\\/microaktiv.com\\\/hu\\\/webshop\\\/\"},{\"@type\":\"ListItem\",\"position\":3,\"name\":\"MicroAktiv\u00ae-MV\"}]},{\"@type\":\"WebSite\",\"@id\":\"https:\\\/\\\/microaktiv.com\\\/hu\\\/#website\",\"url\":\"https:\\\/\\\/microaktiv.com\\\/hu\\\/\",\"name\":\"MicroAktiv\",\"description\":\"Grow the bio way\",\"publisher\":{\"@id\":\"https:\\\/\\\/microaktiv.com\\\/hu\\\/#organization\"},\"potentialAction\":[{\"@type\":\"SearchAction\",\"target\":{\"@type\":\"EntryPoint\",\"urlTemplate\":\"https:\\\/\\\/microaktiv.com\\\/hu\\\/?s={search_term_string}\"},\"query-input\":{\"@type\":\"PropertyValueSpecification\",\"valueRequired\":true,\"valueName\":\"search_term_string\"}}],\"inLanguage\":\"hu\"},{\"@type\":\"Organization\",\"@id\":\"https:\\\/\\\/microaktiv.com\\\/hu\\\/#organization\",\"name\":\"QM Environmental International BV\",\"url\":\"https:\\\/\\\/microaktiv.com\\\/hu\\\/\",\"logo\":{\"@type\":\"ImageObject\",\"inLanguage\":\"hu\",\"@id\":\"https:\\\/\\\/microaktiv.com\\\/hu\\\/#\\\/schema\\\/logo\\\/image\\\/\",\"url\":\"https:\\\/\\\/i0.wp.com\\\/microaktiv.com\\\/wp-content\\\/uploads\\\/2022\\\/12\\\/favicon_microactiv.png?fit=1920%2C1877&ssl=1\",\"contentUrl\":\"https:\\\/\\\/i0.wp.com\\\/microaktiv.com\\\/wp-content\\\/uploads\\\/2022\\\/12\\\/favicon_microactiv.png?fit=1920%2C1877&ssl=1\",\"width\":1920,\"height\":1877,\"caption\":\"QM Environmental International BV\"},\"image\":{\"@id\":\"https:\\\/\\\/microaktiv.com\\\/hu\\\/#\\\/schema\\\/logo\\\/image\\\/\"},\"sameAs\":[\"https:\\\/\\\/www.facebook.com\\\/profile.php?id=100089514366245\",\"https:\\\/\\\/x.com\\\/MicroAktiv\",\"https:\\\/\\\/www.linkedin.com\\\/showcase\\\/microaktiv\\\/\"]}]}<\/script>\n<!-- \/ Yoast SEO Premium plugin. -->","yoast_head_json":{"title":"MicroAktiv\u00ae-MV - Grow The BioWay","description":"A MicroAktiv\u00ae-MV egy biostimul\u00e1ns olyan n\u00f6v\u00e9nyek sz\u00e1m\u00e1ra, amelyek sok energi\u00e1t ig\u00e9nyelnek, p\u00e9ld\u00e1ul vir\u00e1g- \u00e9s gy\u00fcm\u00f6lcsk\u00e9pz\u00e9skor.","robots":{"index":"index","follow":"follow","max-snippet":"max-snippet:-1","max-image-preview":"max-image-preview:large","max-video-preview":"max-video-preview:-1"},"canonical":"https:\/\/microaktiv.com\/hu\/termek\/microaktiv-mv\/","og_locale":"hu_HU","og_type":"article","og_title":"MicroAktiv\u00ae-MV","og_description":"A MicroAktiv\u00ae-MV egy biostimul\u00e1ns olyan n\u00f6v\u00e9nyek sz\u00e1m\u00e1ra, amelyek sok energi\u00e1t ig\u00e9nyelnek, p\u00e9ld\u00e1ul vir\u00e1g- \u00e9s gy\u00fcm\u00f6lcsk\u00e9pz\u00e9skor.","og_url":"https:\/\/microaktiv.com\/hu\/termek\/microaktiv-mv\/","og_site_name":"MicroAktiv","article_publisher":"https:\/\/www.facebook.com\/profile.php?id=100089514366245","article_modified_time":"2023-03-29T13:32:23+00:00","og_image":[{"width":400,"height":400,"url":"https:\/\/microaktiv.com\/wp-content\/uploads\/2023\/11\/MicroAktiv-MV-Jerrycan-wit-5-L_eng_web.jpg","type":"image\/jpeg"}],"twitter_card":"summary_large_image","twitter_site":"@MicroAktiv","twitter_misc":{"Becs\u00fclt olvas\u00e1si id\u0151":"7 perc"},"schema":{"@context":"https:\/\/schema.org","@graph":[{"@type":"WebPage","@id":"https:\/\/microaktiv.com\/hu\/termek\/microaktiv-mv\/","url":"https:\/\/microaktiv.com\/hu\/termek\/microaktiv-mv\/","name":"MicroAktiv\u00ae-MV - Grow The BioWay","isPartOf":{"@id":"https:\/\/microaktiv.com\/hu\/#website"},"primaryImageOfPage":{"@id":"https:\/\/microaktiv.com\/hu\/termek\/microaktiv-mv\/#primaryimage"},"image":{"@id":"https:\/\/microaktiv.com\/hu\/termek\/microaktiv-mv\/#primaryimage"},"thumbnailUrl":"https:\/\/microaktiv.com\/wp-content\/uploads\/2023\/11\/MicroAktiv-MV-Jerrycan-wit-5-L_eng_web.jpg","datePublished":"2023-02-20T12:15:26+00:00","dateModified":"2023-03-29T13:32:23+00:00","description":"A MicroAktiv\u00ae-MV egy biostimul\u00e1ns olyan n\u00f6v\u00e9nyek sz\u00e1m\u00e1ra, amelyek sok energi\u00e1t ig\u00e9nyelnek, p\u00e9ld\u00e1ul vir\u00e1g- \u00e9s gy\u00fcm\u00f6lcsk\u00e9pz\u00e9skor.","breadcrumb":{"@id":"https:\/\/microaktiv.com\/hu\/termek\/microaktiv-mv\/#breadcrumb"},"inLanguage":"hu","potentialAction":[{"@type":"ReadAction","target":["https:\/\/microaktiv.com\/hu\/termek\/microaktiv-mv\/"]}]},{"@type":"ImageObject","inLanguage":"hu","@id":"https:\/\/microaktiv.com\/hu\/termek\/microaktiv-mv\/#primaryimage","url":"https:\/\/microaktiv.com\/wp-content\/uploads\/2023\/11\/MicroAktiv-MV-Jerrycan-wit-5-L_eng_web.jpg","contentUrl":"https:\/\/microaktiv.com\/wp-content\/uploads\/2023\/11\/MicroAktiv-MV-Jerrycan-wit-5-L_eng_web.jpg","width":400,"height":400},{"@type":"BreadcrumbList","@id":"https:\/\/microaktiv.com\/hu\/termek\/microaktiv-mv\/#breadcrumb","itemListElement":[{"@type":"ListItem","position":1,"name":"Home","item":"https:\/\/microaktiv.com\/hu\/"},{"@type":"ListItem","position":2,"name":"Webshop","item":"https:\/\/microaktiv.com\/hu\/webshop\/"},{"@type":"ListItem","position":3,"name":"MicroAktiv\u00ae-MV"}]},{"@type":"WebSite","@id":"https:\/\/microaktiv.com\/hu\/#website","url":"https:\/\/microaktiv.com\/hu\/","name":"MicroAktiv","description":"Grow the bio way","publisher":{"@id":"https:\/\/microaktiv.com\/hu\/#organization"},"potentialAction":[{"@type":"SearchAction","target":{"@type":"EntryPoint","urlTemplate":"https:\/\/microaktiv.com\/hu\/?s={search_term_string}"},"query-input":{"@type":"PropertyValueSpecification","valueRequired":true,"valueName":"search_term_string"}}],"inLanguage":"hu"},{"@type":"Organization","@id":"https:\/\/microaktiv.com\/hu\/#organization","name":"QM Environmental International BV","url":"https:\/\/microaktiv.com\/hu\/","logo":{"@type":"ImageObject","inLanguage":"hu","@id":"https:\/\/microaktiv.com\/hu\/#\/schema\/logo\/image\/","url":"https:\/\/i0.wp.com\/microaktiv.com\/wp-content\/uploads\/2022\/12\/favicon_microactiv.png?fit=1920%2C1877&ssl=1","contentUrl":"https:\/\/i0.wp.com\/microaktiv.com\/wp-content\/uploads\/2022\/12\/favicon_microactiv.png?fit=1920%2C1877&ssl=1","width":1920,"height":1877,"caption":"QM Environmental International BV"},"image":{"@id":"https:\/\/microaktiv.com\/hu\/#\/schema\/logo\/image\/"},"sameAs":["https:\/\/www.facebook.com\/profile.php?id=100089514366245","https:\/\/x.com\/MicroAktiv","https:\/\/www.linkedin.com\/showcase\/microaktiv\/"]}]}},"_links":{"self":[{"href":"https:\/\/microaktiv.com\/hu\/wp-json\/wp\/v2\/product\/4886","targetHints":{"allow":["GET"]}}],"collection":[{"href":"https:\/\/microaktiv.com\/hu\/wp-json\/wp\/v2\/product"}],"about":[{"href":"https:\/\/microaktiv.com\/hu\/wp-json\/wp\/v2\/types\/product"}],"wp:featuredmedia":[{"embeddable":true,"href":"https:\/\/microaktiv.com\/hu\/wp-json\/wp\/v2\/media\/7116"}],"wp:attachment":[{"href":"https:\/\/microaktiv.com\/hu\/wp-json\/wp\/v2\/media?parent=4886"}],"wp:term":[{"taxonomy":"product_brand","embeddable":true,"href":"https:\/\/microaktiv.com\/hu\/wp-json\/wp\/v2\/product_brand?post=4886"},{"taxonomy":"product_cat","embeddable":true,"href":"https:\/\/microaktiv.com\/hu\/wp-json\/wp\/v2\/product_cat?post=4886"},{"taxonomy":"product_tag","embeddable":true,"href":"https:\/\/microaktiv.com\/hu\/wp-json\/wp\/v2\/product_tag?post=4886"}],"curies":[{"name":"wp","href":"https:\/\/api.w.org\/{rel}","templated":true}]}}