{"id":3806,"date":"2022-07-13T12:21:02","date_gmt":"2022-07-13T10:21:02","guid":{"rendered":"https:\/\/microaktiv.com\/product\/microaktiv-bs\/"},"modified":"2023-11-24T16:04:31","modified_gmt":"2023-11-24T14:04:31","slug":"microaktiv-bs","status":"publish","type":"product","link":"https:\/\/microaktiv.com\/it\/prodotto\/microaktiv-bs\/","title":{"rendered":"MicroAktiv\u00ae-BS"},"content":{"rendered":"<p><div class=\"fusion-fullwidth fullwidth-box fusion-builder-row-1 fusion-flex-container has-pattern-background has-mask-background nonhundred-percent-fullwidth non-hundred-percent-height-scrolling\" style=\"--awb-border-radius-top-left:0px;--awb-border-radius-top-right:0px;--awb-border-radius-bottom-right:0px;--awb-border-radius-bottom-left:0px;--awb-flex-wrap:wrap;\" ><div class=\"fusion-builder-row fusion-row fusion-flex-align-items-flex-start fusion-flex-content-wrap\" style=\"max-width:1372.8px;margin-left: calc(-4% \/ 2 );margin-right: calc(-4% \/ 2 );\"><div class=\"fusion-layout-column fusion_builder_column fusion-builder-column-0 fusion_builder_column_1_1 1_1 fusion-flex-column\" style=\"--awb-bg-size:cover;--awb-width-large:100%;--awb-margin-top-large:0px;--awb-spacing-right-large:1.92%;--awb-margin-bottom-large:0px;--awb-spacing-left-large:1.92%;--awb-width-medium:100%;--awb-order-medium:0;--awb-spacing-right-medium:1.92%;--awb-spacing-left-medium:1.92%;--awb-width-small:100%;--awb-order-small:0;--awb-spacing-right-small:1.92%;--awb-spacing-left-small:1.92%;\"><div class=\"fusion-column-wrapper fusion-column-has-shadow fusion-flex-justify-content-flex-start fusion-content-layout-column\"><div class=\"fusion-text fusion-text-1\"><p>MicroAktiv<sup>\u00ae<\/sup>-BS \u00e8 un prodotto liquido a base di piante ed estratti di alghe marine che pu\u00f2 essere utilizzato negli allevamenti di bovini, suini e pollame per ridurre gli odori e l&#8217;ammoniaca. Gli ingredienti naturali di MicroAktiv<sup>\u00ae<\/sup>-BS stimolano i batteri naturali a biodegradare odori e ammoniaca. L&#8217;effetto nella stalla \u00e8 una minore emissione di odori dal pavimento e dalla fossa del letame. Ci\u00f2 rende l&#8217;ambiente di vita nelle stalle pi\u00f9 piacevole per gli animali e per le persone che vi lavorano. L&#8217;uso di MicroAktiv<sup>\u00ae<\/sup>-BS si traduce in un ambiente pi\u00f9 sano, con conseguente riduzione dello stress, delle malattie, della mortalit\u00e0 e della conversione del mangime. Questo alla fine si traduce in un rendimento pi\u00f9 elevato.<\/p>\n<h5>Composizione<\/h5>\n<p>MicroAktiv<sup>\u00ae<\/sup>&#8211; BS \u00e8 composto interamente da materie prime naturali ed \u00e8 innocuo per l&#8217;uomo, gli animali e l&#8217;ambiente.<br \/>\nMicroAktiv<sup>\u00ae<\/sup>&#8211; BS pu\u00f2 essere diluito con acqua in quantit\u00e0 illimitate e applicato, ad esempio, con uno spruzzatore a pressione.<\/p>\n<p><b>Durata di conservazione:<\/b> 1 anno<\/p>\n<h5>Dosaggio<\/h5>\n<p><strong>Per i polli da carne:<\/strong> 1 L per 1000 m<sup>2<\/sup>, <span style=\"font-size: 16px;\">da 3 a 4 giorni dopo l\u2019ingresso dei pulcini nella stalla.<\/span><\/p>\n<p><strong>Per bovini e suini:<\/strong> 1 L per 1000 m<sup>2<\/sup> di superficie del fienile a settimana.<\/p>\n<h5>Confezione<\/h5>\n<p>Taniche da 20 litri.<\/p>\n<\/div><div class=\"fusion-video fusion-selfhosted-video\" style=\"align-self:center;max-width:100%;\"><div class=\"video-wrapper\" style=\"border-radius:15px 15px 15px 15px;\"><video playsinline=\"true\" width=\"100%\" style=\"object-fit: cover;\" autoplay=\"true\" muted=\"true\" loop=\"true\" poster=\"https:\/\/microaktiv.com\/wp-content\/uploads\/2022\/07\/QM-BioStable-spraying.png\" preload=\"auto\" controls=\"1\"><source src=\"https:\/\/microaktiv.com\/wp-content\/uploads\/2022\/07\/QM-BioStable-appli_4.mp4\" type=\"video\/mp4\">Sorry, your browser doesn&#039;t support embedded videos.<\/video><\/div><\/div><\/div><\/div><\/div><\/div><div class=\"fusion-fullwidth fullwidth-box fusion-builder-row-2 fusion-flex-container has-pattern-background has-mask-background nonhundred-percent-fullwidth non-hundred-percent-height-scrolling\" style=\"--awb-border-radius-top-left:0px;--awb-border-radius-top-right:0px;--awb-border-radius-bottom-right:0px;--awb-border-radius-bottom-left:0px;--awb-flex-wrap:wrap;\" ><div class=\"fusion-builder-row fusion-row fusion-flex-align-items-flex-start fusion-flex-content-wrap\" style=\"max-width:1372.8px;margin-left: calc(-4% \/ 2 );margin-right: calc(-4% \/ 2 );\"><div class=\"fusion-layout-column fusion_builder_column fusion-builder-column-1 fusion_builder_column_1_2 1_2 fusion-flex-column\" style=\"--awb-padding-top:5px;--awb-padding-right:5px;--awb-padding-bottom:5px;--awb-padding-left:5px;--awb-overflow:hidden;--awb-bg-color:rgba(174,128,76,0.25);--awb-bg-color-hover:rgba(174,128,76,0.25);--awb-bg-size:cover;--awb-border-radius:15px 15px 15px 15px;--awb-width-large:50%;--awb-margin-top-large:0px;--awb-spacing-right-large:3.84%;--awb-margin-bottom-large:5px;--awb-spacing-left-large:3.84%;--awb-width-medium:100%;--awb-order-medium:0;--awb-spacing-right-medium:1.92%;--awb-spacing-left-medium:1.92%;--awb-width-small:100%;--awb-order-small:0;--awb-spacing-right-small:1.92%;--awb-spacing-left-small:1.92%;\"><div class=\"fusion-column-wrapper fusion-column-has-shadow fusion-flex-justify-content-flex-start fusion-content-layout-column\"><div class=\"fusion-text fusion-text-2\"><h5 style=\"text-align: center;\">Scarica la scheda informativa del prodotto<\/h5>\n<\/div><div style=\"text-align:center;\"><a class=\"fusion-button button-flat fusion-button-default-size button-default fusion-button-default button-1 fusion-button-default-span fusion-button-default-type\" target=\"_blank\" rel=\"noopener noreferrer\" href=\"https:\/\/microaktiv.com\/wp-content\/uploads\/2023\/02\/MicroAktiv-BS_it.pdf\"><span class=\"fusion-button-text awb-button__text awb-button__text--default\">Download<\/span><\/a><\/div><\/div><\/div><div class=\"fusion-layout-column fusion_builder_column fusion-builder-column-2 fusion_builder_column_1_2 1_2 fusion-flex-column\" style=\"--awb-padding-top:5px;--awb-padding-right:5px;--awb-padding-bottom:5px;--awb-padding-left:5px;--awb-overflow:hidden;--awb-bg-color:rgba(174,128,76,0.25);--awb-bg-color-hover:rgba(174,128,76,0.25);--awb-bg-size:cover;--awb-border-radius:15px 15px 15px 15px;--awb-width-large:50%;--awb-margin-top-large:0px;--awb-spacing-right-large:3.84%;--awb-margin-bottom-large:5px;--awb-spacing-left-large:3.84%;--awb-width-medium:100%;--awb-order-medium:0;--awb-spacing-right-medium:1.92%;--awb-spacing-left-medium:1.92%;--awb-width-small:100%;--awb-order-small:0;--awb-spacing-right-small:1.92%;--awb-spacing-left-small:1.92%;\"><div class=\"fusion-column-wrapper fusion-column-has-shadow fusion-flex-justify-content-flex-start fusion-content-layout-column\"><div class=\"fusion-text fusion-text-3\"><h5 style=\"text-align: center;\">Scarica la scheda di sicurezza del prodotto<\/h5>\n<\/div><div style=\"text-align:center;\"><a class=\"fusion-button button-flat fusion-button-default-size button-default fusion-button-default button-2 fusion-button-default-span fusion-button-default-type\" target=\"_blank\" rel=\"noopener noreferrer\" href=\"https:\/\/microaktiv.com\/wp-content\/uploads\/2023\/01\/MSDS-MicroAktiv-BS_eng.pdf\"><span class=\"fusion-button-text awb-button__text awb-button__text--default\">Download<\/span><\/a><\/div><\/div><\/div><\/div><\/div><\/p>\n","protected":false},"excerpt":{"rendered":"<p>Prodotto naturale per la riduzione dell&#8217;ammoniaca e degli odori nelle stalle.<\/p>\n","protected":false},"featured_media":7093,"template":"","meta":{"_acf_changed":false},"product_brand":[],"product_cat":[152],"product_tag":[],"class_list":{"0":"post-3806","1":"product","2":"type-product","3":"status-publish","4":"has-post-thumbnail","6":"product_cat-allevamento","8":"first","9":"instock","10":"taxable","11":"shipping-taxable","12":"purchasable","13":"product-type-simple"},"acf":[],"yoast_head":"<!-- This site is optimized with the Yoast SEO Premium plugin v27.0 (Yoast SEO v27.3) - https:\/\/yoast.com\/product\/yoast-seo-premium-wordpress\/ -->\n<title>MicroAktiv\u00ae-BS - MicroAktiv<\/title>\n<meta name=\"robots\" content=\"index, follow, max-snippet:-1, max-image-preview:large, max-video-preview:-1\" \/>\n<link rel=\"canonical\" href=\"https:\/\/microaktiv.com\/it\/prodotto\/microaktiv-bs\/\" \/>\n<meta property=\"og:locale\" content=\"it_IT\" \/>\n<meta property=\"og:type\" content=\"article\" \/>\n<meta property=\"og:title\" content=\"MicroAktiv\u00ae-BS\" \/>\n<meta property=\"og:description\" content=\"Prodotto naturale per la riduzione dell&#039;ammoniaca e degli odori nelle stalle.\" \/>\n<meta property=\"og:url\" content=\"https:\/\/microaktiv.com\/it\/prodotto\/microaktiv-bs\/\" \/>\n<meta property=\"og:site_name\" content=\"MicroAktiv\" \/>\n<meta property=\"article:publisher\" content=\"https:\/\/www.facebook.com\/profile.php?id=100089514366245\" \/>\n<meta property=\"article:modified_time\" content=\"2023-11-24T14:04:31+00:00\" \/>\n<meta property=\"og:image\" content=\"https:\/\/microaktiv.com\/wp-content\/uploads\/2023\/11\/MicroAktiv-BS-Jerrycan-wit-5-L_eng_web.jpg\" \/>\n\t<meta property=\"og:image:width\" content=\"400\" \/>\n\t<meta property=\"og:image:height\" content=\"400\" \/>\n\t<meta property=\"og:image:type\" content=\"image\/jpeg\" \/>\n<meta name=\"twitter:card\" content=\"summary_large_image\" \/>\n<meta name=\"twitter:site\" content=\"@MicroAktiv\" \/>\n<meta name=\"twitter:label1\" content=\"Tempo di lettura stimato\" \/>\n\t<meta name=\"twitter:data1\" content=\"6 minuti\" \/>\n<script type=\"application\/ld+json\" class=\"yoast-schema-graph\">{\"@context\":\"https:\\\/\\\/schema.org\",\"@graph\":[{\"@type\":\"WebPage\",\"@id\":\"https:\\\/\\\/microaktiv.com\\\/it\\\/prodotto\\\/microaktiv-bs\\\/\",\"url\":\"https:\\\/\\\/microaktiv.com\\\/it\\\/prodotto\\\/microaktiv-bs\\\/\",\"name\":\"MicroAktiv\u00ae-BS - MicroAktiv\",\"isPartOf\":{\"@id\":\"https:\\\/\\\/microaktiv.com\\\/it\\\/#website\"},\"primaryImageOfPage\":{\"@id\":\"https:\\\/\\\/microaktiv.com\\\/it\\\/prodotto\\\/microaktiv-bs\\\/#primaryimage\"},\"image\":{\"@id\":\"https:\\\/\\\/microaktiv.com\\\/it\\\/prodotto\\\/microaktiv-bs\\\/#primaryimage\"},\"thumbnailUrl\":\"https:\\\/\\\/microaktiv.com\\\/wp-content\\\/uploads\\\/2023\\\/11\\\/MicroAktiv-BS-Jerrycan-wit-5-L_eng_web.jpg\",\"datePublished\":\"2022-07-13T10:21:02+00:00\",\"dateModified\":\"2023-11-24T14:04:31+00:00\",\"breadcrumb\":{\"@id\":\"https:\\\/\\\/microaktiv.com\\\/it\\\/prodotto\\\/microaktiv-bs\\\/#breadcrumb\"},\"inLanguage\":\"it-IT\",\"potentialAction\":[{\"@type\":\"ReadAction\",\"target\":[\"https:\\\/\\\/microaktiv.com\\\/it\\\/prodotto\\\/microaktiv-bs\\\/\"]}]},{\"@type\":\"ImageObject\",\"inLanguage\":\"it-IT\",\"@id\":\"https:\\\/\\\/microaktiv.com\\\/it\\\/prodotto\\\/microaktiv-bs\\\/#primaryimage\",\"url\":\"https:\\\/\\\/microaktiv.com\\\/wp-content\\\/uploads\\\/2023\\\/11\\\/MicroAktiv-BS-Jerrycan-wit-5-L_eng_web.jpg\",\"contentUrl\":\"https:\\\/\\\/microaktiv.com\\\/wp-content\\\/uploads\\\/2023\\\/11\\\/MicroAktiv-BS-Jerrycan-wit-5-L_eng_web.jpg\",\"width\":400,\"height\":400},{\"@type\":\"BreadcrumbList\",\"@id\":\"https:\\\/\\\/microaktiv.com\\\/it\\\/prodotto\\\/microaktiv-bs\\\/#breadcrumb\",\"itemListElement\":[{\"@type\":\"ListItem\",\"position\":1,\"name\":\"Home\",\"item\":\"https:\\\/\\\/microaktiv.com\\\/it\\\/\"},{\"@type\":\"ListItem\",\"position\":2,\"name\":\"Negozio web\",\"item\":\"https:\\\/\\\/microaktiv.com\\\/it\\\/negozio-web\\\/\"},{\"@type\":\"ListItem\",\"position\":3,\"name\":\"MicroAktiv\u00ae-BS\"}]},{\"@type\":\"WebSite\",\"@id\":\"https:\\\/\\\/microaktiv.com\\\/it\\\/#website\",\"url\":\"https:\\\/\\\/microaktiv.com\\\/it\\\/\",\"name\":\"MicroAktiv\",\"description\":\"Grow the bio way\",\"publisher\":{\"@id\":\"https:\\\/\\\/microaktiv.com\\\/it\\\/#organization\"},\"potentialAction\":[{\"@type\":\"SearchAction\",\"target\":{\"@type\":\"EntryPoint\",\"urlTemplate\":\"https:\\\/\\\/microaktiv.com\\\/it\\\/?s={search_term_string}\"},\"query-input\":{\"@type\":\"PropertyValueSpecification\",\"valueRequired\":true,\"valueName\":\"search_term_string\"}}],\"inLanguage\":\"it-IT\"},{\"@type\":\"Organization\",\"@id\":\"https:\\\/\\\/microaktiv.com\\\/it\\\/#organization\",\"name\":\"QM Environmental International BV\",\"url\":\"https:\\\/\\\/microaktiv.com\\\/it\\\/\",\"logo\":{\"@type\":\"ImageObject\",\"inLanguage\":\"it-IT\",\"@id\":\"https:\\\/\\\/microaktiv.com\\\/it\\\/#\\\/schema\\\/logo\\\/image\\\/\",\"url\":\"https:\\\/\\\/i0.wp.com\\\/microaktiv.com\\\/wp-content\\\/uploads\\\/2022\\\/12\\\/favicon_microactiv.png?fit=1920%2C1877&ssl=1\",\"contentUrl\":\"https:\\\/\\\/i0.wp.com\\\/microaktiv.com\\\/wp-content\\\/uploads\\\/2022\\\/12\\\/favicon_microactiv.png?fit=1920%2C1877&ssl=1\",\"width\":1920,\"height\":1877,\"caption\":\"QM Environmental International BV\"},\"image\":{\"@id\":\"https:\\\/\\\/microaktiv.com\\\/it\\\/#\\\/schema\\\/logo\\\/image\\\/\"},\"sameAs\":[\"https:\\\/\\\/www.facebook.com\\\/profile.php?id=100089514366245\",\"https:\\\/\\\/x.com\\\/MicroAktiv\",\"https:\\\/\\\/www.linkedin.com\\\/showcase\\\/microaktiv\\\/\"]}]}<\/script>\n<!-- \/ Yoast SEO Premium plugin. -->","yoast_head_json":{"title":"MicroAktiv\u00ae-BS - MicroAktiv","robots":{"index":"index","follow":"follow","max-snippet":"max-snippet:-1","max-image-preview":"max-image-preview:large","max-video-preview":"max-video-preview:-1"},"canonical":"https:\/\/microaktiv.com\/it\/prodotto\/microaktiv-bs\/","og_locale":"it_IT","og_type":"article","og_title":"MicroAktiv\u00ae-BS","og_description":"Prodotto naturale per la riduzione dell'ammoniaca e degli odori nelle stalle.","og_url":"https:\/\/microaktiv.com\/it\/prodotto\/microaktiv-bs\/","og_site_name":"MicroAktiv","article_publisher":"https:\/\/www.facebook.com\/profile.php?id=100089514366245","article_modified_time":"2023-11-24T14:04:31+00:00","og_image":[{"width":400,"height":400,"url":"https:\/\/microaktiv.com\/wp-content\/uploads\/2023\/11\/MicroAktiv-BS-Jerrycan-wit-5-L_eng_web.jpg","type":"image\/jpeg"}],"twitter_card":"summary_large_image","twitter_site":"@MicroAktiv","twitter_misc":{"Tempo di lettura stimato":"6 minuti"},"schema":{"@context":"https:\/\/schema.org","@graph":[{"@type":"WebPage","@id":"https:\/\/microaktiv.com\/it\/prodotto\/microaktiv-bs\/","url":"https:\/\/microaktiv.com\/it\/prodotto\/microaktiv-bs\/","name":"MicroAktiv\u00ae-BS - MicroAktiv","isPartOf":{"@id":"https:\/\/microaktiv.com\/it\/#website"},"primaryImageOfPage":{"@id":"https:\/\/microaktiv.com\/it\/prodotto\/microaktiv-bs\/#primaryimage"},"image":{"@id":"https:\/\/microaktiv.com\/it\/prodotto\/microaktiv-bs\/#primaryimage"},"thumbnailUrl":"https:\/\/microaktiv.com\/wp-content\/uploads\/2023\/11\/MicroAktiv-BS-Jerrycan-wit-5-L_eng_web.jpg","datePublished":"2022-07-13T10:21:02+00:00","dateModified":"2023-11-24T14:04:31+00:00","breadcrumb":{"@id":"https:\/\/microaktiv.com\/it\/prodotto\/microaktiv-bs\/#breadcrumb"},"inLanguage":"it-IT","potentialAction":[{"@type":"ReadAction","target":["https:\/\/microaktiv.com\/it\/prodotto\/microaktiv-bs\/"]}]},{"@type":"ImageObject","inLanguage":"it-IT","@id":"https:\/\/microaktiv.com\/it\/prodotto\/microaktiv-bs\/#primaryimage","url":"https:\/\/microaktiv.com\/wp-content\/uploads\/2023\/11\/MicroAktiv-BS-Jerrycan-wit-5-L_eng_web.jpg","contentUrl":"https:\/\/microaktiv.com\/wp-content\/uploads\/2023\/11\/MicroAktiv-BS-Jerrycan-wit-5-L_eng_web.jpg","width":400,"height":400},{"@type":"BreadcrumbList","@id":"https:\/\/microaktiv.com\/it\/prodotto\/microaktiv-bs\/#breadcrumb","itemListElement":[{"@type":"ListItem","position":1,"name":"Home","item":"https:\/\/microaktiv.com\/it\/"},{"@type":"ListItem","position":2,"name":"Negozio web","item":"https:\/\/microaktiv.com\/it\/negozio-web\/"},{"@type":"ListItem","position":3,"name":"MicroAktiv\u00ae-BS"}]},{"@type":"WebSite","@id":"https:\/\/microaktiv.com\/it\/#website","url":"https:\/\/microaktiv.com\/it\/","name":"MicroAktiv","description":"Grow the bio way","publisher":{"@id":"https:\/\/microaktiv.com\/it\/#organization"},"potentialAction":[{"@type":"SearchAction","target":{"@type":"EntryPoint","urlTemplate":"https:\/\/microaktiv.com\/it\/?s={search_term_string}"},"query-input":{"@type":"PropertyValueSpecification","valueRequired":true,"valueName":"search_term_string"}}],"inLanguage":"it-IT"},{"@type":"Organization","@id":"https:\/\/microaktiv.com\/it\/#organization","name":"QM Environmental International BV","url":"https:\/\/microaktiv.com\/it\/","logo":{"@type":"ImageObject","inLanguage":"it-IT","@id":"https:\/\/microaktiv.com\/it\/#\/schema\/logo\/image\/","url":"https:\/\/i0.wp.com\/microaktiv.com\/wp-content\/uploads\/2022\/12\/favicon_microactiv.png?fit=1920%2C1877&ssl=1","contentUrl":"https:\/\/i0.wp.com\/microaktiv.com\/wp-content\/uploads\/2022\/12\/favicon_microactiv.png?fit=1920%2C1877&ssl=1","width":1920,"height":1877,"caption":"QM Environmental International BV"},"image":{"@id":"https:\/\/microaktiv.com\/it\/#\/schema\/logo\/image\/"},"sameAs":["https:\/\/www.facebook.com\/profile.php?id=100089514366245","https:\/\/x.com\/MicroAktiv","https:\/\/www.linkedin.com\/showcase\/microaktiv\/"]}]}},"_links":{"self":[{"href":"https:\/\/microaktiv.com\/it\/wp-json\/wp\/v2\/product\/3806","targetHints":{"allow":["GET"]}}],"collection":[{"href":"https:\/\/microaktiv.com\/it\/wp-json\/wp\/v2\/product"}],"about":[{"href":"https:\/\/microaktiv.com\/it\/wp-json\/wp\/v2\/types\/product"}],"wp:featuredmedia":[{"embeddable":true,"href":"https:\/\/microaktiv.com\/it\/wp-json\/wp\/v2\/media\/7093"}],"wp:attachment":[{"href":"https:\/\/microaktiv.com\/it\/wp-json\/wp\/v2\/media?parent=3806"}],"wp:term":[{"taxonomy":"product_brand","embeddable":true,"href":"https:\/\/microaktiv.com\/it\/wp-json\/wp\/v2\/product_brand?post=3806"},{"taxonomy":"product_cat","embeddable":true,"href":"https:\/\/microaktiv.com\/it\/wp-json\/wp\/v2\/product_cat?post=3806"},{"taxonomy":"product_tag","embeddable":true,"href":"https:\/\/microaktiv.com\/it\/wp-json\/wp\/v2\/product_tag?post=3806"}],"curies":[{"name":"wp","href":"https:\/\/api.w.org\/{rel}","templated":true}]}}