{"id":4907,"date":"2022-12-12T15:48:29","date_gmt":"2022-12-12T13:48:29","guid":{"rendered":"https:\/\/microaktiv.com\/stres-abiotyczny\/"},"modified":"2023-03-29T17:29:42","modified_gmt":"2023-03-29T15:29:42","slug":"stres-abiotyczny","status":"publish","type":"page","link":"https:\/\/microaktiv.com\/pl\/stres-abiotyczny\/","title":{"rendered":"Stres abiotyczny"},"content":{"rendered":"<p><div class=\"fusion-fullwidth fullwidth-box fusion-builder-row-1 fusion-flex-container fusion-parallax-none nonhundred-percent-fullwidth non-hundred-percent-height-scrolling lazyload fusion-animated\" style=\"--awb-border-sizes-top:0px;--awb-border-sizes-bottom:0px;--awb-border-sizes-left:0px;--awb-border-sizes-right:0px;--awb-border-radius-top-left:0px;--awb-border-radius-top-right:0px;--awb-border-radius-bottom-right:0px;--awb-border-radius-bottom-left:0px;--awb-padding-top:8vw;--awb-padding-right:30px;--awb-padding-bottom:0px;--awb-padding-left:30px;--awb-padding-top-small:16vw;--awb-margin-top:0px;--awb-margin-bottom:0px;--awb-margin-bottom-medium:145px;--awb-background-image:linear-gradient(180deg, rgba(26,2,0,0.1) 0%,rgba(255,255,255,0) 100%);;--awb-background-size:cover;--awb-flex-wrap:wrap;\" data-bg=\"https:\/\/microaktiv.com\/wp-content\/uploads\/2022\/12\/MicroAktiv_AG.jpg\" data-bg-gradient=\"linear-gradient(180deg, rgba(26,2,0,0.1) 0%,rgba(255,255,255,0) 100%)\" data-animationType=\"fadeIn\" data-animationDuration=\"0.8\" data-animationOffset=\"top-into-view\" ><div class=\"fusion-builder-row fusion-row fusion-flex-align-items-flex-start fusion-flex-content-wrap\" style=\"max-width:1372.8px;margin-left: calc(-4% \/ 2 );margin-right: calc(-4% \/ 2 );\"><div class=\"fusion-layout-column fusion_builder_column fusion-builder-column-0 fusion-flex-column fusion-animated\" style=\"--awb-padding-top:85px;--awb-padding-right:85px;--awb-padding-bottom:85px;--awb-padding-left:85px;--awb-padding-top-small:50px;--awb-padding-right-small:50px;--awb-padding-bottom-small:50px;--awb-padding-left-small:50px;--awb-overflow:hidden;--awb-bg-color:#ffffff;--awb-bg-color-hover:#ffffff;--awb-bg-size:cover;--awb-border-radius:15px 15px 15px 15px;--awb-width-large:52%;--awb-margin-top-large:0px;--awb-spacing-right-large:3.6923076923077%;--awb-margin-bottom-large:-65px;--awb-spacing-left-large:3.6923076923077%;--awb-width-medium:66.666666666667%;--awb-order-medium:0;--awb-spacing-right-medium:2.88%;--awb-spacing-left-medium:2.88%;--awb-width-small:100%;--awb-order-small:0;--awb-spacing-right-small:1.92%;--awb-spacing-left-small:1.92%;\" data-animationType=\"bounceInUp\" data-animationDuration=\"1.3\" data-animationOffset=\"top-into-view\"><div class=\"fusion-column-wrapper fusion-column-has-shadow fusion-flex-justify-content-flex-start fusion-content-layout-column\"><div class=\"fusion-text fusion-text-1\" style=\"--awb-font-size:19px;--awb-line-height:1.7;--awb-letter-spacing:0px;--awb-text-transform:var(--awb-typography2-text-transform);--awb-text-color:#ff5949;--awb-text-font-family:&quot;Readex Pro&quot;;--awb-text-font-style:normal;--awb-text-font-weight:400;\"><p style=\"color: var(--awb-color3);\">Grow the bio way<\/p>\n<\/div><div class=\"fusion-title title fusion-title-1 fusion-sep-none fusion-title-text fusion-title-size-two\" style=\"--awb-text-color:var(--awb-color1);--awb-margin-top:0px;--awb-margin-bottom:35px;--awb-margin-top-small:0px;--awb-margin-bottom-small:20px;--awb-font-size:47px;\"><h2 class=\"fusion-title-heading title-heading-left fusion-responsive-typography-calculated\" style=\"font-family:var(--awb-typography1-font-family);font-weight:var(--awb-typography1-font-weight);font-style:var(--awb-typography1-font-style);margin:0;letter-spacing:-0.03em;text-transform:var(--awb-typography1-text-transform);font-size:1em;--fontSize:47;line-height:1.2;\">Abiotyczne czynniki stresowe dla ro\u015blin<\/h2><\/div><div class=\"fusion-text fusion-text-2\" style=\"--awb-font-size:17px;--awb-line-height:1.7;--awb-letter-spacing:var(--awb-typography4-letter-spacing);--awb-text-transform:var(--awb-typography4-text-transform);--awb-text-color:var(--awb-color1);--awb-text-font-family:var(--awb-typography4-font-family);--awb-text-font-weight:var(--awb-typography4-font-weight);--awb-text-font-style:var(--awb-typography4-font-style);\"><p>Stres abiotyczny ro\u015blin (APS) jest zjawiskiem wywo\u0142anym przez czynniki zewn\u0119trzne w \u015brodowisku, w kt\u00f3rym ro\u015bnie ro\u015blina. APS mo\u017ce wyst\u0105pi\u0107 pod powierzchni\u0105 gruntu, na przyk\u0142ad gdy ro\u015blina jest przesadzana i korzenie ulegaj\u0105 uszkodzeniu, lub w wyniku zasolenia gleby. APS mo\u017ce wyst\u0105pi\u0107 r\u00f3wnie\u017c ponad powierzchni\u0105 ziemi z powodu wiatru i\/lub temperatury, suszy lub zbyt du\u017cego nas\u0142onecznienia.<\/p>\n<p>&nbsp;<\/p>\n<\/div><\/div><\/div><\/div><\/div><div class=\"fusion-fullwidth fullwidth-box fusion-builder-row-2 fusion-flex-container has-pattern-background has-mask-background nonhundred-percent-fullwidth non-hundred-percent-height-scrolling\" style=\"--awb-border-radius-top-left:0px;--awb-border-radius-top-right:0px;--awb-border-radius-bottom-right:0px;--awb-border-radius-bottom-left:0px;--awb-padding-top:75px;--awb-flex-wrap:wrap;\" ><div class=\"fusion-builder-row fusion-row fusion-flex-align-items-flex-start fusion-flex-content-wrap\" style=\"max-width:1372.8px;margin-left: calc(-4% \/ 2 );margin-right: calc(-4% \/ 2 );\"><div class=\"fusion-layout-column fusion_builder_column fusion-builder-column-1 fusion_builder_column_3_4 3_4 fusion-flex-column\" style=\"--awb-bg-size:cover;--awb-width-large:75%;--awb-margin-top-large:0px;--awb-spacing-right-large:2.56%;--awb-margin-bottom-large:0px;--awb-spacing-left-large:2.56%;--awb-width-medium:100%;--awb-order-medium:0;--awb-spacing-right-medium:1.92%;--awb-spacing-left-medium:1.92%;--awb-width-small:100%;--awb-order-small:0;--awb-spacing-right-small:1.92%;--awb-spacing-left-small:1.92%;\"><div class=\"fusion-column-wrapper fusion-column-has-shadow fusion-flex-justify-content-center fusion-content-layout-column\"><div class=\"fusion-separator fusion-full-width-sep\" style=\"align-self: center;margin-left: auto;margin-right: auto;width:100%;\"><\/div><div class=\"fusion-text fusion-text-3\" style=\"--awb-font-size:18px;--awb-line-height:var(--awb-typography4-line-height);--awb-letter-spacing:var(--awb-typography4-letter-spacing);--awb-text-transform:none;--awb-text-font-family:var(--awb-typography4-font-family);--awb-text-font-weight:var(--awb-typography4-font-weight);--awb-text-font-style:var(--awb-typography4-font-style);\"><p><b>Ro\u015bliny te\u017c odczuwaj\u0105 stres<\/b><\/p>\n<\/div><div class=\"fusion-separator\" style=\"align-self: flex-start;margin-right:auto;width:100%;max-width:125px;\"><div class=\"fusion-separator-border sep-single sep-solid\" style=\"--awb-height:20px;--awb-amount:20px;--awb-sep-color:var(--awb-color2);border-color:var(--awb-color2);border-top-width:5px;\"><\/div><\/div><div class=\"fusion-title title fusion-title-2 fusion-sep-none fusion-title-text fusion-title-size-one\"><h1 class=\"fusion-title-heading title-heading-left fusion-responsive-typography-calculated\" style=\"margin:0;--fontSize:50;line-height:1.2;\">Do czego prowadzi stres abiotyczny?<\/h1><\/div><div class=\"fusion-text fusion-text-4\"><p>Stres abiotyczny zmniejsza plony pozyskiwane z uprawy ro\u015blin. Czynniki stresu \u015brodowiskowego, takie jak upa\u0142, zimno, susza, zasolenie i obecno\u015b\u0107 metali ci\u0119\u017ckich, takich jak kadm, mied\u017a i chrom, wywo\u0142uj\u0105 reakcje stresowe w ro\u015blinach, w tym nagromadzenie reaktywne formy tlenu (ROS) i zmniejszenie aktywno\u015bci fotosyntetycznej, co ostatecznie ogranicza wzrost ro\u015blin, a tym samym plonowanie.<\/p>\n<\/div><\/div><\/div><div class=\"fusion-layout-column fusion_builder_column fusion-builder-column-2 fusion_builder_column_1_2 1_2 fusion-flex-column\" style=\"--awb-bg-size:cover;--awb-width-large:50%;--awb-margin-top-large:25px;--awb-spacing-right-large:3.84%;--awb-margin-bottom-large:25px;--awb-spacing-left-large:3.84%;--awb-width-medium:100%;--awb-order-medium:0;--awb-spacing-right-medium:1.92%;--awb-spacing-left-medium:1.92%;--awb-width-small:100%;--awb-order-small:0;--awb-spacing-right-small:1.92%;--awb-spacing-left-small:1.92%;\"><div class=\"fusion-column-wrapper fusion-column-has-shadow fusion-flex-justify-content-flex-start fusion-content-layout-column\"><div class=\"fusion-image-element \" style=\"--awb-caption-title-font-family:var(--h2_typography-font-family);--awb-caption-title-font-weight:var(--h2_typography-font-weight);--awb-caption-title-font-style:var(--h2_typography-font-style);--awb-caption-title-size:var(--h2_typography-font-size);--awb-caption-title-transform:var(--h2_typography-text-transform);--awb-caption-title-line-height:var(--h2_typography-line-height);--awb-caption-title-letter-spacing:var(--h2_typography-letter-spacing);\"><span class=\" fusion-imageframe imageframe-none imageframe-1 hover-type-none\" style=\"border-radius:15px;\"><img decoding=\"async\" width=\"2560\" height=\"1565\" title=\"APS_1_pl\" src=\"https:\/\/microaktiv.com\/wp-content\/uploads\/2023\/03\/APS_1_pl-scaled.jpg\" data-orig-src=\"https:\/\/microaktiv.com\/wp-content\/uploads\/2023\/03\/APS_1_pl-scaled.jpg\" alt class=\"lazyload img-responsive wp-image-4911\" srcset=\"data:image\/svg+xml,%3Csvg%20xmlns%3D%27http%3A%2F%2Fwww.w3.org%2F2000%2Fsvg%27%20width%3D%272560%27%20height%3D%271565%27%20viewBox%3D%270%200%202560%201565%27%3E%3Crect%20width%3D%272560%27%20height%3D%271565%27%20fill-opacity%3D%220%22%2F%3E%3C%2Fsvg%3E\" data-srcset=\"https:\/\/microaktiv.com\/wp-content\/uploads\/2023\/03\/APS_1_pl-200x122.jpg 200w, https:\/\/microaktiv.com\/wp-content\/uploads\/2023\/03\/APS_1_pl-400x244.jpg 400w, https:\/\/microaktiv.com\/wp-content\/uploads\/2023\/03\/APS_1_pl-600x367.jpg 600w, https:\/\/microaktiv.com\/wp-content\/uploads\/2023\/03\/APS_1_pl-800x489.jpg 800w, https:\/\/microaktiv.com\/wp-content\/uploads\/2023\/03\/APS_1_pl-1200x733.jpg 1200w, https:\/\/microaktiv.com\/wp-content\/uploads\/2023\/03\/APS_1_pl-scaled.jpg 2560w\" data-sizes=\"auto\" data-orig-sizes=\"(max-width: 1024px) 100vw, (max-width: 640px) 100vw, 800px\" \/><\/span><\/div><\/div><\/div><div class=\"fusion-layout-column fusion_builder_column fusion-builder-column-3 fusion_builder_column_1_2 1_2 fusion-flex-column\" style=\"--awb-bg-size:cover;--awb-width-large:50%;--awb-margin-top-large:25px;--awb-spacing-right-large:3.84%;--awb-margin-bottom-large:25px;--awb-spacing-left-large:3.84%;--awb-width-medium:100%;--awb-order-medium:0;--awb-spacing-right-medium:1.92%;--awb-spacing-left-medium:1.92%;--awb-width-small:100%;--awb-order-small:0;--awb-spacing-right-small:1.92%;--awb-spacing-left-small:1.92%;\"><div class=\"fusion-column-wrapper fusion-column-has-shadow fusion-flex-justify-content-flex-start fusion-content-layout-column\"><div class=\"fusion-image-element \" style=\"--awb-caption-title-font-family:var(--h2_typography-font-family);--awb-caption-title-font-weight:var(--h2_typography-font-weight);--awb-caption-title-font-style:var(--h2_typography-font-style);--awb-caption-title-size:var(--h2_typography-font-size);--awb-caption-title-transform:var(--h2_typography-text-transform);--awb-caption-title-line-height:var(--h2_typography-line-height);--awb-caption-title-letter-spacing:var(--h2_typography-letter-spacing);\"><span class=\" fusion-imageframe imageframe-none imageframe-2 hover-type-none\" style=\"border-radius:15px;\"><img decoding=\"async\" width=\"2017\" height=\"1287\" title=\"APS_2\" src=\"https:\/\/microaktiv.com\/wp-content\/uploads\/2022\/12\/APS_2.jpeg\" data-orig-src=\"https:\/\/microaktiv.com\/wp-content\/uploads\/2022\/12\/APS_2.jpeg\" alt class=\"lazyload img-responsive wp-image-1275\" srcset=\"data:image\/svg+xml,%3Csvg%20xmlns%3D%27http%3A%2F%2Fwww.w3.org%2F2000%2Fsvg%27%20width%3D%272017%27%20height%3D%271287%27%20viewBox%3D%270%200%202017%201287%27%3E%3Crect%20width%3D%272017%27%20height%3D%271287%27%20fill-opacity%3D%220%22%2F%3E%3C%2Fsvg%3E\" data-srcset=\"https:\/\/microaktiv.com\/wp-content\/uploads\/2022\/12\/APS_2-200x128.jpeg 200w, https:\/\/microaktiv.com\/wp-content\/uploads\/2022\/12\/APS_2-400x255.jpeg 400w, https:\/\/microaktiv.com\/wp-content\/uploads\/2022\/12\/APS_2-600x383.jpeg 600w, https:\/\/microaktiv.com\/wp-content\/uploads\/2022\/12\/APS_2-800x510.jpeg 800w, https:\/\/microaktiv.com\/wp-content\/uploads\/2022\/12\/APS_2-1200x766.jpeg 1200w, https:\/\/microaktiv.com\/wp-content\/uploads\/2022\/12\/APS_2.jpeg 2017w\" data-sizes=\"auto\" data-orig-sizes=\"(max-width: 1024px) 100vw, (max-width: 640px) 100vw, 800px\" \/><\/span><\/div><\/div><\/div><div class=\"fusion-layout-column fusion_builder_column fusion-builder-column-4 fusion_builder_column_1_2 1_2 fusion-flex-column\" style=\"--awb-bg-size:cover;--awb-width-large:50%;--awb-margin-top-large:25px;--awb-spacing-right-large:3.84%;--awb-margin-bottom-large:25px;--awb-spacing-left-large:3.84%;--awb-width-medium:100%;--awb-order-medium:0;--awb-spacing-right-medium:1.92%;--awb-spacing-left-medium:1.92%;--awb-width-small:100%;--awb-order-small:0;--awb-spacing-right-small:1.92%;--awb-spacing-left-small:1.92%;\"><div class=\"fusion-column-wrapper fusion-column-has-shadow fusion-flex-justify-content-flex-start fusion-content-layout-column\"><div class=\"fusion-image-element \" style=\"--awb-caption-title-font-family:var(--h2_typography-font-family);--awb-caption-title-font-weight:var(--h2_typography-font-weight);--awb-caption-title-font-style:var(--h2_typography-font-style);--awb-caption-title-size:var(--h2_typography-font-size);--awb-caption-title-transform:var(--h2_typography-text-transform);--awb-caption-title-line-height:var(--h2_typography-line-height);--awb-caption-title-letter-spacing:var(--h2_typography-letter-spacing);\"><span class=\" fusion-imageframe imageframe-none imageframe-3 hover-type-none\" style=\"border-radius:15px;\"><img decoding=\"async\" width=\"1910\" height=\"1433\" title=\"APS_3\" src=\"https:\/\/microaktiv.com\/wp-content\/uploads\/2022\/12\/APS_3.jpg\" data-orig-src=\"https:\/\/microaktiv.com\/wp-content\/uploads\/2022\/12\/APS_3.jpg\" alt class=\"lazyload img-responsive wp-image-1282\" srcset=\"data:image\/svg+xml,%3Csvg%20xmlns%3D%27http%3A%2F%2Fwww.w3.org%2F2000%2Fsvg%27%20width%3D%271910%27%20height%3D%271433%27%20viewBox%3D%270%200%201910%201433%27%3E%3Crect%20width%3D%271910%27%20height%3D%271433%27%20fill-opacity%3D%220%22%2F%3E%3C%2Fsvg%3E\" data-srcset=\"https:\/\/microaktiv.com\/wp-content\/uploads\/2022\/12\/APS_3-200x150.jpg 200w, https:\/\/microaktiv.com\/wp-content\/uploads\/2022\/12\/APS_3-400x300.jpg 400w, https:\/\/microaktiv.com\/wp-content\/uploads\/2022\/12\/APS_3-600x450.jpg 600w, https:\/\/microaktiv.com\/wp-content\/uploads\/2022\/12\/APS_3-800x600.jpg 800w, https:\/\/microaktiv.com\/wp-content\/uploads\/2022\/12\/APS_3-1200x900.jpg 1200w, https:\/\/microaktiv.com\/wp-content\/uploads\/2022\/12\/APS_3.jpg 1910w\" data-sizes=\"auto\" data-orig-sizes=\"(max-width: 1024px) 100vw, (max-width: 640px) 100vw, 800px\" \/><\/span><\/div><\/div><\/div><div class=\"fusion-layout-column fusion_builder_column fusion-builder-column-5 fusion_builder_column_1_2 1_2 fusion-flex-column\" style=\"--awb-bg-size:cover;--awb-width-large:50%;--awb-margin-top-large:25px;--awb-spacing-right-large:3.84%;--awb-margin-bottom-large:25px;--awb-spacing-left-large:3.84%;--awb-width-medium:100%;--awb-order-medium:0;--awb-spacing-right-medium:1.92%;--awb-spacing-left-medium:1.92%;--awb-width-small:100%;--awb-order-small:0;--awb-spacing-right-small:1.92%;--awb-spacing-left-small:1.92%;\"><div class=\"fusion-column-wrapper fusion-column-has-shadow fusion-flex-justify-content-flex-start fusion-content-layout-column\"><div class=\"fusion-image-element \" style=\"--awb-caption-title-font-family:var(--h2_typography-font-family);--awb-caption-title-font-weight:var(--h2_typography-font-weight);--awb-caption-title-font-style:var(--h2_typography-font-style);--awb-caption-title-size:var(--h2_typography-font-size);--awb-caption-title-transform:var(--h2_typography-text-transform);--awb-caption-title-line-height:var(--h2_typography-line-height);--awb-caption-title-letter-spacing:var(--h2_typography-letter-spacing);\"><span class=\" fusion-imageframe imageframe-none imageframe-4 hover-type-none\" style=\"border-radius:15px;\"><img decoding=\"async\" width=\"276\" height=\"417\" title=\"APS_4\" src=\"https:\/\/microaktiv.com\/wp-content\/uploads\/2022\/12\/APS_4.jpg\" data-orig-src=\"https:\/\/microaktiv.com\/wp-content\/uploads\/2022\/12\/APS_4.jpg\" alt class=\"lazyload img-responsive wp-image-1289\" srcset=\"data:image\/svg+xml,%3Csvg%20xmlns%3D%27http%3A%2F%2Fwww.w3.org%2F2000%2Fsvg%27%20width%3D%27276%27%20height%3D%27417%27%20viewBox%3D%270%200%20276%20417%27%3E%3Crect%20width%3D%27276%27%20height%3D%27417%27%20fill-opacity%3D%220%22%2F%3E%3C%2Fsvg%3E\" data-srcset=\"https:\/\/microaktiv.com\/wp-content\/uploads\/2022\/12\/APS_4-200x302.jpg 200w, https:\/\/microaktiv.com\/wp-content\/uploads\/2022\/12\/APS_4.jpg 276w\" data-sizes=\"auto\" data-orig-sizes=\"(max-width: 1024px) 100vw, (max-width: 640px) 100vw, 276px\" \/><\/span><\/div><\/div><\/div><\/div><\/div><\/p>\n","protected":false},"excerpt":{"rendered":"","protected":false},"author":1,"featured_media":0,"parent":0,"menu_order":0,"comment_status":"closed","ping_status":"closed","template":"100-width.php","meta":{"_acf_changed":false,"footnotes":""},"class_list":["post-4907","page","type-page","status-publish","hentry"],"acf":[],"yoast_head":"<!-- This site is optimized with the Yoast SEO Premium plugin v27.0 (Yoast SEO v27.3) - https:\/\/yoast.com\/product\/yoast-seo-premium-wordpress\/ -->\n<title>Stres abiotyczny - MicroAktiv<\/title>\n<meta name=\"description\" content=\"Stres abiotyczny ro\u015blin (APS) jest zjawiskiem wywo\u0142anym przez czynniki zewn\u0119trzne w \u015brodowisku, w kt\u00f3rym ro\u015bnie ro\u015blina.\" \/>\n<meta name=\"robots\" content=\"index, follow, max-snippet:-1, max-image-preview:large, max-video-preview:-1\" \/>\n<link rel=\"canonical\" href=\"https:\/\/microaktiv.com\/pl\/stres-abiotyczny\/\" \/>\n<meta property=\"og:locale\" content=\"pl_PL\" \/>\n<meta property=\"og:type\" content=\"article\" \/>\n<meta property=\"og:title\" content=\"Stres abiotyczny\" \/>\n<meta property=\"og:description\" content=\"Stres abiotyczny ro\u015blin (APS) jest zjawiskiem wywo\u0142anym przez czynniki zewn\u0119trzne w \u015brodowisku, w kt\u00f3rym ro\u015bnie ro\u015blina.\" \/>\n<meta property=\"og:url\" content=\"https:\/\/microaktiv.com\/pl\/stres-abiotyczny\/\" \/>\n<meta property=\"og:site_name\" content=\"MicroAktiv\" \/>\n<meta property=\"article:publisher\" content=\"https:\/\/www.facebook.com\/profile.php?id=100089514366245\" \/>\n<meta property=\"article:modified_time\" content=\"2023-03-29T15:29:42+00:00\" \/>\n<meta name=\"twitter:card\" content=\"summary_large_image\" \/>\n<meta name=\"twitter:site\" content=\"@MicroAktiv\" \/>\n<meta name=\"twitter:label1\" content=\"Szacowany czas czytania\" \/>\n\t<meta name=\"twitter:data1\" content=\"6 minut\" \/>\n<script type=\"application\/ld+json\" class=\"yoast-schema-graph\">{\"@context\":\"https:\\\/\\\/schema.org\",\"@graph\":[{\"@type\":\"WebPage\",\"@id\":\"https:\\\/\\\/microaktiv.com\\\/pl\\\/stres-abiotyczny\\\/\",\"url\":\"https:\\\/\\\/microaktiv.com\\\/pl\\\/stres-abiotyczny\\\/\",\"name\":\"Stres abiotyczny - MicroAktiv\",\"isPartOf\":{\"@id\":\"https:\\\/\\\/microaktiv.com\\\/pl\\\/#website\"},\"datePublished\":\"2022-12-12T13:48:29+00:00\",\"dateModified\":\"2023-03-29T15:29:42+00:00\",\"description\":\"Stres abiotyczny ro\u015blin (APS) jest zjawiskiem wywo\u0142anym przez czynniki zewn\u0119trzne w \u015brodowisku, w kt\u00f3rym ro\u015bnie ro\u015blina.\",\"breadcrumb\":{\"@id\":\"https:\\\/\\\/microaktiv.com\\\/pl\\\/stres-abiotyczny\\\/#breadcrumb\"},\"inLanguage\":\"pl-PL\",\"potentialAction\":[{\"@type\":\"ReadAction\",\"target\":[\"https:\\\/\\\/microaktiv.com\\\/pl\\\/stres-abiotyczny\\\/\"]}]},{\"@type\":\"BreadcrumbList\",\"@id\":\"https:\\\/\\\/microaktiv.com\\\/pl\\\/stres-abiotyczny\\\/#breadcrumb\",\"itemListElement\":[{\"@type\":\"ListItem\",\"position\":1,\"name\":\"Home\",\"item\":\"https:\\\/\\\/microaktiv.com\\\/pl\\\/\"},{\"@type\":\"ListItem\",\"position\":2,\"name\":\"Stres abiotyczny\"}]},{\"@type\":\"WebSite\",\"@id\":\"https:\\\/\\\/microaktiv.com\\\/pl\\\/#website\",\"url\":\"https:\\\/\\\/microaktiv.com\\\/pl\\\/\",\"name\":\"MicroAktiv\",\"description\":\"Grow the bio way\",\"publisher\":{\"@id\":\"https:\\\/\\\/microaktiv.com\\\/pl\\\/#organization\"},\"potentialAction\":[{\"@type\":\"SearchAction\",\"target\":{\"@type\":\"EntryPoint\",\"urlTemplate\":\"https:\\\/\\\/microaktiv.com\\\/pl\\\/?s={search_term_string}\"},\"query-input\":{\"@type\":\"PropertyValueSpecification\",\"valueRequired\":true,\"valueName\":\"search_term_string\"}}],\"inLanguage\":\"pl-PL\"},{\"@type\":\"Organization\",\"@id\":\"https:\\\/\\\/microaktiv.com\\\/pl\\\/#organization\",\"name\":\"QM Environmental International BV\",\"url\":\"https:\\\/\\\/microaktiv.com\\\/pl\\\/\",\"logo\":{\"@type\":\"ImageObject\",\"inLanguage\":\"pl-PL\",\"@id\":\"https:\\\/\\\/microaktiv.com\\\/pl\\\/#\\\/schema\\\/logo\\\/image\\\/\",\"url\":\"https:\\\/\\\/i0.wp.com\\\/microaktiv.com\\\/wp-content\\\/uploads\\\/2022\\\/12\\\/favicon_microactiv.png?fit=1920%2C1877&ssl=1\",\"contentUrl\":\"https:\\\/\\\/i0.wp.com\\\/microaktiv.com\\\/wp-content\\\/uploads\\\/2022\\\/12\\\/favicon_microactiv.png?fit=1920%2C1877&ssl=1\",\"width\":1920,\"height\":1877,\"caption\":\"QM Environmental International BV\"},\"image\":{\"@id\":\"https:\\\/\\\/microaktiv.com\\\/pl\\\/#\\\/schema\\\/logo\\\/image\\\/\"},\"sameAs\":[\"https:\\\/\\\/www.facebook.com\\\/profile.php?id=100089514366245\",\"https:\\\/\\\/x.com\\\/MicroAktiv\",\"https:\\\/\\\/www.linkedin.com\\\/showcase\\\/microaktiv\\\/\"]}]}<\/script>\n<!-- \/ Yoast SEO Premium plugin. -->","yoast_head_json":{"title":"Stres abiotyczny - MicroAktiv","description":"Stres abiotyczny ro\u015blin (APS) jest zjawiskiem wywo\u0142anym przez czynniki zewn\u0119trzne w \u015brodowisku, w kt\u00f3rym ro\u015bnie ro\u015blina.","robots":{"index":"index","follow":"follow","max-snippet":"max-snippet:-1","max-image-preview":"max-image-preview:large","max-video-preview":"max-video-preview:-1"},"canonical":"https:\/\/microaktiv.com\/pl\/stres-abiotyczny\/","og_locale":"pl_PL","og_type":"article","og_title":"Stres abiotyczny","og_description":"Stres abiotyczny ro\u015blin (APS) jest zjawiskiem wywo\u0142anym przez czynniki zewn\u0119trzne w \u015brodowisku, w kt\u00f3rym ro\u015bnie ro\u015blina.","og_url":"https:\/\/microaktiv.com\/pl\/stres-abiotyczny\/","og_site_name":"MicroAktiv","article_publisher":"https:\/\/www.facebook.com\/profile.php?id=100089514366245","article_modified_time":"2023-03-29T15:29:42+00:00","twitter_card":"summary_large_image","twitter_site":"@MicroAktiv","twitter_misc":{"Szacowany czas czytania":"6 minut"},"schema":{"@context":"https:\/\/schema.org","@graph":[{"@type":"WebPage","@id":"https:\/\/microaktiv.com\/pl\/stres-abiotyczny\/","url":"https:\/\/microaktiv.com\/pl\/stres-abiotyczny\/","name":"Stres abiotyczny - MicroAktiv","isPartOf":{"@id":"https:\/\/microaktiv.com\/pl\/#website"},"datePublished":"2022-12-12T13:48:29+00:00","dateModified":"2023-03-29T15:29:42+00:00","description":"Stres abiotyczny ro\u015blin (APS) jest zjawiskiem wywo\u0142anym przez czynniki zewn\u0119trzne w \u015brodowisku, w kt\u00f3rym ro\u015bnie ro\u015blina.","breadcrumb":{"@id":"https:\/\/microaktiv.com\/pl\/stres-abiotyczny\/#breadcrumb"},"inLanguage":"pl-PL","potentialAction":[{"@type":"ReadAction","target":["https:\/\/microaktiv.com\/pl\/stres-abiotyczny\/"]}]},{"@type":"BreadcrumbList","@id":"https:\/\/microaktiv.com\/pl\/stres-abiotyczny\/#breadcrumb","itemListElement":[{"@type":"ListItem","position":1,"name":"Home","item":"https:\/\/microaktiv.com\/pl\/"},{"@type":"ListItem","position":2,"name":"Stres abiotyczny"}]},{"@type":"WebSite","@id":"https:\/\/microaktiv.com\/pl\/#website","url":"https:\/\/microaktiv.com\/pl\/","name":"MicroAktiv","description":"Grow the bio way","publisher":{"@id":"https:\/\/microaktiv.com\/pl\/#organization"},"potentialAction":[{"@type":"SearchAction","target":{"@type":"EntryPoint","urlTemplate":"https:\/\/microaktiv.com\/pl\/?s={search_term_string}"},"query-input":{"@type":"PropertyValueSpecification","valueRequired":true,"valueName":"search_term_string"}}],"inLanguage":"pl-PL"},{"@type":"Organization","@id":"https:\/\/microaktiv.com\/pl\/#organization","name":"QM Environmental International BV","url":"https:\/\/microaktiv.com\/pl\/","logo":{"@type":"ImageObject","inLanguage":"pl-PL","@id":"https:\/\/microaktiv.com\/pl\/#\/schema\/logo\/image\/","url":"https:\/\/i0.wp.com\/microaktiv.com\/wp-content\/uploads\/2022\/12\/favicon_microactiv.png?fit=1920%2C1877&ssl=1","contentUrl":"https:\/\/i0.wp.com\/microaktiv.com\/wp-content\/uploads\/2022\/12\/favicon_microactiv.png?fit=1920%2C1877&ssl=1","width":1920,"height":1877,"caption":"QM Environmental International BV"},"image":{"@id":"https:\/\/microaktiv.com\/pl\/#\/schema\/logo\/image\/"},"sameAs":["https:\/\/www.facebook.com\/profile.php?id=100089514366245","https:\/\/x.com\/MicroAktiv","https:\/\/www.linkedin.com\/showcase\/microaktiv\/"]}]}},"_links":{"self":[{"href":"https:\/\/microaktiv.com\/pl\/wp-json\/wp\/v2\/pages\/4907","targetHints":{"allow":["GET"]}}],"collection":[{"href":"https:\/\/microaktiv.com\/pl\/wp-json\/wp\/v2\/pages"}],"about":[{"href":"https:\/\/microaktiv.com\/pl\/wp-json\/wp\/v2\/types\/page"}],"author":[{"embeddable":true,"href":"https:\/\/microaktiv.com\/pl\/wp-json\/wp\/v2\/users\/1"}],"replies":[{"embeddable":true,"href":"https:\/\/microaktiv.com\/pl\/wp-json\/wp\/v2\/comments?post=4907"}],"version-history":[{"count":5,"href":"https:\/\/microaktiv.com\/pl\/wp-json\/wp\/v2\/pages\/4907\/revisions"}],"predecessor-version":[{"id":4924,"href":"https:\/\/microaktiv.com\/pl\/wp-json\/wp\/v2\/pages\/4907\/revisions\/4924"}],"wp:attachment":[{"href":"https:\/\/microaktiv.com\/pl\/wp-json\/wp\/v2\/media?parent=4907"}],"curies":[{"name":"wp","href":"https:\/\/api.w.org\/{rel}","templated":true}]}}