{"id":5034,"date":"2023-02-22T16:14:52","date_gmt":"2023-02-22T14:14:52","guid":{"rendered":"https:\/\/microaktiv.com\/zastrzezenie\/"},"modified":"2023-04-18T13:31:47","modified_gmt":"2023-04-18T11:31:47","slug":"zastrzezenie","status":"publish","type":"page","link":"https:\/\/microaktiv.com\/pl\/zastrzezenie\/","title":{"rendered":"Zastrze\u017cenie"},"content":{"rendered":"<div class=\"fusion-fullwidth fullwidth-box fusion-builder-row-1 fusion-flex-container has-pattern-background has-mask-background nonhundred-percent-fullwidth non-hundred-percent-height-scrolling\" style=\"--awb-border-radius-top-left:0px;--awb-border-radius-top-right:0px;--awb-border-radius-bottom-right:0px;--awb-border-radius-bottom-left:0px;--awb-flex-wrap:wrap;\" ><div class=\"fusion-builder-row fusion-row fusion-flex-align-items-flex-start fusion-flex-content-wrap\" style=\"max-width:1372.8px;margin-left: calc(-4% \/ 2 );margin-right: calc(-4% \/ 2 );\"><div class=\"fusion-layout-column fusion_builder_column fusion-builder-column-0 fusion_builder_column_1_1 1_1 fusion-flex-column\" style=\"--awb-bg-size:cover;--awb-width-large:100%;--awb-margin-top-large:0px;--awb-spacing-right-large:1.92%;--awb-margin-bottom-large:0px;--awb-spacing-left-large:1.92%;--awb-width-medium:100%;--awb-order-medium:0;--awb-spacing-right-medium:1.92%;--awb-spacing-left-medium:1.92%;--awb-width-small:100%;--awb-order-small:0;--awb-spacing-right-small:1.92%;--awb-spacing-left-small:1.92%;\"><div class=\"fusion-column-wrapper fusion-column-has-shadow fusion-flex-justify-content-flex-start fusion-content-layout-column\"><div class=\"fusion-text fusion-text-1\"><p><strong>Zastrze\u017cenie<\/strong><\/p>\n<p>Informacje na tej stronie s\u0105 przeznaczone wy\u0142\u0105cznie do u\u017cytku osobistego i niekomercyjnego. Bez pisemnej zgody QM Environmental International zabronione jest powielanie, zmienianie, przechowywanie w zautomatyzowanym pliku danych, publikowanie w jakiejkolwiek formie iw jakimkolwiek celu.<\/p>\n<p>Zebrali\u015bmy informacje na tej stronie z najwy\u017csz\u0105 staranno\u015bci\u0105. Niemniej jednak mo\u017cliwe jest, \u017ce niekt\u00f3re informacje s\u0105 nieaktualne lub (ju\u017c) niepoprawne. QM Environmental International nie ponosi \u017cadnej odpowiedzialno\u015bci za skutki dzia\u0142a\u0144 lub zaniecha\u0144 opartych na dostarczonych informacjach.<\/p>\n<p>Podj\u0119li\u015bmy wszelkie uzasadnione \u015brodki, aby niniejsza witryna by\u0142a wolna od wirus\u00f3w komputerowych, ale nie mo\u017cemy zagwarantowa\u0107, \u017ce witryna jest od nich ca\u0142kowicie wolna. QM Environmental International nie ponosi odpowiedzialno\u015bci za szkody spowodowane przez wirusy w sprz\u0119cie komputerowym lub oprogramowaniu komputerowym w wyniku przegl\u0105dania tej witryny.<\/p>\n<p>Ta strona zawiera hiper\u0142\u0105cza do innych stron internetowych, kt\u00f3rych QM Environmental International nie tworzy ani nie utrzymuje. Wszelka odpowiedzialno\u015b\u0107 za zawarto\u015b\u0107 i zastosowanie tych stron jest wykluczona przez QM Environmental International.<\/p>\n<p>Je\u015bli masz jakiekolwiek pytania dotycz\u0105ce naszej polityki prywatno\u015bci i plik\u00f3w cookie, zawsze mo\u017cesz skontaktowa\u0107 si\u0119 z nami za po\u015brednictwem info@qmes.nl.<\/p>\n<p>Ostatnia aktualizacja: 22.02.2023<\/p>\n<\/div><\/div><\/div><\/div><\/div>\n","protected":false},"excerpt":{"rendered":"","protected":false},"author":4,"featured_media":0,"parent":0,"menu_order":0,"comment_status":"closed","ping_status":"closed","template":"100-width.php","meta":{"_acf_changed":false,"footnotes":""},"class_list":["post-5034","page","type-page","status-publish","hentry"],"acf":[],"yoast_head":"<!-- This site is optimized with the Yoast SEO Premium plugin v27.0 (Yoast SEO v27.3) - https:\/\/yoast.com\/product\/yoast-seo-premium-wordpress\/ -->\n<title>Zastrze\u017cenie - MicroAktiv<\/title>\n<meta name=\"robots\" content=\"index, follow, max-snippet:-1, max-image-preview:large, max-video-preview:-1\" \/>\n<link rel=\"canonical\" href=\"https:\/\/microaktiv.com\/pl\/zastrzezenie\/\" \/>\n<meta property=\"og:locale\" content=\"pl_PL\" \/>\n<meta property=\"og:type\" content=\"article\" \/>\n<meta property=\"og:title\" content=\"Zastrze\u017cenie\" \/>\n<meta property=\"og:url\" content=\"https:\/\/microaktiv.com\/pl\/zastrzezenie\/\" \/>\n<meta property=\"og:site_name\" content=\"MicroAktiv\" \/>\n<meta property=\"article:publisher\" content=\"https:\/\/www.facebook.com\/profile.php?id=100089514366245\" \/>\n<meta property=\"article:modified_time\" content=\"2023-04-18T11:31:47+00:00\" \/>\n<meta name=\"twitter:card\" content=\"summary_large_image\" \/>\n<meta name=\"twitter:site\" content=\"@MicroAktiv\" \/>\n<meta name=\"twitter:label1\" content=\"Szacowany czas czytania\" \/>\n\t<meta name=\"twitter:data1\" content=\"5 minut\" \/>\n<script type=\"application\/ld+json\" class=\"yoast-schema-graph\">{\"@context\":\"https:\\\/\\\/schema.org\",\"@graph\":[{\"@type\":\"WebPage\",\"@id\":\"https:\\\/\\\/microaktiv.com\\\/pl\\\/zastrzezenie\\\/\",\"url\":\"https:\\\/\\\/microaktiv.com\\\/pl\\\/zastrzezenie\\\/\",\"name\":\"Zastrze\u017cenie - MicroAktiv\",\"isPartOf\":{\"@id\":\"https:\\\/\\\/microaktiv.com\\\/pl\\\/#website\"},\"datePublished\":\"2023-02-22T14:14:52+00:00\",\"dateModified\":\"2023-04-18T11:31:47+00:00\",\"breadcrumb\":{\"@id\":\"https:\\\/\\\/microaktiv.com\\\/pl\\\/zastrzezenie\\\/#breadcrumb\"},\"inLanguage\":\"pl-PL\",\"potentialAction\":[{\"@type\":\"ReadAction\",\"target\":[\"https:\\\/\\\/microaktiv.com\\\/pl\\\/zastrzezenie\\\/\"]}]},{\"@type\":\"BreadcrumbList\",\"@id\":\"https:\\\/\\\/microaktiv.com\\\/pl\\\/zastrzezenie\\\/#breadcrumb\",\"itemListElement\":[{\"@type\":\"ListItem\",\"position\":1,\"name\":\"Home\",\"item\":\"https:\\\/\\\/microaktiv.com\\\/pl\\\/\"},{\"@type\":\"ListItem\",\"position\":2,\"name\":\"Zastrze\u017cenie\"}]},{\"@type\":\"WebSite\",\"@id\":\"https:\\\/\\\/microaktiv.com\\\/pl\\\/#website\",\"url\":\"https:\\\/\\\/microaktiv.com\\\/pl\\\/\",\"name\":\"MicroAktiv\",\"description\":\"Grow the bio way\",\"publisher\":{\"@id\":\"https:\\\/\\\/microaktiv.com\\\/pl\\\/#organization\"},\"potentialAction\":[{\"@type\":\"SearchAction\",\"target\":{\"@type\":\"EntryPoint\",\"urlTemplate\":\"https:\\\/\\\/microaktiv.com\\\/pl\\\/?s={search_term_string}\"},\"query-input\":{\"@type\":\"PropertyValueSpecification\",\"valueRequired\":true,\"valueName\":\"search_term_string\"}}],\"inLanguage\":\"pl-PL\"},{\"@type\":\"Organization\",\"@id\":\"https:\\\/\\\/microaktiv.com\\\/pl\\\/#organization\",\"name\":\"QM Environmental International BV\",\"url\":\"https:\\\/\\\/microaktiv.com\\\/pl\\\/\",\"logo\":{\"@type\":\"ImageObject\",\"inLanguage\":\"pl-PL\",\"@id\":\"https:\\\/\\\/microaktiv.com\\\/pl\\\/#\\\/schema\\\/logo\\\/image\\\/\",\"url\":\"https:\\\/\\\/i0.wp.com\\\/microaktiv.com\\\/wp-content\\\/uploads\\\/2022\\\/12\\\/favicon_microactiv.png?fit=1920%2C1877&ssl=1\",\"contentUrl\":\"https:\\\/\\\/i0.wp.com\\\/microaktiv.com\\\/wp-content\\\/uploads\\\/2022\\\/12\\\/favicon_microactiv.png?fit=1920%2C1877&ssl=1\",\"width\":1920,\"height\":1877,\"caption\":\"QM Environmental International BV\"},\"image\":{\"@id\":\"https:\\\/\\\/microaktiv.com\\\/pl\\\/#\\\/schema\\\/logo\\\/image\\\/\"},\"sameAs\":[\"https:\\\/\\\/www.facebook.com\\\/profile.php?id=100089514366245\",\"https:\\\/\\\/x.com\\\/MicroAktiv\",\"https:\\\/\\\/www.linkedin.com\\\/showcase\\\/microaktiv\\\/\"]}]}<\/script>\n<!-- \/ Yoast SEO Premium plugin. -->","yoast_head_json":{"title":"Zastrze\u017cenie - MicroAktiv","robots":{"index":"index","follow":"follow","max-snippet":"max-snippet:-1","max-image-preview":"max-image-preview:large","max-video-preview":"max-video-preview:-1"},"canonical":"https:\/\/microaktiv.com\/pl\/zastrzezenie\/","og_locale":"pl_PL","og_type":"article","og_title":"Zastrze\u017cenie","og_url":"https:\/\/microaktiv.com\/pl\/zastrzezenie\/","og_site_name":"MicroAktiv","article_publisher":"https:\/\/www.facebook.com\/profile.php?id=100089514366245","article_modified_time":"2023-04-18T11:31:47+00:00","twitter_card":"summary_large_image","twitter_site":"@MicroAktiv","twitter_misc":{"Szacowany czas czytania":"5 minut"},"schema":{"@context":"https:\/\/schema.org","@graph":[{"@type":"WebPage","@id":"https:\/\/microaktiv.com\/pl\/zastrzezenie\/","url":"https:\/\/microaktiv.com\/pl\/zastrzezenie\/","name":"Zastrze\u017cenie - MicroAktiv","isPartOf":{"@id":"https:\/\/microaktiv.com\/pl\/#website"},"datePublished":"2023-02-22T14:14:52+00:00","dateModified":"2023-04-18T11:31:47+00:00","breadcrumb":{"@id":"https:\/\/microaktiv.com\/pl\/zastrzezenie\/#breadcrumb"},"inLanguage":"pl-PL","potentialAction":[{"@type":"ReadAction","target":["https:\/\/microaktiv.com\/pl\/zastrzezenie\/"]}]},{"@type":"BreadcrumbList","@id":"https:\/\/microaktiv.com\/pl\/zastrzezenie\/#breadcrumb","itemListElement":[{"@type":"ListItem","position":1,"name":"Home","item":"https:\/\/microaktiv.com\/pl\/"},{"@type":"ListItem","position":2,"name":"Zastrze\u017cenie"}]},{"@type":"WebSite","@id":"https:\/\/microaktiv.com\/pl\/#website","url":"https:\/\/microaktiv.com\/pl\/","name":"MicroAktiv","description":"Grow the bio way","publisher":{"@id":"https:\/\/microaktiv.com\/pl\/#organization"},"potentialAction":[{"@type":"SearchAction","target":{"@type":"EntryPoint","urlTemplate":"https:\/\/microaktiv.com\/pl\/?s={search_term_string}"},"query-input":{"@type":"PropertyValueSpecification","valueRequired":true,"valueName":"search_term_string"}}],"inLanguage":"pl-PL"},{"@type":"Organization","@id":"https:\/\/microaktiv.com\/pl\/#organization","name":"QM Environmental International BV","url":"https:\/\/microaktiv.com\/pl\/","logo":{"@type":"ImageObject","inLanguage":"pl-PL","@id":"https:\/\/microaktiv.com\/pl\/#\/schema\/logo\/image\/","url":"https:\/\/i0.wp.com\/microaktiv.com\/wp-content\/uploads\/2022\/12\/favicon_microactiv.png?fit=1920%2C1877&ssl=1","contentUrl":"https:\/\/i0.wp.com\/microaktiv.com\/wp-content\/uploads\/2022\/12\/favicon_microactiv.png?fit=1920%2C1877&ssl=1","width":1920,"height":1877,"caption":"QM Environmental International BV"},"image":{"@id":"https:\/\/microaktiv.com\/pl\/#\/schema\/logo\/image\/"},"sameAs":["https:\/\/www.facebook.com\/profile.php?id=100089514366245","https:\/\/x.com\/MicroAktiv","https:\/\/www.linkedin.com\/showcase\/microaktiv\/"]}]}},"_links":{"self":[{"href":"https:\/\/microaktiv.com\/pl\/wp-json\/wp\/v2\/pages\/5034","targetHints":{"allow":["GET"]}}],"collection":[{"href":"https:\/\/microaktiv.com\/pl\/wp-json\/wp\/v2\/pages"}],"about":[{"href":"https:\/\/microaktiv.com\/pl\/wp-json\/wp\/v2\/types\/page"}],"author":[{"embeddable":true,"href":"https:\/\/microaktiv.com\/pl\/wp-json\/wp\/v2\/users\/4"}],"replies":[{"embeddable":true,"href":"https:\/\/microaktiv.com\/pl\/wp-json\/wp\/v2\/comments?post=5034"}],"version-history":[{"count":2,"href":"https:\/\/microaktiv.com\/pl\/wp-json\/wp\/v2\/pages\/5034\/revisions"}],"predecessor-version":[{"id":5036,"href":"https:\/\/microaktiv.com\/pl\/wp-json\/wp\/v2\/pages\/5034\/revisions\/5036"}],"wp:attachment":[{"href":"https:\/\/microaktiv.com\/pl\/wp-json\/wp\/v2\/media?parent=5034"}],"curies":[{"name":"wp","href":"https:\/\/api.w.org\/{rel}","templated":true}]}}