{"id":5039,"date":"2023-02-23T11:57:51","date_gmt":"2023-02-23T09:57:51","guid":{"rendered":"https:\/\/microaktiv.com\/polityka-zwrotow-i-zwrotow\/"},"modified":"2023-04-18T14:05:13","modified_gmt":"2023-04-18T12:05:13","slug":"polityka-zwrotow-i-zwrotow","status":"publish","type":"page","link":"https:\/\/microaktiv.com\/pl\/polityka-zwrotow-i-zwrotow\/","title":{"rendered":"Polityka zwrot\u00f3w i zwrot\u00f3w"},"content":{"rendered":"<div class=\"fusion-fullwidth fullwidth-box fusion-builder-row-1 fusion-flex-container nonhundred-percent-fullwidth non-hundred-percent-height-scrolling\" style=\"--awb-border-radius-top-left:0px;--awb-border-radius-top-right:0px;--awb-border-radius-bottom-right:0px;--awb-border-radius-bottom-left:0px;--awb-flex-wrap:wrap;\" ><div class=\"fusion-builder-row fusion-row fusion-flex-align-items-flex-start fusion-flex-content-wrap\" style=\"max-width:1372.8px;margin-left: calc(-4% \/ 2 );margin-right: calc(-4% \/ 2 );\"><div class=\"fusion-layout-column fusion_builder_column fusion-builder-column-0 fusion_builder_column_1_1 1_1 fusion-flex-column\" style=\"--awb-bg-size:cover;--awb-width-large:100%;--awb-margin-top-large:0px;--awb-spacing-right-large:1.92%;--awb-margin-bottom-large:0px;--awb-spacing-left-large:1.92%;--awb-width-medium:100%;--awb-spacing-right-medium:1.92%;--awb-spacing-left-medium:1.92%;--awb-width-small:100%;--awb-spacing-right-small:1.92%;--awb-spacing-left-small:1.92%;\"><div class=\"fusion-column-wrapper fusion-flex-justify-content-flex-start fusion-content-layout-column\"><div class=\"fusion-text fusion-text-1\"><p><strong>Przegl\u0105d<\/strong><\/p>\n<p>Nasza polityka zwrot\u00f3w i zwrot\u00f3w obowi\u0105zuje przez 30 dni. Je\u015bli od zakupu min\u0119\u0142o 30 dni, nie mo\u017cemy zaoferowa\u0107 pe\u0142nego lub cz\u0119\u015bciowego zwrotu pieni\u0119dzy ani wymiany.<\/p>\n<p>Aby kwalifikowa\u0107 si\u0119 do zwrotu, przedmiot musi by\u0107 nieu\u017cywany iw takim samym stanie, w jakim go otrzyma\u0142e\u015b. Musi by\u0107 r\u00f3wnie\u017c w oryginalnym opakowaniu.<\/p>\n<p>Aby dokona\u0107 zwrotu, potrzebujemy paragonu lub dowodu zakupu.<\/p>\n<p><strong>Zwroty pieni\u0119dzy<\/strong><\/p>\n<p>Po otrzymaniu i sprawdzeniu zwrotu wy\u015blemy Ci wiadomo\u015b\u0107 e-mail z informacj\u0105, \u017ce otrzymali\u015bmy zwr\u00f3cony przedmiot. Powiadomimy Ci\u0119 r\u00f3wnie\u017c o zatwierdzeniu lub odrzuceniu Twojego zwrotu.<\/p>\n<p>Je\u015bli zostaniesz zatwierdzony, Tw\u00f3j zwrot zostanie przetworzony, a kredyt zostanie automatycznie zastosowany do Twojej karty kredytowej lub oryginalnej metody p\u0142atno\u015bci w ci\u0105gu okre\u015blonej liczby dni.<\/p>\n<p><strong>Op\u00f3\u017anione lub brakuj\u0105ce zwroty<\/strong><\/p>\n<p>Je\u015bli nie otrzyma\u0142e\u015b jeszcze zwrotu pieni\u0119dzy, sprawd\u017a ponownie swoje konto bankowe. Nast\u0119pnie skontaktuj si\u0119 z wystawc\u0105 karty kredytowej. Oficjalne zaksi\u0119gowanie zwrotu mo\u017ce chwil\u0119 potrwa\u0107. Nast\u0119pnie skontaktuj si\u0119 ze swoim bankiem. Zanim zwrot zostanie zaksi\u0119gowany, cz\u0119sto mija troch\u0119 czasu. Je\u015bli zrobi\u0142e\u015b to wszystko i nadal nie otrzyma\u0142e\u015b zwrotu pieni\u0119dzy, skontaktuj si\u0119 z nami pod adresem <a href=\"mailto:info@microaktiv.com\">info@microaktiv.com<\/a>.<\/p>\n<p><strong>Sprzedawaj przedmioty<\/strong><\/p>\n<p>Zwrotowi podlega\u0107 mog\u0105 tylko artyku\u0142y o regularnej cenie. Przedmioty z wyprzeda\u017cy lub oferty specjalne nie podlegaj\u0105 zwrotowi.<\/p>\n<p><strong>Wymiana lub zwrot<\/strong><\/p>\n<p>Wymieniamy tylko produkty, kt\u00f3re s\u0105 wadliwe lub uszkodzone. Je\u015bli chcesz zwr\u00f3ci\u0107 lub wymieni\u0107 produkt na ten sam produkt, najpierw wy\u015blij nam e-mail (<a href=\"mailto:info@microaktiv.com\">info@microaktiv.com<\/a>) z podaniem przyczyny wraz z wyra\u017anymi zdj\u0119ciami ewentualnej wady, a po naszym potwierdzeniu wysy\u0142asz przedmiot.<\/p>\n<p><strong>Za\u0142atwi\u0107<\/strong><\/p>\n<p>Aby zwr\u00f3ci\u0107 produkt, musisz wys\u0142a\u0107 produkt na adres:<\/p>\n<p><strong>QM Environmental International B.V.<\/strong><\/p>\n<p><strong>Henricuskade 123A<\/strong><\/p>\n<p><strong>2497 NB Haga<\/strong><\/p>\n<p><strong>Holandia<\/strong><\/p>\n<p>Jeste\u015b odpowiedzialny za op\u0142acenie w\u0142asnych koszt\u00f3w wysy\u0142ki za zwrot przedmiotu. Koszt wysy\u0142ki nie podlega zwrotowi. Je\u015bli otrzymasz zwrot pieni\u0119dzy, koszt wysy\u0142ki zwrotnej zostanie odj\u0119ty od Twojego zwrotu, je\u015bli go zap\u0142acili\u015bmy.<\/p>\n<p>W zale\u017cno\u015bci od tego, gdzie mieszkasz, czas potrzebny na dostarczenie wymienionego produktu mo\u017ce si\u0119 r\u00f3\u017cni\u0107.<\/p>\n<p>Mo\u017cesz rozwa\u017cy\u0107 skorzystanie z us\u0142ugi \u015bledzenia przesy\u0142ki lub wykupienie ubezpieczenia przesy\u0142ki. Nie mo\u017cemy zagwarantowa\u0107, \u017ce otrzymamy zwr\u00f3cony przedmiot.<\/p>\n<p><strong>Potrzebuj\u0119 pomocy?<\/strong><\/p>\n<p>Prosimy o kontakt pod adresem info@microaktiv.com w przypadku pyta\u0144 dotycz\u0105cych zwrot\u00f3w i zwrot\u00f3w.<\/p>\n<\/div><\/div><\/div><\/div><\/div>\n","protected":false},"excerpt":{"rendered":"","protected":false},"author":1,"featured_media":0,"parent":0,"menu_order":0,"comment_status":"closed","ping_status":"closed","template":"100-width.php","meta":{"_acf_changed":false,"footnotes":""},"class_list":["post-5039","page","type-page","status-publish","hentry"],"acf":[],"yoast_head":"<!-- This site is optimized with the Yoast SEO Premium plugin v27.0 (Yoast SEO v27.5) - https:\/\/yoast.com\/product\/yoast-seo-premium-wordpress\/ -->\n<title>Polityka zwrot\u00f3w i zwrot\u00f3w - MicroAktiv<\/title>\n<meta name=\"robots\" content=\"index, follow, max-snippet:-1, max-image-preview:large, max-video-preview:-1\" \/>\n<link rel=\"canonical\" href=\"https:\/\/microaktiv.com\/pl\/polityka-zwrotow-i-zwrotow\/\" \/>\n<meta property=\"og:locale\" content=\"pl_PL\" \/>\n<meta property=\"og:type\" content=\"article\" \/>\n<meta property=\"og:title\" content=\"Polityka zwrot\u00f3w i zwrot\u00f3w\" \/>\n<meta property=\"og:url\" content=\"https:\/\/microaktiv.com\/pl\/polityka-zwrotow-i-zwrotow\/\" \/>\n<meta property=\"og:site_name\" content=\"MicroAktiv\" \/>\n<meta property=\"article:publisher\" content=\"https:\/\/www.facebook.com\/profile.php?id=100089514366245\" \/>\n<meta property=\"article:modified_time\" content=\"2023-04-18T12:05:13+00:00\" \/>\n<meta name=\"twitter:card\" content=\"summary_large_image\" \/>\n<meta name=\"twitter:site\" content=\"@MicroAktiv\" \/>\n<meta name=\"twitter:label1\" content=\"Szacowany czas czytania\" \/>\n\t<meta name=\"twitter:data1\" content=\"3 minuty\" \/>\n<script type=\"application\/ld+json\" class=\"yoast-schema-graph\">{\"@context\":\"https:\\\/\\\/schema.org\",\"@graph\":[{\"@type\":\"WebPage\",\"@id\":\"https:\\\/\\\/microaktiv.com\\\/pl\\\/polityka-zwrotow-i-zwrotow\\\/\",\"url\":\"https:\\\/\\\/microaktiv.com\\\/pl\\\/polityka-zwrotow-i-zwrotow\\\/\",\"name\":\"Polityka zwrot\u00f3w i zwrot\u00f3w - MicroAktiv\",\"isPartOf\":{\"@id\":\"https:\\\/\\\/microaktiv.com\\\/pl\\\/#website\"},\"datePublished\":\"2023-02-23T09:57:51+00:00\",\"dateModified\":\"2023-04-18T12:05:13+00:00\",\"breadcrumb\":{\"@id\":\"https:\\\/\\\/microaktiv.com\\\/pl\\\/polityka-zwrotow-i-zwrotow\\\/#breadcrumb\"},\"inLanguage\":\"pl-PL\",\"potentialAction\":[{\"@type\":\"ReadAction\",\"target\":[\"https:\\\/\\\/microaktiv.com\\\/pl\\\/polityka-zwrotow-i-zwrotow\\\/\"]}]},{\"@type\":\"BreadcrumbList\",\"@id\":\"https:\\\/\\\/microaktiv.com\\\/pl\\\/polityka-zwrotow-i-zwrotow\\\/#breadcrumb\",\"itemListElement\":[{\"@type\":\"ListItem\",\"position\":1,\"name\":\"Home\",\"item\":\"https:\\\/\\\/microaktiv.com\\\/pl\\\/\"},{\"@type\":\"ListItem\",\"position\":2,\"name\":\"Polityka zwrot\u00f3w i zwrot\u00f3w\"}]},{\"@type\":\"WebSite\",\"@id\":\"https:\\\/\\\/microaktiv.com\\\/pl\\\/#website\",\"url\":\"https:\\\/\\\/microaktiv.com\\\/pl\\\/\",\"name\":\"MicroAktiv\",\"description\":\"Grow the bio way\",\"publisher\":{\"@id\":\"https:\\\/\\\/microaktiv.com\\\/pl\\\/#organization\"},\"potentialAction\":[{\"@type\":\"SearchAction\",\"target\":{\"@type\":\"EntryPoint\",\"urlTemplate\":\"https:\\\/\\\/microaktiv.com\\\/pl\\\/?s={search_term_string}\"},\"query-input\":{\"@type\":\"PropertyValueSpecification\",\"valueRequired\":true,\"valueName\":\"search_term_string\"}}],\"inLanguage\":\"pl-PL\"},{\"@type\":\"Organization\",\"@id\":\"https:\\\/\\\/microaktiv.com\\\/pl\\\/#organization\",\"name\":\"QM Environmental International BV\",\"url\":\"https:\\\/\\\/microaktiv.com\\\/pl\\\/\",\"logo\":{\"@type\":\"ImageObject\",\"inLanguage\":\"pl-PL\",\"@id\":\"https:\\\/\\\/microaktiv.com\\\/pl\\\/#\\\/schema\\\/logo\\\/image\\\/\",\"url\":\"https:\\\/\\\/i0.wp.com\\\/microaktiv.com\\\/wp-content\\\/uploads\\\/2022\\\/12\\\/favicon_microactiv.png?fit=1920%2C1877&ssl=1\",\"contentUrl\":\"https:\\\/\\\/i0.wp.com\\\/microaktiv.com\\\/wp-content\\\/uploads\\\/2022\\\/12\\\/favicon_microactiv.png?fit=1920%2C1877&ssl=1\",\"width\":1920,\"height\":1877,\"caption\":\"QM Environmental International BV\"},\"image\":{\"@id\":\"https:\\\/\\\/microaktiv.com\\\/pl\\\/#\\\/schema\\\/logo\\\/image\\\/\"},\"sameAs\":[\"https:\\\/\\\/www.facebook.com\\\/profile.php?id=100089514366245\",\"https:\\\/\\\/x.com\\\/MicroAktiv\",\"https:\\\/\\\/www.linkedin.com\\\/showcase\\\/microaktiv\\\/\"]}]}<\/script>\n<!-- \/ Yoast SEO Premium plugin. -->","yoast_head_json":{"title":"Polityka zwrot\u00f3w i zwrot\u00f3w - MicroAktiv","robots":{"index":"index","follow":"follow","max-snippet":"max-snippet:-1","max-image-preview":"max-image-preview:large","max-video-preview":"max-video-preview:-1"},"canonical":"https:\/\/microaktiv.com\/pl\/polityka-zwrotow-i-zwrotow\/","og_locale":"pl_PL","og_type":"article","og_title":"Polityka zwrot\u00f3w i zwrot\u00f3w","og_url":"https:\/\/microaktiv.com\/pl\/polityka-zwrotow-i-zwrotow\/","og_site_name":"MicroAktiv","article_publisher":"https:\/\/www.facebook.com\/profile.php?id=100089514366245","article_modified_time":"2023-04-18T12:05:13+00:00","twitter_card":"summary_large_image","twitter_site":"@MicroAktiv","twitter_misc":{"Szacowany czas czytania":"3 minuty"},"schema":{"@context":"https:\/\/schema.org","@graph":[{"@type":"WebPage","@id":"https:\/\/microaktiv.com\/pl\/polityka-zwrotow-i-zwrotow\/","url":"https:\/\/microaktiv.com\/pl\/polityka-zwrotow-i-zwrotow\/","name":"Polityka zwrot\u00f3w i zwrot\u00f3w - MicroAktiv","isPartOf":{"@id":"https:\/\/microaktiv.com\/pl\/#website"},"datePublished":"2023-02-23T09:57:51+00:00","dateModified":"2023-04-18T12:05:13+00:00","breadcrumb":{"@id":"https:\/\/microaktiv.com\/pl\/polityka-zwrotow-i-zwrotow\/#breadcrumb"},"inLanguage":"pl-PL","potentialAction":[{"@type":"ReadAction","target":["https:\/\/microaktiv.com\/pl\/polityka-zwrotow-i-zwrotow\/"]}]},{"@type":"BreadcrumbList","@id":"https:\/\/microaktiv.com\/pl\/polityka-zwrotow-i-zwrotow\/#breadcrumb","itemListElement":[{"@type":"ListItem","position":1,"name":"Home","item":"https:\/\/microaktiv.com\/pl\/"},{"@type":"ListItem","position":2,"name":"Polityka zwrot\u00f3w i zwrot\u00f3w"}]},{"@type":"WebSite","@id":"https:\/\/microaktiv.com\/pl\/#website","url":"https:\/\/microaktiv.com\/pl\/","name":"MicroAktiv","description":"Grow the bio way","publisher":{"@id":"https:\/\/microaktiv.com\/pl\/#organization"},"potentialAction":[{"@type":"SearchAction","target":{"@type":"EntryPoint","urlTemplate":"https:\/\/microaktiv.com\/pl\/?s={search_term_string}"},"query-input":{"@type":"PropertyValueSpecification","valueRequired":true,"valueName":"search_term_string"}}],"inLanguage":"pl-PL"},{"@type":"Organization","@id":"https:\/\/microaktiv.com\/pl\/#organization","name":"QM Environmental International BV","url":"https:\/\/microaktiv.com\/pl\/","logo":{"@type":"ImageObject","inLanguage":"pl-PL","@id":"https:\/\/microaktiv.com\/pl\/#\/schema\/logo\/image\/","url":"https:\/\/i0.wp.com\/microaktiv.com\/wp-content\/uploads\/2022\/12\/favicon_microactiv.png?fit=1920%2C1877&ssl=1","contentUrl":"https:\/\/i0.wp.com\/microaktiv.com\/wp-content\/uploads\/2022\/12\/favicon_microactiv.png?fit=1920%2C1877&ssl=1","width":1920,"height":1877,"caption":"QM Environmental International BV"},"image":{"@id":"https:\/\/microaktiv.com\/pl\/#\/schema\/logo\/image\/"},"sameAs":["https:\/\/www.facebook.com\/profile.php?id=100089514366245","https:\/\/x.com\/MicroAktiv","https:\/\/www.linkedin.com\/showcase\/microaktiv\/"]}]}},"_links":{"self":[{"href":"https:\/\/microaktiv.com\/pl\/wp-json\/wp\/v2\/pages\/5039","targetHints":{"allow":["GET"]}}],"collection":[{"href":"https:\/\/microaktiv.com\/pl\/wp-json\/wp\/v2\/pages"}],"about":[{"href":"https:\/\/microaktiv.com\/pl\/wp-json\/wp\/v2\/types\/page"}],"author":[{"embeddable":true,"href":"https:\/\/microaktiv.com\/pl\/wp-json\/wp\/v2\/users\/1"}],"replies":[{"embeddable":true,"href":"https:\/\/microaktiv.com\/pl\/wp-json\/wp\/v2\/comments?post=5039"}],"version-history":[{"count":2,"href":"https:\/\/microaktiv.com\/pl\/wp-json\/wp\/v2\/pages\/5039\/revisions"}],"predecessor-version":[{"id":5041,"href":"https:\/\/microaktiv.com\/pl\/wp-json\/wp\/v2\/pages\/5039\/revisions\/5041"}],"wp:attachment":[{"href":"https:\/\/microaktiv.com\/pl\/wp-json\/wp\/v2\/media?parent=5039"}],"curies":[{"name":"wp","href":"https:\/\/api.w.org\/{rel}","templated":true}]}}