{"id":5042,"date":"2018-08-23T08:08:57","date_gmt":"2018-08-23T06:08:57","guid":{"rendered":"https:\/\/microaktiv.com\/polityka-prywatnosci\/"},"modified":"2023-04-18T14:35:05","modified_gmt":"2023-04-18T12:35:05","slug":"polityka-prywatnosci","status":"publish","type":"page","link":"https:\/\/microaktiv.com\/pl\/polityka-prywatnosci\/","title":{"rendered":"Polityka prywatno\u015bci"},"content":{"rendered":"<div class=\"fusion-fullwidth fullwidth-box fusion-builder-row-1 fusion-flex-container nonhundred-percent-fullwidth non-hundred-percent-height-scrolling\" style=\"--awb-border-radius-top-left:0px;--awb-border-radius-top-right:0px;--awb-border-radius-bottom-right:0px;--awb-border-radius-bottom-left:0px;--awb-flex-wrap:wrap;\" ><div class=\"fusion-builder-row fusion-row fusion-flex-align-items-flex-start fusion-flex-content-wrap\" style=\"max-width:1372.8px;margin-left: calc(-4% \/ 2 );margin-right: calc(-4% \/ 2 );\"><div class=\"fusion-layout-column fusion_builder_column fusion-builder-column-0 fusion_builder_column_1_1 1_1 fusion-flex-column\" style=\"--awb-bg-size:cover;--awb-width-large:100%;--awb-margin-top-large:0px;--awb-spacing-right-large:1.92%;--awb-margin-bottom-large:0px;--awb-spacing-left-large:1.92%;--awb-width-medium:100%;--awb-spacing-right-medium:1.92%;--awb-spacing-left-medium:1.92%;--awb-width-small:100%;--awb-spacing-right-small:1.92%;--awb-spacing-left-small:1.92%;\"><div class=\"fusion-column-wrapper fusion-flex-justify-content-flex-start fusion-content-layout-column\"><div class=\"fusion-text fusion-text-1\"><h2>Kim jeste\u015bmy<\/h2>\n<p>Adres naszej strony internetowej to: https:\/\/microaktiv.com<\/p>\n<h2>O\u015bwiadczenie o ochronie prywatno\u015bci<\/h2>\n<p>Korzystaj\u0105c z naszej witryny, wyra\u017casz zgod\u0119 na wykorzystanie swoich danych w spos\u00f3b opisany w niniejszym O\u015bwiadczeniu o ochronie prywatno\u015bci. Niniejsze o\u015bwiadczenie o ochronie prywatno\u015bci mo\u017ce ulec zmianie. Dlatego zalecamy regularne czytanie tego o\u015bwiadczenia, aby by\u0107 \u015bwiadomym wszelkich zmian. Zawsze i wy\u0142\u0105cznie przetwarzamy dane osobowe zgodnie z holenderskim og\u00f3lnym rozporz\u0105dzeniem o ochronie danych oraz ustaw\u0105 z dnia 8 grudnia 1992 r. o ochronie prywatno\u015bci w zwi\u0105zku z przetwarzaniem danych osobowych.<\/p>\n<h3>Prywatno\u015b\u0107<\/h3>\n<p>QM Environmental International szanuje prywatno\u015b\u0107 wszystkich odwiedzaj\u0105cych witryn\u0119. Dane, kt\u00f3re mo\u017cesz zostawi\u0107 na tej stronie, b\u0119d\u0105 zatem traktowane ostro\u017cnie i poufnie. Korzystamy wy\u0142\u0105cznie z danych, kt\u00f3re zosta\u0142y wyra\u017anie i dobrowolnie przekazane przez osoby odwiedzaj\u0105ce nasz\u0105 stron\u0119 internetow\u0105 i\/lub prosz\u0105ce o informacje. Wymiana danych w serwisie r\u00f3wnie\u017c jest szyfrowana certyfikatem SSL.<br \/>\nJe\u015bli zamawiasz co\u015b w naszym sklepie internetowym, potrzebujemy Twoich danych, aby upewni\u0107 si\u0119, \u017ce mo\u017cemy dostarczy\u0107 Twoje zam\u00f3wienie. Ale zawsze ostro\u017cnie obchodzimy si\u0119 z Twoimi danymi osobowymi. Dbamy o nie i dbamy o ich bezpiecze\u0144stwo. Ch\u0119tnie poinformujemy Ci\u0119 tutaj, co robimy z Twoimi danymi osobowymi i dlaczego ich potrzebujemy. Je\u015bli po przeczytaniu naszej polityki prywatno\u015bci masz jakiekolwiek pytania, skontaktuj si\u0119 z naszym dzia\u0142em obs\u0142ugi klienta.<br \/>\nNiniejsza polityka prywatno\u015bci mo\u017ce od czasu do czasu ulec zmianie, je\u015bli nowe wydarzenia b\u0119d\u0105 ku temu sprzyja\u0107. Najbardziej aktualn\u0105 polityk\u0119 prywatno\u015bci mo\u017cna znale\u017a\u0107 na stronie www.microaktiv.com. Zalecamy regularne zapoznawanie si\u0119 z niniejsz\u0105 polityk\u0105 prywatno\u015bci, aby by\u0107 \u015bwiadomym tych zmian. Tutaj zawsze zobaczysz ostatni\u0105 dat\u0119 zmiany.<\/p>\n<p>Ta polityka prywatno\u015bci zosta\u0142a ostatnio zmodyfikowana 28 lutego 2023 r.<\/p>\n<h3>Kto jest odpowiedzialny za przetwarzanie moich danych osobowych?<\/h3>\n<p>QM Environmental International B.V. (\u201eMicroAktiv.com\u201d), z siedzib\u0105 pod adresem Henricuskade 123A, 2497 NB, Haga, Holandia, jest administratorem danych zgodnie z opisem w niniejszej polityce prywatno\u015bci.<\/p>\n<h3>Kiedy obowi\u0105zuje niniejsza polityka prywatno\u015bci?<\/h3>\n<p>Niniejsza polityka prywatno\u015bci dotyczy wszystkich danych osobowych przetwarzanych przez nasz\u0105 witryn\u0119 microaktiv.com od ka\u017cdego, kto mia\u0142 kontakt z microaktiv.com, takich jak nasi go\u015bcie, klienci i kontakty biznesowe, we wszystkich domenach powi\u0105zanych z microaktiv.com.<\/p>\n<h3>Czym s\u0105 dane osobowe?<\/h3>\n<p>Dane osobowe to wszystkie dane, kt\u00f3re mo\u017cna powi\u0105za\u0107 z Tob\u0105 jako osob\u0105 fizyczn\u0105. Pomy\u015bl tylko o swoim nazwisku, numerze telefonu, adresie lub adresie e-mail. Ale dane takie jak Tw\u00f3j adres IP czy numer klienta microaktiv.com to r\u00f3wnie\u017c dane osobowe. Oraz inne dane, kt\u00f3re s\u0105 dla Ciebie unikalne, takie jak historia zam\u00f3wie\u0144 na microaktiv.com lub zachowanie podczas surfowania.<\/p>\n<h3>Od kogo przetwarzamy dane osobowe i w jaki spos\u00f3b uzyskujemy te dane?<\/h3>\n<p>Przetwarzamy dane osobowe wszystkich os\u00f3b, kt\u00f3re mia\u0142y (mia\u0142y) bezpo\u015bredni kontakt z microaktiv.com, takich jak klienci (biznesowi) oraz osoby kontaktowe partner\u00f3w.<br \/>\nDane otrzymujemy bezpo\u015brednio od Ciebie, gdy odwiedzasz nasz\u0105 stron\u0119 internetow\u0105, wype\u0142niasz i wysy\u0142asz formularz kontaktowy, zapisujesz si\u0119 do newslettera lub zak\u0142adasz konto w sklepie internetowym.<\/p>\n<h3>Jakie dane od Ciebie przetwarzamy, do czego je wykorzystujemy i jak d\u0142ugo je przechowujemy?<\/h3>\n<h4>Dane do przetwarzania Twojej pro\u015bby o informacje za po\u015brednictwem naszego formularza kontaktowego<\/h4>\n<p>Je\u015bli wy\u015blesz nam wiadomo\u015b\u0107 za po\u015brednictwem naszego formularza kontaktowego, potrzebujemy od Ciebie pewnych informacji, takich jak imi\u0119 i nazwisko, adres e-mail i numer telefonu, aby si\u0119 z Tob\u0105 skontaktowa\u0107. Dane te s\u0105 przechowywane tak d\u0142ugo, jak jest to konieczne do udzielenia Pa\u0144stwu pe\u0142nych informacji. Dane te zostan\u0105 usuni\u0119te z naszych system\u00f3w po 6 miesi\u0105cach od ostatniego kontaktu mi\u0119dzy nami.<\/p>\n<h4>Dane do przetwarzania Twojej rejestracji na otrzymywanie newslettera<\/h4>\n<p>Je\u017celi zapisujesz si\u0119 do newslettera, robisz to poprzez podanie swojego adresu e-mail. Adres ten jest przechowywany w naszym systemie tak d\u0142ugo, jak d\u0142ugo pozostajesz subskrybentem naszego newslettera. Gdy tylko zrezygnujesz z otrzymywania newslettera, Tw\u00f3j adres e-mail zostanie usuni\u0119ty.<\/p>\n<h4>Dane do realizacji Twojego zam\u00f3wienia<\/h4>\n<p>Je\u015bli co\u015b zamawiasz, potrzebujemy od Ciebie pewnych informacji, aby m\u00f3c dostarczy\u0107 Twoje zam\u00f3wienie i informowa\u0107 Ci\u0119 o nim. Informacje te s\u0105 r\u00f3wnie\u017c wymagane w przypadku wszelkich zwrot\u00f3w lub wymian.<br \/>\nW tym celu zbieramy Twoje imi\u0119 i nazwisko, adres e-mail, adres(y) dostawy i numer telefonu.<br \/>\nDane s\u0105 niezb\u0119dne do wykonania umowy, kt\u00f3r\u0105 zawar\u0142e\u015b z nami (lub z jednym z naszych partner\u00f3w handlowych).<\/p>\n<h4>Dane do realizacji zam\u00f3wienia innej osoby, gdzie Twoim adresem jest adres dostawy<\/h4>\n<p>Gdy kto\u015b wysy\u0142a zam\u00f3wienie bezpo\u015brednio do Ciebie, otrzymujemy Twoje imi\u0119 i nazwisko oraz dane adresowe od tej osoby. microaktiv.com potrzebuje tych danych, aby m\u00f3c zrealizowa\u0107 zam\u00f3wienie.<\/p>\n<h4>Dane na Twoim koncie<\/h4>\n<p>Na Twoim koncie osobistym przechowujemy nast\u0119puj\u0105ce dane: Twoje imi\u0119 i nazwisko, adres(y) (dostawy\/lokalizacji\/faktury), numer telefonu, adres e-mail, numer klienta, zam\u00f3wienia, pliki do pobrania i faktury.<br \/>\nNaszym celem jest uczynienie \u017cycia naszych klient\u00f3w \u0142atwiejszym i przyjemniejszym. Dlatego przechowujemy dane na Twoim koncie tak d\u0142ugo, jak d\u0142ugo jeste\u015b naszym aktywnym klientem. Je\u015bli nie logowa\u0142e\u015b si\u0119 u nas przez 7 lat, usuniemy wszystkie Twoje dane. Ponadto w ka\u017cdej chwili mo\u017cesz za\u017c\u0105da\u0107 usuni\u0119cia swoich danych z konta.<\/p>\n<h4>Informacje o Twoim kontakcie z obs\u0142ug\u0105 klienta<\/h4>\n<p>Mo\u017cesz skontaktowa\u0107 si\u0119 z obs\u0142ug\u0105 klienta w godzinach pracy biura. Mo\u017cesz do nas zadzwoni\u0107 lub wys\u0142a\u0107 e-mail.<br \/>\nU\u017cywamy danych zapisanych na Twoim koncie, aby skontaktowa\u0107 si\u0119 z Tob\u0105 w odpowiedzi na Twoje pytanie lub reklamacj\u0119 skierowan\u0105 do nas. Nast\u0119pnym razem mo\u017cemy Ci pom\u00f3c szybciej, zapisuj\u0105c Twoje dane. W zwi\u0105zku z tym przechowujemy notatki dotycz\u0105ce kontakt\u00f3w z klientami z nami iz naszymi partnerami handlowymi tak d\u0142ugo, jak d\u0142ugo jeste\u015b naszym aktywnym klientem.<\/p>\n<h3>Dane dla optymalnych zakup\u00f3w<\/h3>\n<p>Przede wszystkim dbamy o to, aby nasza strona internetowa dzia\u0142a\u0142a poprawnie, aby\u015b m\u00f3g\u0142 optymalnie robi\u0107 zakupy.<\/p>\n<h4>Media spo\u0142eczno\u015bciowe<\/h4>\n<p>Je\u015bli korzystasz z medi\u00f3w spo\u0142eczno\u015bciowych, takich jak Facebook, Twitter lub Pinterest, mo\u017cesz u\u017cy\u0107 przycisk\u00f3w \u201eLubi\u0119 to i udost\u0119pnij\u201d w sklepie internetowym na microaktiv.com, aby udost\u0119pnia\u0107 artyku\u0142y, kt\u00f3re uwa\u017casz za zabawne, przydatne lub u\u017cyteczne, swoim znajomym na swoim koncie w mediach spo\u0142eczno\u015bciowych. Microaktiv.com nie ma dost\u0119pu do Twojego konta w mediach spo\u0142eczno\u015bciowych. Zalecamy uwa\u017cne zapoznanie si\u0119 z polityk\u0105 prywatno\u015bci stron medi\u00f3w spo\u0142eczno\u015bciowych, na kt\u00f3rych masz konto, aby\u015b wiedzia\u0142, w jaki spos\u00f3b wykorzystywane s\u0105 Twoje dane i jak mo\u017cesz dostosowa\u0107 swoje ustawienia. Mo\u017cesz r\u00f3wnie\u017c wys\u0142a\u0107 link do strony produktu za pomoc\u0105 w\u0142asnego programu e-mail.<\/p>\n<h4>Partnerzy dystrybucyjni i logistyczni<\/h4>\n<p>W celu dostarczenia zam\u00f3wienia wsp\u00f3\u0142pracujemy z r\u00f3\u017cnymi partnerami logistycznymi, takimi jak PostNL i GLS. Nasi partnerzy logistyczni otrzymuj\u0105 Twoje dane kontaktowe oraz adresy dostawy i rozlicze\u0144. Potrzebuj\u0105 tych informacji, aby dostarczy\u0107 Twoj\u0105 paczk\u0119 na wybrany przez Ciebie adres, aby informowa\u0107 Ci\u0119 o czasie dostawy przez e-mail, SMS lub aplikacj\u0119 oraz aby da\u0107 Ci mo\u017cliwo\u015b\u0107 skorzystania z dodatkowych us\u0142ug od tych partner\u00f3w logistycznych ( np. inny adres dostawy). Partner logistyczny jest zaanga\u017cowany jako niezale\u017cna strona odpowiedzialna za realizacj\u0119 umowy z Tob\u0105. Aby uzyska\u0107 wi\u0119cej informacji na temat wykorzystywania Twoich danych przez odpowiedniego dostawc\u0119 us\u0142ug logistycznych, mo\u017cesz zapozna\u0107 si\u0119 z o\u015bwiadczeniem o ochronie prywatno\u015bci na stronie internetowej us\u0142ugi dostawy.<\/p>\n<h4>Rz\u0105d<\/h4>\n<p>Czasami musimy przekaza\u0107 dane osobowe rz\u0105dowi. Mo\u017ce to najpierw nast\u0105pi\u0107, je\u015bli niekt\u00f3re instytucje rz\u0105dowe potrzebuj\u0105 tych informacji do wykonywania swoich zada\u0144, na przyk\u0142ad administracja podatkowa i celna. Policja lub wymiar sprawiedliwo\u015bci mog\u0105 r\u00f3wnie\u017c potrzebowa\u0107 pewnych danych w przypadku oszustwa lub nadu\u017cycia. Wreszcie niekt\u00f3re organy nadzorcze mog\u0105 uzyska\u0107 dost\u0119p do danych osobowych w kontek\u015bcie dochodzenia.<\/p>\n<h3>Gdzie przechowujemy Twoje dane?<\/h3>\n<p>Twoje dane przechowujemy na terenie Europejskiego Obszaru Gospodarczego (\u201eEOG\u201d). Jednak niekt\u00f3re gromadzone przez nas dane mog\u0105 by\u0107 przesy\u0142ane lub przechowywane w miejscu docelowym poza EOG, na przyk\u0142ad dlatego, \u017ce ma tam siedzib\u0119 jeden z naszych zewn\u0119trznych us\u0142ugodawc\u00f3w. W takim przypadku zapewniamy, \u017ce odbywa si\u0119 to w spos\u00f3b bezpieczny i zgodny z prawem. W takich przypadkach Microaktiv.com podejmie odpowiednie \u015brodki w celu zapewnienia, \u017ce \u200b\u200bTwoje dane s\u0105 chronione w najlepszy mo\u017cliwy spos\u00f3b, na przyk\u0142ad uzgodnienie z odbiorcami standardowych klauzul ochrony danych ustanowionych przez Komisj\u0119 Europejsk\u0105. Je\u015bli masz jakiekolwiek pytania na ten temat, mo\u017cesz skontaktowa\u0107 si\u0119 z naszym inspektorem ochrony danych. Mo\u017cesz to zrobi\u0107, wysy\u0142aj\u0105c wiadomo\u015b\u0107 e-mail na adres info@microaktiv.com.<\/p>\n<h3>Z jakich praw mo\u017cesz skorzysta\u0107 w odniesieniu do swoich danych?<\/h3>\n<h4>W prawo do informacji<\/h4>\n<p>Masz prawo do zrozumia\u0142ego i przejrzystego wyja\u015bnienia, w jaki spos\u00f3b post\u0119pujemy z Twoimi danymi osobowymi oraz z jakich praw mo\u017cesz skorzysta\u0107 w tym zakresie.. Dlatego w niniejszej polityce prywatno\u015bci szczeg\u00f3\u0142owo wyja\u015bnili\u015bmy, jakie dane od Ciebie zbieramy i jak post\u0119pujemy z Twoimi danymi.<\/p>\n<h4>Prawo dost\u0119pu<\/h4>\n<p>W ka\u017cdej chwili masz prawo za\u017c\u0105da\u0107 dost\u0119pu do informacji, kt\u00f3re posiadamy na Tw\u00f3j temat. Mo\u017cesz o to poprosi\u0107, wysy\u0142aj\u0105c wiadomo\u015b\u0107 e-mail na adres info@microaktiv.com. \u017b\u0105dania przetwarzamy najp\u00f3\u017aniej w ci\u0105gu 30 dni.<\/p>\n<h4>Prawo do sprostowania<\/h4>\n<p>Masz prawo do sprostowania swoich danych osobowych, je\u015bli s\u0105 one nieprawid\u0142owe lub nieaktualne i\/lub do ich uzupe\u0142nienia, je\u015bli s\u0105 niekompletne. Mo\u017cesz to zrobi\u0107 24\/7 na swoim koncie.<\/p>\n<h4>Prawo do z\u0142o\u017cenia reklamacji<\/h4>\n<p>Masz prawo z\u0142o\u017cy\u0107 skarg\u0119 na spos\u00f3b, w jaki post\u0119pujemy z Twoimi danymi. Je\u015bli masz skarg\u0119, wolimy sami j\u0105 rozwi\u0105za\u0107. W tym celu prosimy o kontakt z naszym dzia\u0142em obs\u0142ugi klienta. Ale masz r\u00f3wnie\u017c prawo z\u0142o\u017cy\u0107 skarg\u0119 do naszego inspektora ochrony danych. Mo\u017cesz to zrobi\u0107, wysy\u0142aj\u0105c wiadomo\u015b\u0107 e-mail na adres info@microaktiv.com. Wreszcie, masz prawo z\u0142o\u017cy\u0107 skarg\u0119 do holenderskiego organu ochrony danych.<\/p>\n<h3>Zapyta\u0107?<\/h3>\n<p>Je\u015bli masz jakiekolwiek pytania dotycz\u0105ce sposobu, w jaki QM Environmental International obchodzi si\u0119 z danymi osobowymi, prosimy o kontakt z naszym dzia\u0142em obs\u0142ugi klienta. Ch\u0119tnie pomo\u017cemy.<\/p>\n<h3>Polityka Cookie<\/h3>\n<h4>Co to jest ciasteczko?<\/h4>\n<p>Plik cookie to prosty ma\u0142y plik tekstowy, kt\u00f3ry jest umieszczany na Twoim komputerze, tablecie lub smartfonie podczas Twojej wizyty na stronie internetowej. Zapisane w nich informacje mog\u0105 zosta\u0107 rozpoznane przez odpowiedni\u0105 witryn\u0119 przy kolejnej wizycie.<br \/>\nQM Environmental International nie u\u017cywa plik\u00f3w cookie na stronie microaktiv.com.<\/p>\n<\/div><\/div><\/div><\/div><\/div>\n","protected":false},"excerpt":{"rendered":"","protected":false},"author":1,"featured_media":0,"parent":0,"menu_order":0,"comment_status":"closed","ping_status":"open","template":"","meta":{"_acf_changed":false,"footnotes":""},"class_list":["post-5042","page","type-page","status-publish","hentry"],"acf":[],"yoast_head":"<!-- This site is optimized with the Yoast SEO Premium plugin v27.0 (Yoast SEO v27.3) - https:\/\/yoast.com\/product\/yoast-seo-premium-wordpress\/ -->\n<title>Polityka prywatno\u015bci - MicroAktiv<\/title>\n<meta name=\"robots\" content=\"index, follow, max-snippet:-1, max-image-preview:large, max-video-preview:-1\" \/>\n<link rel=\"canonical\" href=\"https:\/\/microaktiv.com\/pl\/polityka-prywatnosci\/\" \/>\n<meta property=\"og:locale\" content=\"pl_PL\" \/>\n<meta property=\"og:type\" content=\"article\" \/>\n<meta property=\"og:title\" content=\"Polityka prywatno\u015bci\" \/>\n<meta property=\"og:url\" content=\"https:\/\/microaktiv.com\/pl\/polityka-prywatnosci\/\" \/>\n<meta property=\"og:site_name\" content=\"MicroAktiv\" \/>\n<meta property=\"article:publisher\" content=\"https:\/\/www.facebook.com\/profile.php?id=100089514366245\" \/>\n<meta property=\"article:modified_time\" content=\"2023-04-18T12:35:05+00:00\" \/>\n<meta name=\"twitter:card\" content=\"summary_large_image\" \/>\n<meta name=\"twitter:site\" content=\"@MicroAktiv\" \/>\n<meta name=\"twitter:label1\" content=\"Szacowany czas czytania\" \/>\n\t<meta name=\"twitter:data1\" content=\"10 minut\" \/>\n<script type=\"application\/ld+json\" class=\"yoast-schema-graph\">{\"@context\":\"https:\\\/\\\/schema.org\",\"@graph\":[{\"@type\":\"WebPage\",\"@id\":\"https:\\\/\\\/microaktiv.com\\\/pl\\\/polityka-prywatnosci\\\/\",\"url\":\"https:\\\/\\\/microaktiv.com\\\/pl\\\/polityka-prywatnosci\\\/\",\"name\":\"Polityka prywatno\u015bci - MicroAktiv\",\"isPartOf\":{\"@id\":\"https:\\\/\\\/microaktiv.com\\\/pl\\\/#website\"},\"datePublished\":\"2018-08-23T06:08:57+00:00\",\"dateModified\":\"2023-04-18T12:35:05+00:00\",\"breadcrumb\":{\"@id\":\"https:\\\/\\\/microaktiv.com\\\/pl\\\/polityka-prywatnosci\\\/#breadcrumb\"},\"inLanguage\":\"pl-PL\",\"potentialAction\":[{\"@type\":\"ReadAction\",\"target\":[\"https:\\\/\\\/microaktiv.com\\\/pl\\\/polityka-prywatnosci\\\/\"]}]},{\"@type\":\"BreadcrumbList\",\"@id\":\"https:\\\/\\\/microaktiv.com\\\/pl\\\/polityka-prywatnosci\\\/#breadcrumb\",\"itemListElement\":[{\"@type\":\"ListItem\",\"position\":1,\"name\":\"Home\",\"item\":\"https:\\\/\\\/microaktiv.com\\\/pl\\\/\"},{\"@type\":\"ListItem\",\"position\":2,\"name\":\"Polityka prywatno\u015bci\"}]},{\"@type\":\"WebSite\",\"@id\":\"https:\\\/\\\/microaktiv.com\\\/pl\\\/#website\",\"url\":\"https:\\\/\\\/microaktiv.com\\\/pl\\\/\",\"name\":\"MicroAktiv\",\"description\":\"Grow the bio way\",\"publisher\":{\"@id\":\"https:\\\/\\\/microaktiv.com\\\/pl\\\/#organization\"},\"potentialAction\":[{\"@type\":\"SearchAction\",\"target\":{\"@type\":\"EntryPoint\",\"urlTemplate\":\"https:\\\/\\\/microaktiv.com\\\/pl\\\/?s={search_term_string}\"},\"query-input\":{\"@type\":\"PropertyValueSpecification\",\"valueRequired\":true,\"valueName\":\"search_term_string\"}}],\"inLanguage\":\"pl-PL\"},{\"@type\":\"Organization\",\"@id\":\"https:\\\/\\\/microaktiv.com\\\/pl\\\/#organization\",\"name\":\"QM Environmental International BV\",\"url\":\"https:\\\/\\\/microaktiv.com\\\/pl\\\/\",\"logo\":{\"@type\":\"ImageObject\",\"inLanguage\":\"pl-PL\",\"@id\":\"https:\\\/\\\/microaktiv.com\\\/pl\\\/#\\\/schema\\\/logo\\\/image\\\/\",\"url\":\"https:\\\/\\\/i0.wp.com\\\/microaktiv.com\\\/wp-content\\\/uploads\\\/2022\\\/12\\\/favicon_microactiv.png?fit=1920%2C1877&ssl=1\",\"contentUrl\":\"https:\\\/\\\/i0.wp.com\\\/microaktiv.com\\\/wp-content\\\/uploads\\\/2022\\\/12\\\/favicon_microactiv.png?fit=1920%2C1877&ssl=1\",\"width\":1920,\"height\":1877,\"caption\":\"QM Environmental International BV\"},\"image\":{\"@id\":\"https:\\\/\\\/microaktiv.com\\\/pl\\\/#\\\/schema\\\/logo\\\/image\\\/\"},\"sameAs\":[\"https:\\\/\\\/www.facebook.com\\\/profile.php?id=100089514366245\",\"https:\\\/\\\/x.com\\\/MicroAktiv\",\"https:\\\/\\\/www.linkedin.com\\\/showcase\\\/microaktiv\\\/\"]}]}<\/script>\n<!-- \/ Yoast SEO Premium plugin. -->","yoast_head_json":{"title":"Polityka prywatno\u015bci - MicroAktiv","robots":{"index":"index","follow":"follow","max-snippet":"max-snippet:-1","max-image-preview":"max-image-preview:large","max-video-preview":"max-video-preview:-1"},"canonical":"https:\/\/microaktiv.com\/pl\/polityka-prywatnosci\/","og_locale":"pl_PL","og_type":"article","og_title":"Polityka prywatno\u015bci","og_url":"https:\/\/microaktiv.com\/pl\/polityka-prywatnosci\/","og_site_name":"MicroAktiv","article_publisher":"https:\/\/www.facebook.com\/profile.php?id=100089514366245","article_modified_time":"2023-04-18T12:35:05+00:00","twitter_card":"summary_large_image","twitter_site":"@MicroAktiv","twitter_misc":{"Szacowany czas czytania":"10 minut"},"schema":{"@context":"https:\/\/schema.org","@graph":[{"@type":"WebPage","@id":"https:\/\/microaktiv.com\/pl\/polityka-prywatnosci\/","url":"https:\/\/microaktiv.com\/pl\/polityka-prywatnosci\/","name":"Polityka prywatno\u015bci - MicroAktiv","isPartOf":{"@id":"https:\/\/microaktiv.com\/pl\/#website"},"datePublished":"2018-08-23T06:08:57+00:00","dateModified":"2023-04-18T12:35:05+00:00","breadcrumb":{"@id":"https:\/\/microaktiv.com\/pl\/polityka-prywatnosci\/#breadcrumb"},"inLanguage":"pl-PL","potentialAction":[{"@type":"ReadAction","target":["https:\/\/microaktiv.com\/pl\/polityka-prywatnosci\/"]}]},{"@type":"BreadcrumbList","@id":"https:\/\/microaktiv.com\/pl\/polityka-prywatnosci\/#breadcrumb","itemListElement":[{"@type":"ListItem","position":1,"name":"Home","item":"https:\/\/microaktiv.com\/pl\/"},{"@type":"ListItem","position":2,"name":"Polityka prywatno\u015bci"}]},{"@type":"WebSite","@id":"https:\/\/microaktiv.com\/pl\/#website","url":"https:\/\/microaktiv.com\/pl\/","name":"MicroAktiv","description":"Grow the bio way","publisher":{"@id":"https:\/\/microaktiv.com\/pl\/#organization"},"potentialAction":[{"@type":"SearchAction","target":{"@type":"EntryPoint","urlTemplate":"https:\/\/microaktiv.com\/pl\/?s={search_term_string}"},"query-input":{"@type":"PropertyValueSpecification","valueRequired":true,"valueName":"search_term_string"}}],"inLanguage":"pl-PL"},{"@type":"Organization","@id":"https:\/\/microaktiv.com\/pl\/#organization","name":"QM Environmental International BV","url":"https:\/\/microaktiv.com\/pl\/","logo":{"@type":"ImageObject","inLanguage":"pl-PL","@id":"https:\/\/microaktiv.com\/pl\/#\/schema\/logo\/image\/","url":"https:\/\/i0.wp.com\/microaktiv.com\/wp-content\/uploads\/2022\/12\/favicon_microactiv.png?fit=1920%2C1877&ssl=1","contentUrl":"https:\/\/i0.wp.com\/microaktiv.com\/wp-content\/uploads\/2022\/12\/favicon_microactiv.png?fit=1920%2C1877&ssl=1","width":1920,"height":1877,"caption":"QM Environmental International BV"},"image":{"@id":"https:\/\/microaktiv.com\/pl\/#\/schema\/logo\/image\/"},"sameAs":["https:\/\/www.facebook.com\/profile.php?id=100089514366245","https:\/\/x.com\/MicroAktiv","https:\/\/www.linkedin.com\/showcase\/microaktiv\/"]}]}},"_links":{"self":[{"href":"https:\/\/microaktiv.com\/pl\/wp-json\/wp\/v2\/pages\/5042","targetHints":{"allow":["GET"]}}],"collection":[{"href":"https:\/\/microaktiv.com\/pl\/wp-json\/wp\/v2\/pages"}],"about":[{"href":"https:\/\/microaktiv.com\/pl\/wp-json\/wp\/v2\/types\/page"}],"author":[{"embeddable":true,"href":"https:\/\/microaktiv.com\/pl\/wp-json\/wp\/v2\/users\/1"}],"replies":[{"embeddable":true,"href":"https:\/\/microaktiv.com\/pl\/wp-json\/wp\/v2\/comments?post=5042"}],"version-history":[{"count":2,"href":"https:\/\/microaktiv.com\/pl\/wp-json\/wp\/v2\/pages\/5042\/revisions"}],"predecessor-version":[{"id":5044,"href":"https:\/\/microaktiv.com\/pl\/wp-json\/wp\/v2\/pages\/5042\/revisions\/5044"}],"wp:attachment":[{"href":"https:\/\/microaktiv.com\/pl\/wp-json\/wp\/v2\/media?parent=5042"}],"curies":[{"name":"wp","href":"https:\/\/api.w.org\/{rel}","templated":true}]}}