{"id":5050,"date":"2023-01-11T11:21:51","date_gmt":"2023-01-11T09:21:51","guid":{"rendered":"https:\/\/microaktiv.com\/product\/microaktiv-al3\/"},"modified":"2023-04-19T16:18:44","modified_gmt":"2023-04-19T14:18:44","slug":"microaktiv-al3","status":"publish","type":"product","link":"https:\/\/microaktiv.com\/pl\/produkt\/microaktiv-al3\/","title":{"rendered":"MicroAktiv\u00ae-AL3"},"content":{"rendered":"<p><div class=\"fusion-fullwidth fullwidth-box fusion-builder-row-1 fusion-flex-container has-pattern-background has-mask-background nonhundred-percent-fullwidth non-hundred-percent-height-scrolling\" style=\"--awb-border-radius-top-left:0px;--awb-border-radius-top-right:0px;--awb-border-radius-bottom-right:0px;--awb-border-radius-bottom-left:0px;--awb-flex-wrap:wrap;\" ><div class=\"fusion-builder-row fusion-row fusion-flex-align-items-flex-start fusion-flex-content-wrap\" style=\"max-width:1372.8px;margin-left: calc(-4% \/ 2 );margin-right: calc(-4% \/ 2 );\"><div class=\"fusion-layout-column fusion_builder_column fusion-builder-column-0 fusion_builder_column_1_1 1_1 fusion-flex-column\" style=\"--awb-bg-size:cover;--awb-width-large:100%;--awb-margin-top-large:0px;--awb-spacing-right-large:1.92%;--awb-margin-bottom-large:0px;--awb-spacing-left-large:1.92%;--awb-width-medium:100%;--awb-order-medium:0;--awb-spacing-right-medium:1.92%;--awb-spacing-left-medium:1.92%;--awb-width-small:100%;--awb-order-small:0;--awb-spacing-right-small:1.92%;--awb-spacing-left-small:1.92%;\"><div class=\"fusion-column-wrapper fusion-column-has-shadow fusion-flex-justify-content-flex-start fusion-content-layout-column\"><div class=\"fusion-text fusion-text-1\"><p>MicroAktiv<sup>\u00ae<\/sup>-AL3 to mieszanka wyselekcjonowanych, przystosowanych mikroorganizm\u00f3w, kt\u00f3re zapobiegaj\u0105 wzrostowi glon\u00f3w w zbiornikach wodnych, takich jak stawy, rowy, kana\u0142y i jeziora rekreacyjne. Mo\u017ce by\u0107 r\u00f3wnie\u017c stosowany w zbiornikach wodnych kompleks\u00f3w szklarniowych i innych wolno p\u0142yn\u0105cych zbiornikach wodnych.<\/p>\n<h5>Sk\u0142ad<\/h5>\n<p>Naturalne, wyselekcjonowane, odpowiednio dostosowane mikroorganizmy i flokulanty w st\u0119\u017ceniu &gt;3 x 10<sup>9<\/sup> cfu\/gram.<\/p>\n<p><b>Okres wa\u017cno\u015bci:<\/b> 2 lata<\/p>\n<h5>Dozowanie<\/h5>\n<p>Z regu\u0142y MicroAktiv<sup>\u00ae<\/sup>-AL3 jest dozowany bezpo\u015brednio do zbiornika wodnego. Zaleca si\u0119 stosowanie zapobiegawczej dawki podtrzymuj\u0105cej, aby zahamowa\u0107 rozw\u00f3j glon\u00f3w. MicroAktiv<sup>\u00ae<\/sup>-AL3 dozuje si\u0119 3 razy przez okres 28 dni. Harmonogram dozowania MicroAktiv<sup>\u00ae<\/sup>-AL3 do zbiornik\u00f3w wodnych i staw\u00f3w:<\/p>\n<p><strong>1<sup>szy<\/sup> aplikacji:<\/strong> 2 kg\/1000 m<sup>3<\/sup> obj\u0119to\u015b\u0107 wody w zbiorniku<\/p>\n<p><strong>Druga zastosowanie (2<sup>-gi)<\/sup> (2 tygodnie po pierwszej (1<sup>szy<\/sup>) aplikacji):<\/strong> 1 kg\/1000 m<sup>3<\/sup> obj\u0119to\u015b\u0107 wody w zbiorniku<\/p>\n<p><strong>Trzecie zastosowanie (3<sup>ci<\/sup>) (4 tygodnie po pierwszej (1<sup>szy<\/sup>) aplikacji)<\/strong>:0,5 kg\/1000 m<sup>3<\/sup> obj\u0119to\u015b\u0107 wody w zbiorniku<\/p>\n<p><strong>Dawka podtrzymuj\u0105ca Co 2 tygodnie po 3 aplikacji (3ci) (w razie potrzeby):<\/strong> 0,5 kg\/1000 m<sup>3<\/sup> obj\u0119to\u015b\u0107 wody w zbiorniku<\/p>\n<h5>Opakowania<\/h5>\n<p>MicroAktiv<sup>\u00ae<\/sup>-AL3 jest dost\u0119pny w wiaderkach o wadze 11,3 kg.<\/p>\n<\/div><\/div><\/div><\/div><\/div><div class=\"fusion-fullwidth fullwidth-box fusion-builder-row-2 fusion-flex-container has-pattern-background has-mask-background nonhundred-percent-fullwidth non-hundred-percent-height-scrolling\" style=\"--awb-border-radius-top-left:0px;--awb-border-radius-top-right:0px;--awb-border-radius-bottom-right:0px;--awb-border-radius-bottom-left:0px;--awb-flex-wrap:wrap;\" ><div class=\"fusion-builder-row fusion-row fusion-flex-align-items-flex-start fusion-flex-content-wrap\" style=\"max-width:1372.8px;margin-left: calc(-4% \/ 2 );margin-right: calc(-4% \/ 2 );\"><div class=\"fusion-layout-column fusion_builder_column fusion-builder-column-1 fusion_builder_column_1_2 1_2 fusion-flex-column\" style=\"--awb-padding-top:5px;--awb-padding-right:5px;--awb-padding-bottom:5px;--awb-padding-left:5px;--awb-overflow:hidden;--awb-bg-color:rgba(174,128,76,0.25);--awb-bg-color-hover:rgba(174,128,76,0.25);--awb-bg-size:cover;--awb-border-radius:15px 15px 15px 15px;--awb-width-large:50%;--awb-margin-top-large:0px;--awb-spacing-right-large:3.84%;--awb-margin-bottom-large:5px;--awb-spacing-left-large:3.84%;--awb-width-medium:100%;--awb-order-medium:0;--awb-spacing-right-medium:1.92%;--awb-spacing-left-medium:1.92%;--awb-width-small:100%;--awb-order-small:0;--awb-spacing-right-small:1.92%;--awb-spacing-left-small:1.92%;\"><div class=\"fusion-column-wrapper fusion-column-has-shadow fusion-flex-justify-content-flex-start fusion-content-layout-column\"><div class=\"fusion-text fusion-text-2\"><h5 style=\"text-align: center;\">Pobierz kart\u0119 informacyjn\u0105 produktu<\/h5>\n<\/div><div style=\"text-align:center;\"><a class=\"fusion-button button-flat fusion-button-default-size button-default fusion-button-default button-1 fusion-button-default-span fusion-button-default-type\" target=\"_blank\" rel=\"noopener noreferrer\" href=\"https:\/\/microaktiv.com\/wp-content\/uploads\/2023\/01\/MicroAktiv-AL3_eng.pdf\"><span class=\"fusion-button-text awb-button__text awb-button__text--default\">Pobiera\u0107<\/span><\/a><\/div><\/div><\/div><div class=\"fusion-layout-column fusion_builder_column fusion-builder-column-2 fusion_builder_column_1_2 1_2 fusion-flex-column\" style=\"--awb-padding-top:5px;--awb-padding-right:5px;--awb-padding-bottom:5px;--awb-padding-left:5px;--awb-overflow:hidden;--awb-bg-color:rgba(174,128,76,0.25);--awb-bg-color-hover:rgba(174,128,76,0.25);--awb-bg-size:cover;--awb-border-radius:15px 15px 15px 15px;--awb-width-large:50%;--awb-margin-top-large:0px;--awb-spacing-right-large:3.84%;--awb-margin-bottom-large:5px;--awb-spacing-left-large:3.84%;--awb-width-medium:100%;--awb-order-medium:0;--awb-spacing-right-medium:1.92%;--awb-spacing-left-medium:1.92%;--awb-width-small:100%;--awb-order-small:0;--awb-spacing-right-small:1.92%;--awb-spacing-left-small:1.92%;\"><div class=\"fusion-column-wrapper fusion-column-has-shadow fusion-flex-justify-content-flex-start fusion-content-layout-column\"><div class=\"fusion-text fusion-text-3\"><h5 style=\"text-align: center;\">Pobierz kart\u0119 bezpiecze\u0144stwa produktu<\/h5>\n<\/div><div style=\"text-align:center;\"><a class=\"fusion-button button-flat fusion-button-default-size button-default fusion-button-default button-2 fusion-button-default-span fusion-button-default-type\" target=\"_blank\" rel=\"noopener noreferrer\" href=\"https:\/\/microaktiv.com\/wp-content\/uploads\/2023\/01\/MSDS-MicroAktiv-AL3_eng.pdf\"><span class=\"fusion-button-text awb-button__text awb-button__text--default\">Pobiera\u0107<\/span><\/a><\/div><\/div><\/div><\/div><\/div><\/p>\n","protected":false},"excerpt":{"rendered":"<p>Zmniejszony wzrost glon\u00f3w w stawach, rowach, kana\u0142ach i jeziorach rekreacyjnych.<\/p>\n","protected":false},"featured_media":7022,"template":"","meta":{"_acf_changed":false},"product_brand":[],"product_cat":[174],"product_tag":[],"class_list":{"0":"post-5050","1":"product","2":"type-product","3":"status-publish","4":"has-post-thumbnail","6":"product_cat-akwakultura","8":"first","9":"instock","10":"taxable","11":"shipping-taxable","12":"purchasable","13":"product-type-simple"},"acf":[],"yoast_head":"<!-- This site is optimized with the Yoast SEO Premium plugin v27.0 (Yoast SEO v27.3) - https:\/\/yoast.com\/product\/yoast-seo-premium-wordpress\/ -->\n<title>MicroAktiv\u00ae-AL3 - MicroAktiv<\/title>\n<meta name=\"robots\" content=\"index, follow, max-snippet:-1, max-image-preview:large, max-video-preview:-1\" \/>\n<link rel=\"canonical\" href=\"https:\/\/microaktiv.com\/pl\/produkt\/microaktiv-al3\/\" \/>\n<meta property=\"og:locale\" content=\"pl_PL\" \/>\n<meta property=\"og:type\" content=\"article\" \/>\n<meta property=\"og:title\" content=\"MicroAktiv\u00ae-AL3\" \/>\n<meta property=\"og:description\" content=\"Zmniejszony wzrost glon\u00f3w w stawach, rowach, kana\u0142ach i jeziorach rekreacyjnych.\" \/>\n<meta property=\"og:url\" content=\"https:\/\/microaktiv.com\/pl\/produkt\/microaktiv-al3\/\" \/>\n<meta property=\"og:site_name\" content=\"MicroAktiv\" \/>\n<meta property=\"article:publisher\" content=\"https:\/\/www.facebook.com\/profile.php?id=100089514366245\" \/>\n<meta property=\"article:modified_time\" content=\"2023-04-19T14:18:44+00:00\" \/>\n<meta property=\"og:image\" content=\"https:\/\/microaktiv.com\/wp-content\/uploads\/2023\/11\/MicroAktiv-AL3_eng_web.jpg\" \/>\n\t<meta property=\"og:image:width\" content=\"400\" \/>\n\t<meta property=\"og:image:height\" content=\"400\" \/>\n\t<meta property=\"og:image:type\" content=\"image\/jpeg\" \/>\n<meta name=\"twitter:card\" content=\"summary_large_image\" \/>\n<meta name=\"twitter:site\" content=\"@MicroAktiv\" \/>\n<meta name=\"twitter:label1\" content=\"Szacowany czas czytania\" \/>\n\t<meta name=\"twitter:data1\" content=\"6 minut\" \/>\n<script type=\"application\/ld+json\" class=\"yoast-schema-graph\">{\"@context\":\"https:\\\/\\\/schema.org\",\"@graph\":[{\"@type\":\"WebPage\",\"@id\":\"https:\\\/\\\/microaktiv.com\\\/pl\\\/produkt\\\/microaktiv-al3\\\/\",\"url\":\"https:\\\/\\\/microaktiv.com\\\/pl\\\/produkt\\\/microaktiv-al3\\\/\",\"name\":\"MicroAktiv\u00ae-AL3 - MicroAktiv\",\"isPartOf\":{\"@id\":\"https:\\\/\\\/microaktiv.com\\\/pl\\\/#website\"},\"primaryImageOfPage\":{\"@id\":\"https:\\\/\\\/microaktiv.com\\\/pl\\\/produkt\\\/microaktiv-al3\\\/#primaryimage\"},\"image\":{\"@id\":\"https:\\\/\\\/microaktiv.com\\\/pl\\\/produkt\\\/microaktiv-al3\\\/#primaryimage\"},\"thumbnailUrl\":\"https:\\\/\\\/microaktiv.com\\\/wp-content\\\/uploads\\\/2023\\\/11\\\/MicroAktiv-AL3_eng_web.jpg\",\"datePublished\":\"2023-01-11T09:21:51+00:00\",\"dateModified\":\"2023-04-19T14:18:44+00:00\",\"breadcrumb\":{\"@id\":\"https:\\\/\\\/microaktiv.com\\\/pl\\\/produkt\\\/microaktiv-al3\\\/#breadcrumb\"},\"inLanguage\":\"pl-PL\",\"potentialAction\":[{\"@type\":\"ReadAction\",\"target\":[\"https:\\\/\\\/microaktiv.com\\\/pl\\\/produkt\\\/microaktiv-al3\\\/\"]}]},{\"@type\":\"ImageObject\",\"inLanguage\":\"pl-PL\",\"@id\":\"https:\\\/\\\/microaktiv.com\\\/pl\\\/produkt\\\/microaktiv-al3\\\/#primaryimage\",\"url\":\"https:\\\/\\\/microaktiv.com\\\/wp-content\\\/uploads\\\/2023\\\/11\\\/MicroAktiv-AL3_eng_web.jpg\",\"contentUrl\":\"https:\\\/\\\/microaktiv.com\\\/wp-content\\\/uploads\\\/2023\\\/11\\\/MicroAktiv-AL3_eng_web.jpg\",\"width\":400,\"height\":400},{\"@type\":\"BreadcrumbList\",\"@id\":\"https:\\\/\\\/microaktiv.com\\\/pl\\\/produkt\\\/microaktiv-al3\\\/#breadcrumb\",\"itemListElement\":[{\"@type\":\"ListItem\",\"position\":1,\"name\":\"Home\",\"item\":\"https:\\\/\\\/microaktiv.com\\\/pl\\\/\"},{\"@type\":\"ListItem\",\"position\":2,\"name\":\"Sklep internetowy\",\"item\":\"https:\\\/\\\/microaktiv.com\\\/pl\\\/sklep-internetowy\\\/\"},{\"@type\":\"ListItem\",\"position\":3,\"name\":\"MicroAktiv\u00ae-AL3\"}]},{\"@type\":\"WebSite\",\"@id\":\"https:\\\/\\\/microaktiv.com\\\/pl\\\/#website\",\"url\":\"https:\\\/\\\/microaktiv.com\\\/pl\\\/\",\"name\":\"MicroAktiv\",\"description\":\"Grow the bio way\",\"publisher\":{\"@id\":\"https:\\\/\\\/microaktiv.com\\\/pl\\\/#organization\"},\"potentialAction\":[{\"@type\":\"SearchAction\",\"target\":{\"@type\":\"EntryPoint\",\"urlTemplate\":\"https:\\\/\\\/microaktiv.com\\\/pl\\\/?s={search_term_string}\"},\"query-input\":{\"@type\":\"PropertyValueSpecification\",\"valueRequired\":true,\"valueName\":\"search_term_string\"}}],\"inLanguage\":\"pl-PL\"},{\"@type\":\"Organization\",\"@id\":\"https:\\\/\\\/microaktiv.com\\\/pl\\\/#organization\",\"name\":\"QM Environmental International BV\",\"url\":\"https:\\\/\\\/microaktiv.com\\\/pl\\\/\",\"logo\":{\"@type\":\"ImageObject\",\"inLanguage\":\"pl-PL\",\"@id\":\"https:\\\/\\\/microaktiv.com\\\/pl\\\/#\\\/schema\\\/logo\\\/image\\\/\",\"url\":\"https:\\\/\\\/i0.wp.com\\\/microaktiv.com\\\/wp-content\\\/uploads\\\/2022\\\/12\\\/favicon_microactiv.png?fit=1920%2C1877&ssl=1\",\"contentUrl\":\"https:\\\/\\\/i0.wp.com\\\/microaktiv.com\\\/wp-content\\\/uploads\\\/2022\\\/12\\\/favicon_microactiv.png?fit=1920%2C1877&ssl=1\",\"width\":1920,\"height\":1877,\"caption\":\"QM Environmental International BV\"},\"image\":{\"@id\":\"https:\\\/\\\/microaktiv.com\\\/pl\\\/#\\\/schema\\\/logo\\\/image\\\/\"},\"sameAs\":[\"https:\\\/\\\/www.facebook.com\\\/profile.php?id=100089514366245\",\"https:\\\/\\\/x.com\\\/MicroAktiv\",\"https:\\\/\\\/www.linkedin.com\\\/showcase\\\/microaktiv\\\/\"]}]}<\/script>\n<!-- \/ Yoast SEO Premium plugin. -->","yoast_head_json":{"title":"MicroAktiv\u00ae-AL3 - MicroAktiv","robots":{"index":"index","follow":"follow","max-snippet":"max-snippet:-1","max-image-preview":"max-image-preview:large","max-video-preview":"max-video-preview:-1"},"canonical":"https:\/\/microaktiv.com\/pl\/produkt\/microaktiv-al3\/","og_locale":"pl_PL","og_type":"article","og_title":"MicroAktiv\u00ae-AL3","og_description":"Zmniejszony wzrost glon\u00f3w w stawach, rowach, kana\u0142ach i jeziorach rekreacyjnych.","og_url":"https:\/\/microaktiv.com\/pl\/produkt\/microaktiv-al3\/","og_site_name":"MicroAktiv","article_publisher":"https:\/\/www.facebook.com\/profile.php?id=100089514366245","article_modified_time":"2023-04-19T14:18:44+00:00","og_image":[{"width":400,"height":400,"url":"https:\/\/microaktiv.com\/wp-content\/uploads\/2023\/11\/MicroAktiv-AL3_eng_web.jpg","type":"image\/jpeg"}],"twitter_card":"summary_large_image","twitter_site":"@MicroAktiv","twitter_misc":{"Szacowany czas czytania":"6 minut"},"schema":{"@context":"https:\/\/schema.org","@graph":[{"@type":"WebPage","@id":"https:\/\/microaktiv.com\/pl\/produkt\/microaktiv-al3\/","url":"https:\/\/microaktiv.com\/pl\/produkt\/microaktiv-al3\/","name":"MicroAktiv\u00ae-AL3 - MicroAktiv","isPartOf":{"@id":"https:\/\/microaktiv.com\/pl\/#website"},"primaryImageOfPage":{"@id":"https:\/\/microaktiv.com\/pl\/produkt\/microaktiv-al3\/#primaryimage"},"image":{"@id":"https:\/\/microaktiv.com\/pl\/produkt\/microaktiv-al3\/#primaryimage"},"thumbnailUrl":"https:\/\/microaktiv.com\/wp-content\/uploads\/2023\/11\/MicroAktiv-AL3_eng_web.jpg","datePublished":"2023-01-11T09:21:51+00:00","dateModified":"2023-04-19T14:18:44+00:00","breadcrumb":{"@id":"https:\/\/microaktiv.com\/pl\/produkt\/microaktiv-al3\/#breadcrumb"},"inLanguage":"pl-PL","potentialAction":[{"@type":"ReadAction","target":["https:\/\/microaktiv.com\/pl\/produkt\/microaktiv-al3\/"]}]},{"@type":"ImageObject","inLanguage":"pl-PL","@id":"https:\/\/microaktiv.com\/pl\/produkt\/microaktiv-al3\/#primaryimage","url":"https:\/\/microaktiv.com\/wp-content\/uploads\/2023\/11\/MicroAktiv-AL3_eng_web.jpg","contentUrl":"https:\/\/microaktiv.com\/wp-content\/uploads\/2023\/11\/MicroAktiv-AL3_eng_web.jpg","width":400,"height":400},{"@type":"BreadcrumbList","@id":"https:\/\/microaktiv.com\/pl\/produkt\/microaktiv-al3\/#breadcrumb","itemListElement":[{"@type":"ListItem","position":1,"name":"Home","item":"https:\/\/microaktiv.com\/pl\/"},{"@type":"ListItem","position":2,"name":"Sklep internetowy","item":"https:\/\/microaktiv.com\/pl\/sklep-internetowy\/"},{"@type":"ListItem","position":3,"name":"MicroAktiv\u00ae-AL3"}]},{"@type":"WebSite","@id":"https:\/\/microaktiv.com\/pl\/#website","url":"https:\/\/microaktiv.com\/pl\/","name":"MicroAktiv","description":"Grow the bio way","publisher":{"@id":"https:\/\/microaktiv.com\/pl\/#organization"},"potentialAction":[{"@type":"SearchAction","target":{"@type":"EntryPoint","urlTemplate":"https:\/\/microaktiv.com\/pl\/?s={search_term_string}"},"query-input":{"@type":"PropertyValueSpecification","valueRequired":true,"valueName":"search_term_string"}}],"inLanguage":"pl-PL"},{"@type":"Organization","@id":"https:\/\/microaktiv.com\/pl\/#organization","name":"QM Environmental International BV","url":"https:\/\/microaktiv.com\/pl\/","logo":{"@type":"ImageObject","inLanguage":"pl-PL","@id":"https:\/\/microaktiv.com\/pl\/#\/schema\/logo\/image\/","url":"https:\/\/i0.wp.com\/microaktiv.com\/wp-content\/uploads\/2022\/12\/favicon_microactiv.png?fit=1920%2C1877&ssl=1","contentUrl":"https:\/\/i0.wp.com\/microaktiv.com\/wp-content\/uploads\/2022\/12\/favicon_microactiv.png?fit=1920%2C1877&ssl=1","width":1920,"height":1877,"caption":"QM Environmental International BV"},"image":{"@id":"https:\/\/microaktiv.com\/pl\/#\/schema\/logo\/image\/"},"sameAs":["https:\/\/www.facebook.com\/profile.php?id=100089514366245","https:\/\/x.com\/MicroAktiv","https:\/\/www.linkedin.com\/showcase\/microaktiv\/"]}]}},"_links":{"self":[{"href":"https:\/\/microaktiv.com\/pl\/wp-json\/wp\/v2\/product\/5050","targetHints":{"allow":["GET"]}}],"collection":[{"href":"https:\/\/microaktiv.com\/pl\/wp-json\/wp\/v2\/product"}],"about":[{"href":"https:\/\/microaktiv.com\/pl\/wp-json\/wp\/v2\/types\/product"}],"wp:featuredmedia":[{"embeddable":true,"href":"https:\/\/microaktiv.com\/pl\/wp-json\/wp\/v2\/media\/7022"}],"wp:attachment":[{"href":"https:\/\/microaktiv.com\/pl\/wp-json\/wp\/v2\/media?parent=5050"}],"wp:term":[{"taxonomy":"product_brand","embeddable":true,"href":"https:\/\/microaktiv.com\/pl\/wp-json\/wp\/v2\/product_brand?post=5050"},{"taxonomy":"product_cat","embeddable":true,"href":"https:\/\/microaktiv.com\/pl\/wp-json\/wp\/v2\/product_cat?post=5050"},{"taxonomy":"product_tag","embeddable":true,"href":"https:\/\/microaktiv.com\/pl\/wp-json\/wp\/v2\/product_tag?post=5050"}],"curies":[{"name":"wp","href":"https:\/\/api.w.org\/{rel}","templated":true}]}}