{"id":4301,"date":"2022-12-12T15:48:29","date_gmt":"2022-12-12T13:48:29","guid":{"rendered":"https:\/\/microaktiv.com\/stresul-abiotic-al-plantelor\/"},"modified":"2023-03-09T16:31:56","modified_gmt":"2023-03-09T14:31:56","slug":"stresul-abiotic-al-plantelor","status":"publish","type":"page","link":"https:\/\/microaktiv.com\/ro\/stresul-abiotic-al-plantelor\/","title":{"rendered":"Stresul abiotic al plantelor"},"content":{"rendered":"<p><div class=\"fusion-fullwidth fullwidth-box fusion-builder-row-1 fusion-flex-container fusion-parallax-none nonhundred-percent-fullwidth non-hundred-percent-height-scrolling lazyload fusion-animated\" style=\"--awb-border-sizes-top:0px;--awb-border-sizes-bottom:0px;--awb-border-sizes-left:0px;--awb-border-sizes-right:0px;--awb-border-radius-top-left:0px;--awb-border-radius-top-right:0px;--awb-border-radius-bottom-right:0px;--awb-border-radius-bottom-left:0px;--awb-padding-top:8vw;--awb-padding-right:30px;--awb-padding-bottom:0px;--awb-padding-left:30px;--awb-padding-top-small:16vw;--awb-margin-top:0px;--awb-margin-bottom:0px;--awb-margin-bottom-medium:145px;--awb-background-image:linear-gradient(180deg, rgba(26,2,0,0.1) 0%,rgba(255,255,255,0) 100%);;--awb-background-size:cover;--awb-flex-wrap:wrap;\" data-bg=\"https:\/\/microaktiv.com\/wp-content\/uploads\/2022\/12\/MicroAktiv_AG.jpg\" data-bg-gradient=\"linear-gradient(180deg, rgba(26,2,0,0.1) 0%,rgba(255,255,255,0) 100%)\" data-animationType=\"fadeIn\" data-animationDuration=\"0.8\" data-animationOffset=\"top-into-view\" ><div class=\"fusion-builder-row fusion-row fusion-flex-align-items-flex-start fusion-flex-content-wrap\" style=\"max-width:1372.8px;margin-left: calc(-4% \/ 2 );margin-right: calc(-4% \/ 2 );\"><div class=\"fusion-layout-column fusion_builder_column fusion-builder-column-0 fusion-flex-column fusion-animated\" style=\"--awb-padding-top:85px;--awb-padding-right:85px;--awb-padding-bottom:85px;--awb-padding-left:85px;--awb-padding-top-small:50px;--awb-padding-right-small:50px;--awb-padding-bottom-small:50px;--awb-padding-left-small:50px;--awb-overflow:hidden;--awb-bg-color:#ffffff;--awb-bg-color-hover:#ffffff;--awb-bg-size:cover;--awb-border-radius:15px 15px 15px 15px;--awb-width-large:52%;--awb-margin-top-large:0px;--awb-spacing-right-large:3.6923076923077%;--awb-margin-bottom-large:-65px;--awb-spacing-left-large:3.6923076923077%;--awb-width-medium:66.666666666667%;--awb-order-medium:0;--awb-spacing-right-medium:2.88%;--awb-spacing-left-medium:2.88%;--awb-width-small:100%;--awb-order-small:0;--awb-spacing-right-small:1.92%;--awb-spacing-left-small:1.92%;\" data-animationType=\"bounceInUp\" data-animationDuration=\"1.3\" data-animationOffset=\"top-into-view\"><div class=\"fusion-column-wrapper fusion-column-has-shadow fusion-flex-justify-content-flex-start fusion-content-layout-column\"><div class=\"fusion-text fusion-text-1\" style=\"--awb-font-size:19px;--awb-line-height:1.7;--awb-letter-spacing:0px;--awb-text-transform:var(--awb-typography2-text-transform);--awb-text-color:#ff5949;--awb-text-font-family:&quot;Readex Pro&quot;;--awb-text-font-style:normal;--awb-text-font-weight:400;\"><p style=\"color: var(--awb-color3);\">Grow the bio way<\/p>\n<\/div><div class=\"fusion-title title fusion-title-1 fusion-sep-none fusion-title-text fusion-title-size-two\" style=\"--awb-text-color:var(--awb-color1);--awb-margin-top:0px;--awb-margin-bottom:35px;--awb-margin-top-small:0px;--awb-margin-bottom-small:20px;--awb-font-size:47px;\"><h2 class=\"fusion-title-heading title-heading-left fusion-responsive-typography-calculated\" style=\"font-family:var(--awb-typography1-font-family);font-weight:var(--awb-typography1-font-weight);font-style:var(--awb-typography1-font-style);margin:0;letter-spacing:-0.03em;text-transform:var(--awb-typography1-text-transform);font-size:1em;--fontSize:47;line-height:1.2;\">Stresul abiotic al plantelor<\/h2><\/div><div class=\"fusion-text fusion-text-2\" style=\"--awb-font-size:17px;--awb-line-height:1.7;--awb-letter-spacing:var(--awb-typography4-letter-spacing);--awb-text-transform:var(--awb-typography4-text-transform);--awb-text-color:var(--awb-color1);--awb-text-font-family:var(--awb-typography4-font-family);--awb-text-font-weight:var(--awb-typography4-font-weight);--awb-text-font-style:var(--awb-typography4-font-style);\"><p>Stresul abiotic al plantelor (APS) este un fenomen cauzat de factori externi din mediul \u00eenconjur\u0103tor al plantelor. APS poate ap\u0103rea sub p\u0103m\u00e2nt, de exemplu atunci c\u00e2nd planta este replantat\u0103 sau transplantat\u0103 \u0219i r\u0103d\u0103cinile sunt deteriorate, sau din cauza salinit\u0103\u021bii solului. De asemenea, APS poate ap\u0103rea la suprafa\u021b\u0103 din cauza v\u00e2ntului \u0219i\/sau a temperaturii, a secetei sau a unei radia\u021bii prea mari.<\/p>\n<p>&nbsp;<\/p>\n<\/div><\/div><\/div><\/div><\/div><div class=\"fusion-fullwidth fullwidth-box fusion-builder-row-2 fusion-flex-container has-pattern-background has-mask-background nonhundred-percent-fullwidth non-hundred-percent-height-scrolling\" style=\"--awb-border-radius-top-left:0px;--awb-border-radius-top-right:0px;--awb-border-radius-bottom-right:0px;--awb-border-radius-bottom-left:0px;--awb-padding-top:75px;--awb-flex-wrap:wrap;\" ><div class=\"fusion-builder-row fusion-row fusion-flex-align-items-flex-start fusion-flex-content-wrap\" style=\"max-width:1372.8px;margin-left: calc(-4% \/ 2 );margin-right: calc(-4% \/ 2 );\"><div class=\"fusion-layout-column fusion_builder_column fusion-builder-column-1 fusion_builder_column_3_4 3_4 fusion-flex-column\" style=\"--awb-bg-size:cover;--awb-width-large:75%;--awb-margin-top-large:0px;--awb-spacing-right-large:2.56%;--awb-margin-bottom-large:0px;--awb-spacing-left-large:2.56%;--awb-width-medium:100%;--awb-order-medium:0;--awb-spacing-right-medium:1.92%;--awb-spacing-left-medium:1.92%;--awb-width-small:100%;--awb-order-small:0;--awb-spacing-right-small:1.92%;--awb-spacing-left-small:1.92%;\"><div class=\"fusion-column-wrapper fusion-column-has-shadow fusion-flex-justify-content-center fusion-content-layout-column\"><div class=\"fusion-separator fusion-full-width-sep\" style=\"align-self: center;margin-left: auto;margin-right: auto;width:100%;\"><\/div><div class=\"fusion-text fusion-text-3\" style=\"--awb-font-size:18px;--awb-line-height:var(--awb-typography4-line-height);--awb-letter-spacing:var(--awb-typography4-letter-spacing);--awb-text-transform:none;--awb-text-font-family:var(--awb-typography4-font-family);--awb-text-font-weight:var(--awb-typography4-font-weight);--awb-text-font-style:var(--awb-typography4-font-style);\"><p><b>\u0218i plantele sunt stresate<\/b><\/p>\n<\/div><div class=\"fusion-separator\" style=\"align-self: flex-start;margin-right:auto;width:100%;max-width:125px;\"><div class=\"fusion-separator-border sep-single sep-solid\" style=\"--awb-height:20px;--awb-amount:20px;--awb-sep-color:var(--awb-color2);border-color:var(--awb-color2);border-top-width:5px;\"><\/div><\/div><div class=\"fusion-title title fusion-title-2 fusion-sep-none fusion-title-text fusion-title-size-one\"><h1 class=\"fusion-title-heading title-heading-left fusion-responsive-typography-calculated\" style=\"margin:0;--fontSize:50;line-height:1.2;\">Ce efect are stresul abiotic?<\/h1><\/div><div class=\"fusion-text fusion-text-4\"><p>Stresul abiotic reduce randamentul culturilor. Factorii de stres din mediul \u00eenconjur\u0103tor, cum ar fi c\u0103ldura, frigul, seceta, salinitatea \u0219i prezen\u021ba metalelor grele, cum ar fi cadmiul, cuprul \u0219i cromul, declan\u0219eaz\u0103 reac\u021bii de stres la plante, inclusiv acumularea de specii reactive de oxigen (<b>SRO<\/b>\u00a0sau\u00a0<b>ROS<\/b>) \u0219i reducerea activit\u0103\u021bii fotosintetice, care, \u00een cele din urm\u0103, reduc cre\u0219terea plantelor \u0219i, prin urmare, randamentul culturilor.<\/p>\n<\/div><\/div><\/div><div class=\"fusion-layout-column fusion_builder_column fusion-builder-column-2 fusion_builder_column_1_2 1_2 fusion-flex-column\" style=\"--awb-bg-size:cover;--awb-width-large:50%;--awb-margin-top-large:25px;--awb-spacing-right-large:3.84%;--awb-margin-bottom-large:25px;--awb-spacing-left-large:3.84%;--awb-width-medium:100%;--awb-order-medium:0;--awb-spacing-right-medium:1.92%;--awb-spacing-left-medium:1.92%;--awb-width-small:100%;--awb-order-small:0;--awb-spacing-right-small:1.92%;--awb-spacing-left-small:1.92%;\"><div class=\"fusion-column-wrapper fusion-column-has-shadow fusion-flex-justify-content-flex-start fusion-content-layout-column\"><div class=\"fusion-image-element \" style=\"--awb-caption-title-font-family:var(--h2_typography-font-family);--awb-caption-title-font-weight:var(--h2_typography-font-weight);--awb-caption-title-font-style:var(--h2_typography-font-style);--awb-caption-title-size:var(--h2_typography-font-size);--awb-caption-title-transform:var(--h2_typography-text-transform);--awb-caption-title-line-height:var(--h2_typography-line-height);--awb-caption-title-letter-spacing:var(--h2_typography-letter-spacing);\"><span class=\" fusion-imageframe imageframe-none imageframe-1 hover-type-none\" style=\"border-radius:15px;\"><img decoding=\"async\" width=\"2560\" height=\"1565\" title=\"APS_1_ro\" src=\"https:\/\/microaktiv.com\/wp-content\/uploads\/2023\/03\/APS_1_ro-scaled.jpg\" data-orig-src=\"https:\/\/microaktiv.com\/wp-content\/uploads\/2023\/03\/APS_1_ro-scaled.jpg\" alt class=\"lazyload img-responsive wp-image-4305\" srcset=\"data:image\/svg+xml,%3Csvg%20xmlns%3D%27http%3A%2F%2Fwww.w3.org%2F2000%2Fsvg%27%20width%3D%272560%27%20height%3D%271565%27%20viewBox%3D%270%200%202560%201565%27%3E%3Crect%20width%3D%272560%27%20height%3D%271565%27%20fill-opacity%3D%220%22%2F%3E%3C%2Fsvg%3E\" data-srcset=\"https:\/\/microaktiv.com\/wp-content\/uploads\/2023\/03\/APS_1_ro-200x122.jpg 200w, https:\/\/microaktiv.com\/wp-content\/uploads\/2023\/03\/APS_1_ro-400x244.jpg 400w, https:\/\/microaktiv.com\/wp-content\/uploads\/2023\/03\/APS_1_ro-600x367.jpg 600w, https:\/\/microaktiv.com\/wp-content\/uploads\/2023\/03\/APS_1_ro-800x489.jpg 800w, https:\/\/microaktiv.com\/wp-content\/uploads\/2023\/03\/APS_1_ro-1200x733.jpg 1200w, https:\/\/microaktiv.com\/wp-content\/uploads\/2023\/03\/APS_1_ro-scaled.jpg 2560w\" data-sizes=\"auto\" data-orig-sizes=\"(max-width: 1024px) 100vw, (max-width: 640px) 100vw, 800px\" \/><\/span><\/div><\/div><\/div><div class=\"fusion-layout-column fusion_builder_column fusion-builder-column-3 fusion_builder_column_1_2 1_2 fusion-flex-column\" style=\"--awb-bg-size:cover;--awb-width-large:50%;--awb-margin-top-large:25px;--awb-spacing-right-large:3.84%;--awb-margin-bottom-large:25px;--awb-spacing-left-large:3.84%;--awb-width-medium:100%;--awb-order-medium:0;--awb-spacing-right-medium:1.92%;--awb-spacing-left-medium:1.92%;--awb-width-small:100%;--awb-order-small:0;--awb-spacing-right-small:1.92%;--awb-spacing-left-small:1.92%;\"><div class=\"fusion-column-wrapper fusion-column-has-shadow fusion-flex-justify-content-flex-start fusion-content-layout-column\"><div class=\"fusion-image-element \" style=\"--awb-caption-title-font-family:var(--h2_typography-font-family);--awb-caption-title-font-weight:var(--h2_typography-font-weight);--awb-caption-title-font-style:var(--h2_typography-font-style);--awb-caption-title-size:var(--h2_typography-font-size);--awb-caption-title-transform:var(--h2_typography-text-transform);--awb-caption-title-line-height:var(--h2_typography-line-height);--awb-caption-title-letter-spacing:var(--h2_typography-letter-spacing);\"><span class=\" fusion-imageframe imageframe-none imageframe-2 hover-type-none\" style=\"border-radius:15px;\"><img decoding=\"async\" width=\"2017\" height=\"1287\" title=\"APS_2\" src=\"https:\/\/microaktiv.com\/wp-content\/uploads\/2022\/12\/APS_2.jpeg\" data-orig-src=\"https:\/\/microaktiv.com\/wp-content\/uploads\/2022\/12\/APS_2.jpeg\" alt class=\"lazyload img-responsive wp-image-598\" srcset=\"data:image\/svg+xml,%3Csvg%20xmlns%3D%27http%3A%2F%2Fwww.w3.org%2F2000%2Fsvg%27%20width%3D%272017%27%20height%3D%271287%27%20viewBox%3D%270%200%202017%201287%27%3E%3Crect%20width%3D%272017%27%20height%3D%271287%27%20fill-opacity%3D%220%22%2F%3E%3C%2Fsvg%3E\" data-srcset=\"https:\/\/microaktiv.com\/wp-content\/uploads\/2022\/12\/APS_2-200x128.jpeg 200w, https:\/\/microaktiv.com\/wp-content\/uploads\/2022\/12\/APS_2-400x255.jpeg 400w, https:\/\/microaktiv.com\/wp-content\/uploads\/2022\/12\/APS_2-600x383.jpeg 600w, https:\/\/microaktiv.com\/wp-content\/uploads\/2022\/12\/APS_2-800x510.jpeg 800w, https:\/\/microaktiv.com\/wp-content\/uploads\/2022\/12\/APS_2-1200x766.jpeg 1200w, https:\/\/microaktiv.com\/wp-content\/uploads\/2022\/12\/APS_2.jpeg 2017w\" data-sizes=\"auto\" data-orig-sizes=\"(max-width: 1024px) 100vw, (max-width: 640px) 100vw, 800px\" \/><\/span><\/div><\/div><\/div><div class=\"fusion-layout-column fusion_builder_column fusion-builder-column-4 fusion_builder_column_1_2 1_2 fusion-flex-column\" style=\"--awb-bg-size:cover;--awb-width-large:50%;--awb-margin-top-large:25px;--awb-spacing-right-large:3.84%;--awb-margin-bottom-large:25px;--awb-spacing-left-large:3.84%;--awb-width-medium:100%;--awb-order-medium:0;--awb-spacing-right-medium:1.92%;--awb-spacing-left-medium:1.92%;--awb-width-small:100%;--awb-order-small:0;--awb-spacing-right-small:1.92%;--awb-spacing-left-small:1.92%;\"><div class=\"fusion-column-wrapper fusion-column-has-shadow fusion-flex-justify-content-flex-start fusion-content-layout-column\"><div class=\"fusion-image-element \" style=\"--awb-caption-title-font-family:var(--h2_typography-font-family);--awb-caption-title-font-weight:var(--h2_typography-font-weight);--awb-caption-title-font-style:var(--h2_typography-font-style);--awb-caption-title-size:var(--h2_typography-font-size);--awb-caption-title-transform:var(--h2_typography-text-transform);--awb-caption-title-line-height:var(--h2_typography-line-height);--awb-caption-title-letter-spacing:var(--h2_typography-letter-spacing);\"><span class=\" fusion-imageframe imageframe-none imageframe-3 hover-type-none\" style=\"border-radius:15px;\"><img decoding=\"async\" width=\"1910\" height=\"1433\" title=\"APS_3\" src=\"https:\/\/microaktiv.com\/wp-content\/uploads\/2022\/12\/APS_3.jpg\" data-orig-src=\"https:\/\/microaktiv.com\/wp-content\/uploads\/2022\/12\/APS_3.jpg\" alt class=\"lazyload img-responsive wp-image-601\" srcset=\"data:image\/svg+xml,%3Csvg%20xmlns%3D%27http%3A%2F%2Fwww.w3.org%2F2000%2Fsvg%27%20width%3D%271910%27%20height%3D%271433%27%20viewBox%3D%270%200%201910%201433%27%3E%3Crect%20width%3D%271910%27%20height%3D%271433%27%20fill-opacity%3D%220%22%2F%3E%3C%2Fsvg%3E\" data-srcset=\"https:\/\/microaktiv.com\/wp-content\/uploads\/2022\/12\/APS_3-200x150.jpg 200w, https:\/\/microaktiv.com\/wp-content\/uploads\/2022\/12\/APS_3-400x300.jpg 400w, https:\/\/microaktiv.com\/wp-content\/uploads\/2022\/12\/APS_3-600x450.jpg 600w, https:\/\/microaktiv.com\/wp-content\/uploads\/2022\/12\/APS_3-800x600.jpg 800w, https:\/\/microaktiv.com\/wp-content\/uploads\/2022\/12\/APS_3-1200x900.jpg 1200w, https:\/\/microaktiv.com\/wp-content\/uploads\/2022\/12\/APS_3.jpg 1910w\" data-sizes=\"auto\" data-orig-sizes=\"(max-width: 1024px) 100vw, (max-width: 640px) 100vw, 800px\" \/><\/span><\/div><\/div><\/div><div class=\"fusion-layout-column fusion_builder_column fusion-builder-column-5 fusion_builder_column_1_2 1_2 fusion-flex-column\" style=\"--awb-bg-size:cover;--awb-width-large:50%;--awb-margin-top-large:25px;--awb-spacing-right-large:3.84%;--awb-margin-bottom-large:25px;--awb-spacing-left-large:3.84%;--awb-width-medium:100%;--awb-order-medium:0;--awb-spacing-right-medium:1.92%;--awb-spacing-left-medium:1.92%;--awb-width-small:100%;--awb-order-small:0;--awb-spacing-right-small:1.92%;--awb-spacing-left-small:1.92%;\"><div class=\"fusion-column-wrapper fusion-column-has-shadow fusion-flex-justify-content-flex-start fusion-content-layout-column\"><div class=\"fusion-image-element \" style=\"--awb-caption-title-font-family:var(--h2_typography-font-family);--awb-caption-title-font-weight:var(--h2_typography-font-weight);--awb-caption-title-font-style:var(--h2_typography-font-style);--awb-caption-title-size:var(--h2_typography-font-size);--awb-caption-title-transform:var(--h2_typography-text-transform);--awb-caption-title-line-height:var(--h2_typography-line-height);--awb-caption-title-letter-spacing:var(--h2_typography-letter-spacing);\"><span class=\" fusion-imageframe imageframe-none imageframe-4 hover-type-none\" style=\"border-radius:15px;\"><img decoding=\"async\" width=\"276\" height=\"417\" title=\"APS_4\" src=\"https:\/\/microaktiv.com\/wp-content\/uploads\/2022\/12\/APS_4.jpg\" data-orig-src=\"https:\/\/microaktiv.com\/wp-content\/uploads\/2022\/12\/APS_4.jpg\" alt class=\"lazyload img-responsive wp-image-604\" srcset=\"data:image\/svg+xml,%3Csvg%20xmlns%3D%27http%3A%2F%2Fwww.w3.org%2F2000%2Fsvg%27%20width%3D%27276%27%20height%3D%27417%27%20viewBox%3D%270%200%20276%20417%27%3E%3Crect%20width%3D%27276%27%20height%3D%27417%27%20fill-opacity%3D%220%22%2F%3E%3C%2Fsvg%3E\" data-srcset=\"https:\/\/microaktiv.com\/wp-content\/uploads\/2022\/12\/APS_4-200x302.jpg 200w, https:\/\/microaktiv.com\/wp-content\/uploads\/2022\/12\/APS_4.jpg 276w\" data-sizes=\"auto\" data-orig-sizes=\"(max-width: 1024px) 100vw, (max-width: 640px) 100vw, 276px\" \/><\/span><\/div><\/div><\/div><\/div><\/div><\/p>\n","protected":false},"excerpt":{"rendered":"","protected":false},"author":1,"featured_media":0,"parent":0,"menu_order":0,"comment_status":"closed","ping_status":"closed","template":"100-width.php","meta":{"_acf_changed":false,"footnotes":""},"class_list":["post-4301","page","type-page","status-publish","hentry"],"acf":[],"yoast_head":"<!-- This site is optimized with the Yoast SEO Premium plugin v27.0 (Yoast SEO v27.3) - https:\/\/yoast.com\/product\/yoast-seo-premium-wordpress\/ -->\n<title>Stresul abiotic al plantelor - MicroAktiv<\/title>\n<meta name=\"robots\" content=\"index, follow, max-snippet:-1, max-image-preview:large, max-video-preview:-1\" \/>\n<link rel=\"canonical\" href=\"https:\/\/microaktiv.com\/ro\/stresul-abiotic-al-plantelor\/\" \/>\n<meta property=\"og:locale\" content=\"ro_RO\" \/>\n<meta property=\"og:type\" content=\"article\" \/>\n<meta property=\"og:title\" content=\"Stresul abiotic al plantelor\" \/>\n<meta property=\"og:url\" content=\"https:\/\/microaktiv.com\/ro\/stresul-abiotic-al-plantelor\/\" \/>\n<meta property=\"og:site_name\" content=\"MicroAktiv\" \/>\n<meta property=\"article:publisher\" content=\"https:\/\/www.facebook.com\/profile.php?id=100089514366245\" \/>\n<meta property=\"article:modified_time\" content=\"2023-03-09T14:31:56+00:00\" \/>\n<meta name=\"twitter:card\" content=\"summary_large_image\" \/>\n<meta name=\"twitter:site\" content=\"@MicroAktiv\" \/>\n<meta name=\"twitter:label1\" content=\"Timp estimat pentru citire\" \/>\n\t<meta name=\"twitter:data1\" content=\"15 minute\" \/>\n<script type=\"application\/ld+json\" class=\"yoast-schema-graph\">{\"@context\":\"https:\\\/\\\/schema.org\",\"@graph\":[{\"@type\":\"WebPage\",\"@id\":\"https:\\\/\\\/microaktiv.com\\\/ro\\\/stresul-abiotic-al-plantelor\\\/\",\"url\":\"https:\\\/\\\/microaktiv.com\\\/ro\\\/stresul-abiotic-al-plantelor\\\/\",\"name\":\"Stresul abiotic al plantelor - MicroAktiv\",\"isPartOf\":{\"@id\":\"https:\\\/\\\/microaktiv.com\\\/ro\\\/#website\"},\"datePublished\":\"2022-12-12T13:48:29+00:00\",\"dateModified\":\"2023-03-09T14:31:56+00:00\",\"breadcrumb\":{\"@id\":\"https:\\\/\\\/microaktiv.com\\\/ro\\\/stresul-abiotic-al-plantelor\\\/#breadcrumb\"},\"inLanguage\":\"ro-RO\",\"potentialAction\":[{\"@type\":\"ReadAction\",\"target\":[\"https:\\\/\\\/microaktiv.com\\\/ro\\\/stresul-abiotic-al-plantelor\\\/\"]}]},{\"@type\":\"BreadcrumbList\",\"@id\":\"https:\\\/\\\/microaktiv.com\\\/ro\\\/stresul-abiotic-al-plantelor\\\/#breadcrumb\",\"itemListElement\":[{\"@type\":\"ListItem\",\"position\":1,\"name\":\"Home\",\"item\":\"https:\\\/\\\/microaktiv.com\\\/ro\\\/\"},{\"@type\":\"ListItem\",\"position\":2,\"name\":\"Stresul abiotic al plantelor\"}]},{\"@type\":\"WebSite\",\"@id\":\"https:\\\/\\\/microaktiv.com\\\/ro\\\/#website\",\"url\":\"https:\\\/\\\/microaktiv.com\\\/ro\\\/\",\"name\":\"MicroAktiv\",\"description\":\"Grow the bio way\",\"publisher\":{\"@id\":\"https:\\\/\\\/microaktiv.com\\\/ro\\\/#organization\"},\"potentialAction\":[{\"@type\":\"SearchAction\",\"target\":{\"@type\":\"EntryPoint\",\"urlTemplate\":\"https:\\\/\\\/microaktiv.com\\\/ro\\\/?s={search_term_string}\"},\"query-input\":{\"@type\":\"PropertyValueSpecification\",\"valueRequired\":true,\"valueName\":\"search_term_string\"}}],\"inLanguage\":\"ro-RO\"},{\"@type\":\"Organization\",\"@id\":\"https:\\\/\\\/microaktiv.com\\\/ro\\\/#organization\",\"name\":\"QM Environmental International BV\",\"url\":\"https:\\\/\\\/microaktiv.com\\\/ro\\\/\",\"logo\":{\"@type\":\"ImageObject\",\"inLanguage\":\"ro-RO\",\"@id\":\"https:\\\/\\\/microaktiv.com\\\/ro\\\/#\\\/schema\\\/logo\\\/image\\\/\",\"url\":\"https:\\\/\\\/i0.wp.com\\\/microaktiv.com\\\/wp-content\\\/uploads\\\/2022\\\/12\\\/favicon_microactiv.png?fit=1920%2C1877&ssl=1\",\"contentUrl\":\"https:\\\/\\\/i0.wp.com\\\/microaktiv.com\\\/wp-content\\\/uploads\\\/2022\\\/12\\\/favicon_microactiv.png?fit=1920%2C1877&ssl=1\",\"width\":1920,\"height\":1877,\"caption\":\"QM Environmental International BV\"},\"image\":{\"@id\":\"https:\\\/\\\/microaktiv.com\\\/ro\\\/#\\\/schema\\\/logo\\\/image\\\/\"},\"sameAs\":[\"https:\\\/\\\/www.facebook.com\\\/profile.php?id=100089514366245\",\"https:\\\/\\\/x.com\\\/MicroAktiv\",\"https:\\\/\\\/www.linkedin.com\\\/showcase\\\/microaktiv\\\/\"]}]}<\/script>\n<!-- \/ Yoast SEO Premium plugin. -->","yoast_head_json":{"title":"Stresul abiotic al plantelor - MicroAktiv","robots":{"index":"index","follow":"follow","max-snippet":"max-snippet:-1","max-image-preview":"max-image-preview:large","max-video-preview":"max-video-preview:-1"},"canonical":"https:\/\/microaktiv.com\/ro\/stresul-abiotic-al-plantelor\/","og_locale":"ro_RO","og_type":"article","og_title":"Stresul abiotic al plantelor","og_url":"https:\/\/microaktiv.com\/ro\/stresul-abiotic-al-plantelor\/","og_site_name":"MicroAktiv","article_publisher":"https:\/\/www.facebook.com\/profile.php?id=100089514366245","article_modified_time":"2023-03-09T14:31:56+00:00","twitter_card":"summary_large_image","twitter_site":"@MicroAktiv","twitter_misc":{"Timp estimat pentru citire":"15 minute"},"schema":{"@context":"https:\/\/schema.org","@graph":[{"@type":"WebPage","@id":"https:\/\/microaktiv.com\/ro\/stresul-abiotic-al-plantelor\/","url":"https:\/\/microaktiv.com\/ro\/stresul-abiotic-al-plantelor\/","name":"Stresul abiotic al plantelor - MicroAktiv","isPartOf":{"@id":"https:\/\/microaktiv.com\/ro\/#website"},"datePublished":"2022-12-12T13:48:29+00:00","dateModified":"2023-03-09T14:31:56+00:00","breadcrumb":{"@id":"https:\/\/microaktiv.com\/ro\/stresul-abiotic-al-plantelor\/#breadcrumb"},"inLanguage":"ro-RO","potentialAction":[{"@type":"ReadAction","target":["https:\/\/microaktiv.com\/ro\/stresul-abiotic-al-plantelor\/"]}]},{"@type":"BreadcrumbList","@id":"https:\/\/microaktiv.com\/ro\/stresul-abiotic-al-plantelor\/#breadcrumb","itemListElement":[{"@type":"ListItem","position":1,"name":"Home","item":"https:\/\/microaktiv.com\/ro\/"},{"@type":"ListItem","position":2,"name":"Stresul abiotic al plantelor"}]},{"@type":"WebSite","@id":"https:\/\/microaktiv.com\/ro\/#website","url":"https:\/\/microaktiv.com\/ro\/","name":"MicroAktiv","description":"Grow the bio way","publisher":{"@id":"https:\/\/microaktiv.com\/ro\/#organization"},"potentialAction":[{"@type":"SearchAction","target":{"@type":"EntryPoint","urlTemplate":"https:\/\/microaktiv.com\/ro\/?s={search_term_string}"},"query-input":{"@type":"PropertyValueSpecification","valueRequired":true,"valueName":"search_term_string"}}],"inLanguage":"ro-RO"},{"@type":"Organization","@id":"https:\/\/microaktiv.com\/ro\/#organization","name":"QM Environmental International BV","url":"https:\/\/microaktiv.com\/ro\/","logo":{"@type":"ImageObject","inLanguage":"ro-RO","@id":"https:\/\/microaktiv.com\/ro\/#\/schema\/logo\/image\/","url":"https:\/\/i0.wp.com\/microaktiv.com\/wp-content\/uploads\/2022\/12\/favicon_microactiv.png?fit=1920%2C1877&ssl=1","contentUrl":"https:\/\/i0.wp.com\/microaktiv.com\/wp-content\/uploads\/2022\/12\/favicon_microactiv.png?fit=1920%2C1877&ssl=1","width":1920,"height":1877,"caption":"QM Environmental International BV"},"image":{"@id":"https:\/\/microaktiv.com\/ro\/#\/schema\/logo\/image\/"},"sameAs":["https:\/\/www.facebook.com\/profile.php?id=100089514366245","https:\/\/x.com\/MicroAktiv","https:\/\/www.linkedin.com\/showcase\/microaktiv\/"]}]}},"_links":{"self":[{"href":"https:\/\/microaktiv.com\/ro\/wp-json\/wp\/v2\/pages\/4301","targetHints":{"allow":["GET"]}}],"collection":[{"href":"https:\/\/microaktiv.com\/ro\/wp-json\/wp\/v2\/pages"}],"about":[{"href":"https:\/\/microaktiv.com\/ro\/wp-json\/wp\/v2\/types\/page"}],"author":[{"embeddable":true,"href":"https:\/\/microaktiv.com\/ro\/wp-json\/wp\/v2\/users\/1"}],"replies":[{"embeddable":true,"href":"https:\/\/microaktiv.com\/ro\/wp-json\/wp\/v2\/comments?post=4301"}],"version-history":[{"count":5,"href":"https:\/\/microaktiv.com\/ro\/wp-json\/wp\/v2\/pages\/4301\/revisions"}],"predecessor-version":[{"id":4318,"href":"https:\/\/microaktiv.com\/ro\/wp-json\/wp\/v2\/pages\/4301\/revisions\/4318"}],"wp:attachment":[{"href":"https:\/\/microaktiv.com\/ro\/wp-json\/wp\/v2\/media?parent=4301"}],"curies":[{"name":"wp","href":"https:\/\/api.w.org\/{rel}","templated":true}]}}