{"id":5120,"date":"2018-08-23T08:08:57","date_gmt":"2018-08-23T06:08:57","guid":{"rendered":"https:\/\/microaktiv.com\/politica-de-confidentialitate\/"},"modified":"2023-04-24T14:37:43","modified_gmt":"2023-04-24T12:37:43","slug":"politica-de-confidentialitate","status":"publish","type":"page","link":"https:\/\/microaktiv.com\/ro\/politica-de-confidentialitate\/","title":{"rendered":"Politica de confiden\u021bialitate"},"content":{"rendered":"<div class=\"fusion-fullwidth fullwidth-box fusion-builder-row-1 fusion-flex-container nonhundred-percent-fullwidth non-hundred-percent-height-scrolling\" style=\"--awb-border-radius-top-left:0px;--awb-border-radius-top-right:0px;--awb-border-radius-bottom-right:0px;--awb-border-radius-bottom-left:0px;--awb-flex-wrap:wrap;\" ><div class=\"fusion-builder-row fusion-row fusion-flex-align-items-flex-start fusion-flex-content-wrap\" style=\"max-width:1372.8px;margin-left: calc(-4% \/ 2 );margin-right: calc(-4% \/ 2 );\"><div class=\"fusion-layout-column fusion_builder_column fusion-builder-column-0 fusion_builder_column_1_1 1_1 fusion-flex-column\" style=\"--awb-bg-size:cover;--awb-width-large:100%;--awb-margin-top-large:0px;--awb-spacing-right-large:1.92%;--awb-margin-bottom-large:0px;--awb-spacing-left-large:1.92%;--awb-width-medium:100%;--awb-spacing-right-medium:1.92%;--awb-spacing-left-medium:1.92%;--awb-width-small:100%;--awb-spacing-right-small:1.92%;--awb-spacing-left-small:1.92%;\"><div class=\"fusion-column-wrapper fusion-flex-justify-content-flex-start fusion-content-layout-column\"><div class=\"fusion-text fusion-text-1\"><h2>Cine suntem noi<\/h2>\n<p>Adresa site-ului nostru web este: https:\/\/microaktiv.com<\/p>\n<h2>Declara\u021bie de confiden\u021bialitate<\/h2>\n<p>Prin utilizarea site-ului nostru web sunte\u021bi de acord cu utilizarea datelor dumneavoastr\u0103 a\u0219a cum este descris \u00een aceast\u0103 Declara\u021bie de confiden\u021bialitate. Aceast\u0103 declara\u021bie de confiden\u021bialitate poate fi modificat\u0103. Prin urmare, v\u0103 recomand\u0103m s\u0103 citi\u021bi aceast\u0103 declara\u021bie \u00een mod regulat, pentru a fi la curent cu orice modific\u0103ri. Prelucr\u0103m \u00eentotdeauna \u0219i exclusiv datele cu caracter personal \u00een conformitate cu Regulamentul general olandez privind protec\u021bia datelor \u0219i cu Legea din 8 decembrie 1992 pentru protec\u021bia vie\u021bii private \u00een ceea ce prive\u0219te prelucrarea datelor cu caracter personal.<\/p>\n<h3>Confiden\u021bialitate<\/h3>\n<p>QM Environmental International respect\u0103 confiden\u021bialitatea tuturor vizitatorilor site-ului web. Datele pe care le pute\u021bi l\u0103sa pe acest site vor fi, prin urmare, tratate cu aten\u021bie \u0219i confiden\u021bialitate. Folosim doar date care sunt furnizate \u00een mod expres \u0219i voluntar de c\u0103tre persoanele care viziteaz\u0103 site-ul nostru web \u0219i\/sau solicit\u0103 informa\u021bii. Schimbul de date pe site este, de asemenea, criptat cu un certificat SSL.<br \/>\nDac\u0103 comanda\u021bi ceva \u00een magazinul nostru web, avem nevoie de informa\u021biile dvs. pentru a ne asigura c\u0103 v\u0103 putem livra comanda. Dar \u00eentotdeauna gestion\u0103m datele dumneavoastr\u0103 personale cu grij\u0103. Avem grij\u0103 de ei \u0219i \u00eei p\u0103str\u0103m \u00een siguran\u021b\u0103. Suntem bucuro\u0219i s\u0103 v\u0103 spunem aici ce facem cu datele dumneavoastr\u0103 personale \u0219i de ce avem nevoie de ele. Dac\u0103 ave\u021bi \u00eentreb\u0103ri dup\u0103 ce a\u021bi citit politica noastr\u0103 de confiden\u021bialitate, v\u0103 rug\u0103m s\u0103 nu ezita\u021bi s\u0103 contacta\u021bi serviciul nostru pentru clien\u021bi.<br \/>\nAceast\u0103 politic\u0103 de confiden\u021bialitate se poate modifica din c\u00e2nd \u00een c\u00e2nd, dac\u0103 noile evolu\u021bii dau motiv pentru a face acest lucru. Cea mai recent\u0103 politic\u0103 de confiden\u021bialitate poate fi g\u0103sit\u0103 la www.microaktiv.com. V\u0103 recomand\u0103m s\u0103 consulta\u021bi aceast\u0103 politic\u0103 de confiden\u021bialitate \u00een mod regulat, astfel \u00eenc\u00e2t s\u0103 fi\u021bi la curent cu aceste modific\u0103ri. Ve\u021bi vedea \u00eentotdeauna ultima dat\u0103 de modificare aici.<\/p>\n<p>Aceast\u0103 politic\u0103 de confiden\u021bialitate a fost modificat\u0103 ultima dat\u0103 pe 28 februarie 2023.<\/p>\n<h3>Cine este responsabil pentru prelucrarea datelor mele personale?<\/h3>\n<p>QM Environmental International B.V. (\u201eMicroAktiv.com\u201d), situat la Henricuskade 123A, 2497 NB, Haga, \u021a\u0103rile de Jos, este operatorul de date a\u0219a cum este descris \u00een aceast\u0103 politic\u0103 de confiden\u021bialitate.<\/p>\n<h3>C\u00e2nd se aplic\u0103 aceast\u0103 politic\u0103 de confiden\u021bialitate?<\/h3>\n<p>Aceast\u0103 politic\u0103 de confiden\u021bialitate se aplic\u0103 tuturor datelor personale pe care site-ul nostru web microaktiv.com le prelucreaz\u0103 de la oricine a avut contact cu microaktiv.com, cum ar fi vizitatorii, clien\u021bii \u0219i contactele noastre de afaceri, pe toate domeniile legate de microaktiv.com.<\/p>\n<h3>Ce sunt datele personale?<\/h3>\n<p>Datele cu caracter personal sunt toate datele care pot fi urm\u0103rite p\u00e2n\u0103 la dvs. ca persoan\u0103 fizic\u0103. G\u00e2ndi\u021bi-v\u0103 doar la numele, num\u0103rul de telefon, adresa sau adresa de e-mail. Dar date precum adresa dumneavoastr\u0103 IP sau num\u0103rul de client microaktiv.com sunt, de asemenea, date personale. \u0218i alte date care sunt unice pentru dvs., cum ar fi istoricul comenzilor dvs. microaktiv.com sau comportamentul de navigare.<\/p>\n<h3>De la cine proces\u0103m datele personale \u0219i cum ob\u021binem aceste date?<\/h3>\n<p>Prelucr\u0103m datele personale ale tuturor celor care au (au avut) contact direct cu microaktiv.com, cum ar fi clien\u021bii (de afaceri) \u0219i persoanele de contact ale partenerilor.<br \/>\nPrimim datele direct de la dvs. atunci c\u00e2nd vizita\u021bi site-ul nostru web, completa\u021bi \u0219i trimite\u021bi formularul de contact, v\u0103 \u00eenscrie\u021bi la newsletter sau v\u0103 crea\u021bi un cont \u00een magazinul online.<\/p>\n<h3>Ce date proces\u0103m de la dumneavoastr\u0103, pentru ce le folosim \u0219i c\u00e2t timp sunt p\u0103strate?<\/h3>\n<h4>Date pentru prelucrarea solicit\u0103rii dumneavoastr\u0103 de informa\u021bii prin formularul nostru de contact<\/h4>\n<p>Dac\u0103 ne trimite\u021bi un mesaj prin formularul nostru de contact, avem nevoie de anumite informa\u021bii de la dvs., cum ar fi numele, adresa de e-mail \u0219i num\u0103rul de telefon, pentru a v\u0103 contacta. Aceste date sunt p\u0103strate at\u00e2ta timp c\u00e2t este necesar pentru a v\u0103 oferi informa\u021bii complete. Aceste date vor fi \u0219terse din sistemele noastre la 6 luni de la ultimul contact dintre noi.<\/p>\n<h4>Date pentru procesarea \u00eenregistr\u0103rii dumneavoastr\u0103 pentru primirea newsletter-ului<\/h4>\n<p>Dac\u0103 v\u0103 \u00eenscrie\u021bi pentru newsletter, face\u021bi acest lucru introduc\u00e2nd adresa dvs. de e-mail. Aceast\u0103 adres\u0103 este p\u0103strat\u0103 \u00een sistemul nostru at\u00e2ta timp c\u00e2t r\u0103m\u00e2ne\u021bi abonat la newsletter-ul nostru. Imediat ce v\u0103 dezabona\u021bi de la primirea newsletter-ului, adresa dvs. de e-mail va fi \u0219tears\u0103.<\/p>\n<h4>Date pentru procesarea comenzii dvs<\/h4>\n<p>Dac\u0103 comanda\u021bi ceva, avem nevoie de anumite informa\u021bii de la dvs. pentru a v\u0103 putea livra comanda \u0219i pentru a v\u0103 \u021bine la curent cu privire la comanda dumneavoastr\u0103. Aceste informa\u021bii sunt necesare \u0219i pentru orice retur sau \u00eenlocuire.<br \/>\nPentru aceasta colect\u0103m numele dumneavoastr\u0103, adresa de e-mail, adresa(e) de livrare \u0219i num\u0103rul dumneavoastr\u0103 de telefon.<br \/>\nDatele sunt necesare pentru realizarea acordului pe care l-a\u021bi \u00eencheiat cu noi (sau cu unul dintre partenerii no\u0219tri de v\u00e2nz\u0103ri).<\/p>\n<h4>Date pentru procesarea unei comenzi de la altcineva, unde adresa dvs. este adresa de livrare<\/h4>\n<p>C\u00e2nd cineva v\u0103 trimite o comand\u0103 direct c\u0103tre dvs., primim detaliile despre numele \u0219i adresa dvs. de la persoana respectiv\u0103. microaktiv.com are nevoie de aceste date pentru a putea livra comanda.<\/p>\n<h4>Datele din contul dvs<\/h4>\n<p>Stoc\u0103m urm\u0103toarele date \u00een contul dvs. personal: numele \u0219i prenumele dvs., adresa(e) (livrare\/loca\u021bie\/factur\u0103), num\u0103r de telefon, adresa de e-mail, num\u0103r de client, comenzi, desc\u0103rc\u0103ri \u0219i facturi.<br \/>\nEste promisiunea clien\u021bilor no\u0219tri de a face via\u021ba clien\u021bilor no\u0219tri mai u\u0219oar\u0103 \u0219i mai distractiv\u0103. De aceea p\u0103str\u0103m datele \u00een contul dvs. at\u00e2ta timp c\u00e2t sunte\u021bi un client activ cu noi. Dac\u0103 nu v-a\u021bi autentificat la noi timp de 7 ani, v\u0103 vom \u0219terge toate datele. \u00cen plus, pute\u021bi solicita \u00een orice moment \u0219tergerea datelor din contul dvs.<\/p>\n<h4>Informa\u021bii despre contactul dvs. cu serviciul pentru clien\u021bi<\/h4>\n<p>Pute\u021bi contacta serviciul pentru clien\u021bi \u00een timpul programului de lucru. Ne pute\u021bi suna sau trimite un e-mail.<br \/>\nFolosim datele stocate \u00een contul dvs. pentru a v\u0103 contacta ca r\u0103spuns la \u00eentrebarea sau reclama\u021bia dvs. adresat\u0103 nou\u0103. V\u0103 putem ajuta mai repede data viitoare salv\u00e2ndu-v\u0103 datele. Prin urmare, p\u0103str\u0103m notele despre contactul clien\u021bilor cu noi \u0219i cu partenerii no\u0219tri de v\u00e2nz\u0103ri at\u00e2ta timp c\u00e2t sunte\u021bi un client activ cu noi.<\/p>\n<h3>Date pentru o experien\u021b\u0103 optim\u0103 de cump\u0103r\u0103turi<\/h3>\n<p>\u00cen primul r\u00e2nd, ne asigur\u0103m c\u0103 site-ul nostru func\u021bioneaz\u0103 corect, astfel \u00eenc\u00e2t s\u0103 pute\u021bi cump\u0103ra \u00een mod optim.<\/p>\n<h4>Re\u021belele de socializare<\/h4>\n<p>Dac\u0103 utiliza\u021bi re\u021bele sociale, cum ar fi Facebook, Twitter sau Pinterest, pute\u021bi folosi butoanele \u201elike \u0219i share\u201d din magazinul web de pe microaktiv.com pentru a partaja articole pe care le g\u0103si\u021bi distractive, utile sau utile prietenilor t\u0103i pe contul t\u0103u de socializare. . Microaktiv.com nu are acces la contul t\u0103u de socializare. V\u0103 recomand\u0103m s\u0103 citi\u021bi cu aten\u021bie politica de confiden\u021bialitate a p\u0103r\u021bilor din re\u021belele de socializare unde ave\u021bi un cont, astfel \u00eenc\u00e2t s\u0103 \u0219ti\u021bi cum sunt utilizate datele dvs. \u0219i cum v\u0103 pute\u021bi ajusta set\u0103rile. De asemenea, pute\u021bi trimite link-ul paginii produsului prin propriul program de e-mail.<\/p>\n<h4>Parteneri de distribu\u021bie \u0219i logistic\u0103<\/h4>\n<p>Pentru livrarea comenzilor dumneavoastr\u0103, lucr\u0103m \u00eempreun\u0103 cu diver\u0219i parteneri logistici, cum ar fi PostNL \u0219i GLS. Partenerii no\u0219tri logistici primesc datele dvs. de contact \u0219i adresele de livrare \u0219i de facturare. Ei au nevoie de aceste informa\u021bii pentru a v\u0103 livra coletul la adresa pe care a\u021bi ales-o, pentru a v\u0103 \u021bine informat cu privire la timpul de livrare prin e-mail, SMS sau printr-o aplica\u021bie \u0219i pentru a v\u0103 oferi op\u021biunea de a utiliza servicii suplimentare pentru a utiliza ace\u0219ti parteneri logistici ( cum ar fi o adres\u0103 de livrare diferit\u0103). Partenerul logistic este implicat ca parte independent\u0103 responsabil\u0103 \u00een implementarea acordului cu dumneavoastr\u0103. Pentru mai multe informa\u021bii despre utilizarea datelor dumneavoastr\u0103 de c\u0103tre furnizorul de servicii logistice relevant, pute\u021bi consulta declara\u021bia de confiden\u021bialitate pe site-ul serviciului de livrare.<\/p>\n<h4>Guvern<\/h4>\n<p>Uneori trebuie s\u0103 transmitem date cu caracter personal guvernului. Acest lucru se poate \u00eent\u00e2mpla mai \u00eent\u00e2i dac\u0103 anumite institu\u021bii guvernamentale au nevoie de aceste informa\u021bii pentru a-\u0219i \u00eendeplini atribu\u021biile, cum ar fi Administra\u021bia Fiscal\u0103 \u0219i Vamal\u0103. De asemenea, poli\u021bia sau justi\u021bia pot avea nevoie de anumite date \u00een caz de fraud\u0103 sau abuz. \u00cen cele din urm\u0103, anumite autorit\u0103\u021bi de supraveghere pot ob\u021bine acces la datele personale \u00een contextul unei investiga\u021bii.<\/p>\n<h3>Unde stoc\u0103m datele dumneavoastr\u0103?<\/h3>\n<p>Stoc\u0103m datele dumneavoastr\u0103 \u00een Spa\u021biul Economic European (\u201eSEE\u201d). Cu toate acestea, anumite date pe care le colect\u0103m pot fi transferate sau stocate la o destina\u021bie din afara SEE, de exemplu, deoarece unul dintre furnizorii no\u0219tri de servicii ter\u021bi \u00ee\u0219i are sediul acolo. Atunci c\u00e2nd acesta este cazul, ne asigur\u0103m c\u0103 acest lucru se face \u00eentr-un mod sigur \u0219i legal. \u00cen astfel de cazuri, Microaktiv.com va lua m\u0103surile adecvate pentru a se asigura c\u0103 datele dumneavoastr\u0103 sunt protejate \u00een cel mai bun mod posibil, cum ar fi convenirea cu destinatarii a clauzelor standard de protec\u021bie a datelor stabilite de Comisia European\u0103. Dac\u0103 ave\u021bi \u00eentreb\u0103ri \u00een acest sens, pute\u021bi contacta responsabilul nostru cu protec\u021bia datelor. Pute\u021bi face acest lucru trimi\u021b\u00e2nd un e-mail la info@microaktiv.com.<\/p>\n<h3>Ce drepturi v\u0103 pute\u021bi exercita cu privire la datele dumneavoastr\u0103?<\/h3>\n<h4>Dreptul la informare<\/h4>\n<p>Ave\u021bi dreptul la o explica\u021bie clar\u0103 \u0219i transparent\u0103 cu privire la modul \u00een care gestion\u0103m datele dumneavoastr\u0103 cu caracter personal \u0219i ce drepturi v\u0103 pute\u021bi exercita \u00een acest sens. Prin urmare, \u00een aceast\u0103 politic\u0103 de confiden\u021bialitate, am explicat \u00een detaliu ce date colect\u0103m de la dvs. \u0219i cum le gestion\u0103m.<\/p>\n<h4>Dreptul de acces<\/h4>\n<p>Ave\u021bi dreptul de a solicita oric\u00e2nd acces la informa\u021biile pe care le avem la dispozi\u021bie despre dumneavoastr\u0103. Pute\u021bi solicita acest lucru trimi\u021b\u00e2nd un e-mail la info@microaktiv.com. Proces\u0103m cererile \u00een cel mult 30 de zile.<\/p>\n<h4>Dreptul la corectare<\/h4>\n<p>Ave\u021bi dreptul de a primi corectarea datelor dumneavoastr\u0103 cu caracter personal dac\u0103 sunt incorecte sau dep\u0103\u0219ite \u0219i\/sau de a le completa dac\u0103 sunt incomplete. Pute\u021bi face acest lucru 24\/7 \u00een contul dvs.<\/p>\n<h4>Dreptul de a depune o pl\u00e2ngere<\/h4>\n<p>Ave\u021bi dreptul de a depune o pl\u00e2ngere cu privire la modul \u00een care v\u0103 gestion\u0103m datele. Dac\u0103 ave\u021bi o reclama\u021bie, prefer\u0103m s\u0103 o rezolv\u0103m singuri cu dvs. V\u0103 rug\u0103m s\u0103 contacta\u021bi serviciul nostru pentru clien\u021bi pentru aceasta. Dar ave\u021bi \u0219i dreptul de a depune o pl\u00e2ngere responsabilului nostru cu protec\u021bia datelor. Pute\u021bi face acest lucru trimi\u021b\u00e2nd un e-mail la info@microaktiv.com. \u00cen cele din urm\u0103, ave\u021bi dreptul de a depune reclama\u021bia la Autoritatea Olandez\u0103 pentru Protec\u021bia Datelor.<\/p>\n<h3>A \u00eentreba?<\/h3>\n<p>Dac\u0103 ave\u021bi \u00eentreb\u0103ri despre modul \u00een care QM Environmental International gestioneaz\u0103 datele personale, v\u0103 rug\u0103m s\u0103 nu ezita\u021bi s\u0103 contacta\u021bi serviciul nostru pentru clien\u021bi. Suntem bucuro\u0219i s\u0103 v\u0103 ajut\u0103m.<\/p>\n<h3>Politica de cookie-uri<\/h3>\n<h4>Ce este un cookie?<\/h4>\n<p>Un cookie este un simplu fi\u0219ier text mic care este plasat pe computerul, tableta sau smartphone-ul dumneavoastr\u0103 \u00een timpul vizitei dumneavoastr\u0103 pe un site web. Informa\u021biile stocate \u00een acestea pot fi recunoscute de site-ul web relevant la o vizit\u0103 ulterioar\u0103.<br \/>\nQM Environmental International nu folose\u0219te cookie-uri pe microaktiv.com.<\/p>\n<\/div><\/div><\/div><\/div><\/div>\n","protected":false},"excerpt":{"rendered":"","protected":false},"author":1,"featured_media":0,"parent":0,"menu_order":0,"comment_status":"closed","ping_status":"open","template":"","meta":{"_acf_changed":false,"footnotes":""},"class_list":["post-5120","page","type-page","status-publish","hentry"],"acf":[],"yoast_head":"<!-- This site is optimized with the Yoast SEO Premium plugin v27.0 (Yoast SEO v27.5) - https:\/\/yoast.com\/product\/yoast-seo-premium-wordpress\/ -->\n<title>Politica de confiden\u021bialitate - MicroAktiv<\/title>\n<meta name=\"robots\" content=\"index, follow, max-snippet:-1, max-image-preview:large, max-video-preview:-1\" \/>\n<link rel=\"canonical\" href=\"https:\/\/microaktiv.com\/ro\/politica-de-confidentialitate\/\" \/>\n<meta property=\"og:locale\" content=\"ro_RO\" \/>\n<meta property=\"og:type\" content=\"article\" \/>\n<meta property=\"og:title\" content=\"Politica de confiden\u021bialitate\" \/>\n<meta property=\"og:url\" content=\"https:\/\/microaktiv.com\/ro\/politica-de-confidentialitate\/\" \/>\n<meta property=\"og:site_name\" content=\"MicroAktiv\" \/>\n<meta property=\"article:publisher\" content=\"https:\/\/www.facebook.com\/profile.php?id=100089514366245\" \/>\n<meta property=\"article:modified_time\" content=\"2023-04-24T12:37:43+00:00\" \/>\n<meta name=\"twitter:card\" content=\"summary_large_image\" \/>\n<meta name=\"twitter:site\" content=\"@MicroAktiv\" \/>\n<meta name=\"twitter:label1\" content=\"Timp estimat pentru citire\" \/>\n\t<meta name=\"twitter:data1\" content=\"9 minute\" \/>\n<script type=\"application\/ld+json\" class=\"yoast-schema-graph\">{\"@context\":\"https:\\\/\\\/schema.org\",\"@graph\":[{\"@type\":\"WebPage\",\"@id\":\"https:\\\/\\\/microaktiv.com\\\/ro\\\/politica-de-confidentialitate\\\/\",\"url\":\"https:\\\/\\\/microaktiv.com\\\/ro\\\/politica-de-confidentialitate\\\/\",\"name\":\"Politica de confiden\u021bialitate - MicroAktiv\",\"isPartOf\":{\"@id\":\"https:\\\/\\\/microaktiv.com\\\/ro\\\/#website\"},\"datePublished\":\"2018-08-23T06:08:57+00:00\",\"dateModified\":\"2023-04-24T12:37:43+00:00\",\"breadcrumb\":{\"@id\":\"https:\\\/\\\/microaktiv.com\\\/ro\\\/politica-de-confidentialitate\\\/#breadcrumb\"},\"inLanguage\":\"ro-RO\",\"potentialAction\":[{\"@type\":\"ReadAction\",\"target\":[\"https:\\\/\\\/microaktiv.com\\\/ro\\\/politica-de-confidentialitate\\\/\"]}]},{\"@type\":\"BreadcrumbList\",\"@id\":\"https:\\\/\\\/microaktiv.com\\\/ro\\\/politica-de-confidentialitate\\\/#breadcrumb\",\"itemListElement\":[{\"@type\":\"ListItem\",\"position\":1,\"name\":\"Home\",\"item\":\"https:\\\/\\\/microaktiv.com\\\/ro\\\/\"},{\"@type\":\"ListItem\",\"position\":2,\"name\":\"Politica de confiden\u021bialitate\"}]},{\"@type\":\"WebSite\",\"@id\":\"https:\\\/\\\/microaktiv.com\\\/ro\\\/#website\",\"url\":\"https:\\\/\\\/microaktiv.com\\\/ro\\\/\",\"name\":\"MicroAktiv\",\"description\":\"Grow the bio way\",\"publisher\":{\"@id\":\"https:\\\/\\\/microaktiv.com\\\/ro\\\/#organization\"},\"potentialAction\":[{\"@type\":\"SearchAction\",\"target\":{\"@type\":\"EntryPoint\",\"urlTemplate\":\"https:\\\/\\\/microaktiv.com\\\/ro\\\/?s={search_term_string}\"},\"query-input\":{\"@type\":\"PropertyValueSpecification\",\"valueRequired\":true,\"valueName\":\"search_term_string\"}}],\"inLanguage\":\"ro-RO\"},{\"@type\":\"Organization\",\"@id\":\"https:\\\/\\\/microaktiv.com\\\/ro\\\/#organization\",\"name\":\"QM Environmental International BV\",\"url\":\"https:\\\/\\\/microaktiv.com\\\/ro\\\/\",\"logo\":{\"@type\":\"ImageObject\",\"inLanguage\":\"ro-RO\",\"@id\":\"https:\\\/\\\/microaktiv.com\\\/ro\\\/#\\\/schema\\\/logo\\\/image\\\/\",\"url\":\"https:\\\/\\\/i0.wp.com\\\/microaktiv.com\\\/wp-content\\\/uploads\\\/2022\\\/12\\\/favicon_microactiv.png?fit=1920%2C1877&ssl=1\",\"contentUrl\":\"https:\\\/\\\/i0.wp.com\\\/microaktiv.com\\\/wp-content\\\/uploads\\\/2022\\\/12\\\/favicon_microactiv.png?fit=1920%2C1877&ssl=1\",\"width\":1920,\"height\":1877,\"caption\":\"QM Environmental International BV\"},\"image\":{\"@id\":\"https:\\\/\\\/microaktiv.com\\\/ro\\\/#\\\/schema\\\/logo\\\/image\\\/\"},\"sameAs\":[\"https:\\\/\\\/www.facebook.com\\\/profile.php?id=100089514366245\",\"https:\\\/\\\/x.com\\\/MicroAktiv\",\"https:\\\/\\\/www.linkedin.com\\\/showcase\\\/microaktiv\\\/\"]}]}<\/script>\n<!-- \/ Yoast SEO Premium plugin. -->","yoast_head_json":{"title":"Politica de confiden\u021bialitate - MicroAktiv","robots":{"index":"index","follow":"follow","max-snippet":"max-snippet:-1","max-image-preview":"max-image-preview:large","max-video-preview":"max-video-preview:-1"},"canonical":"https:\/\/microaktiv.com\/ro\/politica-de-confidentialitate\/","og_locale":"ro_RO","og_type":"article","og_title":"Politica de confiden\u021bialitate","og_url":"https:\/\/microaktiv.com\/ro\/politica-de-confidentialitate\/","og_site_name":"MicroAktiv","article_publisher":"https:\/\/www.facebook.com\/profile.php?id=100089514366245","article_modified_time":"2023-04-24T12:37:43+00:00","twitter_card":"summary_large_image","twitter_site":"@MicroAktiv","twitter_misc":{"Timp estimat pentru citire":"9 minute"},"schema":{"@context":"https:\/\/schema.org","@graph":[{"@type":"WebPage","@id":"https:\/\/microaktiv.com\/ro\/politica-de-confidentialitate\/","url":"https:\/\/microaktiv.com\/ro\/politica-de-confidentialitate\/","name":"Politica de confiden\u021bialitate - MicroAktiv","isPartOf":{"@id":"https:\/\/microaktiv.com\/ro\/#website"},"datePublished":"2018-08-23T06:08:57+00:00","dateModified":"2023-04-24T12:37:43+00:00","breadcrumb":{"@id":"https:\/\/microaktiv.com\/ro\/politica-de-confidentialitate\/#breadcrumb"},"inLanguage":"ro-RO","potentialAction":[{"@type":"ReadAction","target":["https:\/\/microaktiv.com\/ro\/politica-de-confidentialitate\/"]}]},{"@type":"BreadcrumbList","@id":"https:\/\/microaktiv.com\/ro\/politica-de-confidentialitate\/#breadcrumb","itemListElement":[{"@type":"ListItem","position":1,"name":"Home","item":"https:\/\/microaktiv.com\/ro\/"},{"@type":"ListItem","position":2,"name":"Politica de confiden\u021bialitate"}]},{"@type":"WebSite","@id":"https:\/\/microaktiv.com\/ro\/#website","url":"https:\/\/microaktiv.com\/ro\/","name":"MicroAktiv","description":"Grow the bio way","publisher":{"@id":"https:\/\/microaktiv.com\/ro\/#organization"},"potentialAction":[{"@type":"SearchAction","target":{"@type":"EntryPoint","urlTemplate":"https:\/\/microaktiv.com\/ro\/?s={search_term_string}"},"query-input":{"@type":"PropertyValueSpecification","valueRequired":true,"valueName":"search_term_string"}}],"inLanguage":"ro-RO"},{"@type":"Organization","@id":"https:\/\/microaktiv.com\/ro\/#organization","name":"QM Environmental International BV","url":"https:\/\/microaktiv.com\/ro\/","logo":{"@type":"ImageObject","inLanguage":"ro-RO","@id":"https:\/\/microaktiv.com\/ro\/#\/schema\/logo\/image\/","url":"https:\/\/i0.wp.com\/microaktiv.com\/wp-content\/uploads\/2022\/12\/favicon_microactiv.png?fit=1920%2C1877&ssl=1","contentUrl":"https:\/\/i0.wp.com\/microaktiv.com\/wp-content\/uploads\/2022\/12\/favicon_microactiv.png?fit=1920%2C1877&ssl=1","width":1920,"height":1877,"caption":"QM Environmental International BV"},"image":{"@id":"https:\/\/microaktiv.com\/ro\/#\/schema\/logo\/image\/"},"sameAs":["https:\/\/www.facebook.com\/profile.php?id=100089514366245","https:\/\/x.com\/MicroAktiv","https:\/\/www.linkedin.com\/showcase\/microaktiv\/"]}]}},"_links":{"self":[{"href":"https:\/\/microaktiv.com\/ro\/wp-json\/wp\/v2\/pages\/5120","targetHints":{"allow":["GET"]}}],"collection":[{"href":"https:\/\/microaktiv.com\/ro\/wp-json\/wp\/v2\/pages"}],"about":[{"href":"https:\/\/microaktiv.com\/ro\/wp-json\/wp\/v2\/types\/page"}],"author":[{"embeddable":true,"href":"https:\/\/microaktiv.com\/ro\/wp-json\/wp\/v2\/users\/1"}],"replies":[{"embeddable":true,"href":"https:\/\/microaktiv.com\/ro\/wp-json\/wp\/v2\/comments?post=5120"}],"version-history":[{"count":3,"href":"https:\/\/microaktiv.com\/ro\/wp-json\/wp\/v2\/pages\/5120\/revisions"}],"predecessor-version":[{"id":5123,"href":"https:\/\/microaktiv.com\/ro\/wp-json\/wp\/v2\/pages\/5120\/revisions\/5123"}],"wp:attachment":[{"href":"https:\/\/microaktiv.com\/ro\/wp-json\/wp\/v2\/media?parent=5120"}],"curies":[{"name":"wp","href":"https:\/\/api.w.org\/{rel}","templated":true}]}}