{"id":5441,"date":"2023-02-23T11:57:51","date_gmt":"2023-02-23T09:57:51","guid":{"rendered":"https:\/\/microaktiv.com\/politica-de-rambursare-si-returnare\/"},"modified":"2023-05-01T14:52:22","modified_gmt":"2023-05-01T12:52:22","slug":"politica-de-rambursare-si-returnare","status":"publish","type":"page","link":"https:\/\/microaktiv.com\/ro\/politica-de-rambursare-si-returnare\/","title":{"rendered":"Politica de rambursare \u0219i returnare"},"content":{"rendered":"<div class=\"fusion-fullwidth fullwidth-box fusion-builder-row-1 fusion-flex-container nonhundred-percent-fullwidth non-hundred-percent-height-scrolling\" style=\"--awb-border-radius-top-left:0px;--awb-border-radius-top-right:0px;--awb-border-radius-bottom-right:0px;--awb-border-radius-bottom-left:0px;--awb-flex-wrap:wrap;\" ><div class=\"fusion-builder-row fusion-row fusion-flex-align-items-flex-start fusion-flex-content-wrap\" style=\"max-width:1372.8px;margin-left: calc(-4% \/ 2 );margin-right: calc(-4% \/ 2 );\"><div class=\"fusion-layout-column fusion_builder_column fusion-builder-column-0 fusion_builder_column_1_1 1_1 fusion-flex-column\" style=\"--awb-bg-size:cover;--awb-width-large:100%;--awb-margin-top-large:0px;--awb-spacing-right-large:1.92%;--awb-margin-bottom-large:0px;--awb-spacing-left-large:1.92%;--awb-width-medium:100%;--awb-spacing-right-medium:1.92%;--awb-spacing-left-medium:1.92%;--awb-width-small:100%;--awb-spacing-right-small:1.92%;--awb-spacing-left-small:1.92%;\"><div class=\"fusion-column-wrapper fusion-flex-justify-content-flex-start fusion-content-layout-column\"><div class=\"fusion-text fusion-text-1\"><p><strong>Prezentare general\u0103<\/strong><\/p>\n<p>Politica noastr\u0103 de rambursare \u0219i returnare dureaz\u0103 30 de zile. Dac\u0103 au trecut 30 de zile de la achizi\u021bie, nu v\u0103 putem oferi o rambursare sau un schimb total sau par\u021bial.<\/p>\n<p>Pentru a fi eligibil pentru retur, articolul dumneavoastr\u0103 trebuie s\u0103 fie nefolosit \u0219i \u00een aceea\u0219i stare \u00een care l-a\u021bi primit. De asemenea, trebuie s\u0103 fie \u00een ambalajul original.<\/p>\n<p>Pentru a finaliza returnarea, avem nevoie de o chitan\u021b\u0103 sau o dovad\u0103 de cump\u0103rare.<\/p>\n<p><strong>Ramburs\u0103ri<\/strong><\/p>\n<p>Odat\u0103 ce returnarea dvs. a fost primit\u0103 \u0219i inspectat\u0103, v\u0103 vom trimite un e-mail pentru a v\u0103 anun\u021ba c\u0103 am primit articolul returnat. De asemenea, v\u0103 vom anun\u021ba cu privire la aprobarea sau respingerea ramburs\u0103rii.<\/p>\n<p>Dac\u0103 sunte\u021bi aprobat, rambursarea dvs. va fi procesat\u0103 \u0219i un credit va fi aplicat automat cardului dvs. de credit sau metodei originale de plat\u0103 \u00eentr-un anumit num\u0103r de zile.<\/p>\n<p><strong>Ramburs\u0103ri \u00eent\u00e2rziate sau lips\u0103<\/strong><\/p>\n<p>Dac\u0103 nu a\u021bi primit \u00eenc\u0103 o rambursare, v\u0103 rug\u0103m s\u0103 verifica\u021bi din nou contul dvs. bancar. Apoi contacta\u021bi compania dvs. de card de credit, poate dura ceva timp p\u00e2n\u0103 c\u00e2nd rambursarea dvs. s\u0103 fie publicat\u0103 oficial. Apoi contacta\u021bi banca dvs. Exist\u0103 adesea un timp de procesare \u00eenainte ca o rambursare s\u0103 fie postat\u0103. Dac\u0103 a\u021bi f\u0103cut toate acestea \u0219i \u00eenc\u0103 nu a\u021bi primit rambursarea, v\u0103 rug\u0103m s\u0103 ne contacta\u021bi la <a href=\"mailto:info@microaktiv.com\">info@microaktiv.com<\/a>.<\/p>\n<p><strong>Vinde articole<\/strong><\/p>\n<p>Numai articolele cu pre\u021b obi\u0219nuit pot fi rambursate. Articolele de reducere sau ofertele speciale nu pot fi returnate.<\/p>\n<p><strong>Schimb sau returnare<\/strong><\/p>\n<p>\u00cenlocuim articolele numai dac\u0103 sunt defecte sau deteriorate. Dac\u0103 dori\u021bi s\u0103 returna\u021bi sau s\u0103 schimba\u021bi produsul pentru acela\u0219i articol, mai \u00eent\u00e2i trimite\u021bi-ne un e-mail (<a href=\"mailto:info@microaktiv.com\">info@microaktiv.com<\/a>) cu motivul acestui lucru \u00eempreun\u0103 cu fotografii clare ale posibilului defect \u0219i dup\u0103 confirmarea noastr\u0103 trimite\u021bi articolul.<\/p>\n<p><strong>Expediere<\/strong><\/p>\n<p>Pentru a returna produsul, trebuie s\u0103 trimite\u021bi produsul la:<\/p>\n<p><strong>QM Environmental International B.V.<\/strong><\/p>\n<p><strong>Henricuskade 123A<\/strong><\/p>\n<p><strong>2497 NB Haga<\/strong><\/p>\n<p><strong>Olanda<\/strong><\/p>\n<p>Sunte\u021bi responsabil pentru plata propriilor costuri de transport pentru returnarea articolului. Costurile de transport nu sunt rambursabile. Dac\u0103 primi\u021bi o rambursare, costul transportului de retur va fi dedus din rambursare dac\u0103 am pl\u0103tit-o.<\/p>\n<p>\u00cen func\u021bie de locul \u00een care locui\u021bi, timpul necesar pentru ca produsul dvs. schimbat s\u0103 ajung\u0103 la dvs. poate varia.<\/p>\n<p>Poate dori\u021bi s\u0103 lua\u021bi \u00een considerare utilizarea unui serviciu de expediere urm\u0103ribil sau achizi\u021bionarea unei asigur\u0103ri de transport. Nu putem garanta c\u0103 vom primi articolul returnat.<\/p>\n<p><strong>Nevoie de ajutor?<\/strong><\/p>\n<p>V\u0103 rug\u0103m s\u0103 ne contacta\u021bi la info@microaktiv.com pentru \u00eentreb\u0103ri referitoare la ramburs\u0103ri \u0219i return\u0103ri.<\/p>\n<\/div><\/div><\/div><\/div><\/div>\n","protected":false},"excerpt":{"rendered":"","protected":false},"author":1,"featured_media":0,"parent":0,"menu_order":0,"comment_status":"closed","ping_status":"closed","template":"100-width.php","meta":{"_acf_changed":false,"footnotes":""},"class_list":["post-5441","page","type-page","status-publish","hentry"],"acf":[],"yoast_head":"<!-- This site is optimized with the Yoast SEO Premium plugin v27.0 (Yoast SEO v27.3) - https:\/\/yoast.com\/product\/yoast-seo-premium-wordpress\/ -->\n<title>Politica de rambursare \u0219i returnare - MicroAktiv<\/title>\n<meta name=\"robots\" content=\"index, follow, max-snippet:-1, max-image-preview:large, max-video-preview:-1\" \/>\n<link rel=\"canonical\" href=\"https:\/\/microaktiv.com\/ro\/politica-de-rambursare-si-returnare\/\" \/>\n<meta property=\"og:locale\" content=\"ro_RO\" \/>\n<meta property=\"og:type\" content=\"article\" \/>\n<meta property=\"og:title\" content=\"Politica de rambursare \u0219i returnare\" \/>\n<meta property=\"og:url\" content=\"https:\/\/microaktiv.com\/ro\/politica-de-rambursare-si-returnare\/\" \/>\n<meta property=\"og:site_name\" content=\"MicroAktiv\" \/>\n<meta property=\"article:publisher\" content=\"https:\/\/www.facebook.com\/profile.php?id=100089514366245\" \/>\n<meta property=\"article:modified_time\" content=\"2023-05-01T12:52:22+00:00\" \/>\n<meta name=\"twitter:card\" content=\"summary_large_image\" \/>\n<meta name=\"twitter:site\" content=\"@MicroAktiv\" \/>\n<meta name=\"twitter:label1\" content=\"Timp estimat pentru citire\" \/>\n\t<meta name=\"twitter:data1\" content=\"3 minute\" \/>\n<script type=\"application\/ld+json\" class=\"yoast-schema-graph\">{\"@context\":\"https:\\\/\\\/schema.org\",\"@graph\":[{\"@type\":\"WebPage\",\"@id\":\"https:\\\/\\\/microaktiv.com\\\/ro\\\/politica-de-rambursare-si-returnare\\\/\",\"url\":\"https:\\\/\\\/microaktiv.com\\\/ro\\\/politica-de-rambursare-si-returnare\\\/\",\"name\":\"Politica de rambursare \u0219i returnare - MicroAktiv\",\"isPartOf\":{\"@id\":\"https:\\\/\\\/microaktiv.com\\\/ro\\\/#website\"},\"datePublished\":\"2023-02-23T09:57:51+00:00\",\"dateModified\":\"2023-05-01T12:52:22+00:00\",\"breadcrumb\":{\"@id\":\"https:\\\/\\\/microaktiv.com\\\/ro\\\/politica-de-rambursare-si-returnare\\\/#breadcrumb\"},\"inLanguage\":\"ro-RO\",\"potentialAction\":[{\"@type\":\"ReadAction\",\"target\":[\"https:\\\/\\\/microaktiv.com\\\/ro\\\/politica-de-rambursare-si-returnare\\\/\"]}]},{\"@type\":\"BreadcrumbList\",\"@id\":\"https:\\\/\\\/microaktiv.com\\\/ro\\\/politica-de-rambursare-si-returnare\\\/#breadcrumb\",\"itemListElement\":[{\"@type\":\"ListItem\",\"position\":1,\"name\":\"Home\",\"item\":\"https:\\\/\\\/microaktiv.com\\\/ro\\\/\"},{\"@type\":\"ListItem\",\"position\":2,\"name\":\"Politica de rambursare \u0219i returnare\"}]},{\"@type\":\"WebSite\",\"@id\":\"https:\\\/\\\/microaktiv.com\\\/ro\\\/#website\",\"url\":\"https:\\\/\\\/microaktiv.com\\\/ro\\\/\",\"name\":\"MicroAktiv\",\"description\":\"Grow the bio way\",\"publisher\":{\"@id\":\"https:\\\/\\\/microaktiv.com\\\/ro\\\/#organization\"},\"potentialAction\":[{\"@type\":\"SearchAction\",\"target\":{\"@type\":\"EntryPoint\",\"urlTemplate\":\"https:\\\/\\\/microaktiv.com\\\/ro\\\/?s={search_term_string}\"},\"query-input\":{\"@type\":\"PropertyValueSpecification\",\"valueRequired\":true,\"valueName\":\"search_term_string\"}}],\"inLanguage\":\"ro-RO\"},{\"@type\":\"Organization\",\"@id\":\"https:\\\/\\\/microaktiv.com\\\/ro\\\/#organization\",\"name\":\"QM Environmental International BV\",\"url\":\"https:\\\/\\\/microaktiv.com\\\/ro\\\/\",\"logo\":{\"@type\":\"ImageObject\",\"inLanguage\":\"ro-RO\",\"@id\":\"https:\\\/\\\/microaktiv.com\\\/ro\\\/#\\\/schema\\\/logo\\\/image\\\/\",\"url\":\"https:\\\/\\\/i0.wp.com\\\/microaktiv.com\\\/wp-content\\\/uploads\\\/2022\\\/12\\\/favicon_microactiv.png?fit=1920%2C1877&ssl=1\",\"contentUrl\":\"https:\\\/\\\/i0.wp.com\\\/microaktiv.com\\\/wp-content\\\/uploads\\\/2022\\\/12\\\/favicon_microactiv.png?fit=1920%2C1877&ssl=1\",\"width\":1920,\"height\":1877,\"caption\":\"QM Environmental International BV\"},\"image\":{\"@id\":\"https:\\\/\\\/microaktiv.com\\\/ro\\\/#\\\/schema\\\/logo\\\/image\\\/\"},\"sameAs\":[\"https:\\\/\\\/www.facebook.com\\\/profile.php?id=100089514366245\",\"https:\\\/\\\/x.com\\\/MicroAktiv\",\"https:\\\/\\\/www.linkedin.com\\\/showcase\\\/microaktiv\\\/\"]}]}<\/script>\n<!-- \/ Yoast SEO Premium plugin. -->","yoast_head_json":{"title":"Politica de rambursare \u0219i returnare - MicroAktiv","robots":{"index":"index","follow":"follow","max-snippet":"max-snippet:-1","max-image-preview":"max-image-preview:large","max-video-preview":"max-video-preview:-1"},"canonical":"https:\/\/microaktiv.com\/ro\/politica-de-rambursare-si-returnare\/","og_locale":"ro_RO","og_type":"article","og_title":"Politica de rambursare \u0219i returnare","og_url":"https:\/\/microaktiv.com\/ro\/politica-de-rambursare-si-returnare\/","og_site_name":"MicroAktiv","article_publisher":"https:\/\/www.facebook.com\/profile.php?id=100089514366245","article_modified_time":"2023-05-01T12:52:22+00:00","twitter_card":"summary_large_image","twitter_site":"@MicroAktiv","twitter_misc":{"Timp estimat pentru citire":"3 minute"},"schema":{"@context":"https:\/\/schema.org","@graph":[{"@type":"WebPage","@id":"https:\/\/microaktiv.com\/ro\/politica-de-rambursare-si-returnare\/","url":"https:\/\/microaktiv.com\/ro\/politica-de-rambursare-si-returnare\/","name":"Politica de rambursare \u0219i returnare - MicroAktiv","isPartOf":{"@id":"https:\/\/microaktiv.com\/ro\/#website"},"datePublished":"2023-02-23T09:57:51+00:00","dateModified":"2023-05-01T12:52:22+00:00","breadcrumb":{"@id":"https:\/\/microaktiv.com\/ro\/politica-de-rambursare-si-returnare\/#breadcrumb"},"inLanguage":"ro-RO","potentialAction":[{"@type":"ReadAction","target":["https:\/\/microaktiv.com\/ro\/politica-de-rambursare-si-returnare\/"]}]},{"@type":"BreadcrumbList","@id":"https:\/\/microaktiv.com\/ro\/politica-de-rambursare-si-returnare\/#breadcrumb","itemListElement":[{"@type":"ListItem","position":1,"name":"Home","item":"https:\/\/microaktiv.com\/ro\/"},{"@type":"ListItem","position":2,"name":"Politica de rambursare \u0219i returnare"}]},{"@type":"WebSite","@id":"https:\/\/microaktiv.com\/ro\/#website","url":"https:\/\/microaktiv.com\/ro\/","name":"MicroAktiv","description":"Grow the bio way","publisher":{"@id":"https:\/\/microaktiv.com\/ro\/#organization"},"potentialAction":[{"@type":"SearchAction","target":{"@type":"EntryPoint","urlTemplate":"https:\/\/microaktiv.com\/ro\/?s={search_term_string}"},"query-input":{"@type":"PropertyValueSpecification","valueRequired":true,"valueName":"search_term_string"}}],"inLanguage":"ro-RO"},{"@type":"Organization","@id":"https:\/\/microaktiv.com\/ro\/#organization","name":"QM Environmental International BV","url":"https:\/\/microaktiv.com\/ro\/","logo":{"@type":"ImageObject","inLanguage":"ro-RO","@id":"https:\/\/microaktiv.com\/ro\/#\/schema\/logo\/image\/","url":"https:\/\/i0.wp.com\/microaktiv.com\/wp-content\/uploads\/2022\/12\/favicon_microactiv.png?fit=1920%2C1877&ssl=1","contentUrl":"https:\/\/i0.wp.com\/microaktiv.com\/wp-content\/uploads\/2022\/12\/favicon_microactiv.png?fit=1920%2C1877&ssl=1","width":1920,"height":1877,"caption":"QM Environmental International BV"},"image":{"@id":"https:\/\/microaktiv.com\/ro\/#\/schema\/logo\/image\/"},"sameAs":["https:\/\/www.facebook.com\/profile.php?id=100089514366245","https:\/\/x.com\/MicroAktiv","https:\/\/www.linkedin.com\/showcase\/microaktiv\/"]}]}},"_links":{"self":[{"href":"https:\/\/microaktiv.com\/ro\/wp-json\/wp\/v2\/pages\/5441","targetHints":{"allow":["GET"]}}],"collection":[{"href":"https:\/\/microaktiv.com\/ro\/wp-json\/wp\/v2\/pages"}],"about":[{"href":"https:\/\/microaktiv.com\/ro\/wp-json\/wp\/v2\/types\/page"}],"author":[{"embeddable":true,"href":"https:\/\/microaktiv.com\/ro\/wp-json\/wp\/v2\/users\/1"}],"replies":[{"embeddable":true,"href":"https:\/\/microaktiv.com\/ro\/wp-json\/wp\/v2\/comments?post=5441"}],"version-history":[{"count":2,"href":"https:\/\/microaktiv.com\/ro\/wp-json\/wp\/v2\/pages\/5441\/revisions"}],"predecessor-version":[{"id":5443,"href":"https:\/\/microaktiv.com\/ro\/wp-json\/wp\/v2\/pages\/5441\/revisions\/5443"}],"wp:attachment":[{"href":"https:\/\/microaktiv.com\/ro\/wp-json\/wp\/v2\/media?parent=5441"}],"curies":[{"name":"wp","href":"https:\/\/api.w.org\/{rel}","templated":true}]}}