{"id":6167,"date":"2023-07-14T14:39:11","date_gmt":"2023-07-14T12:39:11","guid":{"rendered":"https:\/\/microaktiv.com\/?post_type=product&#038;p=6167"},"modified":"2023-07-17T12:26:42","modified_gmt":"2023-07-17T10:26:42","slug":"microaktiv-cd","status":"publish","type":"product","link":"https:\/\/microaktiv.com\/ro\/produs\/microaktiv-cd\/","title":{"rendered":"MicroAktiv\u00ae-CD"},"content":{"rendered":"<p><div class=\"fusion-fullwidth fullwidth-box fusion-builder-row-1 fusion-flex-container has-pattern-background has-mask-background nonhundred-percent-fullwidth non-hundred-percent-height-scrolling\" style=\"--awb-border-radius-top-left:0px;--awb-border-radius-top-right:0px;--awb-border-radius-bottom-right:0px;--awb-border-radius-bottom-left:0px;--awb-flex-wrap:wrap;\" ><div class=\"fusion-builder-row fusion-row fusion-flex-align-items-flex-start fusion-flex-content-wrap\" style=\"max-width:1372.8px;margin-left: calc(-4% \/ 2 );margin-right: calc(-4% \/ 2 );\"><div class=\"fusion-layout-column fusion_builder_column fusion-builder-column-0 fusion_builder_column_1_1 1_1 fusion-flex-column\" style=\"--awb-bg-size:cover;--awb-width-large:100%;--awb-margin-top-large:0px;--awb-spacing-right-large:1.92%;--awb-margin-bottom-large:0px;--awb-spacing-left-large:1.92%;--awb-width-medium:100%;--awb-order-medium:0;--awb-spacing-right-medium:1.92%;--awb-spacing-left-medium:1.92%;--awb-width-small:100%;--awb-order-small:0;--awb-spacing-right-small:1.92%;--awb-spacing-left-small:1.92%;\"><div class=\"fusion-column-wrapper fusion-column-has-shadow fusion-flex-justify-content-flex-start fusion-content-layout-column\"><div class=\"fusion-text fusion-text-1\"><p>MicroAktiv<sup>\u00ae<\/sup>-CD este un fluid microbian format din tulpini de <em>Bacillus<\/em> care este folosit pentru a cur\u0103\u021ba interiorul conductelor de irigare \u0219i picuratoare pentru a preveni \u00eenfundarea.<\/p>\n<h5>Compozi\u021bie<\/h5>\n<p>MicroAktiv<sup>\u00ae<\/sup>-CD con\u021bine 10<sup>8<\/sup> cfu\/ml de bacterii <em>Bacillus<\/em> care apar \u00een mod natural.<\/p>\n<p>Produsele MicroAktiv<sup>\u00ae<\/sup> se bazeaz\u0103 pe ingrediente \u0219i bacterii naturale. Acestea nu trebuie utilizate \u00een combina\u021bie cu biocide \u0219i fungicide. Nu utiliza\u021bi MicroAktiv<sup>\u00ae<\/sup>-CD \u00een ap\u0103 la care s-a ad\u0103ugat peroxid de hidrogen (H<sub>2<\/sub>O<sub>2<\/sub>), clorur\u0103 sau dezinfectant. Contacteaz\u0103-ne pentru cel mai bun program de tratament.<\/p>\n<h5>Dozaj<\/h5>\n<p>MicroAktiv<sup>\u00ae<\/sup>-CD poate fi administrat \u00eentr-o singur\u0103 aplicare diminea\u021ba prin recipientul A, recipientul de aspira\u021bie sau sursa de zi. Asigura\u021bi o bun\u0103 aerare a apei de irigare prin un venturi, cascad\u0103 sau nanobul\u0103. Dac\u0103 exist\u0103 o \u00eentrerupere prelungit\u0103 a livr\u0103rii apei de irigare \u00een timpul lunilor de iarn\u0103, sufla\u021bi conductele \u00eenainte de prima aplicare a MicroAktiv<sup>\u00ae<\/sup>-CD.<\/p>\n<p><em><strong>Foaia de parcurs:<\/strong><\/em><\/p>\n<ol>\n<li>\u00cen caz de poluare grav\u0103, cur\u0103\u021ba\u021bi mai \u00eent\u00e2i conductele cu peroxid de hidrogen (H<sub>2<\/sub>O<sub>2<\/sub>).<\/li>\n<li>Cur\u0103\u021ba\u021bi filtrele \u0219i sp\u0103la\u021bi \u021bevile.<\/li>\n<li>Prima aplicare: 5 litri\/ha.<\/li>\n<li>Doza de intretinere: 1x pe luna 5 litri\/ha<\/li>\n<\/ol>\n<p>Dac\u0103 contaminarea este limitat\u0103, \u00eencepe\u021bi imediat cu pasul 2.<\/p>\n<p><strong>Termen de valabilitate:<\/strong> 1 an (dac\u0103 este depozitat la o temperatur\u0103 cuprins\u0103 \u00eentre 5 \u00b0C \u0219i 10 \u00b0C)<\/p>\n<h5>Ambalare<\/h5>\n<p>MicroAktiv<sup>\u00ae<\/sup>-CD este disponibil \u00een bidoane de 5 litri.<\/p>\n<\/div><\/div><\/div><\/div><\/div><div class=\"fusion-fullwidth fullwidth-box fusion-builder-row-2 fusion-flex-container has-pattern-background has-mask-background nonhundred-percent-fullwidth non-hundred-percent-height-scrolling\" style=\"--awb-border-radius-top-left:0px;--awb-border-radius-top-right:0px;--awb-border-radius-bottom-right:0px;--awb-border-radius-bottom-left:0px;--awb-flex-wrap:wrap;\" ><div class=\"fusion-builder-row fusion-row fusion-flex-align-items-flex-start fusion-flex-content-wrap\" style=\"max-width:1372.8px;margin-left: calc(-4% \/ 2 );margin-right: calc(-4% \/ 2 );\"><div class=\"fusion-layout-column fusion_builder_column fusion-builder-column-1 fusion_builder_column_1_2 1_2 fusion-flex-column\" style=\"--awb-padding-top:5px;--awb-padding-right:5px;--awb-padding-bottom:5px;--awb-padding-left:5px;--awb-overflow:hidden;--awb-bg-color:rgba(174,128,76,0.25);--awb-bg-color-hover:rgba(174,128,76,0.25);--awb-bg-size:cover;--awb-border-radius:15px 15px 15px 15px;--awb-width-large:50%;--awb-margin-top-large:0px;--awb-spacing-right-large:3.84%;--awb-margin-bottom-large:5px;--awb-spacing-left-large:3.84%;--awb-width-medium:100%;--awb-order-medium:0;--awb-spacing-right-medium:1.92%;--awb-spacing-left-medium:1.92%;--awb-width-small:100%;--awb-order-small:0;--awb-spacing-right-small:1.92%;--awb-spacing-left-small:1.92%;\"><div class=\"fusion-column-wrapper fusion-column-has-shadow fusion-flex-justify-content-flex-start fusion-content-layout-column\"><div class=\"fusion-text fusion-text-2\"><h5 style=\"text-align: center;\">Desc\u0103rca\u021bi fi\u0219a produsului<\/h5>\n<\/div><div style=\"text-align:center;\"><a class=\"fusion-button button-flat fusion-button-default-size button-default fusion-button-default button-1 fusion-button-default-span fusion-button-default-type\" target=\"_blank\" rel=\"noopener noreferrer\" href=\"https:\/\/microaktiv.com\/wp-content\/uploads\/2023\/07\/MicroAktiv-CD_eng.pdf\"><span class=\"fusion-button-text awb-button__text awb-button__text--default\">Descarca<\/span><\/a><\/div><\/div><\/div><div class=\"fusion-layout-column fusion_builder_column fusion-builder-column-2 fusion_builder_column_1_2 1_2 fusion-flex-column\" style=\"--awb-padding-top:5px;--awb-padding-right:5px;--awb-padding-bottom:5px;--awb-padding-left:5px;--awb-overflow:hidden;--awb-bg-color:rgba(174,128,76,0.25);--awb-bg-color-hover:rgba(174,128,76,0.25);--awb-bg-size:cover;--awb-border-radius:15px 15px 15px 15px;--awb-width-large:50%;--awb-margin-top-large:0px;--awb-spacing-right-large:3.84%;--awb-margin-bottom-large:5px;--awb-spacing-left-large:3.84%;--awb-width-medium:100%;--awb-order-medium:0;--awb-spacing-right-medium:1.92%;--awb-spacing-left-medium:1.92%;--awb-width-small:100%;--awb-order-small:0;--awb-spacing-right-small:1.92%;--awb-spacing-left-small:1.92%;\"><div class=\"fusion-column-wrapper fusion-column-has-shadow fusion-flex-justify-content-flex-start fusion-content-layout-column\"><div class=\"fusion-text fusion-text-3\"><h5 style=\"text-align: center;\">Desc\u0103rca\u021bi fi\u0219a de siguran\u021b\u0103<\/h5>\n<\/div><div style=\"text-align:center;\"><a class=\"fusion-button button-flat fusion-button-default-size button-default fusion-button-default button-2 fusion-button-default-span fusion-button-default-type\" target=\"_blank\" rel=\"noopener noreferrer\" href=\"https:\/\/microaktiv.com\/wp-content\/uploads\/2023\/07\/MSDS-MicroAktiv-CD_ENG.pdf\"><span class=\"fusion-button-text awb-button__text awb-button__text--default\">Descarca<\/span><\/a><\/div><\/div><\/div><\/div><\/div><\/p>\n","protected":false},"excerpt":{"rendered":"<p>Detergent microbian pentru \u021bevi de irigare \u0219i picuratoare \u00een horticultura de ser\u0103.<\/p>\n","protected":false},"featured_media":7132,"template":"","meta":{"_acf_changed":false},"product_brand":[],"product_cat":[162],"product_tag":[],"class_list":{"0":"post-6167","1":"product","2":"type-product","3":"status-publish","4":"has-post-thumbnail","6":"product_cat-agricultura","8":"first","9":"instock","10":"taxable","11":"shipping-taxable","12":"purchasable","13":"product-type-simple"},"acf":[],"yoast_head":"<!-- This site is optimized with the Yoast SEO Premium plugin v27.0 (Yoast SEO v27.5) - https:\/\/yoast.com\/product\/yoast-seo-premium-wordpress\/ -->\n<title>MicroAktiv\u00ae-CD - Grow The BioWay<\/title>\n<meta name=\"description\" content=\"Detergent microbian pentru \u021bevi de irigare \u0219i picuratoare \u00een horticultura de ser\u0103. Previne \u00eenfundarea conductelor \u0219i reduce \u00eentre\u021binerea.\" \/>\n<meta name=\"robots\" content=\"index, follow, max-snippet:-1, max-image-preview:large, max-video-preview:-1\" \/>\n<link rel=\"canonical\" href=\"https:\/\/microaktiv.com\/ro\/produs\/microaktiv-cd\/\" \/>\n<meta property=\"og:locale\" content=\"ro_RO\" \/>\n<meta property=\"og:type\" content=\"article\" \/>\n<meta property=\"og:title\" content=\"MicroAktiv\u00ae-CD\" \/>\n<meta property=\"og:description\" content=\"Detergent microbian pentru \u021bevi de irigare \u0219i picuratoare \u00een horticultura de ser\u0103. Previne \u00eenfundarea conductelor \u0219i reduce \u00eentre\u021binerea.\" \/>\n<meta property=\"og:url\" content=\"https:\/\/microaktiv.com\/ro\/produs\/microaktiv-cd\/\" \/>\n<meta property=\"og:site_name\" content=\"MicroAktiv\" \/>\n<meta property=\"article:publisher\" content=\"https:\/\/www.facebook.com\/profile.php?id=100089514366245\" \/>\n<meta property=\"article:modified_time\" content=\"2023-07-17T10:26:42+00:00\" \/>\n<meta property=\"og:image\" content=\"https:\/\/microaktiv.com\/wp-content\/uploads\/2023\/11\/MicroAktiv-CD-Jerrycan-wit-5-L_eng_web.jpg\" \/>\n\t<meta property=\"og:image:width\" content=\"400\" \/>\n\t<meta property=\"og:image:height\" content=\"400\" \/>\n\t<meta property=\"og:image:type\" content=\"image\/jpeg\" \/>\n<meta name=\"twitter:card\" content=\"summary_large_image\" \/>\n<meta name=\"twitter:site\" content=\"@MicroAktiv\" \/>\n<meta name=\"twitter:label1\" content=\"Timp estimat pentru citire\" \/>\n\t<meta name=\"twitter:data1\" content=\"6 minute\" \/>\n<script type=\"application\/ld+json\" class=\"yoast-schema-graph\">{\"@context\":\"https:\\\/\\\/schema.org\",\"@graph\":[{\"@type\":\"WebPage\",\"@id\":\"https:\\\/\\\/microaktiv.com\\\/ro\\\/produs\\\/microaktiv-cd\\\/\",\"url\":\"https:\\\/\\\/microaktiv.com\\\/ro\\\/produs\\\/microaktiv-cd\\\/\",\"name\":\"MicroAktiv\u00ae-CD - Grow The BioWay\",\"isPartOf\":{\"@id\":\"https:\\\/\\\/microaktiv.com\\\/ro\\\/#website\"},\"primaryImageOfPage\":{\"@id\":\"https:\\\/\\\/microaktiv.com\\\/ro\\\/produs\\\/microaktiv-cd\\\/#primaryimage\"},\"image\":{\"@id\":\"https:\\\/\\\/microaktiv.com\\\/ro\\\/produs\\\/microaktiv-cd\\\/#primaryimage\"},\"thumbnailUrl\":\"https:\\\/\\\/microaktiv.com\\\/wp-content\\\/uploads\\\/2023\\\/11\\\/MicroAktiv-CD-Jerrycan-wit-5-L_eng_web.jpg\",\"datePublished\":\"2023-07-14T12:39:11+00:00\",\"dateModified\":\"2023-07-17T10:26:42+00:00\",\"description\":\"Detergent microbian pentru \u021bevi de irigare \u0219i picuratoare \u00een horticultura de ser\u0103. Previne \u00eenfundarea conductelor \u0219i reduce \u00eentre\u021binerea.\",\"breadcrumb\":{\"@id\":\"https:\\\/\\\/microaktiv.com\\\/ro\\\/produs\\\/microaktiv-cd\\\/#breadcrumb\"},\"inLanguage\":\"ro-RO\",\"potentialAction\":[{\"@type\":\"ReadAction\",\"target\":[\"https:\\\/\\\/microaktiv.com\\\/ro\\\/produs\\\/microaktiv-cd\\\/\"]}]},{\"@type\":\"ImageObject\",\"inLanguage\":\"ro-RO\",\"@id\":\"https:\\\/\\\/microaktiv.com\\\/ro\\\/produs\\\/microaktiv-cd\\\/#primaryimage\",\"url\":\"https:\\\/\\\/microaktiv.com\\\/wp-content\\\/uploads\\\/2023\\\/11\\\/MicroAktiv-CD-Jerrycan-wit-5-L_eng_web.jpg\",\"contentUrl\":\"https:\\\/\\\/microaktiv.com\\\/wp-content\\\/uploads\\\/2023\\\/11\\\/MicroAktiv-CD-Jerrycan-wit-5-L_eng_web.jpg\",\"width\":400,\"height\":400},{\"@type\":\"BreadcrumbList\",\"@id\":\"https:\\\/\\\/microaktiv.com\\\/ro\\\/produs\\\/microaktiv-cd\\\/#breadcrumb\",\"itemListElement\":[{\"@type\":\"ListItem\",\"position\":1,\"name\":\"Home\",\"item\":\"https:\\\/\\\/microaktiv.com\\\/ro\\\/\"},{\"@type\":\"ListItem\",\"position\":2,\"name\":\"Magazin online\",\"item\":\"https:\\\/\\\/microaktiv.com\\\/ro\\\/magazin-online\\\/\"},{\"@type\":\"ListItem\",\"position\":3,\"name\":\"MicroAktiv\u00ae-CD\"}]},{\"@type\":\"WebSite\",\"@id\":\"https:\\\/\\\/microaktiv.com\\\/ro\\\/#website\",\"url\":\"https:\\\/\\\/microaktiv.com\\\/ro\\\/\",\"name\":\"MicroAktiv\",\"description\":\"Grow the bio way\",\"publisher\":{\"@id\":\"https:\\\/\\\/microaktiv.com\\\/ro\\\/#organization\"},\"potentialAction\":[{\"@type\":\"SearchAction\",\"target\":{\"@type\":\"EntryPoint\",\"urlTemplate\":\"https:\\\/\\\/microaktiv.com\\\/ro\\\/?s={search_term_string}\"},\"query-input\":{\"@type\":\"PropertyValueSpecification\",\"valueRequired\":true,\"valueName\":\"search_term_string\"}}],\"inLanguage\":\"ro-RO\"},{\"@type\":\"Organization\",\"@id\":\"https:\\\/\\\/microaktiv.com\\\/ro\\\/#organization\",\"name\":\"QM Environmental International BV\",\"url\":\"https:\\\/\\\/microaktiv.com\\\/ro\\\/\",\"logo\":{\"@type\":\"ImageObject\",\"inLanguage\":\"ro-RO\",\"@id\":\"https:\\\/\\\/microaktiv.com\\\/ro\\\/#\\\/schema\\\/logo\\\/image\\\/\",\"url\":\"https:\\\/\\\/i0.wp.com\\\/microaktiv.com\\\/wp-content\\\/uploads\\\/2022\\\/12\\\/favicon_microactiv.png?fit=1920%2C1877&ssl=1\",\"contentUrl\":\"https:\\\/\\\/i0.wp.com\\\/microaktiv.com\\\/wp-content\\\/uploads\\\/2022\\\/12\\\/favicon_microactiv.png?fit=1920%2C1877&ssl=1\",\"width\":1920,\"height\":1877,\"caption\":\"QM Environmental International BV\"},\"image\":{\"@id\":\"https:\\\/\\\/microaktiv.com\\\/ro\\\/#\\\/schema\\\/logo\\\/image\\\/\"},\"sameAs\":[\"https:\\\/\\\/www.facebook.com\\\/profile.php?id=100089514366245\",\"https:\\\/\\\/x.com\\\/MicroAktiv\",\"https:\\\/\\\/www.linkedin.com\\\/showcase\\\/microaktiv\\\/\"]}]}<\/script>\n<!-- \/ Yoast SEO Premium plugin. -->","yoast_head_json":{"title":"MicroAktiv\u00ae-CD - Grow The BioWay","description":"Detergent microbian pentru \u021bevi de irigare \u0219i picuratoare \u00een horticultura de ser\u0103. Previne \u00eenfundarea conductelor \u0219i reduce \u00eentre\u021binerea.","robots":{"index":"index","follow":"follow","max-snippet":"max-snippet:-1","max-image-preview":"max-image-preview:large","max-video-preview":"max-video-preview:-1"},"canonical":"https:\/\/microaktiv.com\/ro\/produs\/microaktiv-cd\/","og_locale":"ro_RO","og_type":"article","og_title":"MicroAktiv\u00ae-CD","og_description":"Detergent microbian pentru \u021bevi de irigare \u0219i picuratoare \u00een horticultura de ser\u0103. Previne \u00eenfundarea conductelor \u0219i reduce \u00eentre\u021binerea.","og_url":"https:\/\/microaktiv.com\/ro\/produs\/microaktiv-cd\/","og_site_name":"MicroAktiv","article_publisher":"https:\/\/www.facebook.com\/profile.php?id=100089514366245","article_modified_time":"2023-07-17T10:26:42+00:00","og_image":[{"width":400,"height":400,"url":"https:\/\/microaktiv.com\/wp-content\/uploads\/2023\/11\/MicroAktiv-CD-Jerrycan-wit-5-L_eng_web.jpg","type":"image\/jpeg"}],"twitter_card":"summary_large_image","twitter_site":"@MicroAktiv","twitter_misc":{"Timp estimat pentru citire":"6 minute"},"schema":{"@context":"https:\/\/schema.org","@graph":[{"@type":"WebPage","@id":"https:\/\/microaktiv.com\/ro\/produs\/microaktiv-cd\/","url":"https:\/\/microaktiv.com\/ro\/produs\/microaktiv-cd\/","name":"MicroAktiv\u00ae-CD - Grow The BioWay","isPartOf":{"@id":"https:\/\/microaktiv.com\/ro\/#website"},"primaryImageOfPage":{"@id":"https:\/\/microaktiv.com\/ro\/produs\/microaktiv-cd\/#primaryimage"},"image":{"@id":"https:\/\/microaktiv.com\/ro\/produs\/microaktiv-cd\/#primaryimage"},"thumbnailUrl":"https:\/\/microaktiv.com\/wp-content\/uploads\/2023\/11\/MicroAktiv-CD-Jerrycan-wit-5-L_eng_web.jpg","datePublished":"2023-07-14T12:39:11+00:00","dateModified":"2023-07-17T10:26:42+00:00","description":"Detergent microbian pentru \u021bevi de irigare \u0219i picuratoare \u00een horticultura de ser\u0103. Previne \u00eenfundarea conductelor \u0219i reduce \u00eentre\u021binerea.","breadcrumb":{"@id":"https:\/\/microaktiv.com\/ro\/produs\/microaktiv-cd\/#breadcrumb"},"inLanguage":"ro-RO","potentialAction":[{"@type":"ReadAction","target":["https:\/\/microaktiv.com\/ro\/produs\/microaktiv-cd\/"]}]},{"@type":"ImageObject","inLanguage":"ro-RO","@id":"https:\/\/microaktiv.com\/ro\/produs\/microaktiv-cd\/#primaryimage","url":"https:\/\/microaktiv.com\/wp-content\/uploads\/2023\/11\/MicroAktiv-CD-Jerrycan-wit-5-L_eng_web.jpg","contentUrl":"https:\/\/microaktiv.com\/wp-content\/uploads\/2023\/11\/MicroAktiv-CD-Jerrycan-wit-5-L_eng_web.jpg","width":400,"height":400},{"@type":"BreadcrumbList","@id":"https:\/\/microaktiv.com\/ro\/produs\/microaktiv-cd\/#breadcrumb","itemListElement":[{"@type":"ListItem","position":1,"name":"Home","item":"https:\/\/microaktiv.com\/ro\/"},{"@type":"ListItem","position":2,"name":"Magazin online","item":"https:\/\/microaktiv.com\/ro\/magazin-online\/"},{"@type":"ListItem","position":3,"name":"MicroAktiv\u00ae-CD"}]},{"@type":"WebSite","@id":"https:\/\/microaktiv.com\/ro\/#website","url":"https:\/\/microaktiv.com\/ro\/","name":"MicroAktiv","description":"Grow the bio way","publisher":{"@id":"https:\/\/microaktiv.com\/ro\/#organization"},"potentialAction":[{"@type":"SearchAction","target":{"@type":"EntryPoint","urlTemplate":"https:\/\/microaktiv.com\/ro\/?s={search_term_string}"},"query-input":{"@type":"PropertyValueSpecification","valueRequired":true,"valueName":"search_term_string"}}],"inLanguage":"ro-RO"},{"@type":"Organization","@id":"https:\/\/microaktiv.com\/ro\/#organization","name":"QM Environmental International BV","url":"https:\/\/microaktiv.com\/ro\/","logo":{"@type":"ImageObject","inLanguage":"ro-RO","@id":"https:\/\/microaktiv.com\/ro\/#\/schema\/logo\/image\/","url":"https:\/\/i0.wp.com\/microaktiv.com\/wp-content\/uploads\/2022\/12\/favicon_microactiv.png?fit=1920%2C1877&ssl=1","contentUrl":"https:\/\/i0.wp.com\/microaktiv.com\/wp-content\/uploads\/2022\/12\/favicon_microactiv.png?fit=1920%2C1877&ssl=1","width":1920,"height":1877,"caption":"QM Environmental International BV"},"image":{"@id":"https:\/\/microaktiv.com\/ro\/#\/schema\/logo\/image\/"},"sameAs":["https:\/\/www.facebook.com\/profile.php?id=100089514366245","https:\/\/x.com\/MicroAktiv","https:\/\/www.linkedin.com\/showcase\/microaktiv\/"]}]}},"_links":{"self":[{"href":"https:\/\/microaktiv.com\/ro\/wp-json\/wp\/v2\/product\/6167","targetHints":{"allow":["GET"]}}],"collection":[{"href":"https:\/\/microaktiv.com\/ro\/wp-json\/wp\/v2\/product"}],"about":[{"href":"https:\/\/microaktiv.com\/ro\/wp-json\/wp\/v2\/types\/product"}],"wp:featuredmedia":[{"embeddable":true,"href":"https:\/\/microaktiv.com\/ro\/wp-json\/wp\/v2\/media\/7132"}],"wp:attachment":[{"href":"https:\/\/microaktiv.com\/ro\/wp-json\/wp\/v2\/media?parent=6167"}],"wp:term":[{"taxonomy":"product_brand","embeddable":true,"href":"https:\/\/microaktiv.com\/ro\/wp-json\/wp\/v2\/product_brand?post=6167"},{"taxonomy":"product_cat","embeddable":true,"href":"https:\/\/microaktiv.com\/ro\/wp-json\/wp\/v2\/product_cat?post=6167"},{"taxonomy":"product_tag","embeddable":true,"href":"https:\/\/microaktiv.com\/ro\/wp-json\/wp\/v2\/product_tag?post=6167"}],"curies":[{"name":"wp","href":"https:\/\/api.w.org\/{rel}","templated":true}]}}