{"id":6752,"date":"2023-07-19T16:31:21","date_gmt":"2023-07-19T14:31:21","guid":{"rendered":"https:\/\/microaktiv.com\/?post_type=product&#038;p=6752"},"modified":"2023-07-20T10:43:20","modified_gmt":"2023-07-20T08:43:20","slug":"microaktiv-n2fix","status":"publish","type":"product","link":"https:\/\/microaktiv.com\/ro\/produs\/microaktiv-n2fix\/","title":{"rendered":"MicroAktiv\u00ae-N2Fix"},"content":{"rendered":"<p><div class=\"fusion-fullwidth fullwidth-box fusion-builder-row-1 fusion-flex-container has-pattern-background has-mask-background nonhundred-percent-fullwidth non-hundred-percent-height-scrolling\" style=\"--awb-border-radius-top-left:0px;--awb-border-radius-top-right:0px;--awb-border-radius-bottom-right:0px;--awb-border-radius-bottom-left:0px;--awb-flex-wrap:wrap;\" ><div class=\"fusion-builder-row fusion-row fusion-flex-align-items-flex-start fusion-flex-content-wrap\" style=\"max-width:1372.8px;margin-left: calc(-4% \/ 2 );margin-right: calc(-4% \/ 2 );\"><div class=\"fusion-layout-column fusion_builder_column fusion-builder-column-0 fusion_builder_column_1_1 1_1 fusion-flex-column\" style=\"--awb-bg-size:cover;--awb-width-large:100%;--awb-margin-top-large:0px;--awb-spacing-right-large:1.92%;--awb-margin-bottom-large:0px;--awb-spacing-left-large:1.92%;--awb-width-medium:100%;--awb-order-medium:0;--awb-spacing-right-medium:1.92%;--awb-spacing-left-medium:1.92%;--awb-width-small:100%;--awb-order-small:0;--awb-spacing-right-small:1.92%;--awb-spacing-left-small:1.92%;\"><div class=\"fusion-column-wrapper fusion-column-has-shadow fusion-flex-justify-content-flex-start fusion-content-layout-column\"><div class=\"fusion-text fusion-text-1\"><p>MicroAktiv<sup>\u00ae<\/sup>-N2Fix este un amestec de microorganisme selectate, care apar \u00een mod natural, pentru utilizare \u00een agricultur\u0103 \u0219i horticultur\u0103 pentru absorb\u021bia azotului din aer.<\/p>\n<p>MicroAktiv<sup>\u00ae<\/sup>-N2Fix este un lichid care con\u021bine microorganisme din familia <em>Methylobacterium<\/em>. Se \u0219tie c\u0103 aceast\u0103 bacterie poate absorbi azotul din aer \u0219i \u00eel poate face disponibil pentru culturi. Aceasta are o contribu\u021bie pozitiv\u0103 la cre\u0219terea plantei \u0219i reduce nevoia de fertilizare artificial\u0103 cu N.<\/p>\n<p><strong>APLICA\u021aII<\/strong><\/p>\n<p>MicroAktiv<sup>\u00ae<\/sup>-N2Fix este folosit ca ameliorator de sol \u0219i spray foliar \u00een agricultur\u0103 \u0219i horticultur\u0103. MicroAktiv<sup>\u00ae<\/sup>-N2Fix con\u021bine bacteria <em>Methylobacterium extorquens<\/em>. Aceast\u0103 bacterie poate fixa azotul atmosferic (N<sub>2<\/sub>). MicroAktiv<sup>\u00ae<\/sup>-N2Fix enable fiecare cultur\u0103 s\u0103 fixeze \u00een mod natural o medie de 11,3 kg de azot atmosferic (N<sub>2<\/sub>) la hectar. Methylobacterium stimuleaz\u0103, de asemenea, fotosinteza. Aceste bacterii absorb lumina UV-A \u0219i UV-B, ceea ce cre\u0219te fotosinteza \u0219i ofer\u0103 plantelor mai mult\u0103 energie.<\/p>\n<p>Nitrogenazele sunt enzimele utilizate de bacteriile fixatoare de azot <em>Methylobacterium<\/em> pentru a descompune azotul molecular din atmosfer\u0103. Combinarea azotului cu hidrogenul creeaz\u0103 amoniu.<\/p>\n<h5>Compozi\u021bie<\/h5>\n<p>MicroAktiv<sup>\u00ae<\/sup>-N2Fix con\u021bine tulpina saprofit\u0103 nepatogen\u0103 selectat\u0103, natural\u0103, <em>Methylobacterium extorquens<\/em>, la o concentra\u021bie de 10<sup>8<\/sup> UFC\/ml.<\/p>\n<p>Produsele MicroAktiv<sup>\u00ae<\/sup> se bazeaz\u0103 pe ingrediente \u0219i bacterii naturale. Acestea nu trebuie utilizate \u00een combina\u021bie cu biocide \u0219i fungicide. Solurile care au fost expuse la aceste produse pentru o perioad\u0103 lung\u0103 de timp con\u021bin reziduuri ale acestor produse \u0219i nu sunt direct adecvate pentru aplicarea MicroAktiv<sup>\u00ae<\/sup>. Cu ajutorul anumitor agen\u021bi, aceste obstacole pot fi dep\u0103\u0219ite. Consulta\u021bi specialistul dumneavoastr\u0103 de produse MicroAktiv<sup>\u00ae<\/sup> pentru cel mai bun program de tratament.<\/p>\n<h5>Dozaj<\/h5>\n<p>MicroAktiv<sup>\u00ae<\/sup>-N2Fix poate fi aplicat pe frunza culturii sau pe sol.<\/p>\n<p><em><strong>Foaia de parcurs:<\/strong><\/em><\/p>\n<ol>\n<li>Dozare: 115 grame la hectar.<\/li>\n<li>Pulveriza\u021bi diminea\u021ba sau seara.<\/li>\n<li>Aplica\u021bi pe vreme uscat\u0103.<\/li>\n<li>Temperatura minima de aplicare 4\u00b0C.<\/li>\n<li>Nu amesteca\u021bi cu pesticide sau fungicide.<\/li>\n<li>Repeta\u021bi dup\u0103 4\/6 s\u0103pt\u0103m\u00e2ni<\/li>\n<\/ol>\n<p><strong>Termen de valabilitate:<\/strong> 6 luni, 2 s\u0103pt\u0103m\u00e2ni de la deschiderea ambalajului (dac\u0103 este p\u0103strat \u00eentre ; 5\u00b0 -10\u00b0 C; evita\u021bi expunerea la temperaturi ridicate \u0219i lumina direct\u0103 a soarelui)<\/p>\n<h5>Ambalare<\/h5>\n<p>MicroAktiv<sup>\u00ae<\/sup>-N2Fix este disponibil \u00een bidoane de 5 de litri.<\/p>\n<\/div><\/div><\/div><\/div><\/div><div class=\"fusion-fullwidth fullwidth-box fusion-builder-row-2 fusion-flex-container has-pattern-background has-mask-background nonhundred-percent-fullwidth non-hundred-percent-height-scrolling\" style=\"--awb-border-radius-top-left:0px;--awb-border-radius-top-right:0px;--awb-border-radius-bottom-right:0px;--awb-border-radius-bottom-left:0px;--awb-flex-wrap:wrap;\" ><div class=\"fusion-builder-row fusion-row fusion-flex-align-items-flex-start fusion-flex-content-wrap\" style=\"max-width:1372.8px;margin-left: calc(-4% \/ 2 );margin-right: calc(-4% \/ 2 );\"><div class=\"fusion-layout-column fusion_builder_column fusion-builder-column-1 fusion_builder_column_1_2 1_2 fusion-flex-column\" style=\"--awb-padding-top:5px;--awb-padding-right:5px;--awb-padding-bottom:5px;--awb-padding-left:5px;--awb-overflow:hidden;--awb-bg-color:rgba(174,128,76,0.25);--awb-bg-color-hover:rgba(174,128,76,0.25);--awb-bg-size:cover;--awb-border-radius:15px 15px 15px 15px;--awb-width-large:50%;--awb-margin-top-large:0px;--awb-spacing-right-large:3.84%;--awb-margin-bottom-large:5px;--awb-spacing-left-large:3.84%;--awb-width-medium:100%;--awb-order-medium:0;--awb-spacing-right-medium:1.92%;--awb-spacing-left-medium:1.92%;--awb-width-small:100%;--awb-order-small:0;--awb-spacing-right-small:1.92%;--awb-spacing-left-small:1.92%;\"><div class=\"fusion-column-wrapper fusion-column-has-shadow fusion-flex-justify-content-flex-start fusion-content-layout-column\"><div class=\"fusion-text fusion-text-2\"><h5 style=\"text-align: center;\">Desc\u0103rca\u021bi fi\u0219a produsului<\/h5>\n<\/div><div style=\"text-align:center;\"><a class=\"fusion-button button-flat fusion-button-default-size button-default fusion-button-default button-1 fusion-button-default-span fusion-button-default-type\" target=\"_blank\" rel=\"noopener noreferrer\" href=\"https:\/\/microaktiv.com\/wp-content\/uploads\/2023\/07\/MicroAktiv-N2Fix_eng.pdf\"><span class=\"fusion-button-text awb-button__text awb-button__text--default\">Descarca<\/span><\/a><\/div><\/div><\/div><div class=\"fusion-layout-column fusion_builder_column fusion-builder-column-2 fusion_builder_column_1_2 1_2 fusion-flex-column\" style=\"--awb-padding-top:5px;--awb-padding-right:5px;--awb-padding-bottom:5px;--awb-padding-left:5px;--awb-overflow:hidden;--awb-bg-color:rgba(174,128,76,0.25);--awb-bg-color-hover:rgba(174,128,76,0.25);--awb-bg-size:cover;--awb-border-radius:15px 15px 15px 15px;--awb-width-large:50%;--awb-margin-top-large:0px;--awb-spacing-right-large:3.84%;--awb-margin-bottom-large:5px;--awb-spacing-left-large:3.84%;--awb-width-medium:100%;--awb-order-medium:0;--awb-spacing-right-medium:1.92%;--awb-spacing-left-medium:1.92%;--awb-width-small:100%;--awb-order-small:0;--awb-spacing-right-small:1.92%;--awb-spacing-left-small:1.92%;\"><div class=\"fusion-column-wrapper fusion-column-has-shadow fusion-flex-justify-content-flex-start fusion-content-layout-column\"><div class=\"fusion-text fusion-text-3\"><h5 style=\"text-align: center;\">Desc\u0103rca\u021bi fi\u0219a de siguran\u021b\u0103<\/h5>\n<\/div><div style=\"text-align:center;\"><a class=\"fusion-button button-flat fusion-button-default-size button-default fusion-button-default button-2 fusion-button-default-span fusion-button-default-type\" target=\"_blank\" rel=\"noopener noreferrer\" href=\"https:\/\/microaktiv.com\/wp-content\/uploads\/2023\/07\/MSDS-MicroAktiv-N2Fix_ENG.pdf\"><span class=\"fusion-button-text awb-button__text awb-button__text--default\">Descarca<\/span><\/a><\/div><\/div><\/div><\/div><\/div><\/p>\n","protected":false},"excerpt":{"rendered":"<p>Fixarea microbian\u0103 a azotului atmosferic de c\u0103tre bacteriile <em>Methylobacterium<\/em>. Reduce nevoia de fertilizare chimic\u0103 cu azot.<\/p>\n","protected":false},"featured_media":7108,"template":"","meta":{"_acf_changed":false},"product_brand":[],"product_cat":[162],"product_tag":[],"class_list":{"0":"post-6752","1":"product","2":"type-product","3":"status-publish","4":"has-post-thumbnail","6":"product_cat-agricultura","8":"first","9":"instock","10":"taxable","11":"shipping-taxable","12":"purchasable","13":"product-type-simple"},"acf":[],"yoast_head":"<!-- This site is optimized with the Yoast SEO Premium plugin v27.0 (Yoast SEO v27.5) - https:\/\/yoast.com\/product\/yoast-seo-premium-wordpress\/ -->\n<title>MicroAktiv\u00ae-N2Fix - Grow The BioWay<\/title>\n<meta name=\"description\" content=\"Fixarea microbian\u0103 a azotului atmosferic de c\u0103tre bacteriile Methylobacterium. Reduce nevoia de fertilizare chimic\u0103 cu azot.\" \/>\n<meta name=\"robots\" content=\"index, follow, max-snippet:-1, max-image-preview:large, max-video-preview:-1\" \/>\n<link rel=\"canonical\" href=\"https:\/\/microaktiv.com\/ro\/produs\/microaktiv-n2fix\/\" \/>\n<meta property=\"og:locale\" content=\"ro_RO\" \/>\n<meta property=\"og:type\" content=\"article\" \/>\n<meta property=\"og:title\" content=\"MicroAktiv\u00ae-N2Fix\" \/>\n<meta property=\"og:description\" content=\"Fixarea microbian\u0103 a azotului atmosferic de c\u0103tre bacteriile Methylobacterium. Reduce nevoia de fertilizare chimic\u0103 cu azot.\" \/>\n<meta property=\"og:url\" content=\"https:\/\/microaktiv.com\/ro\/produs\/microaktiv-n2fix\/\" \/>\n<meta property=\"og:site_name\" content=\"MicroAktiv\" \/>\n<meta property=\"article:publisher\" content=\"https:\/\/www.facebook.com\/profile.php?id=100089514366245\" \/>\n<meta property=\"article:modified_time\" content=\"2023-07-20T08:43:20+00:00\" \/>\n<meta property=\"og:image\" content=\"https:\/\/microaktiv.com\/wp-content\/uploads\/2023\/11\/MicroAktiv-N2Fix-Jerrycan-wit-5-L_eng_web.jpg\" \/>\n\t<meta property=\"og:image:width\" content=\"400\" \/>\n\t<meta property=\"og:image:height\" content=\"400\" \/>\n\t<meta property=\"og:image:type\" content=\"image\/jpeg\" \/>\n<meta name=\"twitter:card\" content=\"summary_large_image\" \/>\n<meta name=\"twitter:site\" content=\"@MicroAktiv\" \/>\n<meta name=\"twitter:label1\" content=\"Timp estimat pentru citire\" \/>\n\t<meta name=\"twitter:data1\" content=\"7 minute\" \/>\n<script type=\"application\/ld+json\" class=\"yoast-schema-graph\">{\"@context\":\"https:\\\/\\\/schema.org\",\"@graph\":[{\"@type\":\"WebPage\",\"@id\":\"https:\\\/\\\/microaktiv.com\\\/ro\\\/produs\\\/microaktiv-n2fix\\\/\",\"url\":\"https:\\\/\\\/microaktiv.com\\\/ro\\\/produs\\\/microaktiv-n2fix\\\/\",\"name\":\"MicroAktiv\u00ae-N2Fix - Grow The BioWay\",\"isPartOf\":{\"@id\":\"https:\\\/\\\/microaktiv.com\\\/ro\\\/#website\"},\"primaryImageOfPage\":{\"@id\":\"https:\\\/\\\/microaktiv.com\\\/ro\\\/produs\\\/microaktiv-n2fix\\\/#primaryimage\"},\"image\":{\"@id\":\"https:\\\/\\\/microaktiv.com\\\/ro\\\/produs\\\/microaktiv-n2fix\\\/#primaryimage\"},\"thumbnailUrl\":\"https:\\\/\\\/microaktiv.com\\\/wp-content\\\/uploads\\\/2023\\\/11\\\/MicroAktiv-N2Fix-Jerrycan-wit-5-L_eng_web.jpg\",\"datePublished\":\"2023-07-19T14:31:21+00:00\",\"dateModified\":\"2023-07-20T08:43:20+00:00\",\"description\":\"Fixarea microbian\u0103 a azotului atmosferic de c\u0103tre bacteriile Methylobacterium. Reduce nevoia de fertilizare chimic\u0103 cu azot.\",\"breadcrumb\":{\"@id\":\"https:\\\/\\\/microaktiv.com\\\/ro\\\/produs\\\/microaktiv-n2fix\\\/#breadcrumb\"},\"inLanguage\":\"ro-RO\",\"potentialAction\":[{\"@type\":\"ReadAction\",\"target\":[\"https:\\\/\\\/microaktiv.com\\\/ro\\\/produs\\\/microaktiv-n2fix\\\/\"]}]},{\"@type\":\"ImageObject\",\"inLanguage\":\"ro-RO\",\"@id\":\"https:\\\/\\\/microaktiv.com\\\/ro\\\/produs\\\/microaktiv-n2fix\\\/#primaryimage\",\"url\":\"https:\\\/\\\/microaktiv.com\\\/wp-content\\\/uploads\\\/2023\\\/11\\\/MicroAktiv-N2Fix-Jerrycan-wit-5-L_eng_web.jpg\",\"contentUrl\":\"https:\\\/\\\/microaktiv.com\\\/wp-content\\\/uploads\\\/2023\\\/11\\\/MicroAktiv-N2Fix-Jerrycan-wit-5-L_eng_web.jpg\",\"width\":400,\"height\":400},{\"@type\":\"BreadcrumbList\",\"@id\":\"https:\\\/\\\/microaktiv.com\\\/ro\\\/produs\\\/microaktiv-n2fix\\\/#breadcrumb\",\"itemListElement\":[{\"@type\":\"ListItem\",\"position\":1,\"name\":\"Home\",\"item\":\"https:\\\/\\\/microaktiv.com\\\/ro\\\/\"},{\"@type\":\"ListItem\",\"position\":2,\"name\":\"Magazin online\",\"item\":\"https:\\\/\\\/microaktiv.com\\\/ro\\\/magazin-online\\\/\"},{\"@type\":\"ListItem\",\"position\":3,\"name\":\"MicroAktiv\u00ae-N2Fix\"}]},{\"@type\":\"WebSite\",\"@id\":\"https:\\\/\\\/microaktiv.com\\\/ro\\\/#website\",\"url\":\"https:\\\/\\\/microaktiv.com\\\/ro\\\/\",\"name\":\"MicroAktiv\",\"description\":\"Grow the bio way\",\"publisher\":{\"@id\":\"https:\\\/\\\/microaktiv.com\\\/ro\\\/#organization\"},\"potentialAction\":[{\"@type\":\"SearchAction\",\"target\":{\"@type\":\"EntryPoint\",\"urlTemplate\":\"https:\\\/\\\/microaktiv.com\\\/ro\\\/?s={search_term_string}\"},\"query-input\":{\"@type\":\"PropertyValueSpecification\",\"valueRequired\":true,\"valueName\":\"search_term_string\"}}],\"inLanguage\":\"ro-RO\"},{\"@type\":\"Organization\",\"@id\":\"https:\\\/\\\/microaktiv.com\\\/ro\\\/#organization\",\"name\":\"QM Environmental International BV\",\"url\":\"https:\\\/\\\/microaktiv.com\\\/ro\\\/\",\"logo\":{\"@type\":\"ImageObject\",\"inLanguage\":\"ro-RO\",\"@id\":\"https:\\\/\\\/microaktiv.com\\\/ro\\\/#\\\/schema\\\/logo\\\/image\\\/\",\"url\":\"https:\\\/\\\/i0.wp.com\\\/microaktiv.com\\\/wp-content\\\/uploads\\\/2022\\\/12\\\/favicon_microactiv.png?fit=1920%2C1877&ssl=1\",\"contentUrl\":\"https:\\\/\\\/i0.wp.com\\\/microaktiv.com\\\/wp-content\\\/uploads\\\/2022\\\/12\\\/favicon_microactiv.png?fit=1920%2C1877&ssl=1\",\"width\":1920,\"height\":1877,\"caption\":\"QM Environmental International BV\"},\"image\":{\"@id\":\"https:\\\/\\\/microaktiv.com\\\/ro\\\/#\\\/schema\\\/logo\\\/image\\\/\"},\"sameAs\":[\"https:\\\/\\\/www.facebook.com\\\/profile.php?id=100089514366245\",\"https:\\\/\\\/x.com\\\/MicroAktiv\",\"https:\\\/\\\/www.linkedin.com\\\/showcase\\\/microaktiv\\\/\"]}]}<\/script>\n<!-- \/ Yoast SEO Premium plugin. -->","yoast_head_json":{"title":"MicroAktiv\u00ae-N2Fix - Grow The BioWay","description":"Fixarea microbian\u0103 a azotului atmosferic de c\u0103tre bacteriile Methylobacterium. Reduce nevoia de fertilizare chimic\u0103 cu azot.","robots":{"index":"index","follow":"follow","max-snippet":"max-snippet:-1","max-image-preview":"max-image-preview:large","max-video-preview":"max-video-preview:-1"},"canonical":"https:\/\/microaktiv.com\/ro\/produs\/microaktiv-n2fix\/","og_locale":"ro_RO","og_type":"article","og_title":"MicroAktiv\u00ae-N2Fix","og_description":"Fixarea microbian\u0103 a azotului atmosferic de c\u0103tre bacteriile Methylobacterium. Reduce nevoia de fertilizare chimic\u0103 cu azot.","og_url":"https:\/\/microaktiv.com\/ro\/produs\/microaktiv-n2fix\/","og_site_name":"MicroAktiv","article_publisher":"https:\/\/www.facebook.com\/profile.php?id=100089514366245","article_modified_time":"2023-07-20T08:43:20+00:00","og_image":[{"width":400,"height":400,"url":"https:\/\/microaktiv.com\/wp-content\/uploads\/2023\/11\/MicroAktiv-N2Fix-Jerrycan-wit-5-L_eng_web.jpg","type":"image\/jpeg"}],"twitter_card":"summary_large_image","twitter_site":"@MicroAktiv","twitter_misc":{"Timp estimat pentru citire":"7 minute"},"schema":{"@context":"https:\/\/schema.org","@graph":[{"@type":"WebPage","@id":"https:\/\/microaktiv.com\/ro\/produs\/microaktiv-n2fix\/","url":"https:\/\/microaktiv.com\/ro\/produs\/microaktiv-n2fix\/","name":"MicroAktiv\u00ae-N2Fix - Grow The BioWay","isPartOf":{"@id":"https:\/\/microaktiv.com\/ro\/#website"},"primaryImageOfPage":{"@id":"https:\/\/microaktiv.com\/ro\/produs\/microaktiv-n2fix\/#primaryimage"},"image":{"@id":"https:\/\/microaktiv.com\/ro\/produs\/microaktiv-n2fix\/#primaryimage"},"thumbnailUrl":"https:\/\/microaktiv.com\/wp-content\/uploads\/2023\/11\/MicroAktiv-N2Fix-Jerrycan-wit-5-L_eng_web.jpg","datePublished":"2023-07-19T14:31:21+00:00","dateModified":"2023-07-20T08:43:20+00:00","description":"Fixarea microbian\u0103 a azotului atmosferic de c\u0103tre bacteriile Methylobacterium. Reduce nevoia de fertilizare chimic\u0103 cu azot.","breadcrumb":{"@id":"https:\/\/microaktiv.com\/ro\/produs\/microaktiv-n2fix\/#breadcrumb"},"inLanguage":"ro-RO","potentialAction":[{"@type":"ReadAction","target":["https:\/\/microaktiv.com\/ro\/produs\/microaktiv-n2fix\/"]}]},{"@type":"ImageObject","inLanguage":"ro-RO","@id":"https:\/\/microaktiv.com\/ro\/produs\/microaktiv-n2fix\/#primaryimage","url":"https:\/\/microaktiv.com\/wp-content\/uploads\/2023\/11\/MicroAktiv-N2Fix-Jerrycan-wit-5-L_eng_web.jpg","contentUrl":"https:\/\/microaktiv.com\/wp-content\/uploads\/2023\/11\/MicroAktiv-N2Fix-Jerrycan-wit-5-L_eng_web.jpg","width":400,"height":400},{"@type":"BreadcrumbList","@id":"https:\/\/microaktiv.com\/ro\/produs\/microaktiv-n2fix\/#breadcrumb","itemListElement":[{"@type":"ListItem","position":1,"name":"Home","item":"https:\/\/microaktiv.com\/ro\/"},{"@type":"ListItem","position":2,"name":"Magazin online","item":"https:\/\/microaktiv.com\/ro\/magazin-online\/"},{"@type":"ListItem","position":3,"name":"MicroAktiv\u00ae-N2Fix"}]},{"@type":"WebSite","@id":"https:\/\/microaktiv.com\/ro\/#website","url":"https:\/\/microaktiv.com\/ro\/","name":"MicroAktiv","description":"Grow the bio way","publisher":{"@id":"https:\/\/microaktiv.com\/ro\/#organization"},"potentialAction":[{"@type":"SearchAction","target":{"@type":"EntryPoint","urlTemplate":"https:\/\/microaktiv.com\/ro\/?s={search_term_string}"},"query-input":{"@type":"PropertyValueSpecification","valueRequired":true,"valueName":"search_term_string"}}],"inLanguage":"ro-RO"},{"@type":"Organization","@id":"https:\/\/microaktiv.com\/ro\/#organization","name":"QM Environmental International BV","url":"https:\/\/microaktiv.com\/ro\/","logo":{"@type":"ImageObject","inLanguage":"ro-RO","@id":"https:\/\/microaktiv.com\/ro\/#\/schema\/logo\/image\/","url":"https:\/\/i0.wp.com\/microaktiv.com\/wp-content\/uploads\/2022\/12\/favicon_microactiv.png?fit=1920%2C1877&ssl=1","contentUrl":"https:\/\/i0.wp.com\/microaktiv.com\/wp-content\/uploads\/2022\/12\/favicon_microactiv.png?fit=1920%2C1877&ssl=1","width":1920,"height":1877,"caption":"QM Environmental International BV"},"image":{"@id":"https:\/\/microaktiv.com\/ro\/#\/schema\/logo\/image\/"},"sameAs":["https:\/\/www.facebook.com\/profile.php?id=100089514366245","https:\/\/x.com\/MicroAktiv","https:\/\/www.linkedin.com\/showcase\/microaktiv\/"]}]}},"_links":{"self":[{"href":"https:\/\/microaktiv.com\/ro\/wp-json\/wp\/v2\/product\/6752","targetHints":{"allow":["GET"]}}],"collection":[{"href":"https:\/\/microaktiv.com\/ro\/wp-json\/wp\/v2\/product"}],"about":[{"href":"https:\/\/microaktiv.com\/ro\/wp-json\/wp\/v2\/types\/product"}],"wp:featuredmedia":[{"embeddable":true,"href":"https:\/\/microaktiv.com\/ro\/wp-json\/wp\/v2\/media\/7108"}],"wp:attachment":[{"href":"https:\/\/microaktiv.com\/ro\/wp-json\/wp\/v2\/media?parent=6752"}],"wp:term":[{"taxonomy":"product_brand","embeddable":true,"href":"https:\/\/microaktiv.com\/ro\/wp-json\/wp\/v2\/product_brand?post=6752"},{"taxonomy":"product_cat","embeddable":true,"href":"https:\/\/microaktiv.com\/ro\/wp-json\/wp\/v2\/product_cat?post=6752"},{"taxonomy":"product_tag","embeddable":true,"href":"https:\/\/microaktiv.com\/ro\/wp-json\/wp\/v2\/product_tag?post=6752"}],"curies":[{"name":"wp","href":"https:\/\/api.w.org\/{rel}","templated":true}]}}