{"id":5805,"date":"2023-02-23T11:57:51","date_gmt":"2023-02-23T09:57:51","guid":{"rendered":"https:\/\/microaktiv.com\/aterbetalnings-och-returpolicy\/"},"modified":"2023-05-23T10:31:55","modified_gmt":"2023-05-23T08:31:55","slug":"aterbetalnings-och-returpolicy","status":"publish","type":"page","link":"https:\/\/microaktiv.com\/sv\/aterbetalnings-och-returpolicy\/","title":{"rendered":"\u00c5terbetalnings- och returpolicy"},"content":{"rendered":"<div class=\"fusion-fullwidth fullwidth-box fusion-builder-row-1 fusion-flex-container nonhundred-percent-fullwidth non-hundred-percent-height-scrolling\" style=\"--awb-border-radius-top-left:0px;--awb-border-radius-top-right:0px;--awb-border-radius-bottom-right:0px;--awb-border-radius-bottom-left:0px;--awb-flex-wrap:wrap;\" ><div class=\"fusion-builder-row fusion-row fusion-flex-align-items-flex-start fusion-flex-content-wrap\" style=\"max-width:1372.8px;margin-left: calc(-4% \/ 2 );margin-right: calc(-4% \/ 2 );\"><div class=\"fusion-layout-column fusion_builder_column fusion-builder-column-0 fusion_builder_column_1_1 1_1 fusion-flex-column\" style=\"--awb-bg-size:cover;--awb-width-large:100%;--awb-margin-top-large:0px;--awb-spacing-right-large:1.92%;--awb-margin-bottom-large:0px;--awb-spacing-left-large:1.92%;--awb-width-medium:100%;--awb-spacing-right-medium:1.92%;--awb-spacing-left-medium:1.92%;--awb-width-small:100%;--awb-spacing-right-small:1.92%;--awb-spacing-left-small:1.92%;\"><div class=\"fusion-column-wrapper fusion-flex-justify-content-flex-start fusion-content-layout-column\"><div class=\"fusion-text fusion-text-1\"><p><strong>\u00d6versikt<\/strong><\/p>\n<p>V\u00e5r \u00e5terbetalnings- och returpolicy g\u00e4ller i 30 dagar. Om 30 dagar har g\u00e5tt sedan ditt k\u00f6p kan vi inte erbjuda dig en hel eller partiell \u00e5terbetalning eller byte.<\/p>\n<p>F\u00f6r att vara ber\u00e4ttigad till retur m\u00e5ste din vara vara oanv\u00e4nd och i samma skick som du fick den. Den m\u00e5ste ocks\u00e5 vara i originalf\u00f6rpackningen.<\/p>\n<p>F\u00f6r att slutf\u00f6ra din retur beh\u00f6ver vi ett kvitto eller k\u00f6pbevis.<\/p>\n<p><strong>\u00c5terbetalningar<\/strong><\/p>\n<p>N\u00e4r din retur har mottagits och inspekterats skickar vi dig ett e-postmeddelande f\u00f6r att meddela att vi har tagit emot din returnerade vara. Vi kommer ocks\u00e5 att meddela dig om godk\u00e4nnande eller avslag p\u00e5 din \u00e5terbetalning.<\/p>\n<p>Om du blir godk\u00e4nd kommer din \u00e5terbetalning att behandlas och en kredit kommer automatiskt att appliceras p\u00e5 ditt kreditkort eller din ursprungliga betalningsmetod inom ett visst antal dagar.<\/p>\n<p><strong>F\u00f6rsenade eller saknade \u00e5terbetalningar<\/strong><\/p>\n<p>Om du inte har f\u00e5tt n\u00e5gon \u00e5terbetalning \u00e4nnu, kontrollera ditt bankkonto igen. Kontakta sedan ditt kreditkortsf\u00f6retag, det kan ta ett tag innan din \u00e5terbetalning publiceras officiellt. Kontakta sedan din bank. Det \u00e4r ofta en viss handl\u00e4ggningstid innan en \u00e5terbetalning bokf\u00f6rs. Om du har gjort allt detta och fortfarande inte har f\u00e5tt din \u00e5terbetalning, v\u00e4nligen kontakta oss p\u00e5 <a href=\"mailto:info@microaktiv.com\">info@microaktiv.com<\/a>.<\/p>\n<p><strong>S\u00e4lj f\u00f6rem\u00e5l<\/strong><\/p>\n<p>Endast ordinarie prissatta varor kan \u00e5terbetalas. Reavaror eller specialerbjudanden kan inte returneras.<\/p>\n<p><strong>Byte eller retur<\/strong><\/p>\n<p>Vi byter endast ut f\u00f6rem\u00e5l om de \u00e4r felaktiga eller skadade. Om du vill returnera eller byta produkten mot samma vara, skicka oss f\u00f6rst ett mail (<a href=\"mailto:info@microaktiv.com\">info@microaktiv.com<\/a>) med anledningen till detta tillsammans med tydliga bilder p\u00e5 det eventuella felet och efter v\u00e5r bekr\u00e4ftelse skickar du varan.<\/p>\n<p><strong>Avs\u00e4ndande<\/strong><\/p>\n<p>F\u00f6r att returnera din produkt m\u00e5ste du skicka din produkt till:<\/p>\n<p><strong>QM Environmental International B.V.<\/strong><\/p>\n<p><strong>Henricuskade 123A<\/strong><\/p>\n<p><strong>2497 NB Den Haag<\/strong><\/p>\n<p><strong>Nederl\u00e4nderna<\/strong><\/p>\n<p>Du \u00e4r ansvarig f\u00f6r att betala dina egna fraktkostnader f\u00f6r att returnera din vara. Fraktkostnader \u00e5terbetalas inte. Om du f\u00e5r en \u00e5terbetalning kommer kostnaden f\u00f6r returfrakten att dras fr\u00e5n din \u00e5terbetalning om vi har betalat den.<\/p>\n<p>Beroende p\u00e5 var du bor kan tiden det tar f\u00f6r din utbytta produkt att n\u00e5 dig variera.<\/p>\n<p>Du kanske vill \u00f6verv\u00e4ga att anv\u00e4nda en sp\u00e5rbar frakttj\u00e4nst eller k\u00f6pa fraktf\u00f6rs\u00e4kring. Vi kan inte garantera att vi f\u00e5r din returnerade vara.<\/p>\n<p><strong>Beh\u00f6vs hj\u00e4lp?<\/strong><\/p>\n<p>V\u00e4nligen kontakta oss p\u00e5 info@microaktiv.com f\u00f6r fr\u00e5gor ang\u00e5ende \u00e5terbetalningar och returer.<\/p>\n<\/div><\/div><\/div><\/div><\/div>\n","protected":false},"excerpt":{"rendered":"","protected":false},"author":1,"featured_media":0,"parent":0,"menu_order":0,"comment_status":"closed","ping_status":"closed","template":"100-width.php","meta":{"_acf_changed":false,"footnotes":""},"class_list":["post-5805","page","type-page","status-publish","hentry"],"acf":[],"yoast_head":"<!-- This site is optimized with the Yoast SEO Premium plugin v27.0 (Yoast SEO v27.3) - https:\/\/yoast.com\/product\/yoast-seo-premium-wordpress\/ -->\n<title>\u00c5terbetalnings- och returpolicy - MicroAktiv<\/title>\n<meta name=\"robots\" content=\"index, follow, max-snippet:-1, max-image-preview:large, max-video-preview:-1\" \/>\n<link rel=\"canonical\" href=\"https:\/\/microaktiv.com\/sv\/aterbetalnings-och-returpolicy\/\" \/>\n<meta property=\"og:locale\" content=\"sv_SE\" \/>\n<meta property=\"og:type\" content=\"article\" \/>\n<meta property=\"og:title\" content=\"\u00c5terbetalnings- och returpolicy\" \/>\n<meta property=\"og:url\" content=\"https:\/\/microaktiv.com\/sv\/aterbetalnings-och-returpolicy\/\" \/>\n<meta property=\"og:site_name\" content=\"MicroAktiv\" \/>\n<meta property=\"article:publisher\" content=\"https:\/\/www.facebook.com\/profile.php?id=100089514366245\" \/>\n<meta property=\"article:modified_time\" content=\"2023-05-23T08:31:55+00:00\" \/>\n<meta name=\"twitter:card\" content=\"summary_large_image\" \/>\n<meta name=\"twitter:site\" content=\"@MicroAktiv\" \/>\n<meta name=\"twitter:label1\" content=\"Ber\u00e4knad l\u00e4stid\" \/>\n\t<meta name=\"twitter:data1\" content=\"3 minuter\" \/>\n<script type=\"application\/ld+json\" class=\"yoast-schema-graph\">{\"@context\":\"https:\\\/\\\/schema.org\",\"@graph\":[{\"@type\":\"WebPage\",\"@id\":\"https:\\\/\\\/microaktiv.com\\\/sv\\\/aterbetalnings-och-returpolicy\\\/\",\"url\":\"https:\\\/\\\/microaktiv.com\\\/sv\\\/aterbetalnings-och-returpolicy\\\/\",\"name\":\"\u00c5terbetalnings- och returpolicy - MicroAktiv\",\"isPartOf\":{\"@id\":\"https:\\\/\\\/microaktiv.com\\\/sv\\\/#website\"},\"datePublished\":\"2023-02-23T09:57:51+00:00\",\"dateModified\":\"2023-05-23T08:31:55+00:00\",\"breadcrumb\":{\"@id\":\"https:\\\/\\\/microaktiv.com\\\/sv\\\/aterbetalnings-och-returpolicy\\\/#breadcrumb\"},\"inLanguage\":\"sv-SE\",\"potentialAction\":[{\"@type\":\"ReadAction\",\"target\":[\"https:\\\/\\\/microaktiv.com\\\/sv\\\/aterbetalnings-och-returpolicy\\\/\"]}]},{\"@type\":\"BreadcrumbList\",\"@id\":\"https:\\\/\\\/microaktiv.com\\\/sv\\\/aterbetalnings-och-returpolicy\\\/#breadcrumb\",\"itemListElement\":[{\"@type\":\"ListItem\",\"position\":1,\"name\":\"Home\",\"item\":\"https:\\\/\\\/microaktiv.com\\\/sv\\\/\"},{\"@type\":\"ListItem\",\"position\":2,\"name\":\"\u00c5terbetalnings- och returpolicy\"}]},{\"@type\":\"WebSite\",\"@id\":\"https:\\\/\\\/microaktiv.com\\\/sv\\\/#website\",\"url\":\"https:\\\/\\\/microaktiv.com\\\/sv\\\/\",\"name\":\"MicroAktiv\",\"description\":\"Grow the bio way\",\"publisher\":{\"@id\":\"https:\\\/\\\/microaktiv.com\\\/sv\\\/#organization\"},\"potentialAction\":[{\"@type\":\"SearchAction\",\"target\":{\"@type\":\"EntryPoint\",\"urlTemplate\":\"https:\\\/\\\/microaktiv.com\\\/sv\\\/?s={search_term_string}\"},\"query-input\":{\"@type\":\"PropertyValueSpecification\",\"valueRequired\":true,\"valueName\":\"search_term_string\"}}],\"inLanguage\":\"sv-SE\"},{\"@type\":\"Organization\",\"@id\":\"https:\\\/\\\/microaktiv.com\\\/sv\\\/#organization\",\"name\":\"QM Environmental International BV\",\"url\":\"https:\\\/\\\/microaktiv.com\\\/sv\\\/\",\"logo\":{\"@type\":\"ImageObject\",\"inLanguage\":\"sv-SE\",\"@id\":\"https:\\\/\\\/microaktiv.com\\\/sv\\\/#\\\/schema\\\/logo\\\/image\\\/\",\"url\":\"https:\\\/\\\/i0.wp.com\\\/microaktiv.com\\\/wp-content\\\/uploads\\\/2022\\\/12\\\/favicon_microactiv.png?fit=1920%2C1877&ssl=1\",\"contentUrl\":\"https:\\\/\\\/i0.wp.com\\\/microaktiv.com\\\/wp-content\\\/uploads\\\/2022\\\/12\\\/favicon_microactiv.png?fit=1920%2C1877&ssl=1\",\"width\":1920,\"height\":1877,\"caption\":\"QM Environmental International BV\"},\"image\":{\"@id\":\"https:\\\/\\\/microaktiv.com\\\/sv\\\/#\\\/schema\\\/logo\\\/image\\\/\"},\"sameAs\":[\"https:\\\/\\\/www.facebook.com\\\/profile.php?id=100089514366245\",\"https:\\\/\\\/x.com\\\/MicroAktiv\",\"https:\\\/\\\/www.linkedin.com\\\/showcase\\\/microaktiv\\\/\"]}]}<\/script>\n<!-- \/ Yoast SEO Premium plugin. -->","yoast_head_json":{"title":"\u00c5terbetalnings- och returpolicy - MicroAktiv","robots":{"index":"index","follow":"follow","max-snippet":"max-snippet:-1","max-image-preview":"max-image-preview:large","max-video-preview":"max-video-preview:-1"},"canonical":"https:\/\/microaktiv.com\/sv\/aterbetalnings-och-returpolicy\/","og_locale":"sv_SE","og_type":"article","og_title":"\u00c5terbetalnings- och returpolicy","og_url":"https:\/\/microaktiv.com\/sv\/aterbetalnings-och-returpolicy\/","og_site_name":"MicroAktiv","article_publisher":"https:\/\/www.facebook.com\/profile.php?id=100089514366245","article_modified_time":"2023-05-23T08:31:55+00:00","twitter_card":"summary_large_image","twitter_site":"@MicroAktiv","twitter_misc":{"Ber\u00e4knad l\u00e4stid":"3 minuter"},"schema":{"@context":"https:\/\/schema.org","@graph":[{"@type":"WebPage","@id":"https:\/\/microaktiv.com\/sv\/aterbetalnings-och-returpolicy\/","url":"https:\/\/microaktiv.com\/sv\/aterbetalnings-och-returpolicy\/","name":"\u00c5terbetalnings- och returpolicy - MicroAktiv","isPartOf":{"@id":"https:\/\/microaktiv.com\/sv\/#website"},"datePublished":"2023-02-23T09:57:51+00:00","dateModified":"2023-05-23T08:31:55+00:00","breadcrumb":{"@id":"https:\/\/microaktiv.com\/sv\/aterbetalnings-och-returpolicy\/#breadcrumb"},"inLanguage":"sv-SE","potentialAction":[{"@type":"ReadAction","target":["https:\/\/microaktiv.com\/sv\/aterbetalnings-och-returpolicy\/"]}]},{"@type":"BreadcrumbList","@id":"https:\/\/microaktiv.com\/sv\/aterbetalnings-och-returpolicy\/#breadcrumb","itemListElement":[{"@type":"ListItem","position":1,"name":"Home","item":"https:\/\/microaktiv.com\/sv\/"},{"@type":"ListItem","position":2,"name":"\u00c5terbetalnings- och returpolicy"}]},{"@type":"WebSite","@id":"https:\/\/microaktiv.com\/sv\/#website","url":"https:\/\/microaktiv.com\/sv\/","name":"MicroAktiv","description":"Grow the bio way","publisher":{"@id":"https:\/\/microaktiv.com\/sv\/#organization"},"potentialAction":[{"@type":"SearchAction","target":{"@type":"EntryPoint","urlTemplate":"https:\/\/microaktiv.com\/sv\/?s={search_term_string}"},"query-input":{"@type":"PropertyValueSpecification","valueRequired":true,"valueName":"search_term_string"}}],"inLanguage":"sv-SE"},{"@type":"Organization","@id":"https:\/\/microaktiv.com\/sv\/#organization","name":"QM Environmental International BV","url":"https:\/\/microaktiv.com\/sv\/","logo":{"@type":"ImageObject","inLanguage":"sv-SE","@id":"https:\/\/microaktiv.com\/sv\/#\/schema\/logo\/image\/","url":"https:\/\/i0.wp.com\/microaktiv.com\/wp-content\/uploads\/2022\/12\/favicon_microactiv.png?fit=1920%2C1877&ssl=1","contentUrl":"https:\/\/i0.wp.com\/microaktiv.com\/wp-content\/uploads\/2022\/12\/favicon_microactiv.png?fit=1920%2C1877&ssl=1","width":1920,"height":1877,"caption":"QM Environmental International BV"},"image":{"@id":"https:\/\/microaktiv.com\/sv\/#\/schema\/logo\/image\/"},"sameAs":["https:\/\/www.facebook.com\/profile.php?id=100089514366245","https:\/\/x.com\/MicroAktiv","https:\/\/www.linkedin.com\/showcase\/microaktiv\/"]}]}},"_links":{"self":[{"href":"https:\/\/microaktiv.com\/sv\/wp-json\/wp\/v2\/pages\/5805","targetHints":{"allow":["GET"]}}],"collection":[{"href":"https:\/\/microaktiv.com\/sv\/wp-json\/wp\/v2\/pages"}],"about":[{"href":"https:\/\/microaktiv.com\/sv\/wp-json\/wp\/v2\/types\/page"}],"author":[{"embeddable":true,"href":"https:\/\/microaktiv.com\/sv\/wp-json\/wp\/v2\/users\/1"}],"replies":[{"embeddable":true,"href":"https:\/\/microaktiv.com\/sv\/wp-json\/wp\/v2\/comments?post=5805"}],"version-history":[{"count":2,"href":"https:\/\/microaktiv.com\/sv\/wp-json\/wp\/v2\/pages\/5805\/revisions"}],"predecessor-version":[{"id":5807,"href":"https:\/\/microaktiv.com\/sv\/wp-json\/wp\/v2\/pages\/5805\/revisions\/5807"}],"wp:attachment":[{"href":"https:\/\/microaktiv.com\/sv\/wp-json\/wp\/v2\/media?parent=5805"}],"curies":[{"name":"wp","href":"https:\/\/api.w.org\/{rel}","templated":true}]}}